{"id":14001,"date":"2023-04-27T10:56:43","date_gmt":"2023-04-27T08:56:43","guid":{"rendered":"https:\/\/www.lovely-vip.com\/?post_type=product&#038;p=14001"},"modified":"2026-03-02T11:54:21","modified_gmt":"2026-03-02T10:54:21","slug":"farba-do-brwi-05-spicy-warm-brown-deep-brow-tint-sbts","status":"publish","type":"product","link":"https:\/\/www.lovely-vip.com\/en\/product\/farba-do-brwi-05-spicy-warm-brown-deep-brow-tint-sbts\/","title":{"rendered":"Elan 05 SPICY warm brown Deep Brow Tint SBTS."},"content":{"rendered":"<h3>Description<\/h3>\n<p>The main advantages of the long-lasting eyebrow paint \"Deep Brow Tint\" are:<\/p>\n<ol>\n<li><strong>TWO ORIGINAL COLORS FOR EYEBROWS<\/strong><\/li>\n<\/ol>\n<ul>\n<li><strong>04 ICY cold brown<\/strong><\/li>\n<li><strong>05 SPI\u0421Y warm brown<\/strong><\/li>\n<\/ul>\n<ol start=\"2\">\n<li><strong>WITHOUT AMMONIA AND WITHOUT MEA<\/strong><\/li>\n<\/ol>\n<p>DMAMP multifunctional alkalizing agent<sup>TM<\/sup> ULTRA PC enables the formulation of eyebrow tint with less oxidative hair dyes, thus reducing the potential risk of allergic reaction. It also helps the eyebrow tint appear instantly on skin and hair.<\/p>\n<ol start=\"3\">\n<li><strong>the first eyebrow dye with a NEUTRAL pH.<\/strong> <strong>- 7<\/strong><\/li>\n<\/ol>\n<p>The eyebrow dye has an exceptional list of ingredients. It is the first pH-neutral eyebrow dye that protects hairs from damage and prevents skin dryness.<\/p>\n<ol start=\"4\">\n<li><strong>HIGH COLOR FASTNESS<\/strong><\/li>\n<\/ol>\n<p>The patented ingredient Heliogenol ensures high color fastness of the eyebrow paint, protects the color from fading and the hairs on the eyebrows from UV rays.<\/p>\n<ol start=\"5\">\n<li><strong>PLEASANT FRAGRANCE<\/strong><\/li>\n<\/ol>\n<p>The eyebrow dye has a pleasant smell, which makes the coloring procedure more comfortable for the client.<\/p>\n<ol start=\"6\">\n<li><strong>LONG-TERM SKIN AND HAIR COLORING<\/strong><\/li>\n<\/ol>\n<p>Eyebrow dye provides long-lasting coloring for skin - up to 14 days, and hair - up to 30 days)*, providing deep, intense colors (depending on skin type and hair texture).<\/p>\n<p><em>*Based on the results of staining durability tests with professional technologists of ELAN line.<\/em><\/p>\n<hr \/>\n<p><strong>Directions for use<\/strong><\/p>\n<ul>\n<li><strong>Eyebrow preparation<\/strong><\/li>\n<\/ul>\n<p>Use \"ELAN professional line Purifying detoxifying foam for eyebrows and eyelashes with antibacterial action\" for skin and hair before shaping or coloring eyebrows. The detoxifying foam has antibacterial and fungicidal properties.<\/p>\n<ul>\n<li><strong>Defining eyebrows<\/strong><\/li>\n<\/ul>\n<p>Determine the shape of the eyebrows with \"ELAN professional line powder eyebrow pencil \"Brow Liner Pro\" or \"ELAN professional line mechanical powder eyebrow pencil \"Brow Pro\".<\/p>\n<ul>\n<li><strong>Preparation of the dye mixture<\/strong><\/li>\n<\/ul>\n<p>Mix the \"Deep Brow Tint\" eyebrow dye from TM ELAN professional line with 3% oxidizing emulsion at a ratio of 1:1 in a non-metallic bowl using the measuring cup included in the package.<\/p>\n<p>Use \"Eyebrow Tint Color Boosters\" 06 INDIGO or 07 ORANGE from TM ELAN professional line according to the blending chart to add depth and intensity to the basic eyebrow color palette or create a new shade:<\/p>\n<p><strong>Eyebrow dye (49 %) + Oxidizing emulsion (49 %) + Color enhancer (2 %) = Color mix (100 %)<\/strong><\/p>\n<p><strong>Attention!<\/strong> The more color intensifier used, the closer the final shade is to the primary color intensifier (blue or orange).<\/p>\n<ul>\n<li><strong>Eyebrow tinting<\/strong><\/li>\n<\/ul>\n<p>Apply the coloring mixture to the eyebrows according to the predefined shape. Leave on for 5-10 minutes depending on the desired intensity of the eyebrow color. Then completely remove the tint with a cotton swab moistened with water. If it seems that the coloring mixture does not correspond to the desired eyebrow shape, moisten the cotton ball with TM ELAN professional line's \"Skin color remover\" and remove the excess tint.<\/p>\n<ul>\n<li><strong>Completion of eyebrow tinting treatment<\/strong><\/li>\n<\/ul>\n<p>For better results, use \"ELAN professional line COLOUR FIX: color fixing liquid for eyebrows and eyelashes with keratin and sunflower oil\". It provides a longer coloring effect by stabilizing the color molecule on the hair.<\/p>\n<hr \/>\n<p><strong>Chemical composition<\/strong><\/p>\n<p>Aqua, Cetearyl Alcohol, Trideceth-2 Carboxamide Mea, Ethoxydiglycol, Dimethylamino Methylpropanol, Glyceryl Stearate Se, Toluene-2,5-Diamine Sulfate, Glycerin, Ceteareth-20, P-Phenylenediamine, Cocamidopropylamine Oxide, Glyceryl Stearate, Peg-100 Stearate, Disodium Edta, 4-Amino-M-Cresol, Microcrystalline Cellulose, Xanthan Gum, Urea, Sodium Sulfite, Diazolidinyl Urea, Methylparaben, Propylparaben, Propylene Glycol, Sodium Erythorbate, 4-Amino-2-Hydroxytoluene, 2,6-Diaminopyridine, M-Aminophenol, Parfum, Helianthus Annuus Seed Extract, Sodium Benzoate<\/p>\n<p><em>Manufactured in Ukraine\u00a0<\/em><\/p>","protected":false},"excerpt":{"rendered":"<p><strong>SMART BROW TINTING SYSTEM<\/strong> is a brand new eyebrow coloring system, which consists of eyebrow coloring in two colors (ICY - cold brown \/ SPICY - warm brown), two eyebrow color enhancers (INDIGO \/ ORANGE) and an oxidizing emulsion.<\/p>\n<p><strong>NOTE!<\/strong>\u00a0<strong>The long-lasting eyebrow dye \"Deep Brow Tint\" can only be used with <a href=\"https:\/\/elanofficial.pl\/pl\/p\/Emulsja-utleniajaca-3\/32\" target=\"_blank\" rel=\"noopener noreferrer\">3% SMART BROW TINTING SYSTEM oxidizing emulsion.<\/a><\/strong><\/p>\n<p><strong>NET. WT: 20 ml<\/strong><\/p>\n<p><strong>Shelf life:\u00a0<\/strong>24 months<\/p>\n<p><strong>Period after opening (PAO):\u00a0<\/strong>3 months<\/p>\n<p>&nbsp;<\/p>","protected":false},"featured_media":26545,"comment_status":"open","ping_status":"closed","template":"","meta":[],"product_brand":[],"product_cat":[85,235,238],"product_tag":[],"class_list":{"0":"post-14001","1":"product","2":"type-product","3":"status-publish","4":"has-post-thumbnail","6":"product_cat-brwi","7":"product_cat-elan","8":"product_cat-farbka-do-brwi","10":"first","11":"outofstock","12":"sale","13":"shipping-taxable","14":"purchasable","15":"product-type-simple"},"yoast_head":"<!-- This site is optimized with the Yoast SEO plugin v25.4 - https:\/\/yoast.com\/wordpress\/plugins\/seo\/ -->\n<title>Farba do brwi Elan 05 SPICY warm brown Deep Brow Tint SBTS - Lovely Vip<\/title>\n<meta name=\"robots\" content=\"index, follow, max-snippet:-1, max-image-preview:large, max-video-preview:-1\" \/>\n<link rel=\"canonical\" href=\"https:\/\/www.lovely-vip.com\/en\/product\/farba-do-brwi-05-spicy-warm-brown-deep-brow-tint-sbts\/\" \/>\n<meta property=\"og:locale\" content=\"en_US\" \/>\n<meta property=\"og:type\" content=\"article\" \/>\n<meta property=\"og:title\" content=\"Farba do brwi Elan 05 SPICY warm brown Deep Brow Tint SBTS - Lovely Vip\" \/>\n<meta property=\"og:description\" content=\"SMART BROW TINTING SYSTEM to zupe\u0142nie nowy system koloryzacji brwi, na kt\u00f3ry sk\u0142ada si\u0119 koloryzacja brwi w dw\u00f3ch kolorach (ICY - cold brown \/ SPICY - warm brown), dwa wzmacniacze koloru brwi (INDIGO \/ ORANGE) oraz emulsja utleniaj\u0105ca.  UWAGA!\u00a0D\u0142ugotrwa\u0142\u0105 farb\u0119 do brwi \u00abDeep Brow Tint\u00bb mo\u017cna stosowa\u0107 tylko z emulsj\u0105 utleniaj\u0105c\u0105 3% SMART BROW TINTING SYSTEM.  NETTO. WT: 20 ml  Termin przydatno\u015bci:\u00a024 miesi\u0105ce  Okres po otwarciu (PAO):\u00a03 miesi\u0105ce  &nbsp;\" \/>\n<meta property=\"og:url\" content=\"https:\/\/www.lovely-vip.com\/en\/product\/farba-do-brwi-05-spicy-warm-brown-deep-brow-tint-sbts\/\" \/>\n<meta property=\"og:site_name\" content=\"Lovely Vip\" \/>\n<meta property=\"article:modified_time\" content=\"2026-03-02T10:54:21+00:00\" \/>\n<meta property=\"og:image\" content=\"https:\/\/www.lovely-vip.com\/wp-content\/uploads\/2023\/04\/SBTS-2-0-2.png\" \/>\n\t<meta property=\"og:image:width\" content=\"900\" \/>\n\t<meta property=\"og:image:height\" content=\"900\" \/>\n\t<meta property=\"og:image:type\" content=\"image\/png\" \/>\n<meta name=\"twitter:card\" content=\"summary_large_image\" \/>\n<meta name=\"twitter:label1\" content=\"Est. reading time\" \/>\n\t<meta name=\"twitter:data1\" content=\"4 minutes\" \/>\n<script type=\"application\/ld+json\" class=\"yoast-schema-graph\">{\"@context\":\"https:\/\/schema.org\",\"@graph\":[{\"@type\":\"WebPage\",\"@id\":\"https:\/\/www.lovely-vip.com\/product\/farba-do-brwi-05-spicy-warm-brown-deep-brow-tint-sbts\/\",\"url\":\"https:\/\/www.lovely-vip.com\/product\/farba-do-brwi-05-spicy-warm-brown-deep-brow-tint-sbts\/\",\"name\":\"Farba do brwi Elan 05 SPICY warm brown Deep Brow Tint SBTS - Lovely Vip\",\"isPartOf\":{\"@id\":\"https:\/\/www.lovely-vip.com\/#website\"},\"primaryImageOfPage\":{\"@id\":\"https:\/\/www.lovely-vip.com\/product\/farba-do-brwi-05-spicy-warm-brown-deep-brow-tint-sbts\/#primaryimage\"},\"image\":{\"@id\":\"https:\/\/www.lovely-vip.com\/product\/farba-do-brwi-05-spicy-warm-brown-deep-brow-tint-sbts\/#primaryimage\"},\"thumbnailUrl\":\"https:\/\/www.lovely-vip.com\/wp-content\/uploads\/2023\/04\/SBTS-2-0-2.png\",\"datePublished\":\"2023-04-27T08:56:43+00:00\",\"dateModified\":\"2026-03-02T10:54:21+00:00\",\"breadcrumb\":{\"@id\":\"https:\/\/www.lovely-vip.com\/product\/farba-do-brwi-05-spicy-warm-brown-deep-brow-tint-sbts\/#breadcrumb\"},\"inLanguage\":\"en-US\",\"potentialAction\":[{\"@type\":\"ReadAction\",\"target\":[\"https:\/\/www.lovely-vip.com\/product\/farba-do-brwi-05-spicy-warm-brown-deep-brow-tint-sbts\/\"]}]},{\"@type\":\"ImageObject\",\"inLanguage\":\"en-US\",\"@id\":\"https:\/\/www.lovely-vip.com\/product\/farba-do-brwi-05-spicy-warm-brown-deep-brow-tint-sbts\/#primaryimage\",\"url\":\"https:\/\/www.lovely-vip.com\/wp-content\/uploads\/2023\/04\/SBTS-2-0-2.png\",\"contentUrl\":\"https:\/\/www.lovely-vip.com\/wp-content\/uploads\/2023\/04\/SBTS-2-0-2.png\",\"width\":900,\"height\":900},{\"@type\":\"BreadcrumbList\",\"@id\":\"https:\/\/www.lovely-vip.com\/product\/farba-do-brwi-05-spicy-warm-brown-deep-brow-tint-sbts\/#breadcrumb\",\"itemListElement\":[{\"@type\":\"ListItem\",\"position\":1,\"name\":\"Strona g\u0142\u00f3wna\",\"item\":\"https:\/\/www.lovely-vip.com\/\"},{\"@type\":\"ListItem\",\"position\":2,\"name\":\"Sklep dla stylistek rz\u0119s i brwi\",\"item\":\"https:\/\/www.lovely-vip.com\/shop\/\"},{\"@type\":\"ListItem\",\"position\":3,\"name\":\"Farba do brwi Elan 05 SPICY warm brown Deep Brow Tint SBTS\"}]},{\"@type\":\"WebSite\",\"@id\":\"https:\/\/www.lovely-vip.com\/#website\",\"url\":\"https:\/\/www.lovely-vip.com\/\",\"name\":\"Lovely Vip\",\"description\":\"Profesjonalne produkty do piel\u0119gnacji rz\u0119s i brwi\",\"potentialAction\":[{\"@type\":\"SearchAction\",\"target\":{\"@type\":\"EntryPoint\",\"urlTemplate\":\"https:\/\/www.lovely-vip.com\/?s={search_term_string}\"},\"query-input\":{\"@type\":\"PropertyValueSpecification\",\"valueRequired\":true,\"valueName\":\"search_term_string\"}}],\"inLanguage\":\"en-US\"}]}<\/script>\n<!-- \/ Yoast SEO plugin. -->","yoast_head_json":{"title":"Farba do brwi Elan 05 SPICY warm brown Deep Brow Tint SBTS - Lovely Vip","robots":{"index":"index","follow":"follow","max-snippet":"max-snippet:-1","max-image-preview":"max-image-preview:large","max-video-preview":"max-video-preview:-1"},"canonical":"https:\/\/www.lovely-vip.com\/en\/product\/farba-do-brwi-05-spicy-warm-brown-deep-brow-tint-sbts\/","og_locale":"en_US","og_type":"article","og_title":"Farba do brwi Elan 05 SPICY warm brown Deep Brow Tint SBTS - Lovely Vip","og_description":"SMART BROW TINTING SYSTEM to zupe\u0142nie nowy system koloryzacji brwi, na kt\u00f3ry sk\u0142ada si\u0119 koloryzacja brwi w dw\u00f3ch kolorach (ICY - cold brown \/ SPICY - warm brown), dwa wzmacniacze koloru brwi (INDIGO \/ ORANGE) oraz emulsja utleniaj\u0105ca.  UWAGA!\u00a0D\u0142ugotrwa\u0142\u0105 farb\u0119 do brwi \u00abDeep Brow Tint\u00bb mo\u017cna stosowa\u0107 tylko z emulsj\u0105 utleniaj\u0105c\u0105 3% SMART BROW TINTING SYSTEM.  NETTO. WT: 20 ml  Termin przydatno\u015bci:\u00a024 miesi\u0105ce  Okres po otwarciu (PAO):\u00a03 miesi\u0105ce  &nbsp;","og_url":"https:\/\/www.lovely-vip.com\/en\/product\/farba-do-brwi-05-spicy-warm-brown-deep-brow-tint-sbts\/","og_site_name":"Lovely Vip","article_modified_time":"2026-03-02T10:54:21+00:00","og_image":[{"width":900,"height":900,"url":"https:\/\/www.lovely-vip.com\/wp-content\/uploads\/2023\/04\/SBTS-2-0-2.png","type":"image\/png"}],"twitter_card":"summary_large_image","twitter_misc":{"Est. reading time":"4 minutes"},"schema":{"@context":"https:\/\/schema.org","@graph":[{"@type":"WebPage","@id":"https:\/\/www.lovely-vip.com\/product\/farba-do-brwi-05-spicy-warm-brown-deep-brow-tint-sbts\/","url":"https:\/\/www.lovely-vip.com\/product\/farba-do-brwi-05-spicy-warm-brown-deep-brow-tint-sbts\/","name":"Farba do brwi Elan 05 SPICY warm brown Deep Brow Tint SBTS - Lovely Vip","isPartOf":{"@id":"https:\/\/www.lovely-vip.com\/#website"},"primaryImageOfPage":{"@id":"https:\/\/www.lovely-vip.com\/product\/farba-do-brwi-05-spicy-warm-brown-deep-brow-tint-sbts\/#primaryimage"},"image":{"@id":"https:\/\/www.lovely-vip.com\/product\/farba-do-brwi-05-spicy-warm-brown-deep-brow-tint-sbts\/#primaryimage"},"thumbnailUrl":"https:\/\/www.lovely-vip.com\/wp-content\/uploads\/2023\/04\/SBTS-2-0-2.png","datePublished":"2023-04-27T08:56:43+00:00","dateModified":"2026-03-02T10:54:21+00:00","breadcrumb":{"@id":"https:\/\/www.lovely-vip.com\/product\/farba-do-brwi-05-spicy-warm-brown-deep-brow-tint-sbts\/#breadcrumb"},"inLanguage":"en-US","potentialAction":[{"@type":"ReadAction","target":["https:\/\/www.lovely-vip.com\/product\/farba-do-brwi-05-spicy-warm-brown-deep-brow-tint-sbts\/"]}]},{"@type":"ImageObject","inLanguage":"en-US","@id":"https:\/\/www.lovely-vip.com\/product\/farba-do-brwi-05-spicy-warm-brown-deep-brow-tint-sbts\/#primaryimage","url":"https:\/\/www.lovely-vip.com\/wp-content\/uploads\/2023\/04\/SBTS-2-0-2.png","contentUrl":"https:\/\/www.lovely-vip.com\/wp-content\/uploads\/2023\/04\/SBTS-2-0-2.png","width":900,"height":900},{"@type":"BreadcrumbList","@id":"https:\/\/www.lovely-vip.com\/product\/farba-do-brwi-05-spicy-warm-brown-deep-brow-tint-sbts\/#breadcrumb","itemListElement":[{"@type":"ListItem","position":1,"name":"Strona g\u0142\u00f3wna","item":"https:\/\/www.lovely-vip.com\/"},{"@type":"ListItem","position":2,"name":"Sklep dla stylistek rz\u0119s i brwi","item":"https:\/\/www.lovely-vip.com\/shop\/"},{"@type":"ListItem","position":3,"name":"Farba do brwi Elan 05 SPICY warm brown Deep Brow Tint SBTS"}]},{"@type":"WebSite","@id":"https:\/\/www.lovely-vip.com\/#website","url":"https:\/\/www.lovely-vip.com\/","name":"Lovely Vip","description":"Professional eyelash and eyebrow care products","potentialAction":[{"@type":"SearchAction","target":{"@type":"EntryPoint","urlTemplate":"https:\/\/www.lovely-vip.com\/?s={search_term_string}"},"query-input":{"@type":"PropertyValueSpecification","valueRequired":true,"valueName":"search_term_string"}}],"inLanguage":"en-US"}]}},"_links":{"self":[{"href":"https:\/\/www.lovely-vip.com\/en\/wp-json\/wp\/v2\/product\/14001","targetHints":{"allow":["GET"]}}],"collection":[{"href":"https:\/\/www.lovely-vip.com\/en\/wp-json\/wp\/v2\/product"}],"about":[{"href":"https:\/\/www.lovely-vip.com\/en\/wp-json\/wp\/v2\/types\/product"}],"replies":[{"embeddable":true,"href":"https:\/\/www.lovely-vip.com\/en\/wp-json\/wp\/v2\/comments?post=14001"}],"wp:featuredmedia":[{"embeddable":true,"href":"https:\/\/www.lovely-vip.com\/en\/wp-json\/wp\/v2\/media\/26545"}],"wp:attachment":[{"href":"https:\/\/www.lovely-vip.com\/en\/wp-json\/wp\/v2\/media?parent=14001"}],"wp:term":[{"taxonomy":"product_brand","embeddable":true,"href":"https:\/\/www.lovely-vip.com\/en\/wp-json\/wp\/v2\/product_brand?post=14001"},{"taxonomy":"product_cat","embeddable":true,"href":"https:\/\/www.lovely-vip.com\/en\/wp-json\/wp\/v2\/product_cat?post=14001"},{"taxonomy":"product_tag","embeddable":true,"href":"https:\/\/www.lovely-vip.com\/en\/wp-json\/wp\/v2\/product_tag?post=14001"}],"curies":[{"name":"wp","href":"https:\/\/api.w.org\/{rel}","templated":true}]}}