{"id":14633,"date":"2023-06-03T19:35:41","date_gmt":"2023-06-03T17:35:41","guid":{"rendered":"https:\/\/www.lovely-vip.com\/?post_type=product&#038;p=14633"},"modified":"2026-02-17T10:33:23","modified_gmt":"2026-02-17T09:33:23","slug":"pedzel-uniwersalny","status":"publish","type":"product","link":"https:\/\/www.lovely-vip.com\/en\/product\/pedzel-uniwersalny\/","title":{"rendered":"Multipurpose brush"},"content":{"rendered":"<p><strong>The universal brush is suitable for all manipulation with eyebrows starting from the initial drawing and ending with a quick application of paint or henna. The wide and thin blade of the brush allows for quick and precise work.\u00a0<\/strong><\/p>","protected":false},"excerpt":{"rendered":"<p>The universal brush is suitable for all manipulation with eyebrows starting from the initial drawing and ending with a quick application of paint or henna. The wide and thin blade of the brush allows for quick and precise work.\u00a0<\/p>","protected":false},"featured_media":14635,"comment_status":"open","ping_status":"closed","template":"","meta":[],"product_brand":[],"product_cat":[87,85,238,237,83,277],"product_tag":[],"class_list":{"0":"post-14633","1":"product","2":"type-product","3":"status-publish","4":"has-post-thumbnail","6":"product_cat-akcesoria","7":"product_cat-brwi","8":"product_cat-farbka-do-brwi","9":"product_cat-henna","10":"product_cat-lifting-laminacja","11":"product_cat-pedzle-i-pesety","13":"first","14":"instock","15":"shipping-taxable","16":"purchasable","17":"product-type-simple"},"yoast_head":"<!-- This site is optimized with the Yoast SEO plugin v25.4 - https:\/\/yoast.com\/wordpress\/plugins\/seo\/ -->\n<title>P\u0119dzel uniwersalny - Lovely Vip<\/title>\n<meta name=\"robots\" content=\"index, follow, max-snippet:-1, max-image-preview:large, max-video-preview:-1\" \/>\n<link rel=\"canonical\" href=\"https:\/\/www.lovely-vip.com\/en\/product\/pedzel-uniwersalny\/\" \/>\n<meta property=\"og:locale\" content=\"en_US\" \/>\n<meta property=\"og:type\" content=\"article\" \/>\n<meta property=\"og:title\" content=\"P\u0119dzel uniwersalny - Lovely Vip\" \/>\n<meta property=\"og:description\" content=\"Uniwersalny p\u0119dzel nadaje si\u0119 do wszystkich manipulacji z brwiami zaczynajac od rysunku wst\u0119pnego i ko\u0144cz\u0105c szybkim nak\u0142adaniam farbki czy henny. Szerokie i cienkie ostrze p\u0119dzla pozwala na szybka i precyzyjn\u0105 prace\u00a0\" \/>\n<meta property=\"og:url\" content=\"https:\/\/www.lovely-vip.com\/en\/product\/pedzel-uniwersalny\/\" \/>\n<meta property=\"og:site_name\" content=\"Lovely Vip\" \/>\n<meta property=\"article:modified_time\" content=\"2026-02-17T09:33:23+00:00\" \/>\n<meta property=\"og:image\" content=\"https:\/\/www.lovely-vip.com\/wp-content\/uploads\/2023\/06\/IMG_8031.jpeg\" \/>\n\t<meta property=\"og:image:width\" content=\"800\" \/>\n\t<meta property=\"og:image:height\" content=\"800\" \/>\n\t<meta property=\"og:image:type\" content=\"image\/jpeg\" \/>\n<meta name=\"twitter:card\" content=\"summary_large_image\" \/>\n<meta name=\"twitter:label1\" content=\"Est. reading time\" \/>\n\t<meta name=\"twitter:data1\" content=\"1 minute\" \/>\n<script type=\"application\/ld+json\" class=\"yoast-schema-graph\">{\"@context\":\"https:\/\/schema.org\",\"@graph\":[{\"@type\":\"WebPage\",\"@id\":\"https:\/\/www.lovely-vip.com\/product\/pedzel-uniwersalny\/\",\"url\":\"https:\/\/www.lovely-vip.com\/product\/pedzel-uniwersalny\/\",\"name\":\"P\u0119dzel uniwersalny - Lovely Vip\",\"isPartOf\":{\"@id\":\"https:\/\/www.lovely-vip.com\/#website\"},\"primaryImageOfPage\":{\"@id\":\"https:\/\/www.lovely-vip.com\/product\/pedzel-uniwersalny\/#primaryimage\"},\"image\":{\"@id\":\"https:\/\/www.lovely-vip.com\/product\/pedzel-uniwersalny\/#primaryimage\"},\"thumbnailUrl\":\"https:\/\/www.lovely-vip.com\/wp-content\/uploads\/2023\/06\/IMG_8031.jpeg\",\"datePublished\":\"2023-06-03T17:35:41+00:00\",\"dateModified\":\"2026-02-17T09:33:23+00:00\",\"breadcrumb\":{\"@id\":\"https:\/\/www.lovely-vip.com\/product\/pedzel-uniwersalny\/#breadcrumb\"},\"inLanguage\":\"en-US\",\"potentialAction\":[{\"@type\":\"ReadAction\",\"target\":[\"https:\/\/www.lovely-vip.com\/product\/pedzel-uniwersalny\/\"]}]},{\"@type\":\"ImageObject\",\"inLanguage\":\"en-US\",\"@id\":\"https:\/\/www.lovely-vip.com\/product\/pedzel-uniwersalny\/#primaryimage\",\"url\":\"https:\/\/www.lovely-vip.com\/wp-content\/uploads\/2023\/06\/IMG_8031.jpeg\",\"contentUrl\":\"https:\/\/www.lovely-vip.com\/wp-content\/uploads\/2023\/06\/IMG_8031.jpeg\",\"width\":800,\"height\":800},{\"@type\":\"BreadcrumbList\",\"@id\":\"https:\/\/www.lovely-vip.com\/product\/pedzel-uniwersalny\/#breadcrumb\",\"itemListElement\":[{\"@type\":\"ListItem\",\"position\":1,\"name\":\"Strona g\u0142\u00f3wna\",\"item\":\"https:\/\/www.lovely-vip.com\/\"},{\"@type\":\"ListItem\",\"position\":2,\"name\":\"Sklep dla stylistek rz\u0119s i brwi\",\"item\":\"https:\/\/www.lovely-vip.com\/shop\/\"},{\"@type\":\"ListItem\",\"position\":3,\"name\":\"P\u0119dzel uniwersalny\"}]},{\"@type\":\"WebSite\",\"@id\":\"https:\/\/www.lovely-vip.com\/#website\",\"url\":\"https:\/\/www.lovely-vip.com\/\",\"name\":\"Lovely Vip\",\"description\":\"Profesjonalne produkty do piel\u0119gnacji rz\u0119s i brwi\",\"potentialAction\":[{\"@type\":\"SearchAction\",\"target\":{\"@type\":\"EntryPoint\",\"urlTemplate\":\"https:\/\/www.lovely-vip.com\/?s={search_term_string}\"},\"query-input\":{\"@type\":\"PropertyValueSpecification\",\"valueRequired\":true,\"valueName\":\"search_term_string\"}}],\"inLanguage\":\"en-US\"}]}<\/script>\n<!-- \/ Yoast SEO plugin. -->","yoast_head_json":{"title":"P\u0119dzel uniwersalny - Lovely Vip","robots":{"index":"index","follow":"follow","max-snippet":"max-snippet:-1","max-image-preview":"max-image-preview:large","max-video-preview":"max-video-preview:-1"},"canonical":"https:\/\/www.lovely-vip.com\/en\/product\/pedzel-uniwersalny\/","og_locale":"en_US","og_type":"article","og_title":"P\u0119dzel uniwersalny - Lovely Vip","og_description":"Uniwersalny p\u0119dzel nadaje si\u0119 do wszystkich manipulacji z brwiami zaczynajac od rysunku wst\u0119pnego i ko\u0144cz\u0105c szybkim nak\u0142adaniam farbki czy henny. Szerokie i cienkie ostrze p\u0119dzla pozwala na szybka i precyzyjn\u0105 prace\u00a0","og_url":"https:\/\/www.lovely-vip.com\/en\/product\/pedzel-uniwersalny\/","og_site_name":"Lovely Vip","article_modified_time":"2026-02-17T09:33:23+00:00","og_image":[{"width":800,"height":800,"url":"https:\/\/www.lovely-vip.com\/wp-content\/uploads\/2023\/06\/IMG_8031.jpeg","type":"image\/jpeg"}],"twitter_card":"summary_large_image","twitter_misc":{"Est. reading time":"1 minute"},"schema":{"@context":"https:\/\/schema.org","@graph":[{"@type":"WebPage","@id":"https:\/\/www.lovely-vip.com\/product\/pedzel-uniwersalny\/","url":"https:\/\/www.lovely-vip.com\/product\/pedzel-uniwersalny\/","name":"P\u0119dzel uniwersalny - Lovely Vip","isPartOf":{"@id":"https:\/\/www.lovely-vip.com\/#website"},"primaryImageOfPage":{"@id":"https:\/\/www.lovely-vip.com\/product\/pedzel-uniwersalny\/#primaryimage"},"image":{"@id":"https:\/\/www.lovely-vip.com\/product\/pedzel-uniwersalny\/#primaryimage"},"thumbnailUrl":"https:\/\/www.lovely-vip.com\/wp-content\/uploads\/2023\/06\/IMG_8031.jpeg","datePublished":"2023-06-03T17:35:41+00:00","dateModified":"2026-02-17T09:33:23+00:00","breadcrumb":{"@id":"https:\/\/www.lovely-vip.com\/product\/pedzel-uniwersalny\/#breadcrumb"},"inLanguage":"en-US","potentialAction":[{"@type":"ReadAction","target":["https:\/\/www.lovely-vip.com\/product\/pedzel-uniwersalny\/"]}]},{"@type":"ImageObject","inLanguage":"en-US","@id":"https:\/\/www.lovely-vip.com\/product\/pedzel-uniwersalny\/#primaryimage","url":"https:\/\/www.lovely-vip.com\/wp-content\/uploads\/2023\/06\/IMG_8031.jpeg","contentUrl":"https:\/\/www.lovely-vip.com\/wp-content\/uploads\/2023\/06\/IMG_8031.jpeg","width":800,"height":800},{"@type":"BreadcrumbList","@id":"https:\/\/www.lovely-vip.com\/product\/pedzel-uniwersalny\/#breadcrumb","itemListElement":[{"@type":"ListItem","position":1,"name":"Strona g\u0142\u00f3wna","item":"https:\/\/www.lovely-vip.com\/"},{"@type":"ListItem","position":2,"name":"Sklep dla stylistek rz\u0119s i brwi","item":"https:\/\/www.lovely-vip.com\/shop\/"},{"@type":"ListItem","position":3,"name":"P\u0119dzel uniwersalny"}]},{"@type":"WebSite","@id":"https:\/\/www.lovely-vip.com\/#website","url":"https:\/\/www.lovely-vip.com\/","name":"Lovely Vip","description":"Professional eyelash and eyebrow care products","potentialAction":[{"@type":"SearchAction","target":{"@type":"EntryPoint","urlTemplate":"https:\/\/www.lovely-vip.com\/?s={search_term_string}"},"query-input":{"@type":"PropertyValueSpecification","valueRequired":true,"valueName":"search_term_string"}}],"inLanguage":"en-US"}]}},"_links":{"self":[{"href":"https:\/\/www.lovely-vip.com\/en\/wp-json\/wp\/v2\/product\/14633","targetHints":{"allow":["GET"]}}],"collection":[{"href":"https:\/\/www.lovely-vip.com\/en\/wp-json\/wp\/v2\/product"}],"about":[{"href":"https:\/\/www.lovely-vip.com\/en\/wp-json\/wp\/v2\/types\/product"}],"replies":[{"embeddable":true,"href":"https:\/\/www.lovely-vip.com\/en\/wp-json\/wp\/v2\/comments?post=14633"}],"wp:featuredmedia":[{"embeddable":true,"href":"https:\/\/www.lovely-vip.com\/en\/wp-json\/wp\/v2\/media\/14635"}],"wp:attachment":[{"href":"https:\/\/www.lovely-vip.com\/en\/wp-json\/wp\/v2\/media?parent=14633"}],"wp:term":[{"taxonomy":"product_brand","embeddable":true,"href":"https:\/\/www.lovely-vip.com\/en\/wp-json\/wp\/v2\/product_brand?post=14633"},{"taxonomy":"product_cat","embeddable":true,"href":"https:\/\/www.lovely-vip.com\/en\/wp-json\/wp\/v2\/product_cat?post=14633"},{"taxonomy":"product_tag","embeddable":true,"href":"https:\/\/www.lovely-vip.com\/en\/wp-json\/wp\/v2\/product_tag?post=14633"}],"curies":[{"name":"wp","href":"https:\/\/api.w.org\/{rel}","templated":true}]}}