{"id":15010,"date":"2023-06-27T17:40:58","date_gmt":"2023-06-27T15:40:58","guid":{"rendered":"https:\/\/www.lovely-vip.com\/?post_type=product&#038;p=15010"},"modified":"2025-05-29T23:26:59","modified_gmt":"2025-05-29T21:26:59","slug":"booster-koloryzacji-brwi-07-orange-sbts","status":"publish","type":"product","link":"https:\/\/www.lovely-vip.com\/en\/product\/booster-koloryzacji-brwi-07-orange-sbts\/","title":{"rendered":"Eyebrow coloring booster 2.0 07 ORANGE"},"content":{"rendered":"<p><strong>Eyebrow preparation<\/strong><\/p>\n<p>Use \"\u00c9LAN DETOX-MOUSSE\" from the professional TM \u00c9LAN line to detoxify the skin and hair before eyebrow shaping or coloring procedures. The detoxifying foam has antibacterial and fungicidal properties.<\/p>\n<p><strong>Defining eyebrows<\/strong><\/p>\n<p>Define the shape of your eyebrows with the \"Powdered Brow Liner Pro\" from TM \u00c9LAN Professional Line or the \"Powdered Micrometric Brow Liner Pro\" from TM \u00c9LAN Professional Line.<\/p>\n<p><strong>Preparation of the coloring mixture<\/strong><\/p>\n<p>Mix the \"Deep Brow Tint\" eyebrow paint from TM \u00c9LAN's professional line with the oxidizing emulsion in a 1:1 ratio in a non-metallic bowl using the measuring cup included in the paint package.<\/p>\n<p>To add depth and intensity to the basic eyebrow paint color palette or to create a new shade, use \"Eyebrow Paint Color Enhancers\" \"06 INDIGO\" or \"07 ORANGE\" from the professional TM \u00c9LAN line according to the mixing scheme:<\/p>\n<p><strong>eyebrow dye (49%) + oxidation emulsion (49%) + booster (2%) = color mixture (100%)<\/strong><\/p>\n<p><strong>Attention!<\/strong>\u00a0The more color intensifier used, the closer the final shade will be to the primary color intensifier (blue or orange).<\/p>\n<p><strong>Eyebrow tinting<\/strong><\/p>\n<p>Apply the tinting mixture to the eyebrows according to the predefined shape. Leave on for 5-10 minutes, depending on the desired intensity of the eyebrow color. Then completely remove the tinting with a cotton swab moistened with water. If the tinting mixture seems to deviate from the desired eyebrow shape, moisten the cotton ball with \"Skin Color Remover\" from the professional TM \u00c9LAN line and remove the excess tinting.<\/p>\n<p><strong>Completion of the eyebrow tinting procedure<\/strong><\/p>\n<p>Use \"COLOUR FIX: Eyebrow and Eyelash Color Fixing Fluid with Keratin and Sunflower Oil\" from TM \u00c9LAN professional line for better results. It provides a longer color effect by stabilizing the color molecule on the hair.<\/p>\n<p><strong>CHEMICAL COMPOSITION:<\/strong><\/p>\n<p>AQUA, CETEARYL ALCOHOL, GLYCERYL STEARATE SE, ETHOXYDIGLYCOL, ETHANOLAMINE, CETEARETH-20, GLYCERIN, COCAMIDOPROPYLAMINE OXIDE, GLYCERYL STEARATE, PEG-100 STEARATE, UREA, SODIUM SULFITE, SODIUM ERYTHORBATE, DISODIUM EDTA, PARFUM, 1-HYDROXYETHYL 4,5-DIAMINO PYRAZOLE SULFATE, 4-AMINO-2-HYDROXYTOLUENE<\/p>","protected":false},"excerpt":{"rendered":"<p>Color enhancer is an innovative eyebrow paint color enhancer product that was developed to:<\/p>\n<p>- give colors from the main tint palette additional depth and greater saturation<\/p>\n<p>- expand the range of shades;<\/p>\n<p>- Correct or eliminate unwanted color nuances.<\/p>\n<p>The product is specially designed to be mixed with the main eyebrow paint palette \"Deep Brow Tint\" in shades \"04 ICY\" and \"05 SPICY\" from the professional TM \u00c9LAN line.<\/p>\n<p>They can also be used in combination with other manufacturer's eyebrow paints, provided you have a basic knowledge of color.<\/p>\n<p><strong>Expiration date:<\/strong>\u00a024 months<\/p>\n<p><strong>Period after opening (PAO):<\/strong>\u00a03 months<\/p>\n<p><strong>Capacity:<\/strong>\u00a010 ml<\/p>","protected":false},"featured_media":26198,"comment_status":"open","ping_status":"closed","template":"","meta":[],"product_brand":[],"product_cat":[85,235,238],"product_tag":[],"class_list":{"0":"post-15010","1":"product","2":"type-product","3":"status-publish","4":"has-post-thumbnail","6":"product_cat-brwi","7":"product_cat-elan","8":"product_cat-farbka-do-brwi","10":"first","11":"instock","12":"shipping-taxable","13":"purchasable","14":"product-type-simple"},"yoast_head":"<!-- This site is optimized with the Yoast SEO plugin v25.4 - https:\/\/yoast.com\/wordpress\/plugins\/seo\/ -->\n<title>Booster do koloryzacji brwi 2.0 07 ORANGE - Lovely Vip<\/title>\n<meta name=\"robots\" content=\"index, follow, max-snippet:-1, max-image-preview:large, max-video-preview:-1\" \/>\n<link rel=\"canonical\" href=\"https:\/\/www.lovely-vip.com\/en\/product\/booster-koloryzacji-brwi-07-orange-sbts\/\" \/>\n<meta property=\"og:locale\" content=\"en_US\" \/>\n<meta property=\"og:type\" content=\"article\" \/>\n<meta property=\"og:title\" content=\"Booster do koloryzacji brwi 2.0 07 ORANGE - Lovely Vip\" \/>\n<meta property=\"og:description\" content=\"Wzmacniacz koloru to innowacyjny produkt wzmacniaj\u0105cy kolor farb do brwi, kt\u00f3ry zosta\u0142y opracowany, aby:  - nada\u0107 kolorom z g\u0142\u00f3wnej palety tint\u00f3w dodatkow\u0105 g\u0142\u0119bi\u0119 i wi\u0119ksze nasycenie  - rozszerzy\u0107 gam\u0119 odcieni;  - korygowa\u0107 lub eliminowa\u0107 niepo\u017c\u0105dane niuanse kolorystyczne.  Produkt zosta\u0142 specjalnie zaprojektowany do mieszania z g\u0142\u00f3wn\u0105 palet\u0105 farb do brwi \u201eDeep Brow Tint\u201d w odcieniach \u201e04 ICY\u201d i \u201e05 SPICY\u201d z profesjonalnej linii TM \u00c9LAN.  Mo\u017cna je r\u00f3wnie\u017c stosowa\u0107 w po\u0142\u0105czeniu z farbami do brwi innego producenta, pod warunkiem posiadania podstawowej wiedzy na temat kolorystyki.  Data wa\u017cno\u015bci:\u00a024 miesi\u0105ce  Okres po otwarciu (PAO):\u00a03 miesi\u0105ce  Pojemno\u015b\u0107:\u00a010 ml\" \/>\n<meta property=\"og:url\" content=\"https:\/\/www.lovely-vip.com\/en\/product\/booster-koloryzacji-brwi-07-orange-sbts\/\" \/>\n<meta property=\"og:site_name\" content=\"Lovely Vip\" \/>\n<meta property=\"article:modified_time\" content=\"2025-05-29T21:26:59+00:00\" \/>\n<meta property=\"og:image\" content=\"https:\/\/www.lovely-vip.com\/wp-content\/uploads\/2023\/06\/\u0431\u0443\u0441\u0442\u0435\u0440-\u043e\u0440\u0430\u043d\u0434\u0436-2.png\" \/>\n\t<meta property=\"og:image:width\" content=\"900\" \/>\n\t<meta property=\"og:image:height\" content=\"900\" \/>\n\t<meta property=\"og:image:type\" content=\"image\/png\" \/>\n<meta name=\"twitter:card\" content=\"summary_large_image\" \/>\n<meta name=\"twitter:label1\" content=\"Est. reading time\" \/>\n\t<meta name=\"twitter:data1\" content=\"2 minutes\" \/>\n<script type=\"application\/ld+json\" class=\"yoast-schema-graph\">{\"@context\":\"https:\/\/schema.org\",\"@graph\":[{\"@type\":\"WebPage\",\"@id\":\"https:\/\/www.lovely-vip.com\/product\/booster-koloryzacji-brwi-07-orange-sbts\/\",\"url\":\"https:\/\/www.lovely-vip.com\/product\/booster-koloryzacji-brwi-07-orange-sbts\/\",\"name\":\"Booster do koloryzacji brwi 2.0 07 ORANGE - Lovely Vip\",\"isPartOf\":{\"@id\":\"https:\/\/www.lovely-vip.com\/#website\"},\"primaryImageOfPage\":{\"@id\":\"https:\/\/www.lovely-vip.com\/product\/booster-koloryzacji-brwi-07-orange-sbts\/#primaryimage\"},\"image\":{\"@id\":\"https:\/\/www.lovely-vip.com\/product\/booster-koloryzacji-brwi-07-orange-sbts\/#primaryimage\"},\"thumbnailUrl\":\"https:\/\/www.lovely-vip.com\/wp-content\/uploads\/2023\/06\/\u0431\u0443\u0441\u0442\u0435\u0440-\u043e\u0440\u0430\u043d\u0434\u0436-2.png\",\"datePublished\":\"2023-06-27T15:40:58+00:00\",\"dateModified\":\"2025-05-29T21:26:59+00:00\",\"breadcrumb\":{\"@id\":\"https:\/\/www.lovely-vip.com\/product\/booster-koloryzacji-brwi-07-orange-sbts\/#breadcrumb\"},\"inLanguage\":\"en-US\",\"potentialAction\":[{\"@type\":\"ReadAction\",\"target\":[\"https:\/\/www.lovely-vip.com\/product\/booster-koloryzacji-brwi-07-orange-sbts\/\"]}]},{\"@type\":\"ImageObject\",\"inLanguage\":\"en-US\",\"@id\":\"https:\/\/www.lovely-vip.com\/product\/booster-koloryzacji-brwi-07-orange-sbts\/#primaryimage\",\"url\":\"https:\/\/www.lovely-vip.com\/wp-content\/uploads\/2023\/06\/\u0431\u0443\u0441\u0442\u0435\u0440-\u043e\u0440\u0430\u043d\u0434\u0436-2.png\",\"contentUrl\":\"https:\/\/www.lovely-vip.com\/wp-content\/uploads\/2023\/06\/\u0431\u0443\u0441\u0442\u0435\u0440-\u043e\u0440\u0430\u043d\u0434\u0436-2.png\",\"width\":900,\"height\":900},{\"@type\":\"BreadcrumbList\",\"@id\":\"https:\/\/www.lovely-vip.com\/product\/booster-koloryzacji-brwi-07-orange-sbts\/#breadcrumb\",\"itemListElement\":[{\"@type\":\"ListItem\",\"position\":1,\"name\":\"Strona g\u0142\u00f3wna\",\"item\":\"https:\/\/www.lovely-vip.com\/\"},{\"@type\":\"ListItem\",\"position\":2,\"name\":\"Sklep dla stylistek rz\u0119s i brwi\",\"item\":\"https:\/\/www.lovely-vip.com\/shop\/\"},{\"@type\":\"ListItem\",\"position\":3,\"name\":\"Booster do koloryzacji brwi 2.0 07 ORANGE\"}]},{\"@type\":\"WebSite\",\"@id\":\"https:\/\/www.lovely-vip.com\/#website\",\"url\":\"https:\/\/www.lovely-vip.com\/\",\"name\":\"Lovely Vip\",\"description\":\"Profesjonalne produkty do piel\u0119gnacji rz\u0119s i brwi\",\"potentialAction\":[{\"@type\":\"SearchAction\",\"target\":{\"@type\":\"EntryPoint\",\"urlTemplate\":\"https:\/\/www.lovely-vip.com\/?s={search_term_string}\"},\"query-input\":{\"@type\":\"PropertyValueSpecification\",\"valueRequired\":true,\"valueName\":\"search_term_string\"}}],\"inLanguage\":\"en-US\"}]}<\/script>\n<!-- \/ Yoast SEO plugin. -->","yoast_head_json":{"title":"Booster do koloryzacji brwi 2.0 07 ORANGE - Lovely Vip","robots":{"index":"index","follow":"follow","max-snippet":"max-snippet:-1","max-image-preview":"max-image-preview:large","max-video-preview":"max-video-preview:-1"},"canonical":"https:\/\/www.lovely-vip.com\/en\/product\/booster-koloryzacji-brwi-07-orange-sbts\/","og_locale":"en_US","og_type":"article","og_title":"Booster do koloryzacji brwi 2.0 07 ORANGE - Lovely Vip","og_description":"Wzmacniacz koloru to innowacyjny produkt wzmacniaj\u0105cy kolor farb do brwi, kt\u00f3ry zosta\u0142y opracowany, aby:  - nada\u0107 kolorom z g\u0142\u00f3wnej palety tint\u00f3w dodatkow\u0105 g\u0142\u0119bi\u0119 i wi\u0119ksze nasycenie  - rozszerzy\u0107 gam\u0119 odcieni;  - korygowa\u0107 lub eliminowa\u0107 niepo\u017c\u0105dane niuanse kolorystyczne.  Produkt zosta\u0142 specjalnie zaprojektowany do mieszania z g\u0142\u00f3wn\u0105 palet\u0105 farb do brwi \u201eDeep Brow Tint\u201d w odcieniach \u201e04 ICY\u201d i \u201e05 SPICY\u201d z profesjonalnej linii TM \u00c9LAN.  Mo\u017cna je r\u00f3wnie\u017c stosowa\u0107 w po\u0142\u0105czeniu z farbami do brwi innego producenta, pod warunkiem posiadania podstawowej wiedzy na temat kolorystyki.  Data wa\u017cno\u015bci:\u00a024 miesi\u0105ce  Okres po otwarciu (PAO):\u00a03 miesi\u0105ce  Pojemno\u015b\u0107:\u00a010 ml","og_url":"https:\/\/www.lovely-vip.com\/en\/product\/booster-koloryzacji-brwi-07-orange-sbts\/","og_site_name":"Lovely Vip","article_modified_time":"2025-05-29T21:26:59+00:00","og_image":[{"width":900,"height":900,"url":"https:\/\/www.lovely-vip.com\/wp-content\/uploads\/2023\/06\/\u0431\u0443\u0441\u0442\u0435\u0440-\u043e\u0440\u0430\u043d\u0434\u0436-2.png","type":"image\/png"}],"twitter_card":"summary_large_image","twitter_misc":{"Est. reading time":"2 minutes"},"schema":{"@context":"https:\/\/schema.org","@graph":[{"@type":"WebPage","@id":"https:\/\/www.lovely-vip.com\/product\/booster-koloryzacji-brwi-07-orange-sbts\/","url":"https:\/\/www.lovely-vip.com\/product\/booster-koloryzacji-brwi-07-orange-sbts\/","name":"Booster do koloryzacji brwi 2.0 07 ORANGE - Lovely Vip","isPartOf":{"@id":"https:\/\/www.lovely-vip.com\/#website"},"primaryImageOfPage":{"@id":"https:\/\/www.lovely-vip.com\/product\/booster-koloryzacji-brwi-07-orange-sbts\/#primaryimage"},"image":{"@id":"https:\/\/www.lovely-vip.com\/product\/booster-koloryzacji-brwi-07-orange-sbts\/#primaryimage"},"thumbnailUrl":"https:\/\/www.lovely-vip.com\/wp-content\/uploads\/2023\/06\/\u0431\u0443\u0441\u0442\u0435\u0440-\u043e\u0440\u0430\u043d\u0434\u0436-2.png","datePublished":"2023-06-27T15:40:58+00:00","dateModified":"2025-05-29T21:26:59+00:00","breadcrumb":{"@id":"https:\/\/www.lovely-vip.com\/product\/booster-koloryzacji-brwi-07-orange-sbts\/#breadcrumb"},"inLanguage":"en-US","potentialAction":[{"@type":"ReadAction","target":["https:\/\/www.lovely-vip.com\/product\/booster-koloryzacji-brwi-07-orange-sbts\/"]}]},{"@type":"ImageObject","inLanguage":"en-US","@id":"https:\/\/www.lovely-vip.com\/product\/booster-koloryzacji-brwi-07-orange-sbts\/#primaryimage","url":"https:\/\/www.lovely-vip.com\/wp-content\/uploads\/2023\/06\/\u0431\u0443\u0441\u0442\u0435\u0440-\u043e\u0440\u0430\u043d\u0434\u0436-2.png","contentUrl":"https:\/\/www.lovely-vip.com\/wp-content\/uploads\/2023\/06\/\u0431\u0443\u0441\u0442\u0435\u0440-\u043e\u0440\u0430\u043d\u0434\u0436-2.png","width":900,"height":900},{"@type":"BreadcrumbList","@id":"https:\/\/www.lovely-vip.com\/product\/booster-koloryzacji-brwi-07-orange-sbts\/#breadcrumb","itemListElement":[{"@type":"ListItem","position":1,"name":"Strona g\u0142\u00f3wna","item":"https:\/\/www.lovely-vip.com\/"},{"@type":"ListItem","position":2,"name":"Sklep dla stylistek rz\u0119s i brwi","item":"https:\/\/www.lovely-vip.com\/shop\/"},{"@type":"ListItem","position":3,"name":"Booster do koloryzacji brwi 2.0 07 ORANGE"}]},{"@type":"WebSite","@id":"https:\/\/www.lovely-vip.com\/#website","url":"https:\/\/www.lovely-vip.com\/","name":"Lovely Vip","description":"Professional eyelash and eyebrow care products","potentialAction":[{"@type":"SearchAction","target":{"@type":"EntryPoint","urlTemplate":"https:\/\/www.lovely-vip.com\/?s={search_term_string}"},"query-input":{"@type":"PropertyValueSpecification","valueRequired":true,"valueName":"search_term_string"}}],"inLanguage":"en-US"}]}},"_links":{"self":[{"href":"https:\/\/www.lovely-vip.com\/en\/wp-json\/wp\/v2\/product\/15010","targetHints":{"allow":["GET"]}}],"collection":[{"href":"https:\/\/www.lovely-vip.com\/en\/wp-json\/wp\/v2\/product"}],"about":[{"href":"https:\/\/www.lovely-vip.com\/en\/wp-json\/wp\/v2\/types\/product"}],"replies":[{"embeddable":true,"href":"https:\/\/www.lovely-vip.com\/en\/wp-json\/wp\/v2\/comments?post=15010"}],"wp:featuredmedia":[{"embeddable":true,"href":"https:\/\/www.lovely-vip.com\/en\/wp-json\/wp\/v2\/media\/26198"}],"wp:attachment":[{"href":"https:\/\/www.lovely-vip.com\/en\/wp-json\/wp\/v2\/media?parent=15010"}],"wp:term":[{"taxonomy":"product_brand","embeddable":true,"href":"https:\/\/www.lovely-vip.com\/en\/wp-json\/wp\/v2\/product_brand?post=15010"},{"taxonomy":"product_cat","embeddable":true,"href":"https:\/\/www.lovely-vip.com\/en\/wp-json\/wp\/v2\/product_cat?post=15010"},{"taxonomy":"product_tag","embeddable":true,"href":"https:\/\/www.lovely-vip.com\/en\/wp-json\/wp\/v2\/product_tag?post=15010"}],"curies":[{"name":"wp","href":"https:\/\/api.w.org\/{rel}","templated":true}]}}