{"id":1640,"date":"2020-08-26T23:44:28","date_gmt":"2020-08-26T21:44:28","guid":{"rendered":"http:\/\/new.lovely-vip.com\/product\/klej-do-laminacji-force-5ml\/"},"modified":"2026-04-24T14:18:56","modified_gmt":"2026-04-24T12:18:56","slug":"klej-do-laminacji-force-5ml","status":"publish","type":"product","link":"https:\/\/www.lovely-vip.com\/en\/product\/klej-do-laminacji-force-5ml\/","title":{"rendered":"Klej do liftingu rz\u0119s &#8222;Force&#8221; 5 ml"},"content":{"rendered":"<p>Reliably attaches lashes to silicone rollers for lash lamination during a facelift.<\/p>\n<p>The glue dries fairly quickly and fixes the lashes.<\/p>\n<p>Method: apply glue to the rollers with a brush to fix the lashes on them.<\/p>\n<p>Store in a cool dark place out of reach of children.<\/p>\n<p>The shelf life of the product is 12 months from the date of manufacture.<\/p>\n<p>Shelf life after opening: 3 months<\/p>\n<p>&nbsp;<\/p>","protected":false},"excerpt":{"rendered":"<p>Niezawodnie mocuje rz\u0119sy na silikonowych wa\u0142eczkach do laminacji rz\u0119s podczas liftingu. Klej w miar\u0119 szybko wysycha i utrwala rz\u0119sy. Metoda: na\u0142o\u017cy\u0107 klej na wa\u0142ki za pomoc\u0105 p\u0119dzelka, aby utrwali\u0107 na nich rz\u0119sy. Przechowywa\u0107 w ch\u0142odnym ciemnym miejscu niedost\u0119pnym dla dzieci. Okres trwa\u0142o\u015bci produktu wynosi 12 miesi\u0119cy od daty produkcji. Okres wa\u017cno\u015bci po otwarciu: 3 miesi\u0105ce [&#8230;]\n","protected":false},"featured_media":11194,"comment_status":"closed","ping_status":"closed","template":"","meta":[],"product_brand":[],"product_cat":[83,293,70],"product_tag":[],"class_list":{"0":"post-1640","1":"product","2":"type-product","3":"status-publish","4":"has-post-thumbnail","6":"product_cat-lifting-laminacja","7":"product_cat-lovely","8":"product_cat-promocja","10":"first","11":"instock","12":"purchasable","13":"product-type-simple"},"yoast_head":"<!-- This site is optimized with the Yoast SEO plugin v25.4 - https:\/\/yoast.com\/wordpress\/plugins\/seo\/ -->\n<title>Klej do liftingu rz\u0119s &quot;Force&quot; 5 ml - Lovely Vip<\/title>\n<meta name=\"robots\" content=\"index, follow, max-snippet:-1, max-image-preview:large, max-video-preview:-1\" \/>\n<link rel=\"canonical\" href=\"https:\/\/www.lovely-vip.com\/en\/product\/klej-do-laminacji-force-5ml\/\" \/>\n<meta property=\"og:locale\" content=\"en_US\" \/>\n<meta property=\"og:type\" content=\"article\" \/>\n<meta property=\"og:title\" content=\"Klej do liftingu rz\u0119s &quot;Force&quot; 5 ml - Lovely Vip\" \/>\n<meta property=\"og:description\" content=\"Niezawodnie mocuje rz\u0119sy na silikonowych wa\u0142eczkach do laminacji rz\u0119s podczas liftingu. Klej w miar\u0119 szybko wysycha i utrwala rz\u0119sy. Metoda: na\u0142o\u017cy\u0107 klej na wa\u0142ki za pomoc\u0105 p\u0119dzelka, aby utrwali\u0107 na nich rz\u0119sy. Przechowywa\u0107 w ch\u0142odnym ciemnym miejscu niedost\u0119pnym dla dzieci. Okres trwa\u0142o\u015bci produktu wynosi 12 miesi\u0119cy od daty produkcji. Okres wa\u017cno\u015bci po otwarciu: 3 miesi\u0105ce [...]\" \/>\n<meta property=\"og:url\" content=\"https:\/\/www.lovely-vip.com\/en\/product\/klej-do-laminacji-force-5ml\/\" \/>\n<meta property=\"og:site_name\" content=\"Lovely Vip\" \/>\n<meta property=\"article:modified_time\" content=\"2026-04-24T12:18:56+00:00\" \/>\n<meta property=\"og:image\" content=\"https:\/\/www.lovely-vip.com\/wp-content\/uploads\/2020\/08\/645548F4-63C8-40DD-A61B-E8F4ED687287.jpeg\" \/>\n\t<meta property=\"og:image:width\" content=\"981\" \/>\n\t<meta property=\"og:image:height\" content=\"1268\" \/>\n\t<meta property=\"og:image:type\" content=\"image\/jpeg\" \/>\n<meta name=\"twitter:card\" content=\"summary_large_image\" \/>\n<meta name=\"twitter:label1\" content=\"Est. reading time\" \/>\n\t<meta name=\"twitter:data1\" content=\"1 minute\" \/>\n<script type=\"application\/ld+json\" class=\"yoast-schema-graph\">{\"@context\":\"https:\/\/schema.org\",\"@graph\":[{\"@type\":\"WebPage\",\"@id\":\"https:\/\/www.lovely-vip.com\/product\/klej-do-laminacji-force-5ml\/\",\"url\":\"https:\/\/www.lovely-vip.com\/product\/klej-do-laminacji-force-5ml\/\",\"name\":\"Klej do liftingu rz\u0119s \\\"Force\\\" 5 ml - Lovely Vip\",\"isPartOf\":{\"@id\":\"https:\/\/www.lovely-vip.com\/#website\"},\"primaryImageOfPage\":{\"@id\":\"https:\/\/www.lovely-vip.com\/product\/klej-do-laminacji-force-5ml\/#primaryimage\"},\"image\":{\"@id\":\"https:\/\/www.lovely-vip.com\/product\/klej-do-laminacji-force-5ml\/#primaryimage\"},\"thumbnailUrl\":\"https:\/\/www.lovely-vip.com\/wp-content\/uploads\/2020\/08\/645548F4-63C8-40DD-A61B-E8F4ED687287.jpeg\",\"datePublished\":\"2020-08-26T21:44:28+00:00\",\"dateModified\":\"2026-04-24T12:18:56+00:00\",\"breadcrumb\":{\"@id\":\"https:\/\/www.lovely-vip.com\/product\/klej-do-laminacji-force-5ml\/#breadcrumb\"},\"inLanguage\":\"en-US\",\"potentialAction\":[{\"@type\":\"ReadAction\",\"target\":[\"https:\/\/www.lovely-vip.com\/product\/klej-do-laminacji-force-5ml\/\"]}]},{\"@type\":\"ImageObject\",\"inLanguage\":\"en-US\",\"@id\":\"https:\/\/www.lovely-vip.com\/product\/klej-do-laminacji-force-5ml\/#primaryimage\",\"url\":\"https:\/\/www.lovely-vip.com\/wp-content\/uploads\/2020\/08\/645548F4-63C8-40DD-A61B-E8F4ED687287.jpeg\",\"contentUrl\":\"https:\/\/www.lovely-vip.com\/wp-content\/uploads\/2020\/08\/645548F4-63C8-40DD-A61B-E8F4ED687287.jpeg\",\"width\":981,\"height\":1268},{\"@type\":\"BreadcrumbList\",\"@id\":\"https:\/\/www.lovely-vip.com\/product\/klej-do-laminacji-force-5ml\/#breadcrumb\",\"itemListElement\":[{\"@type\":\"ListItem\",\"position\":1,\"name\":\"Strona g\u0142\u00f3wna\",\"item\":\"https:\/\/www.lovely-vip.com\/\"},{\"@type\":\"ListItem\",\"position\":2,\"name\":\"Sklep dla stylistek rz\u0119s i brwi\",\"item\":\"https:\/\/www.lovely-vip.com\/shop\/\"},{\"@type\":\"ListItem\",\"position\":3,\"name\":\"Klej do liftingu rz\u0119s &#8222;Force&#8221; 5 ml\"}]},{\"@type\":\"WebSite\",\"@id\":\"https:\/\/www.lovely-vip.com\/#website\",\"url\":\"https:\/\/www.lovely-vip.com\/\",\"name\":\"Lovely Vip\",\"description\":\"Profesjonalne produkty do piel\u0119gnacji rz\u0119s i brwi\",\"potentialAction\":[{\"@type\":\"SearchAction\",\"target\":{\"@type\":\"EntryPoint\",\"urlTemplate\":\"https:\/\/www.lovely-vip.com\/?s={search_term_string}\"},\"query-input\":{\"@type\":\"PropertyValueSpecification\",\"valueRequired\":true,\"valueName\":\"search_term_string\"}}],\"inLanguage\":\"en-US\"}]}<\/script>\n<!-- \/ Yoast SEO plugin. -->","yoast_head_json":{"title":"Klej do liftingu rz\u0119s \"Force\" 5 ml - Lovely Vip","robots":{"index":"index","follow":"follow","max-snippet":"max-snippet:-1","max-image-preview":"max-image-preview:large","max-video-preview":"max-video-preview:-1"},"canonical":"https:\/\/www.lovely-vip.com\/en\/product\/klej-do-laminacji-force-5ml\/","og_locale":"en_US","og_type":"article","og_title":"Klej do liftingu rz\u0119s \"Force\" 5 ml - Lovely Vip","og_description":"Niezawodnie mocuje rz\u0119sy na silikonowych wa\u0142eczkach do laminacji rz\u0119s podczas liftingu. Klej w miar\u0119 szybko wysycha i utrwala rz\u0119sy. Metoda: na\u0142o\u017cy\u0107 klej na wa\u0142ki za pomoc\u0105 p\u0119dzelka, aby utrwali\u0107 na nich rz\u0119sy. Przechowywa\u0107 w ch\u0142odnym ciemnym miejscu niedost\u0119pnym dla dzieci. Okres trwa\u0142o\u015bci produktu wynosi 12 miesi\u0119cy od daty produkcji. Okres wa\u017cno\u015bci po otwarciu: 3 miesi\u0105ce [...]","og_url":"https:\/\/www.lovely-vip.com\/en\/product\/klej-do-laminacji-force-5ml\/","og_site_name":"Lovely Vip","article_modified_time":"2026-04-24T12:18:56+00:00","og_image":[{"width":981,"height":1268,"url":"https:\/\/www.lovely-vip.com\/wp-content\/uploads\/2020\/08\/645548F4-63C8-40DD-A61B-E8F4ED687287.jpeg","type":"image\/jpeg"}],"twitter_card":"summary_large_image","twitter_misc":{"Est. reading time":"1 minute"},"schema":{"@context":"https:\/\/schema.org","@graph":[{"@type":"WebPage","@id":"https:\/\/www.lovely-vip.com\/product\/klej-do-laminacji-force-5ml\/","url":"https:\/\/www.lovely-vip.com\/product\/klej-do-laminacji-force-5ml\/","name":"Klej do liftingu rz\u0119s \"Force\" 5 ml - Lovely Vip","isPartOf":{"@id":"https:\/\/www.lovely-vip.com\/#website"},"primaryImageOfPage":{"@id":"https:\/\/www.lovely-vip.com\/product\/klej-do-laminacji-force-5ml\/#primaryimage"},"image":{"@id":"https:\/\/www.lovely-vip.com\/product\/klej-do-laminacji-force-5ml\/#primaryimage"},"thumbnailUrl":"https:\/\/www.lovely-vip.com\/wp-content\/uploads\/2020\/08\/645548F4-63C8-40DD-A61B-E8F4ED687287.jpeg","datePublished":"2020-08-26T21:44:28+00:00","dateModified":"2026-04-24T12:18:56+00:00","breadcrumb":{"@id":"https:\/\/www.lovely-vip.com\/product\/klej-do-laminacji-force-5ml\/#breadcrumb"},"inLanguage":"en-US","potentialAction":[{"@type":"ReadAction","target":["https:\/\/www.lovely-vip.com\/product\/klej-do-laminacji-force-5ml\/"]}]},{"@type":"ImageObject","inLanguage":"en-US","@id":"https:\/\/www.lovely-vip.com\/product\/klej-do-laminacji-force-5ml\/#primaryimage","url":"https:\/\/www.lovely-vip.com\/wp-content\/uploads\/2020\/08\/645548F4-63C8-40DD-A61B-E8F4ED687287.jpeg","contentUrl":"https:\/\/www.lovely-vip.com\/wp-content\/uploads\/2020\/08\/645548F4-63C8-40DD-A61B-E8F4ED687287.jpeg","width":981,"height":1268},{"@type":"BreadcrumbList","@id":"https:\/\/www.lovely-vip.com\/product\/klej-do-laminacji-force-5ml\/#breadcrumb","itemListElement":[{"@type":"ListItem","position":1,"name":"Strona g\u0142\u00f3wna","item":"https:\/\/www.lovely-vip.com\/"},{"@type":"ListItem","position":2,"name":"Sklep dla stylistek rz\u0119s i brwi","item":"https:\/\/www.lovely-vip.com\/shop\/"},{"@type":"ListItem","position":3,"name":"Klej do liftingu rz\u0119s &#8222;Force&#8221; 5 ml"}]},{"@type":"WebSite","@id":"https:\/\/www.lovely-vip.com\/#website","url":"https:\/\/www.lovely-vip.com\/","name":"Lovely Vip","description":"Professional eyelash and eyebrow care products","potentialAction":[{"@type":"SearchAction","target":{"@type":"EntryPoint","urlTemplate":"https:\/\/www.lovely-vip.com\/?s={search_term_string}"},"query-input":{"@type":"PropertyValueSpecification","valueRequired":true,"valueName":"search_term_string"}}],"inLanguage":"en-US"}]}},"_links":{"self":[{"href":"https:\/\/www.lovely-vip.com\/en\/wp-json\/wp\/v2\/product\/1640","targetHints":{"allow":["GET"]}}],"collection":[{"href":"https:\/\/www.lovely-vip.com\/en\/wp-json\/wp\/v2\/product"}],"about":[{"href":"https:\/\/www.lovely-vip.com\/en\/wp-json\/wp\/v2\/types\/product"}],"replies":[{"embeddable":true,"href":"https:\/\/www.lovely-vip.com\/en\/wp-json\/wp\/v2\/comments?post=1640"}],"wp:featuredmedia":[{"embeddable":true,"href":"https:\/\/www.lovely-vip.com\/en\/wp-json\/wp\/v2\/media\/11194"}],"wp:attachment":[{"href":"https:\/\/www.lovely-vip.com\/en\/wp-json\/wp\/v2\/media?parent=1640"}],"wp:term":[{"taxonomy":"product_brand","embeddable":true,"href":"https:\/\/www.lovely-vip.com\/en\/wp-json\/wp\/v2\/product_brand?post=1640"},{"taxonomy":"product_cat","embeddable":true,"href":"https:\/\/www.lovely-vip.com\/en\/wp-json\/wp\/v2\/product_cat?post=1640"},{"taxonomy":"product_tag","embeddable":true,"href":"https:\/\/www.lovely-vip.com\/en\/wp-json\/wp\/v2\/product_tag?post=1640"}],"curies":[{"name":"wp","href":"https:\/\/api.w.org\/{rel}","templated":true}]}}