{"id":18166,"date":"2023-12-12T13:44:11","date_gmt":"2023-12-12T12:44:11","guid":{"rendered":"https:\/\/www.lovely-vip.com\/?post_type=product&#038;p=18166"},"modified":"2026-01-22T21:58:30","modified_gmt":"2026-01-22T20:58:30","slug":"remower-henny-i-farbki","status":"publish","type":"product","link":"https:\/\/www.lovely-vip.com\/en\/product\/remower-henny-i-farbki\/","title":{"rendered":"Remover henna and skin dyes"},"content":{"rendered":"","protected":false},"excerpt":{"rendered":"<div>The product is designed to correct the effect of coloring and eliminate errors, as well as to remove excess henna and dye during eyebrow coloring.<\/div>\n<div><\/div>\n<div>How to use: apply a small amount to a cotton ball or cotton bud and thoroughly wipe off excess dye. Rinse off with water after application. Do not apply to the skin directly around the eyes.<\/div>\n<div><\/div>\n<div>Storage conditions: Store at 5\u00b0C to 25\u00b0C, away from direct sunlight and heaters.<\/div>\n<div>Product shelf life: 36 months.<\/div>\n<div>Expiration date after opening: 9 months.<\/div>","protected":false},"featured_media":18167,"comment_status":"open","ping_status":"closed","template":"","meta":[],"product_brand":[],"product_cat":[85,238,237,83,293,69,236],"product_tag":[],"class_list":{"0":"post-18166","1":"product","2":"type-product","3":"status-publish","4":"has-post-thumbnail","6":"product_cat-brwi","7":"product_cat-farbka-do-brwi","8":"product_cat-henna","9":"product_cat-lifting-laminacja","10":"product_cat-lovely","11":"product_cat-nowosci","12":"product_cat-pielegnacja-brw","14":"first","15":"outofstock","16":"shipping-taxable","17":"purchasable","18":"product-type-simple"},"yoast_head":"<!-- This site is optimized with the Yoast SEO plugin v25.4 - https:\/\/yoast.com\/wordpress\/plugins\/seo\/ -->\n<title>Remower henny i farbki ze sk\u00f3ry - Lovely Vip<\/title>\n<meta name=\"robots\" content=\"index, follow, max-snippet:-1, max-image-preview:large, max-video-preview:-1\" \/>\n<link rel=\"canonical\" href=\"https:\/\/www.lovely-vip.com\/en\/product\/remower-henny-i-farbki\/\" \/>\n<meta property=\"og:locale\" content=\"en_US\" \/>\n<meta property=\"og:type\" content=\"article\" \/>\n<meta property=\"og:title\" content=\"Remower henny i farbki ze sk\u00f3ry - Lovely Vip\" \/>\n<meta property=\"og:description\" content=\"Produkt przeznaczony jest do korygowania efektu farbowania i eliminowania b\u0142\u0119d\u00f3w, a tak\u017ce do usuwania nadmiaru henny i barwnika podczas koloryzacji brwi.  Spos\u00f3b u\u017cycia: Na\u0142\u00f3\u017c niewielk\u0105 ilo\u015b\u0107 na wacik lub patyczek kosmetyczny i dok\u0142adnie wytrzyj nadmiar barwnika. Po aplikacji sp\u0142uka\u0107 wod\u0105. Nie stosowa\u0107 na sk\u00f3r\u0119 bezpo\u015brednio wok\u00f3\u0142 oczu.  Warunki przechowywania: Przechowywa\u0107 w temperaturze od 5\u00b0C do 25\u00b0C, z dala od bezpo\u015bredniego \u015bwiat\u0142a s\u0142onecznego i grzejnik\u00f3w. Okres wa\u017cno\u015bci produktu: 36 miesi\u0119cy. Data wa\u017cno\u015bci po otwarciu: 9 miesi\u0119cy.\" \/>\n<meta property=\"og:url\" content=\"https:\/\/www.lovely-vip.com\/en\/product\/remower-henny-i-farbki\/\" \/>\n<meta property=\"og:site_name\" content=\"Lovely Vip\" \/>\n<meta property=\"article:modified_time\" content=\"2026-01-22T20:58:30+00:00\" \/>\n<meta property=\"og:image\" content=\"https:\/\/www.lovely-vip.com\/wp-content\/uploads\/2023\/12\/f3b806c0171438834c38ecf78eee2020.webp\" \/>\n\t<meta property=\"og:image:width\" content=\"1080\" \/>\n\t<meta property=\"og:image:height\" content=\"1080\" \/>\n\t<meta property=\"og:image:type\" content=\"image\/webp\" \/>\n<meta name=\"twitter:card\" content=\"summary_large_image\" \/>\n<script type=\"application\/ld+json\" class=\"yoast-schema-graph\">{\"@context\":\"https:\/\/schema.org\",\"@graph\":[{\"@type\":\"WebPage\",\"@id\":\"https:\/\/www.lovely-vip.com\/product\/remower-henny-i-farbki\/\",\"url\":\"https:\/\/www.lovely-vip.com\/product\/remower-henny-i-farbki\/\",\"name\":\"Remower henny i farbki ze sk\u00f3ry - Lovely Vip\",\"isPartOf\":{\"@id\":\"https:\/\/www.lovely-vip.com\/#website\"},\"primaryImageOfPage\":{\"@id\":\"https:\/\/www.lovely-vip.com\/product\/remower-henny-i-farbki\/#primaryimage\"},\"image\":{\"@id\":\"https:\/\/www.lovely-vip.com\/product\/remower-henny-i-farbki\/#primaryimage\"},\"thumbnailUrl\":\"https:\/\/www.lovely-vip.com\/wp-content\/uploads\/2023\/12\/f3b806c0171438834c38ecf78eee2020.webp\",\"datePublished\":\"2023-12-12T12:44:11+00:00\",\"dateModified\":\"2026-01-22T20:58:30+00:00\",\"breadcrumb\":{\"@id\":\"https:\/\/www.lovely-vip.com\/product\/remower-henny-i-farbki\/#breadcrumb\"},\"inLanguage\":\"en-US\",\"potentialAction\":[{\"@type\":\"ReadAction\",\"target\":[\"https:\/\/www.lovely-vip.com\/product\/remower-henny-i-farbki\/\"]}]},{\"@type\":\"ImageObject\",\"inLanguage\":\"en-US\",\"@id\":\"https:\/\/www.lovely-vip.com\/product\/remower-henny-i-farbki\/#primaryimage\",\"url\":\"https:\/\/www.lovely-vip.com\/wp-content\/uploads\/2023\/12\/f3b806c0171438834c38ecf78eee2020.webp\",\"contentUrl\":\"https:\/\/www.lovely-vip.com\/wp-content\/uploads\/2023\/12\/f3b806c0171438834c38ecf78eee2020.webp\",\"width\":1080,\"height\":1080},{\"@type\":\"BreadcrumbList\",\"@id\":\"https:\/\/www.lovely-vip.com\/product\/remower-henny-i-farbki\/#breadcrumb\",\"itemListElement\":[{\"@type\":\"ListItem\",\"position\":1,\"name\":\"Strona g\u0142\u00f3wna\",\"item\":\"https:\/\/www.lovely-vip.com\/\"},{\"@type\":\"ListItem\",\"position\":2,\"name\":\"Sklep dla stylistek rz\u0119s i brwi\",\"item\":\"https:\/\/www.lovely-vip.com\/shop\/\"},{\"@type\":\"ListItem\",\"position\":3,\"name\":\"Remower henny i farbki ze sk\u00f3ry\"}]},{\"@type\":\"WebSite\",\"@id\":\"https:\/\/www.lovely-vip.com\/#website\",\"url\":\"https:\/\/www.lovely-vip.com\/\",\"name\":\"Lovely Vip\",\"description\":\"Profesjonalne produkty do piel\u0119gnacji rz\u0119s i brwi\",\"potentialAction\":[{\"@type\":\"SearchAction\",\"target\":{\"@type\":\"EntryPoint\",\"urlTemplate\":\"https:\/\/www.lovely-vip.com\/?s={search_term_string}\"},\"query-input\":{\"@type\":\"PropertyValueSpecification\",\"valueRequired\":true,\"valueName\":\"search_term_string\"}}],\"inLanguage\":\"en-US\"}]}<\/script>\n<!-- \/ Yoast SEO plugin. -->","yoast_head_json":{"title":"Remower henny i farbki ze sk\u00f3ry - Lovely Vip","robots":{"index":"index","follow":"follow","max-snippet":"max-snippet:-1","max-image-preview":"max-image-preview:large","max-video-preview":"max-video-preview:-1"},"canonical":"https:\/\/www.lovely-vip.com\/en\/product\/remower-henny-i-farbki\/","og_locale":"en_US","og_type":"article","og_title":"Remower henny i farbki ze sk\u00f3ry - Lovely Vip","og_description":"Produkt przeznaczony jest do korygowania efektu farbowania i eliminowania b\u0142\u0119d\u00f3w, a tak\u017ce do usuwania nadmiaru henny i barwnika podczas koloryzacji brwi.  Spos\u00f3b u\u017cycia: Na\u0142\u00f3\u017c niewielk\u0105 ilo\u015b\u0107 na wacik lub patyczek kosmetyczny i dok\u0142adnie wytrzyj nadmiar barwnika. Po aplikacji sp\u0142uka\u0107 wod\u0105. Nie stosowa\u0107 na sk\u00f3r\u0119 bezpo\u015brednio wok\u00f3\u0142 oczu.  Warunki przechowywania: Przechowywa\u0107 w temperaturze od 5\u00b0C do 25\u00b0C, z dala od bezpo\u015bredniego \u015bwiat\u0142a s\u0142onecznego i grzejnik\u00f3w. Okres wa\u017cno\u015bci produktu: 36 miesi\u0119cy. Data wa\u017cno\u015bci po otwarciu: 9 miesi\u0119cy.","og_url":"https:\/\/www.lovely-vip.com\/en\/product\/remower-henny-i-farbki\/","og_site_name":"Lovely Vip","article_modified_time":"2026-01-22T20:58:30+00:00","og_image":[{"width":1080,"height":1080,"url":"https:\/\/www.lovely-vip.com\/wp-content\/uploads\/2023\/12\/f3b806c0171438834c38ecf78eee2020.webp","type":"image\/webp"}],"twitter_card":"summary_large_image","schema":{"@context":"https:\/\/schema.org","@graph":[{"@type":"WebPage","@id":"https:\/\/www.lovely-vip.com\/product\/remower-henny-i-farbki\/","url":"https:\/\/www.lovely-vip.com\/product\/remower-henny-i-farbki\/","name":"Remower henny i farbki ze sk\u00f3ry - Lovely Vip","isPartOf":{"@id":"https:\/\/www.lovely-vip.com\/#website"},"primaryImageOfPage":{"@id":"https:\/\/www.lovely-vip.com\/product\/remower-henny-i-farbki\/#primaryimage"},"image":{"@id":"https:\/\/www.lovely-vip.com\/product\/remower-henny-i-farbki\/#primaryimage"},"thumbnailUrl":"https:\/\/www.lovely-vip.com\/wp-content\/uploads\/2023\/12\/f3b806c0171438834c38ecf78eee2020.webp","datePublished":"2023-12-12T12:44:11+00:00","dateModified":"2026-01-22T20:58:30+00:00","breadcrumb":{"@id":"https:\/\/www.lovely-vip.com\/product\/remower-henny-i-farbki\/#breadcrumb"},"inLanguage":"en-US","potentialAction":[{"@type":"ReadAction","target":["https:\/\/www.lovely-vip.com\/product\/remower-henny-i-farbki\/"]}]},{"@type":"ImageObject","inLanguage":"en-US","@id":"https:\/\/www.lovely-vip.com\/product\/remower-henny-i-farbki\/#primaryimage","url":"https:\/\/www.lovely-vip.com\/wp-content\/uploads\/2023\/12\/f3b806c0171438834c38ecf78eee2020.webp","contentUrl":"https:\/\/www.lovely-vip.com\/wp-content\/uploads\/2023\/12\/f3b806c0171438834c38ecf78eee2020.webp","width":1080,"height":1080},{"@type":"BreadcrumbList","@id":"https:\/\/www.lovely-vip.com\/product\/remower-henny-i-farbki\/#breadcrumb","itemListElement":[{"@type":"ListItem","position":1,"name":"Strona g\u0142\u00f3wna","item":"https:\/\/www.lovely-vip.com\/"},{"@type":"ListItem","position":2,"name":"Sklep dla stylistek rz\u0119s i brwi","item":"https:\/\/www.lovely-vip.com\/shop\/"},{"@type":"ListItem","position":3,"name":"Remower henny i farbki ze sk\u00f3ry"}]},{"@type":"WebSite","@id":"https:\/\/www.lovely-vip.com\/#website","url":"https:\/\/www.lovely-vip.com\/","name":"Lovely Vip","description":"Professional eyelash and eyebrow care products","potentialAction":[{"@type":"SearchAction","target":{"@type":"EntryPoint","urlTemplate":"https:\/\/www.lovely-vip.com\/?s={search_term_string}"},"query-input":{"@type":"PropertyValueSpecification","valueRequired":true,"valueName":"search_term_string"}}],"inLanguage":"en-US"}]}},"_links":{"self":[{"href":"https:\/\/www.lovely-vip.com\/en\/wp-json\/wp\/v2\/product\/18166","targetHints":{"allow":["GET"]}}],"collection":[{"href":"https:\/\/www.lovely-vip.com\/en\/wp-json\/wp\/v2\/product"}],"about":[{"href":"https:\/\/www.lovely-vip.com\/en\/wp-json\/wp\/v2\/types\/product"}],"replies":[{"embeddable":true,"href":"https:\/\/www.lovely-vip.com\/en\/wp-json\/wp\/v2\/comments?post=18166"}],"wp:featuredmedia":[{"embeddable":true,"href":"https:\/\/www.lovely-vip.com\/en\/wp-json\/wp\/v2\/media\/18167"}],"wp:attachment":[{"href":"https:\/\/www.lovely-vip.com\/en\/wp-json\/wp\/v2\/media?parent=18166"}],"wp:term":[{"taxonomy":"product_brand","embeddable":true,"href":"https:\/\/www.lovely-vip.com\/en\/wp-json\/wp\/v2\/product_brand?post=18166"},{"taxonomy":"product_cat","embeddable":true,"href":"https:\/\/www.lovely-vip.com\/en\/wp-json\/wp\/v2\/product_cat?post=18166"},{"taxonomy":"product_tag","embeddable":true,"href":"https:\/\/www.lovely-vip.com\/en\/wp-json\/wp\/v2\/product_tag?post=18166"}],"curies":[{"name":"wp","href":"https:\/\/api.w.org\/{rel}","templated":true}]}}