{"id":18215,"date":"2023-12-13T18:53:49","date_gmt":"2023-12-13T17:53:49","guid":{"rendered":"https:\/\/www.lovely-vip.com\/?post_type=product&#038;p=18215"},"modified":"2026-03-02T11:53:41","modified_gmt":"2026-03-02T10:53:41","slug":"weglowy-puder-wybielajacy-do-brwi","status":"publish","type":"product","link":"https:\/\/www.lovely-vip.com\/en\/product\/weglowy-puder-wybielajacy-do-brwi\/","title":{"rendered":"Carbon brightening powder for eyebrows"},"content":{"rendered":"<p>Thanks to a nurturing liquidum complex, the powder gently interacts with eyebrow hairs. This ingredient also provides flexibility to the whitening mixture, ensuring easy application and comfort. Neutralizing carbon pigments minimize the risk of an undesirable yellowish tint.<\/p>\n<hr \/>\n<p><strong>Directions for use<\/strong><\/p>\n<p><strong>Light Brightening Technique:<\/strong> eyebrow hair lightening to 1-2 levels of color (without eyebrow coloring)<\/p>\n<ol>\n<li>Mix ELAN professional line charcoal eyebrow brightening powder with ELAN professional line 3% \u0422\u041c oxidizing emulsion in a ratio of 1:3 (one part powder and three parts oxidizing emulsion).<\/li>\n<li>In the first step of the treatment, apply the bleaching mixture to the hair.<\/li>\n<li>In the second step - spread the whitening mixture on the eyebrows with a makeup brush.<\/li>\n<li>Leave on for 1-3 minutes depending on the desired eyebrow shade and hair thickness.<\/li>\n<li>If the hair shade is desired, remove the bleaching mixture with a cotton swab moistened with water.<\/li>\n<li>Repeat the procedure to lighten the shade of the eyebrows.<\/li>\n<li>Apply the cleansing detoxifying foam ELAN professional line on the eyebrows to stop the chemical reaction.<\/li>\n<li>Then remove the foam with a cotton swab moistened with water.<\/li>\n<li>It is recommended to use \"COLOUR FIX\" as a maintenance treatment after the eyebrow lightening procedure.<\/li>\n<\/ol>\n<p>&nbsp;<\/p>\n<hr \/>\n<p><strong>INTENSIVE Technique:<\/strong> brightening of eyebrow hairs up to 3-5 levels of color<\/p>\n<ol>\n<li>Mix carbon whitening powder for eyebrows ELAN professional line with oxidizing emulsion 3% \u0422\u041c ELAN professional line in a ratio of 1:2 (one part powder and two parts oxidizing emulsion).<\/li>\n<li>In the first step of the treatment, apply the bleaching mixture to the hair.<\/li>\n<li>In the second step - spread the whitening mixture on the eyebrows with a makeup brush.<\/li>\n<li>Leave on for 5-15 minutes, depending on the desired shade of the eyebrows and the thickness of the hairs.<\/li>\n<li>If the hair shade is desired, remove the bleaching mixture with a cotton swab moistened with water.<\/li>\n<li>Repeat the procedure to lighten the shade of the eyebrows.<\/li>\n<li>Apply ELAN detoxifying cleansing foam to the eyebrows to stop the chemical reaction.<\/li>\n<li>Then remove the foam with a cotton swab moistened with water. It is recommended to use ELAN COLOUR FIX color fixing liquid with keratin and sunflower oil as a care treatment after the eyebrow lightening procedure.<\/li>\n<li>To increase the intensity of the color of the eyebrows after the bleaching procedure, use \"Gel eyebrow dye \"\u00c9LAN\" with oxidant\" 03 medium brown from \u0422\u041c ELAN professional line according to the instructions:<\/li>\n<\/ol>\n<ul>\n<li>Mix gel paint, oxidizer and argan oil cream by TM ELAN professional line in a ratio of 1:1:4 (one part gel paint, one part oxidizer and four parts argan oil cream).<\/li>\n<li>Apply the tinting mixture to the eyebrows and leave for 1-2 minutes.<\/li>\n<li>Then completely remove the tint with a cotton swab moistened with water.<\/li>\n<li>Use \"ELAN professional line COLOUR FIX: eyebrow and eyelash color fixing liquid with keratin and sunflower oil\" to stop the chemical reaction.<\/li>\n<\/ul>\n<div class=\"drugi-opis\">\n<p><strong>NOTE!<\/strong> It is not recommended to perform traditional eyebrow coloring after eyebrow bleaching treatment. If you use eyebrow dye and oxidant in a 1:1 ratio, the hairs on your eyebrows will turn black!<\/p>\n<hr \/>\n<p><strong>Chemical composition<\/strong><\/p>\n<p>AMMONIUM PERSULFATE, POTASSIUM PERSULFATE, HYDROXYPROPYL STARCH PHOSPHATE, SODIUM METASILICATE, SODIUM PERSULFATE, MAGNESIUM STEARATE, MAGNESIUM CARBONATE, CALCIUM CARBOXYMETHYL HEXAMETAPHOSPHATE, EDTA, XANTHAN GUM CELLULOSE, PARAFFINUM LIQUIDUM, SODIUM LAURETH SULFATE, SILICA, SODIUM , CARBOMER, CI 77266<\/p>\n<p><em>Manufactured in Turkey<\/em><\/p>\n<\/div>","protected":false},"excerpt":{"rendered":"<p>The charcoal powder is specially formulated to whiten the natural pigment of eyebrow hairs. The product's unique formula provides reliable hair protection during the procedure and reduces the likelihood of unwanted yellowish tones on bleached hairs.<\/p>\n<p><strong>Capacity:<\/strong>\u00a010 g<\/p>\n<p><strong>Validity period:<\/strong>\u00a030 months from date of manufacture (see packaging)<\/p>","protected":false},"featured_media":18216,"comment_status":"open","ping_status":"closed","template":"","meta":[],"product_brand":[],"product_cat":[85,235,238,237,69,70,279],"product_tag":[],"class_list":{"0":"post-18215","1":"product","2":"type-product","3":"status-publish","4":"has-post-thumbnail","6":"product_cat-brwi","7":"product_cat-elan","8":"product_cat-farbka-do-brwi","9":"product_cat-henna","10":"product_cat-nowosci","11":"product_cat-promocja","12":"product_cat-rozjasniaczy-brwi","14":"first","15":"outofstock","16":"sale","17":"shipping-taxable","18":"purchasable","19":"product-type-simple"},"yoast_head":"<!-- This site is optimized with the Yoast SEO plugin v25.4 - https:\/\/yoast.com\/wordpress\/plugins\/seo\/ -->\n<title>W\u0119glowy puder rozja\u015bniaj\u0105cy do brwi - Lovely Vip<\/title>\n<meta name=\"robots\" content=\"index, follow, max-snippet:-1, max-image-preview:large, max-video-preview:-1\" \/>\n<link rel=\"canonical\" href=\"https:\/\/www.lovely-vip.com\/en\/product\/weglowy-puder-wybielajacy-do-brwi\/\" \/>\n<meta property=\"og:locale\" content=\"en_US\" \/>\n<meta property=\"og:type\" content=\"article\" \/>\n<meta property=\"og:title\" content=\"W\u0119glowy puder rozja\u015bniaj\u0105cy do brwi - Lovely Vip\" \/>\n<meta property=\"og:description\" content=\"Puder w\u0119glowy zosta\u0142 specjalnie opracowany do wybielania naturalnego pigmentu w\u0142osk\u00f3w brwi. Unikalna formu\u0142a produktu zapewnia niezawodn\u0105 ochron\u0119 w\u0142osk\u00f3w podczas zabiegu i zmniejsza prawdopodobie\u0144stwo niepo\u017c\u0105danych \u017c\u00f3\u0142tawych odcieni na wybielonych w\u0142oskach.  Pojemno\u015b\u0107:\u00a010 g  Okres wa\u017cno\u015bci:\u00a030 miesi\u0119cy od daty produkcji (patrz opakowanie)\" \/>\n<meta property=\"og:url\" content=\"https:\/\/www.lovely-vip.com\/en\/product\/weglowy-puder-wybielajacy-do-brwi\/\" \/>\n<meta property=\"og:site_name\" content=\"Lovely Vip\" \/>\n<meta property=\"article:modified_time\" content=\"2026-03-02T10:53:41+00:00\" \/>\n<meta property=\"og:image\" content=\"https:\/\/www.lovely-vip.com\/wp-content\/uploads\/2023\/12\/7-Carbon-Eyebrow-Bleaching-Powder.png\" \/>\n\t<meta property=\"og:image:width\" content=\"500\" \/>\n\t<meta property=\"og:image:height\" content=\"500\" \/>\n\t<meta property=\"og:image:type\" content=\"image\/png\" \/>\n<meta name=\"twitter:card\" content=\"summary_large_image\" \/>\n<meta name=\"twitter:label1\" content=\"Est. reading time\" \/>\n\t<meta name=\"twitter:data1\" content=\"3 minutes\" \/>\n<script type=\"application\/ld+json\" class=\"yoast-schema-graph\">{\"@context\":\"https:\/\/schema.org\",\"@graph\":[{\"@type\":\"WebPage\",\"@id\":\"https:\/\/www.lovely-vip.com\/product\/weglowy-puder-wybielajacy-do-brwi\/\",\"url\":\"https:\/\/www.lovely-vip.com\/product\/weglowy-puder-wybielajacy-do-brwi\/\",\"name\":\"W\u0119glowy puder rozja\u015bniaj\u0105cy do brwi - Lovely Vip\",\"isPartOf\":{\"@id\":\"https:\/\/www.lovely-vip.com\/#website\"},\"primaryImageOfPage\":{\"@id\":\"https:\/\/www.lovely-vip.com\/product\/weglowy-puder-wybielajacy-do-brwi\/#primaryimage\"},\"image\":{\"@id\":\"https:\/\/www.lovely-vip.com\/product\/weglowy-puder-wybielajacy-do-brwi\/#primaryimage\"},\"thumbnailUrl\":\"https:\/\/www.lovely-vip.com\/wp-content\/uploads\/2023\/12\/7-Carbon-Eyebrow-Bleaching-Powder.png\",\"datePublished\":\"2023-12-13T17:53:49+00:00\",\"dateModified\":\"2026-03-02T10:53:41+00:00\",\"breadcrumb\":{\"@id\":\"https:\/\/www.lovely-vip.com\/product\/weglowy-puder-wybielajacy-do-brwi\/#breadcrumb\"},\"inLanguage\":\"en-US\",\"potentialAction\":[{\"@type\":\"ReadAction\",\"target\":[\"https:\/\/www.lovely-vip.com\/product\/weglowy-puder-wybielajacy-do-brwi\/\"]}]},{\"@type\":\"ImageObject\",\"inLanguage\":\"en-US\",\"@id\":\"https:\/\/www.lovely-vip.com\/product\/weglowy-puder-wybielajacy-do-brwi\/#primaryimage\",\"url\":\"https:\/\/www.lovely-vip.com\/wp-content\/uploads\/2023\/12\/7-Carbon-Eyebrow-Bleaching-Powder.png\",\"contentUrl\":\"https:\/\/www.lovely-vip.com\/wp-content\/uploads\/2023\/12\/7-Carbon-Eyebrow-Bleaching-Powder.png\",\"width\":500,\"height\":500},{\"@type\":\"BreadcrumbList\",\"@id\":\"https:\/\/www.lovely-vip.com\/product\/weglowy-puder-wybielajacy-do-brwi\/#breadcrumb\",\"itemListElement\":[{\"@type\":\"ListItem\",\"position\":1,\"name\":\"Strona g\u0142\u00f3wna\",\"item\":\"https:\/\/www.lovely-vip.com\/\"},{\"@type\":\"ListItem\",\"position\":2,\"name\":\"Sklep dla stylistek rz\u0119s i brwi\",\"item\":\"https:\/\/www.lovely-vip.com\/shop\/\"},{\"@type\":\"ListItem\",\"position\":3,\"name\":\"W\u0119glowy puder rozja\u015bniaj\u0105cy do brwi\"}]},{\"@type\":\"WebSite\",\"@id\":\"https:\/\/www.lovely-vip.com\/#website\",\"url\":\"https:\/\/www.lovely-vip.com\/\",\"name\":\"Lovely Vip\",\"description\":\"Profesjonalne produkty do piel\u0119gnacji rz\u0119s i brwi\",\"potentialAction\":[{\"@type\":\"SearchAction\",\"target\":{\"@type\":\"EntryPoint\",\"urlTemplate\":\"https:\/\/www.lovely-vip.com\/?s={search_term_string}\"},\"query-input\":{\"@type\":\"PropertyValueSpecification\",\"valueRequired\":true,\"valueName\":\"search_term_string\"}}],\"inLanguage\":\"en-US\"}]}<\/script>\n<!-- \/ Yoast SEO plugin. -->","yoast_head_json":{"title":"W\u0119glowy puder rozja\u015bniaj\u0105cy do brwi - Lovely Vip","robots":{"index":"index","follow":"follow","max-snippet":"max-snippet:-1","max-image-preview":"max-image-preview:large","max-video-preview":"max-video-preview:-1"},"canonical":"https:\/\/www.lovely-vip.com\/en\/product\/weglowy-puder-wybielajacy-do-brwi\/","og_locale":"en_US","og_type":"article","og_title":"W\u0119glowy puder rozja\u015bniaj\u0105cy do brwi - Lovely Vip","og_description":"Puder w\u0119glowy zosta\u0142 specjalnie opracowany do wybielania naturalnego pigmentu w\u0142osk\u00f3w brwi. Unikalna formu\u0142a produktu zapewnia niezawodn\u0105 ochron\u0119 w\u0142osk\u00f3w podczas zabiegu i zmniejsza prawdopodobie\u0144stwo niepo\u017c\u0105danych \u017c\u00f3\u0142tawych odcieni na wybielonych w\u0142oskach.  Pojemno\u015b\u0107:\u00a010 g  Okres wa\u017cno\u015bci:\u00a030 miesi\u0119cy od daty produkcji (patrz opakowanie)","og_url":"https:\/\/www.lovely-vip.com\/en\/product\/weglowy-puder-wybielajacy-do-brwi\/","og_site_name":"Lovely Vip","article_modified_time":"2026-03-02T10:53:41+00:00","og_image":[{"width":500,"height":500,"url":"https:\/\/www.lovely-vip.com\/wp-content\/uploads\/2023\/12\/7-Carbon-Eyebrow-Bleaching-Powder.png","type":"image\/png"}],"twitter_card":"summary_large_image","twitter_misc":{"Est. reading time":"3 minutes"},"schema":{"@context":"https:\/\/schema.org","@graph":[{"@type":"WebPage","@id":"https:\/\/www.lovely-vip.com\/product\/weglowy-puder-wybielajacy-do-brwi\/","url":"https:\/\/www.lovely-vip.com\/product\/weglowy-puder-wybielajacy-do-brwi\/","name":"W\u0119glowy puder rozja\u015bniaj\u0105cy do brwi - Lovely Vip","isPartOf":{"@id":"https:\/\/www.lovely-vip.com\/#website"},"primaryImageOfPage":{"@id":"https:\/\/www.lovely-vip.com\/product\/weglowy-puder-wybielajacy-do-brwi\/#primaryimage"},"image":{"@id":"https:\/\/www.lovely-vip.com\/product\/weglowy-puder-wybielajacy-do-brwi\/#primaryimage"},"thumbnailUrl":"https:\/\/www.lovely-vip.com\/wp-content\/uploads\/2023\/12\/7-Carbon-Eyebrow-Bleaching-Powder.png","datePublished":"2023-12-13T17:53:49+00:00","dateModified":"2026-03-02T10:53:41+00:00","breadcrumb":{"@id":"https:\/\/www.lovely-vip.com\/product\/weglowy-puder-wybielajacy-do-brwi\/#breadcrumb"},"inLanguage":"en-US","potentialAction":[{"@type":"ReadAction","target":["https:\/\/www.lovely-vip.com\/product\/weglowy-puder-wybielajacy-do-brwi\/"]}]},{"@type":"ImageObject","inLanguage":"en-US","@id":"https:\/\/www.lovely-vip.com\/product\/weglowy-puder-wybielajacy-do-brwi\/#primaryimage","url":"https:\/\/www.lovely-vip.com\/wp-content\/uploads\/2023\/12\/7-Carbon-Eyebrow-Bleaching-Powder.png","contentUrl":"https:\/\/www.lovely-vip.com\/wp-content\/uploads\/2023\/12\/7-Carbon-Eyebrow-Bleaching-Powder.png","width":500,"height":500},{"@type":"BreadcrumbList","@id":"https:\/\/www.lovely-vip.com\/product\/weglowy-puder-wybielajacy-do-brwi\/#breadcrumb","itemListElement":[{"@type":"ListItem","position":1,"name":"Strona g\u0142\u00f3wna","item":"https:\/\/www.lovely-vip.com\/"},{"@type":"ListItem","position":2,"name":"Sklep dla stylistek rz\u0119s i brwi","item":"https:\/\/www.lovely-vip.com\/shop\/"},{"@type":"ListItem","position":3,"name":"W\u0119glowy puder rozja\u015bniaj\u0105cy do brwi"}]},{"@type":"WebSite","@id":"https:\/\/www.lovely-vip.com\/#website","url":"https:\/\/www.lovely-vip.com\/","name":"Lovely Vip","description":"Professional eyelash and eyebrow care products","potentialAction":[{"@type":"SearchAction","target":{"@type":"EntryPoint","urlTemplate":"https:\/\/www.lovely-vip.com\/?s={search_term_string}"},"query-input":{"@type":"PropertyValueSpecification","valueRequired":true,"valueName":"search_term_string"}}],"inLanguage":"en-US"}]}},"_links":{"self":[{"href":"https:\/\/www.lovely-vip.com\/en\/wp-json\/wp\/v2\/product\/18215","targetHints":{"allow":["GET"]}}],"collection":[{"href":"https:\/\/www.lovely-vip.com\/en\/wp-json\/wp\/v2\/product"}],"about":[{"href":"https:\/\/www.lovely-vip.com\/en\/wp-json\/wp\/v2\/types\/product"}],"replies":[{"embeddable":true,"href":"https:\/\/www.lovely-vip.com\/en\/wp-json\/wp\/v2\/comments?post=18215"}],"wp:featuredmedia":[{"embeddable":true,"href":"https:\/\/www.lovely-vip.com\/en\/wp-json\/wp\/v2\/media\/18216"}],"wp:attachment":[{"href":"https:\/\/www.lovely-vip.com\/en\/wp-json\/wp\/v2\/media?parent=18215"}],"wp:term":[{"taxonomy":"product_brand","embeddable":true,"href":"https:\/\/www.lovely-vip.com\/en\/wp-json\/wp\/v2\/product_brand?post=18215"},{"taxonomy":"product_cat","embeddable":true,"href":"https:\/\/www.lovely-vip.com\/en\/wp-json\/wp\/v2\/product_cat?post=18215"},{"taxonomy":"product_tag","embeddable":true,"href":"https:\/\/www.lovely-vip.com\/en\/wp-json\/wp\/v2\/product_tag?post=18215"}],"curies":[{"name":"wp","href":"https:\/\/api.w.org\/{rel}","templated":true}]}}