{"id":18709,"date":"2023-12-27T15:57:37","date_gmt":"2023-12-27T14:57:37","guid":{"rendered":"https:\/\/www.lovely-vip.com\/?post_type=product&#038;p=18709"},"modified":"2026-05-07T09:02:56","modified_gmt":"2026-05-07T07:02:56","slug":"primer-ph-85-bez-aromatu-15-ml","status":"publish","type":"product","link":"https:\/\/www.lovely-vip.com\/en\/product\/primer-ph-85-bez-aromatu-15-ml\/","title":{"rendered":"Primer pH 8.5 without aroma, 15 ml"},"content":{"rendered":"","protected":false},"excerpt":{"rendered":"<p>Primer serves as the second stage of lash cleansing after degreasing. An indispensable product that improves the better bond between artificial and natural lashes. Contains ingredients that envelop the natural lash creating a transparent layer for added protection.<\/p>\n<p>How to use: For improved lash longevity for 1-2 weeks, after using the cleanser, apply a small amount of product to the microbrush and wipe lashes.<\/p>\n<p>Storage conditions: Store in a cool and dark place at 5\u00b0C to 25\u00b0C. Protect from sunlight and heat sources, in a dry place. Do not keep the package open.<\/p>\n<p>Shelf life of the product: 24 months.<br \/>\nExpiration date after opening: 6 months.<\/p>","protected":false},"featured_media":26059,"comment_status":"open","ping_status":"closed","template":"","meta":[],"product_brand":[],"product_cat":[293,72,74],"product_tag":[],"class_list":{"0":"post-18709","1":"product","2":"type-product","3":"status-publish","4":"has-post-thumbnail","6":"product_cat-lovely","7":"product_cat-preparaty-do-rzes","8":"product_cat-primery-przyspieszacze","10":"first","11":"instock","12":"shipping-taxable","13":"purchasable","14":"product-type-simple"},"yoast_head":"<!-- This site is optimized with the Yoast SEO plugin v25.4 - https:\/\/yoast.com\/wordpress\/plugins\/seo\/ -->\n<title>Primer pH 8,5 bez aromatu, 15 ml - Lovely Vip<\/title>\n<meta name=\"robots\" content=\"index, follow, max-snippet:-1, max-image-preview:large, max-video-preview:-1\" \/>\n<link rel=\"canonical\" href=\"https:\/\/www.lovely-vip.com\/en\/product\/primer-ph-85-bez-aromatu-15-ml\/\" \/>\n<meta property=\"og:locale\" content=\"en_US\" \/>\n<meta property=\"og:type\" content=\"article\" \/>\n<meta property=\"og:title\" content=\"Primer pH 8,5 bez aromatu, 15 ml - Lovely Vip\" \/>\n<meta property=\"og:description\" content=\"Primer s\u0142u\u017cy jako drugi etap oczyszczania rz\u0119s po odt\u0142uszczeniu. Niezb\u0119dny preparat poprawiaj\u0105cy lepsze po\u0142\u0105czenie rz\u0119s sztucznych z naturalnymi. Zawiera sk\u0142adniki otulaj\u0105ce naturaln\u0105 rz\u0119s\u0119 tworz\u0105c przezroczyst\u0105 warstw\u0119 dla dodatkowej ochrony.  Spos\u00f3b u\u017cycia: Dla poprawy trwa\u0142o\u015bci rz\u0119s na 1-2 tygodnie, po zastosowaniu cleanera na\u0142\u00f3\u017c niewielk\u0105 ilo\u015b\u0107 produktu na microbrush i przetrzyj rz\u0119sy.  Warunki przechowywania: Przechowywa\u0107 w ch\u0142odnym i ciemnym miejscu w temperaturze od 5\u00b0C do 25\u00b0C. Chroni\u0107 przed promieniami s\u0142onecznymi i \u017ar\u00f3d\u0142ami ciep\u0142a, w suchym miejscu. Nie nale\u017cy trzyma\u0107 opakowania otwartym.  Okres wa\u017cno\u015bci produktu: 24 miesi\u0105ce. Data wa\u017cno\u015bci po otwarciu: 6 miesi\u0119cy.\" \/>\n<meta property=\"og:url\" content=\"https:\/\/www.lovely-vip.com\/en\/product\/primer-ph-85-bez-aromatu-15-ml\/\" \/>\n<meta property=\"og:site_name\" content=\"Lovely Vip\" \/>\n<meta property=\"article:modified_time\" content=\"2026-05-07T07:02:56+00:00\" \/>\n<meta property=\"og:image\" content=\"https:\/\/www.lovely-vip.com\/wp-content\/uploads\/2023\/12\/3b8bcf91ba89f8d17f9c9bbf1ba06baf.png\" \/>\n\t<meta property=\"og:image:width\" content=\"1080\" \/>\n\t<meta property=\"og:image:height\" content=\"1080\" \/>\n\t<meta property=\"og:image:type\" content=\"image\/png\" \/>\n<meta name=\"twitter:card\" content=\"summary_large_image\" \/>\n<meta name=\"twitter:label1\" content=\"Est. reading time\" \/>\n\t<meta name=\"twitter:data1\" content=\"1 minute\" \/>\n<script type=\"application\/ld+json\" class=\"yoast-schema-graph\">{\"@context\":\"https:\/\/schema.org\",\"@graph\":[{\"@type\":\"WebPage\",\"@id\":\"https:\/\/www.lovely-vip.com\/product\/primer-ph-85-bez-aromatu-15-ml\/\",\"url\":\"https:\/\/www.lovely-vip.com\/product\/primer-ph-85-bez-aromatu-15-ml\/\",\"name\":\"Primer pH 8,5 bez aromatu, 15 ml - Lovely Vip\",\"isPartOf\":{\"@id\":\"https:\/\/www.lovely-vip.com\/#website\"},\"primaryImageOfPage\":{\"@id\":\"https:\/\/www.lovely-vip.com\/product\/primer-ph-85-bez-aromatu-15-ml\/#primaryimage\"},\"image\":{\"@id\":\"https:\/\/www.lovely-vip.com\/product\/primer-ph-85-bez-aromatu-15-ml\/#primaryimage\"},\"thumbnailUrl\":\"https:\/\/www.lovely-vip.com\/wp-content\/uploads\/2023\/12\/3b8bcf91ba89f8d17f9c9bbf1ba06baf.png\",\"datePublished\":\"2023-12-27T14:57:37+00:00\",\"dateModified\":\"2026-05-07T07:02:56+00:00\",\"breadcrumb\":{\"@id\":\"https:\/\/www.lovely-vip.com\/product\/primer-ph-85-bez-aromatu-15-ml\/#breadcrumb\"},\"inLanguage\":\"en-US\",\"potentialAction\":[{\"@type\":\"ReadAction\",\"target\":[\"https:\/\/www.lovely-vip.com\/product\/primer-ph-85-bez-aromatu-15-ml\/\"]}]},{\"@type\":\"ImageObject\",\"inLanguage\":\"en-US\",\"@id\":\"https:\/\/www.lovely-vip.com\/product\/primer-ph-85-bez-aromatu-15-ml\/#primaryimage\",\"url\":\"https:\/\/www.lovely-vip.com\/wp-content\/uploads\/2023\/12\/3b8bcf91ba89f8d17f9c9bbf1ba06baf.png\",\"contentUrl\":\"https:\/\/www.lovely-vip.com\/wp-content\/uploads\/2023\/12\/3b8bcf91ba89f8d17f9c9bbf1ba06baf.png\",\"width\":1080,\"height\":1080},{\"@type\":\"BreadcrumbList\",\"@id\":\"https:\/\/www.lovely-vip.com\/product\/primer-ph-85-bez-aromatu-15-ml\/#breadcrumb\",\"itemListElement\":[{\"@type\":\"ListItem\",\"position\":1,\"name\":\"Strona g\u0142\u00f3wna\",\"item\":\"https:\/\/www.lovely-vip.com\/\"},{\"@type\":\"ListItem\",\"position\":2,\"name\":\"Sklep dla stylistek rz\u0119s i brwi\",\"item\":\"https:\/\/www.lovely-vip.com\/shop\/\"},{\"@type\":\"ListItem\",\"position\":3,\"name\":\"Primer pH 8,5 bez aromatu, 15 ml\"}]},{\"@type\":\"WebSite\",\"@id\":\"https:\/\/www.lovely-vip.com\/#website\",\"url\":\"https:\/\/www.lovely-vip.com\/\",\"name\":\"Lovely Vip\",\"description\":\"Profesjonalne produkty do piel\u0119gnacji rz\u0119s i brwi\",\"potentialAction\":[{\"@type\":\"SearchAction\",\"target\":{\"@type\":\"EntryPoint\",\"urlTemplate\":\"https:\/\/www.lovely-vip.com\/?s={search_term_string}\"},\"query-input\":{\"@type\":\"PropertyValueSpecification\",\"valueRequired\":true,\"valueName\":\"search_term_string\"}}],\"inLanguage\":\"en-US\"}]}<\/script>\n<!-- \/ Yoast SEO plugin. -->","yoast_head_json":{"title":"Primer pH 8,5 bez aromatu, 15 ml - Lovely Vip","robots":{"index":"index","follow":"follow","max-snippet":"max-snippet:-1","max-image-preview":"max-image-preview:large","max-video-preview":"max-video-preview:-1"},"canonical":"https:\/\/www.lovely-vip.com\/en\/product\/primer-ph-85-bez-aromatu-15-ml\/","og_locale":"en_US","og_type":"article","og_title":"Primer pH 8,5 bez aromatu, 15 ml - Lovely Vip","og_description":"Primer s\u0142u\u017cy jako drugi etap oczyszczania rz\u0119s po odt\u0142uszczeniu. Niezb\u0119dny preparat poprawiaj\u0105cy lepsze po\u0142\u0105czenie rz\u0119s sztucznych z naturalnymi. Zawiera sk\u0142adniki otulaj\u0105ce naturaln\u0105 rz\u0119s\u0119 tworz\u0105c przezroczyst\u0105 warstw\u0119 dla dodatkowej ochrony.  Spos\u00f3b u\u017cycia: Dla poprawy trwa\u0142o\u015bci rz\u0119s na 1-2 tygodnie, po zastosowaniu cleanera na\u0142\u00f3\u017c niewielk\u0105 ilo\u015b\u0107 produktu na microbrush i przetrzyj rz\u0119sy.  Warunki przechowywania: Przechowywa\u0107 w ch\u0142odnym i ciemnym miejscu w temperaturze od 5\u00b0C do 25\u00b0C. Chroni\u0107 przed promieniami s\u0142onecznymi i \u017ar\u00f3d\u0142ami ciep\u0142a, w suchym miejscu. Nie nale\u017cy trzyma\u0107 opakowania otwartym.  Okres wa\u017cno\u015bci produktu: 24 miesi\u0105ce. Data wa\u017cno\u015bci po otwarciu: 6 miesi\u0119cy.","og_url":"https:\/\/www.lovely-vip.com\/en\/product\/primer-ph-85-bez-aromatu-15-ml\/","og_site_name":"Lovely Vip","article_modified_time":"2026-05-07T07:02:56+00:00","og_image":[{"width":1080,"height":1080,"url":"https:\/\/www.lovely-vip.com\/wp-content\/uploads\/2023\/12\/3b8bcf91ba89f8d17f9c9bbf1ba06baf.png","type":"image\/png"}],"twitter_card":"summary_large_image","twitter_misc":{"Est. reading time":"1 minute"},"schema":{"@context":"https:\/\/schema.org","@graph":[{"@type":"WebPage","@id":"https:\/\/www.lovely-vip.com\/product\/primer-ph-85-bez-aromatu-15-ml\/","url":"https:\/\/www.lovely-vip.com\/product\/primer-ph-85-bez-aromatu-15-ml\/","name":"Primer pH 8,5 bez aromatu, 15 ml - Lovely Vip","isPartOf":{"@id":"https:\/\/www.lovely-vip.com\/#website"},"primaryImageOfPage":{"@id":"https:\/\/www.lovely-vip.com\/product\/primer-ph-85-bez-aromatu-15-ml\/#primaryimage"},"image":{"@id":"https:\/\/www.lovely-vip.com\/product\/primer-ph-85-bez-aromatu-15-ml\/#primaryimage"},"thumbnailUrl":"https:\/\/www.lovely-vip.com\/wp-content\/uploads\/2023\/12\/3b8bcf91ba89f8d17f9c9bbf1ba06baf.png","datePublished":"2023-12-27T14:57:37+00:00","dateModified":"2026-05-07T07:02:56+00:00","breadcrumb":{"@id":"https:\/\/www.lovely-vip.com\/product\/primer-ph-85-bez-aromatu-15-ml\/#breadcrumb"},"inLanguage":"en-US","potentialAction":[{"@type":"ReadAction","target":["https:\/\/www.lovely-vip.com\/product\/primer-ph-85-bez-aromatu-15-ml\/"]}]},{"@type":"ImageObject","inLanguage":"en-US","@id":"https:\/\/www.lovely-vip.com\/product\/primer-ph-85-bez-aromatu-15-ml\/#primaryimage","url":"https:\/\/www.lovely-vip.com\/wp-content\/uploads\/2023\/12\/3b8bcf91ba89f8d17f9c9bbf1ba06baf.png","contentUrl":"https:\/\/www.lovely-vip.com\/wp-content\/uploads\/2023\/12\/3b8bcf91ba89f8d17f9c9bbf1ba06baf.png","width":1080,"height":1080},{"@type":"BreadcrumbList","@id":"https:\/\/www.lovely-vip.com\/product\/primer-ph-85-bez-aromatu-15-ml\/#breadcrumb","itemListElement":[{"@type":"ListItem","position":1,"name":"Strona g\u0142\u00f3wna","item":"https:\/\/www.lovely-vip.com\/"},{"@type":"ListItem","position":2,"name":"Sklep dla stylistek rz\u0119s i brwi","item":"https:\/\/www.lovely-vip.com\/shop\/"},{"@type":"ListItem","position":3,"name":"Primer pH 8,5 bez aromatu, 15 ml"}]},{"@type":"WebSite","@id":"https:\/\/www.lovely-vip.com\/#website","url":"https:\/\/www.lovely-vip.com\/","name":"Lovely Vip","description":"Professional eyelash and eyebrow care products","potentialAction":[{"@type":"SearchAction","target":{"@type":"EntryPoint","urlTemplate":"https:\/\/www.lovely-vip.com\/?s={search_term_string}"},"query-input":{"@type":"PropertyValueSpecification","valueRequired":true,"valueName":"search_term_string"}}],"inLanguage":"en-US"}]}},"_links":{"self":[{"href":"https:\/\/www.lovely-vip.com\/en\/wp-json\/wp\/v2\/product\/18709","targetHints":{"allow":["GET"]}}],"collection":[{"href":"https:\/\/www.lovely-vip.com\/en\/wp-json\/wp\/v2\/product"}],"about":[{"href":"https:\/\/www.lovely-vip.com\/en\/wp-json\/wp\/v2\/types\/product"}],"replies":[{"embeddable":true,"href":"https:\/\/www.lovely-vip.com\/en\/wp-json\/wp\/v2\/comments?post=18709"}],"wp:featuredmedia":[{"embeddable":true,"href":"https:\/\/www.lovely-vip.com\/en\/wp-json\/wp\/v2\/media\/26059"}],"wp:attachment":[{"href":"https:\/\/www.lovely-vip.com\/en\/wp-json\/wp\/v2\/media?parent=18709"}],"wp:term":[{"taxonomy":"product_brand","embeddable":true,"href":"https:\/\/www.lovely-vip.com\/en\/wp-json\/wp\/v2\/product_brand?post=18709"},{"taxonomy":"product_cat","embeddable":true,"href":"https:\/\/www.lovely-vip.com\/en\/wp-json\/wp\/v2\/product_cat?post=18709"},{"taxonomy":"product_tag","embeddable":true,"href":"https:\/\/www.lovely-vip.com\/en\/wp-json\/wp\/v2\/product_tag?post=18709"}],"curies":[{"name":"wp","href":"https:\/\/api.w.org\/{rel}","templated":true}]}}