{"id":19353,"date":"2024-02-02T10:34:38","date_gmt":"2024-02-02T09:34:38","guid":{"rendered":"https:\/\/www.lovely-vip.com\/?post_type=product&#038;p=19353"},"modified":"2024-03-24T17:24:17","modified_gmt":"2024-03-24T16:24:17","slug":"grzebyk-do-liftingu-metalowy","status":"publish","type":"product","link":"https:\/\/www.lovely-vip.com\/en\/product\/grzebyk-do-liftingu-metalowy\/","title":{"rendered":"Metal lifting comb"},"content":{"rendered":"<p>The metal lifting comb is extremely durable, providing efficiency and precision, long-lasting and economical. Made of strong material, it is resistant to damage and deformation<\/p>","protected":false},"excerpt":{"rendered":"<p>The metal lifting comb is extremely durable, providing efficiency and precision, long-lasting and economical. Made of strong material, it is resistant to damage and deformation<\/p>","protected":false},"featured_media":19356,"comment_status":"open","ping_status":"closed","template":"","meta":[],"product_brand":[],"product_cat":[87,83],"product_tag":[],"class_list":{"0":"post-19353","1":"product","2":"type-product","3":"status-publish","4":"has-post-thumbnail","6":"product_cat-akcesoria","7":"product_cat-lifting-laminacja","9":"first","10":"outofstock","11":"shipping-taxable","12":"purchasable","13":"product-type-simple"},"yoast_head":"<!-- This site is optimized with the Yoast SEO plugin v25.4 - https:\/\/yoast.com\/wordpress\/plugins\/seo\/ -->\n<title>Grzebyk do liftingu metalowy - Lovely Vip<\/title>\n<meta name=\"robots\" content=\"index, follow, max-snippet:-1, max-image-preview:large, max-video-preview:-1\" \/>\n<link rel=\"canonical\" href=\"https:\/\/www.lovely-vip.com\/en\/product\/grzebyk-do-liftingu-metalowy\/\" \/>\n<meta property=\"og:locale\" content=\"en_US\" \/>\n<meta property=\"og:type\" content=\"article\" \/>\n<meta property=\"og:title\" content=\"Grzebyk do liftingu metalowy - Lovely Vip\" \/>\n<meta property=\"og:description\" content=\"Metalowy grzebyk do liftingu jest wyj\u0105tkowo trwa\u0142y, zapewnia skuteczno\u015b\u0107 i precyzj\u0119, d\u0142ugotrwa\u0142o\u015b\u0107 i ekonomiczno\u015b\u0107. Wykonany z mocnego materia\u0142u, jest odporny na uszkodzenia i odkszta\u0142cenia\" \/>\n<meta property=\"og:url\" content=\"https:\/\/www.lovely-vip.com\/en\/product\/grzebyk-do-liftingu-metalowy\/\" \/>\n<meta property=\"og:site_name\" content=\"Lovely Vip\" \/>\n<meta property=\"article:modified_time\" content=\"2024-03-24T16:24:17+00:00\" \/>\n<meta property=\"og:image\" content=\"https:\/\/www.lovely-vip.com\/wp-content\/uploads\/2024\/02\/IMG_7263.jpeg\" \/>\n\t<meta property=\"og:image:width\" content=\"1284\" \/>\n\t<meta property=\"og:image:height\" content=\"1271\" \/>\n\t<meta property=\"og:image:type\" content=\"image\/jpeg\" \/>\n<meta name=\"twitter:card\" content=\"summary_large_image\" \/>\n<meta name=\"twitter:label1\" content=\"Est. reading time\" \/>\n\t<meta name=\"twitter:data1\" content=\"1 minute\" \/>\n<script type=\"application\/ld+json\" class=\"yoast-schema-graph\">{\"@context\":\"https:\/\/schema.org\",\"@graph\":[{\"@type\":\"WebPage\",\"@id\":\"https:\/\/www.lovely-vip.com\/product\/grzebyk-do-liftingu-metalowy\/\",\"url\":\"https:\/\/www.lovely-vip.com\/product\/grzebyk-do-liftingu-metalowy\/\",\"name\":\"Grzebyk do liftingu metalowy - Lovely Vip\",\"isPartOf\":{\"@id\":\"https:\/\/www.lovely-vip.com\/#website\"},\"primaryImageOfPage\":{\"@id\":\"https:\/\/www.lovely-vip.com\/product\/grzebyk-do-liftingu-metalowy\/#primaryimage\"},\"image\":{\"@id\":\"https:\/\/www.lovely-vip.com\/product\/grzebyk-do-liftingu-metalowy\/#primaryimage\"},\"thumbnailUrl\":\"https:\/\/www.lovely-vip.com\/wp-content\/uploads\/2024\/02\/IMG_7263.jpeg\",\"datePublished\":\"2024-02-02T09:34:38+00:00\",\"dateModified\":\"2024-03-24T16:24:17+00:00\",\"breadcrumb\":{\"@id\":\"https:\/\/www.lovely-vip.com\/product\/grzebyk-do-liftingu-metalowy\/#breadcrumb\"},\"inLanguage\":\"en-US\",\"potentialAction\":[{\"@type\":\"ReadAction\",\"target\":[\"https:\/\/www.lovely-vip.com\/product\/grzebyk-do-liftingu-metalowy\/\"]}]},{\"@type\":\"ImageObject\",\"inLanguage\":\"en-US\",\"@id\":\"https:\/\/www.lovely-vip.com\/product\/grzebyk-do-liftingu-metalowy\/#primaryimage\",\"url\":\"https:\/\/www.lovely-vip.com\/wp-content\/uploads\/2024\/02\/IMG_7263.jpeg\",\"contentUrl\":\"https:\/\/www.lovely-vip.com\/wp-content\/uploads\/2024\/02\/IMG_7263.jpeg\",\"width\":1284,\"height\":1271},{\"@type\":\"BreadcrumbList\",\"@id\":\"https:\/\/www.lovely-vip.com\/product\/grzebyk-do-liftingu-metalowy\/#breadcrumb\",\"itemListElement\":[{\"@type\":\"ListItem\",\"position\":1,\"name\":\"Strona g\u0142\u00f3wna\",\"item\":\"https:\/\/www.lovely-vip.com\/\"},{\"@type\":\"ListItem\",\"position\":2,\"name\":\"Sklep dla stylistek rz\u0119s i brwi\",\"item\":\"https:\/\/www.lovely-vip.com\/shop\/\"},{\"@type\":\"ListItem\",\"position\":3,\"name\":\"Grzebyk do liftingu metalowy\"}]},{\"@type\":\"WebSite\",\"@id\":\"https:\/\/www.lovely-vip.com\/#website\",\"url\":\"https:\/\/www.lovely-vip.com\/\",\"name\":\"Lovely Vip\",\"description\":\"Profesjonalne produkty do piel\u0119gnacji rz\u0119s i brwi\",\"potentialAction\":[{\"@type\":\"SearchAction\",\"target\":{\"@type\":\"EntryPoint\",\"urlTemplate\":\"https:\/\/www.lovely-vip.com\/?s={search_term_string}\"},\"query-input\":{\"@type\":\"PropertyValueSpecification\",\"valueRequired\":true,\"valueName\":\"search_term_string\"}}],\"inLanguage\":\"en-US\"}]}<\/script>\n<!-- \/ Yoast SEO plugin. -->","yoast_head_json":{"title":"Grzebyk do liftingu metalowy - Lovely Vip","robots":{"index":"index","follow":"follow","max-snippet":"max-snippet:-1","max-image-preview":"max-image-preview:large","max-video-preview":"max-video-preview:-1"},"canonical":"https:\/\/www.lovely-vip.com\/en\/product\/grzebyk-do-liftingu-metalowy\/","og_locale":"en_US","og_type":"article","og_title":"Grzebyk do liftingu metalowy - Lovely Vip","og_description":"Metalowy grzebyk do liftingu jest wyj\u0105tkowo trwa\u0142y, zapewnia skuteczno\u015b\u0107 i precyzj\u0119, d\u0142ugotrwa\u0142o\u015b\u0107 i ekonomiczno\u015b\u0107. Wykonany z mocnego materia\u0142u, jest odporny na uszkodzenia i odkszta\u0142cenia","og_url":"https:\/\/www.lovely-vip.com\/en\/product\/grzebyk-do-liftingu-metalowy\/","og_site_name":"Lovely Vip","article_modified_time":"2024-03-24T16:24:17+00:00","og_image":[{"width":1284,"height":1271,"url":"https:\/\/www.lovely-vip.com\/wp-content\/uploads\/2024\/02\/IMG_7263.jpeg","type":"image\/jpeg"}],"twitter_card":"summary_large_image","twitter_misc":{"Est. reading time":"1 minute"},"schema":{"@context":"https:\/\/schema.org","@graph":[{"@type":"WebPage","@id":"https:\/\/www.lovely-vip.com\/product\/grzebyk-do-liftingu-metalowy\/","url":"https:\/\/www.lovely-vip.com\/product\/grzebyk-do-liftingu-metalowy\/","name":"Grzebyk do liftingu metalowy - Lovely Vip","isPartOf":{"@id":"https:\/\/www.lovely-vip.com\/#website"},"primaryImageOfPage":{"@id":"https:\/\/www.lovely-vip.com\/product\/grzebyk-do-liftingu-metalowy\/#primaryimage"},"image":{"@id":"https:\/\/www.lovely-vip.com\/product\/grzebyk-do-liftingu-metalowy\/#primaryimage"},"thumbnailUrl":"https:\/\/www.lovely-vip.com\/wp-content\/uploads\/2024\/02\/IMG_7263.jpeg","datePublished":"2024-02-02T09:34:38+00:00","dateModified":"2024-03-24T16:24:17+00:00","breadcrumb":{"@id":"https:\/\/www.lovely-vip.com\/product\/grzebyk-do-liftingu-metalowy\/#breadcrumb"},"inLanguage":"en-US","potentialAction":[{"@type":"ReadAction","target":["https:\/\/www.lovely-vip.com\/product\/grzebyk-do-liftingu-metalowy\/"]}]},{"@type":"ImageObject","inLanguage":"en-US","@id":"https:\/\/www.lovely-vip.com\/product\/grzebyk-do-liftingu-metalowy\/#primaryimage","url":"https:\/\/www.lovely-vip.com\/wp-content\/uploads\/2024\/02\/IMG_7263.jpeg","contentUrl":"https:\/\/www.lovely-vip.com\/wp-content\/uploads\/2024\/02\/IMG_7263.jpeg","width":1284,"height":1271},{"@type":"BreadcrumbList","@id":"https:\/\/www.lovely-vip.com\/product\/grzebyk-do-liftingu-metalowy\/#breadcrumb","itemListElement":[{"@type":"ListItem","position":1,"name":"Strona g\u0142\u00f3wna","item":"https:\/\/www.lovely-vip.com\/"},{"@type":"ListItem","position":2,"name":"Sklep dla stylistek rz\u0119s i brwi","item":"https:\/\/www.lovely-vip.com\/shop\/"},{"@type":"ListItem","position":3,"name":"Grzebyk do liftingu metalowy"}]},{"@type":"WebSite","@id":"https:\/\/www.lovely-vip.com\/#website","url":"https:\/\/www.lovely-vip.com\/","name":"Lovely Vip","description":"Professional eyelash and eyebrow care products","potentialAction":[{"@type":"SearchAction","target":{"@type":"EntryPoint","urlTemplate":"https:\/\/www.lovely-vip.com\/?s={search_term_string}"},"query-input":{"@type":"PropertyValueSpecification","valueRequired":true,"valueName":"search_term_string"}}],"inLanguage":"en-US"}]}},"_links":{"self":[{"href":"https:\/\/www.lovely-vip.com\/en\/wp-json\/wp\/v2\/product\/19353","targetHints":{"allow":["GET"]}}],"collection":[{"href":"https:\/\/www.lovely-vip.com\/en\/wp-json\/wp\/v2\/product"}],"about":[{"href":"https:\/\/www.lovely-vip.com\/en\/wp-json\/wp\/v2\/types\/product"}],"replies":[{"embeddable":true,"href":"https:\/\/www.lovely-vip.com\/en\/wp-json\/wp\/v2\/comments?post=19353"}],"wp:featuredmedia":[{"embeddable":true,"href":"https:\/\/www.lovely-vip.com\/en\/wp-json\/wp\/v2\/media\/19356"}],"wp:attachment":[{"href":"https:\/\/www.lovely-vip.com\/en\/wp-json\/wp\/v2\/media?parent=19353"}],"wp:term":[{"taxonomy":"product_brand","embeddable":true,"href":"https:\/\/www.lovely-vip.com\/en\/wp-json\/wp\/v2\/product_brand?post=19353"},{"taxonomy":"product_cat","embeddable":true,"href":"https:\/\/www.lovely-vip.com\/en\/wp-json\/wp\/v2\/product_cat?post=19353"},{"taxonomy":"product_tag","embeddable":true,"href":"https:\/\/www.lovely-vip.com\/en\/wp-json\/wp\/v2\/product_tag?post=19353"}],"curies":[{"name":"wp","href":"https:\/\/api.w.org\/{rel}","templated":true}]}}