{"id":19488,"date":"2024-02-03T11:00:59","date_gmt":"2024-02-03T10:00:59","guid":{"rendered":"https:\/\/www.lovely-vip.com\/?post_type=product&#038;p=19488"},"modified":"2024-02-03T11:10:00","modified_gmt":"2024-02-03T10:10:00","slug":"paletka-pomicnik-lifting-rzes","status":"publish","type":"product","link":"https:\/\/www.lovely-vip.com\/en\/product\/paletka-pomicnik-lifting-rzes\/","title":{"rendered":"Palette pomicnik eyelash lift"},"content":{"rendered":"","protected":false},"excerpt":{"rendered":"<p>The eyelash lifting helper palette allows you to dispense the right amount of products for each treatment. It makes you save products: glue, lamination preparations, paint and oxidizer.<\/p>\n<p>Tips: Clean the palette with warm soapy water after each use, to disinfect use disinfectant by wiping the palette.<\/p>","protected":false},"featured_media":19489,"comment_status":"open","ping_status":"closed","template":"","meta":[],"product_brand":[],"product_cat":[87,83],"product_tag":[],"class_list":{"0":"post-19488","1":"product","2":"type-product","3":"status-publish","4":"has-post-thumbnail","6":"product_cat-akcesoria","7":"product_cat-lifting-laminacja","9":"first","10":"instock","11":"shipping-taxable","12":"purchasable","13":"product-type-simple"},"yoast_head":"<!-- This site is optimized with the Yoast SEO plugin v25.4 - https:\/\/yoast.com\/wordpress\/plugins\/seo\/ -->\n<title>Paletka pomicnik lifting rz\u0119s - Lovely Vip<\/title>\n<meta name=\"robots\" content=\"index, follow, max-snippet:-1, max-image-preview:large, max-video-preview:-1\" \/>\n<link rel=\"canonical\" href=\"https:\/\/www.lovely-vip.com\/en\/product\/paletka-pomicnik-lifting-rzes\/\" \/>\n<meta property=\"og:locale\" content=\"en_US\" \/>\n<meta property=\"og:type\" content=\"article\" \/>\n<meta property=\"og:title\" content=\"Paletka pomicnik lifting rz\u0119s - Lovely Vip\" \/>\n<meta property=\"og:description\" content=\"Paletka pomocnik lifting rz\u0119s pozwala dozowa\u0107 odpowiednie ilo\u015bci produkt\u00f3w na ka\u017cdy zabieg. Sprawia \u017ce oszcz\u0119dzasz produkty: klej, preparaty do laminacji, farb\u0119 i utleniacz.  Wskaz\u00f3wki: Po ka\u017cdym u\u017cyciu wyczy\u015b\u0107 paletk\u0119 ciep\u0142\u0105 wod\u0105 z myd\u0142em, aby zdezynfekowa\u0107 u\u017cyj \u015brodka dezynfekuj\u0105cego przecieraj\u0105c paletk\u0119.\" \/>\n<meta property=\"og:url\" content=\"https:\/\/www.lovely-vip.com\/en\/product\/paletka-pomicnik-lifting-rzes\/\" \/>\n<meta property=\"og:site_name\" content=\"Lovely Vip\" \/>\n<meta property=\"article:modified_time\" content=\"2024-02-03T10:10:00+00:00\" \/>\n<meta property=\"og:image\" content=\"https:\/\/www.lovely-vip.com\/wp-content\/uploads\/2024\/02\/IMG_7316.jpeg\" \/>\n\t<meta property=\"og:image:width\" content=\"1284\" \/>\n\t<meta property=\"og:image:height\" content=\"1280\" \/>\n\t<meta property=\"og:image:type\" content=\"image\/jpeg\" \/>\n<meta name=\"twitter:card\" content=\"summary_large_image\" \/>\n<script type=\"application\/ld+json\" class=\"yoast-schema-graph\">{\"@context\":\"https:\/\/schema.org\",\"@graph\":[{\"@type\":\"WebPage\",\"@id\":\"https:\/\/www.lovely-vip.com\/product\/paletka-pomicnik-lifting-rzes\/\",\"url\":\"https:\/\/www.lovely-vip.com\/product\/paletka-pomicnik-lifting-rzes\/\",\"name\":\"Paletka pomicnik lifting rz\u0119s - Lovely Vip\",\"isPartOf\":{\"@id\":\"https:\/\/www.lovely-vip.com\/#website\"},\"primaryImageOfPage\":{\"@id\":\"https:\/\/www.lovely-vip.com\/product\/paletka-pomicnik-lifting-rzes\/#primaryimage\"},\"image\":{\"@id\":\"https:\/\/www.lovely-vip.com\/product\/paletka-pomicnik-lifting-rzes\/#primaryimage\"},\"thumbnailUrl\":\"https:\/\/www.lovely-vip.com\/wp-content\/uploads\/2024\/02\/IMG_7316.jpeg\",\"datePublished\":\"2024-02-03T10:00:59+00:00\",\"dateModified\":\"2024-02-03T10:10:00+00:00\",\"breadcrumb\":{\"@id\":\"https:\/\/www.lovely-vip.com\/product\/paletka-pomicnik-lifting-rzes\/#breadcrumb\"},\"inLanguage\":\"en-US\",\"potentialAction\":[{\"@type\":\"ReadAction\",\"target\":[\"https:\/\/www.lovely-vip.com\/product\/paletka-pomicnik-lifting-rzes\/\"]}]},{\"@type\":\"ImageObject\",\"inLanguage\":\"en-US\",\"@id\":\"https:\/\/www.lovely-vip.com\/product\/paletka-pomicnik-lifting-rzes\/#primaryimage\",\"url\":\"https:\/\/www.lovely-vip.com\/wp-content\/uploads\/2024\/02\/IMG_7316.jpeg\",\"contentUrl\":\"https:\/\/www.lovely-vip.com\/wp-content\/uploads\/2024\/02\/IMG_7316.jpeg\",\"width\":1284,\"height\":1280},{\"@type\":\"BreadcrumbList\",\"@id\":\"https:\/\/www.lovely-vip.com\/product\/paletka-pomicnik-lifting-rzes\/#breadcrumb\",\"itemListElement\":[{\"@type\":\"ListItem\",\"position\":1,\"name\":\"Strona g\u0142\u00f3wna\",\"item\":\"https:\/\/www.lovely-vip.com\/\"},{\"@type\":\"ListItem\",\"position\":2,\"name\":\"Sklep dla stylistek rz\u0119s i brwi\",\"item\":\"https:\/\/www.lovely-vip.com\/shop\/\"},{\"@type\":\"ListItem\",\"position\":3,\"name\":\"Paletka pomicnik lifting rz\u0119s\"}]},{\"@type\":\"WebSite\",\"@id\":\"https:\/\/www.lovely-vip.com\/#website\",\"url\":\"https:\/\/www.lovely-vip.com\/\",\"name\":\"Lovely Vip\",\"description\":\"Profesjonalne produkty do piel\u0119gnacji rz\u0119s i brwi\",\"potentialAction\":[{\"@type\":\"SearchAction\",\"target\":{\"@type\":\"EntryPoint\",\"urlTemplate\":\"https:\/\/www.lovely-vip.com\/?s={search_term_string}\"},\"query-input\":{\"@type\":\"PropertyValueSpecification\",\"valueRequired\":true,\"valueName\":\"search_term_string\"}}],\"inLanguage\":\"en-US\"}]}<\/script>\n<!-- \/ Yoast SEO plugin. -->","yoast_head_json":{"title":"Paletka pomicnik lifting rz\u0119s - Lovely Vip","robots":{"index":"index","follow":"follow","max-snippet":"max-snippet:-1","max-image-preview":"max-image-preview:large","max-video-preview":"max-video-preview:-1"},"canonical":"https:\/\/www.lovely-vip.com\/en\/product\/paletka-pomicnik-lifting-rzes\/","og_locale":"en_US","og_type":"article","og_title":"Paletka pomicnik lifting rz\u0119s - Lovely Vip","og_description":"Paletka pomocnik lifting rz\u0119s pozwala dozowa\u0107 odpowiednie ilo\u015bci produkt\u00f3w na ka\u017cdy zabieg. Sprawia \u017ce oszcz\u0119dzasz produkty: klej, preparaty do laminacji, farb\u0119 i utleniacz.  Wskaz\u00f3wki: Po ka\u017cdym u\u017cyciu wyczy\u015b\u0107 paletk\u0119 ciep\u0142\u0105 wod\u0105 z myd\u0142em, aby zdezynfekowa\u0107 u\u017cyj \u015brodka dezynfekuj\u0105cego przecieraj\u0105c paletk\u0119.","og_url":"https:\/\/www.lovely-vip.com\/en\/product\/paletka-pomicnik-lifting-rzes\/","og_site_name":"Lovely Vip","article_modified_time":"2024-02-03T10:10:00+00:00","og_image":[{"width":1284,"height":1280,"url":"https:\/\/www.lovely-vip.com\/wp-content\/uploads\/2024\/02\/IMG_7316.jpeg","type":"image\/jpeg"}],"twitter_card":"summary_large_image","schema":{"@context":"https:\/\/schema.org","@graph":[{"@type":"WebPage","@id":"https:\/\/www.lovely-vip.com\/product\/paletka-pomicnik-lifting-rzes\/","url":"https:\/\/www.lovely-vip.com\/product\/paletka-pomicnik-lifting-rzes\/","name":"Paletka pomicnik lifting rz\u0119s - Lovely Vip","isPartOf":{"@id":"https:\/\/www.lovely-vip.com\/#website"},"primaryImageOfPage":{"@id":"https:\/\/www.lovely-vip.com\/product\/paletka-pomicnik-lifting-rzes\/#primaryimage"},"image":{"@id":"https:\/\/www.lovely-vip.com\/product\/paletka-pomicnik-lifting-rzes\/#primaryimage"},"thumbnailUrl":"https:\/\/www.lovely-vip.com\/wp-content\/uploads\/2024\/02\/IMG_7316.jpeg","datePublished":"2024-02-03T10:00:59+00:00","dateModified":"2024-02-03T10:10:00+00:00","breadcrumb":{"@id":"https:\/\/www.lovely-vip.com\/product\/paletka-pomicnik-lifting-rzes\/#breadcrumb"},"inLanguage":"en-US","potentialAction":[{"@type":"ReadAction","target":["https:\/\/www.lovely-vip.com\/product\/paletka-pomicnik-lifting-rzes\/"]}]},{"@type":"ImageObject","inLanguage":"en-US","@id":"https:\/\/www.lovely-vip.com\/product\/paletka-pomicnik-lifting-rzes\/#primaryimage","url":"https:\/\/www.lovely-vip.com\/wp-content\/uploads\/2024\/02\/IMG_7316.jpeg","contentUrl":"https:\/\/www.lovely-vip.com\/wp-content\/uploads\/2024\/02\/IMG_7316.jpeg","width":1284,"height":1280},{"@type":"BreadcrumbList","@id":"https:\/\/www.lovely-vip.com\/product\/paletka-pomicnik-lifting-rzes\/#breadcrumb","itemListElement":[{"@type":"ListItem","position":1,"name":"Strona g\u0142\u00f3wna","item":"https:\/\/www.lovely-vip.com\/"},{"@type":"ListItem","position":2,"name":"Sklep dla stylistek rz\u0119s i brwi","item":"https:\/\/www.lovely-vip.com\/shop\/"},{"@type":"ListItem","position":3,"name":"Paletka pomicnik lifting rz\u0119s"}]},{"@type":"WebSite","@id":"https:\/\/www.lovely-vip.com\/#website","url":"https:\/\/www.lovely-vip.com\/","name":"Lovely Vip","description":"Professional eyelash and eyebrow care products","potentialAction":[{"@type":"SearchAction","target":{"@type":"EntryPoint","urlTemplate":"https:\/\/www.lovely-vip.com\/?s={search_term_string}"},"query-input":{"@type":"PropertyValueSpecification","valueRequired":true,"valueName":"search_term_string"}}],"inLanguage":"en-US"}]}},"_links":{"self":[{"href":"https:\/\/www.lovely-vip.com\/en\/wp-json\/wp\/v2\/product\/19488","targetHints":{"allow":["GET"]}}],"collection":[{"href":"https:\/\/www.lovely-vip.com\/en\/wp-json\/wp\/v2\/product"}],"about":[{"href":"https:\/\/www.lovely-vip.com\/en\/wp-json\/wp\/v2\/types\/product"}],"replies":[{"embeddable":true,"href":"https:\/\/www.lovely-vip.com\/en\/wp-json\/wp\/v2\/comments?post=19488"}],"wp:featuredmedia":[{"embeddable":true,"href":"https:\/\/www.lovely-vip.com\/en\/wp-json\/wp\/v2\/media\/19489"}],"wp:attachment":[{"href":"https:\/\/www.lovely-vip.com\/en\/wp-json\/wp\/v2\/media?parent=19488"}],"wp:term":[{"taxonomy":"product_brand","embeddable":true,"href":"https:\/\/www.lovely-vip.com\/en\/wp-json\/wp\/v2\/product_brand?post=19488"},{"taxonomy":"product_cat","embeddable":true,"href":"https:\/\/www.lovely-vip.com\/en\/wp-json\/wp\/v2\/product_cat?post=19488"},{"taxonomy":"product_tag","embeddable":true,"href":"https:\/\/www.lovely-vip.com\/en\/wp-json\/wp\/v2\/product_tag?post=19488"}],"curies":[{"name":"wp","href":"https:\/\/api.w.org\/{rel}","templated":true}]}}