{"id":19958,"date":"2024-02-12T17:52:37","date_gmt":"2024-02-12T16:52:37","guid":{"rendered":"https:\/\/www.lovely-vip.com\/?post_type=product&#038;p=19958"},"modified":"2026-03-03T11:30:21","modified_gmt":"2026-03-03T10:30:21","slug":"zestaw-lamimaker","status":"publish","type":"product","link":"https:\/\/www.lovely-vip.com\/en\/product\/zestaw-lamimaker\/","title":{"rendered":"Zestaw do laminacji &#8222;LamiMaker&#8221;"},"content":{"rendered":"","protected":false},"excerpt":{"rendered":"<p><strong>You save 50 PLN !<\/strong><\/p>\n<p>With the contents of this kit, a stylist can efficiently and quickly perform long-lasting eyebrow styling and create an expressive eyelash curl<\/p>\n<p>Products included:<\/p>\n<ol>\n<li>Detox-Mousse 2.0 Cleansing foam for eyebrows and eyelashes<\/li>\n<li>Colour Fix 2.0 Eyebrow and Eyelash Color Fixing Fluid<\/li>\n<li>Clear Supersonic 2.0 eyelash and eyebrow lamination serum 1<\/li>\n<li>Supersonic 2.0 eyebrow and eyelash lamination serum<\/li>\n<li>Eyebrow and eyelash lamination serum 3, Multivitor Supersonic 2.0<\/li>\n<li>Skin Protector 2.0, Argan Oil<\/li>\n<\/ol>","protected":false},"featured_media":19959,"comment_status":"open","ping_status":"closed","template":"","meta":[],"product_brand":[],"product_cat":[85,235,278,83,69,70,296],"product_tag":[],"class_list":{"0":"post-19958","1":"product","2":"type-product","3":"status-publish","4":"has-post-thumbnail","6":"product_cat-brwi","7":"product_cat-elan","8":"product_cat-laminacja-brwi","9":"product_cat-lifting-laminacja","10":"product_cat-nowosci","11":"product_cat-promocja","12":"product_cat-zestawy","14":"first","15":"outofstock","16":"sale","17":"shipping-taxable","18":"purchasable","19":"product-type-simple"},"yoast_head":"<!-- This site is optimized with the Yoast SEO plugin v25.4 - https:\/\/yoast.com\/wordpress\/plugins\/seo\/ -->\n<title>Zestaw do laminacji &quot;LamiMaker&quot; - Lovely Vip<\/title>\n<meta name=\"robots\" content=\"index, follow, max-snippet:-1, max-image-preview:large, max-video-preview:-1\" \/>\n<link rel=\"canonical\" href=\"https:\/\/www.lovely-vip.com\/en\/product\/zestaw-lamimaker\/\" \/>\n<meta property=\"og:locale\" content=\"en_US\" \/>\n<meta property=\"og:type\" content=\"article\" \/>\n<meta property=\"og:title\" content=\"Zestaw do laminacji &quot;LamiMaker&quot; - Lovely Vip\" \/>\n<meta property=\"og:description\" content=\"Oszcz\u0119dzasz 50 z\u0142 !  Dzi\u0119ki zawarto\u015bci tego zestawu stylistka mo\u017ce \u00a0sprawnie i szybko wykona\u0107 d\u0142ugotrwa\u0142\u0105 stylizacj\u0119 brwi oraz stworzy\u0107 wyraziste podkr\u0119cenie rz\u0119s  Produkty w zestawie:   Detox-Mousse 2.0 Oczyszczaj\u0105ca pianka do brwi i rz\u0119s  Colour Fix 2.0 Fluid fiksuj\u0105cy kolor brwi i rz\u0119s  Serum 1 do laminacji rz\u0119s i brwi Clear Supersonic 2.0  Serum 2 do laminacji brwi i rz\u0119s Supersonic 2.0  Serum 3 do laminacji brwi i rz\u0119s, Multivitor Supersonic 2.0  Skin Protector 2.0, Olejek arganowy\" \/>\n<meta property=\"og:url\" content=\"https:\/\/www.lovely-vip.com\/en\/product\/zestaw-lamimaker\/\" \/>\n<meta property=\"og:site_name\" content=\"Lovely Vip\" \/>\n<meta property=\"article:modified_time\" content=\"2026-03-03T10:30:21+00:00\" \/>\n<meta property=\"og:image\" content=\"https:\/\/www.lovely-vip.com\/wp-content\/uploads\/2024\/02\/professional-try-me-kit-2-2-0-900x900-1.png\" \/>\n\t<meta property=\"og:image:width\" content=\"900\" \/>\n\t<meta property=\"og:image:height\" content=\"900\" \/>\n\t<meta property=\"og:image:type\" content=\"image\/png\" \/>\n<meta name=\"twitter:card\" content=\"summary_large_image\" \/>\n<meta name=\"twitter:label1\" content=\"Est. reading time\" \/>\n\t<meta name=\"twitter:data1\" content=\"1 minute\" \/>\n<script type=\"application\/ld+json\" class=\"yoast-schema-graph\">{\"@context\":\"https:\/\/schema.org\",\"@graph\":[{\"@type\":\"WebPage\",\"@id\":\"https:\/\/www.lovely-vip.com\/product\/zestaw-lamimaker\/\",\"url\":\"https:\/\/www.lovely-vip.com\/product\/zestaw-lamimaker\/\",\"name\":\"Zestaw do laminacji \\\"LamiMaker\\\" - Lovely Vip\",\"isPartOf\":{\"@id\":\"https:\/\/www.lovely-vip.com\/#website\"},\"primaryImageOfPage\":{\"@id\":\"https:\/\/www.lovely-vip.com\/product\/zestaw-lamimaker\/#primaryimage\"},\"image\":{\"@id\":\"https:\/\/www.lovely-vip.com\/product\/zestaw-lamimaker\/#primaryimage\"},\"thumbnailUrl\":\"https:\/\/www.lovely-vip.com\/wp-content\/uploads\/2024\/02\/professional-try-me-kit-2-2-0-900x900-1.png\",\"datePublished\":\"2024-02-12T16:52:37+00:00\",\"dateModified\":\"2026-03-03T10:30:21+00:00\",\"breadcrumb\":{\"@id\":\"https:\/\/www.lovely-vip.com\/product\/zestaw-lamimaker\/#breadcrumb\"},\"inLanguage\":\"en-US\",\"potentialAction\":[{\"@type\":\"ReadAction\",\"target\":[\"https:\/\/www.lovely-vip.com\/product\/zestaw-lamimaker\/\"]}]},{\"@type\":\"ImageObject\",\"inLanguage\":\"en-US\",\"@id\":\"https:\/\/www.lovely-vip.com\/product\/zestaw-lamimaker\/#primaryimage\",\"url\":\"https:\/\/www.lovely-vip.com\/wp-content\/uploads\/2024\/02\/professional-try-me-kit-2-2-0-900x900-1.png\",\"contentUrl\":\"https:\/\/www.lovely-vip.com\/wp-content\/uploads\/2024\/02\/professional-try-me-kit-2-2-0-900x900-1.png\",\"width\":900,\"height\":900},{\"@type\":\"BreadcrumbList\",\"@id\":\"https:\/\/www.lovely-vip.com\/product\/zestaw-lamimaker\/#breadcrumb\",\"itemListElement\":[{\"@type\":\"ListItem\",\"position\":1,\"name\":\"Strona g\u0142\u00f3wna\",\"item\":\"https:\/\/www.lovely-vip.com\/\"},{\"@type\":\"ListItem\",\"position\":2,\"name\":\"Sklep dla stylistek rz\u0119s i brwi\",\"item\":\"https:\/\/www.lovely-vip.com\/shop\/\"},{\"@type\":\"ListItem\",\"position\":3,\"name\":\"Zestaw do laminacji &#8222;LamiMaker&#8221;\"}]},{\"@type\":\"WebSite\",\"@id\":\"https:\/\/www.lovely-vip.com\/#website\",\"url\":\"https:\/\/www.lovely-vip.com\/\",\"name\":\"Lovely Vip\",\"description\":\"Profesjonalne produkty do piel\u0119gnacji rz\u0119s i brwi\",\"potentialAction\":[{\"@type\":\"SearchAction\",\"target\":{\"@type\":\"EntryPoint\",\"urlTemplate\":\"https:\/\/www.lovely-vip.com\/?s={search_term_string}\"},\"query-input\":{\"@type\":\"PropertyValueSpecification\",\"valueRequired\":true,\"valueName\":\"search_term_string\"}}],\"inLanguage\":\"en-US\"}]}<\/script>\n<!-- \/ Yoast SEO plugin. -->","yoast_head_json":{"title":"Zestaw do laminacji \"LamiMaker\" - Lovely Vip","robots":{"index":"index","follow":"follow","max-snippet":"max-snippet:-1","max-image-preview":"max-image-preview:large","max-video-preview":"max-video-preview:-1"},"canonical":"https:\/\/www.lovely-vip.com\/en\/product\/zestaw-lamimaker\/","og_locale":"en_US","og_type":"article","og_title":"Zestaw do laminacji \"LamiMaker\" - Lovely Vip","og_description":"Oszcz\u0119dzasz 50 z\u0142 !  Dzi\u0119ki zawarto\u015bci tego zestawu stylistka mo\u017ce \u00a0sprawnie i szybko wykona\u0107 d\u0142ugotrwa\u0142\u0105 stylizacj\u0119 brwi oraz stworzy\u0107 wyraziste podkr\u0119cenie rz\u0119s  Produkty w zestawie:   Detox-Mousse 2.0 Oczyszczaj\u0105ca pianka do brwi i rz\u0119s  Colour Fix 2.0 Fluid fiksuj\u0105cy kolor brwi i rz\u0119s  Serum 1 do laminacji rz\u0119s i brwi Clear Supersonic 2.0  Serum 2 do laminacji brwi i rz\u0119s Supersonic 2.0  Serum 3 do laminacji brwi i rz\u0119s, Multivitor Supersonic 2.0  Skin Protector 2.0, Olejek arganowy","og_url":"https:\/\/www.lovely-vip.com\/en\/product\/zestaw-lamimaker\/","og_site_name":"Lovely Vip","article_modified_time":"2026-03-03T10:30:21+00:00","og_image":[{"width":900,"height":900,"url":"https:\/\/www.lovely-vip.com\/wp-content\/uploads\/2024\/02\/professional-try-me-kit-2-2-0-900x900-1.png","type":"image\/png"}],"twitter_card":"summary_large_image","twitter_misc":{"Est. reading time":"1 minute"},"schema":{"@context":"https:\/\/schema.org","@graph":[{"@type":"WebPage","@id":"https:\/\/www.lovely-vip.com\/product\/zestaw-lamimaker\/","url":"https:\/\/www.lovely-vip.com\/product\/zestaw-lamimaker\/","name":"Zestaw do laminacji \"LamiMaker\" - Lovely Vip","isPartOf":{"@id":"https:\/\/www.lovely-vip.com\/#website"},"primaryImageOfPage":{"@id":"https:\/\/www.lovely-vip.com\/product\/zestaw-lamimaker\/#primaryimage"},"image":{"@id":"https:\/\/www.lovely-vip.com\/product\/zestaw-lamimaker\/#primaryimage"},"thumbnailUrl":"https:\/\/www.lovely-vip.com\/wp-content\/uploads\/2024\/02\/professional-try-me-kit-2-2-0-900x900-1.png","datePublished":"2024-02-12T16:52:37+00:00","dateModified":"2026-03-03T10:30:21+00:00","breadcrumb":{"@id":"https:\/\/www.lovely-vip.com\/product\/zestaw-lamimaker\/#breadcrumb"},"inLanguage":"en-US","potentialAction":[{"@type":"ReadAction","target":["https:\/\/www.lovely-vip.com\/product\/zestaw-lamimaker\/"]}]},{"@type":"ImageObject","inLanguage":"en-US","@id":"https:\/\/www.lovely-vip.com\/product\/zestaw-lamimaker\/#primaryimage","url":"https:\/\/www.lovely-vip.com\/wp-content\/uploads\/2024\/02\/professional-try-me-kit-2-2-0-900x900-1.png","contentUrl":"https:\/\/www.lovely-vip.com\/wp-content\/uploads\/2024\/02\/professional-try-me-kit-2-2-0-900x900-1.png","width":900,"height":900},{"@type":"BreadcrumbList","@id":"https:\/\/www.lovely-vip.com\/product\/zestaw-lamimaker\/#breadcrumb","itemListElement":[{"@type":"ListItem","position":1,"name":"Strona g\u0142\u00f3wna","item":"https:\/\/www.lovely-vip.com\/"},{"@type":"ListItem","position":2,"name":"Sklep dla stylistek rz\u0119s i brwi","item":"https:\/\/www.lovely-vip.com\/shop\/"},{"@type":"ListItem","position":3,"name":"Zestaw do laminacji &#8222;LamiMaker&#8221;"}]},{"@type":"WebSite","@id":"https:\/\/www.lovely-vip.com\/#website","url":"https:\/\/www.lovely-vip.com\/","name":"Lovely Vip","description":"Professional eyelash and eyebrow care products","potentialAction":[{"@type":"SearchAction","target":{"@type":"EntryPoint","urlTemplate":"https:\/\/www.lovely-vip.com\/?s={search_term_string}"},"query-input":{"@type":"PropertyValueSpecification","valueRequired":true,"valueName":"search_term_string"}}],"inLanguage":"en-US"}]}},"_links":{"self":[{"href":"https:\/\/www.lovely-vip.com\/en\/wp-json\/wp\/v2\/product\/19958","targetHints":{"allow":["GET"]}}],"collection":[{"href":"https:\/\/www.lovely-vip.com\/en\/wp-json\/wp\/v2\/product"}],"about":[{"href":"https:\/\/www.lovely-vip.com\/en\/wp-json\/wp\/v2\/types\/product"}],"replies":[{"embeddable":true,"href":"https:\/\/www.lovely-vip.com\/en\/wp-json\/wp\/v2\/comments?post=19958"}],"wp:featuredmedia":[{"embeddable":true,"href":"https:\/\/www.lovely-vip.com\/en\/wp-json\/wp\/v2\/media\/19959"}],"wp:attachment":[{"href":"https:\/\/www.lovely-vip.com\/en\/wp-json\/wp\/v2\/media?parent=19958"}],"wp:term":[{"taxonomy":"product_brand","embeddable":true,"href":"https:\/\/www.lovely-vip.com\/en\/wp-json\/wp\/v2\/product_brand?post=19958"},{"taxonomy":"product_cat","embeddable":true,"href":"https:\/\/www.lovely-vip.com\/en\/wp-json\/wp\/v2\/product_cat?post=19958"},{"taxonomy":"product_tag","embeddable":true,"href":"https:\/\/www.lovely-vip.com\/en\/wp-json\/wp\/v2\/product_tag?post=19958"}],"curies":[{"name":"wp","href":"https:\/\/api.w.org\/{rel}","templated":true}]}}