{"id":20045,"date":"2024-02-16T16:26:04","date_gmt":"2024-02-16T15:26:04","guid":{"rendered":"https:\/\/www.lovely-vip.com\/?post_type=product&#038;p=20045"},"modified":"2025-11-26T11:13:37","modified_gmt":"2025-11-26T10:13:37","slug":"pasta-do-konturowania-brwi-i-ust","status":"publish","type":"product","link":"https:\/\/www.lovely-vip.com\/en\/product\/pasta-do-konturowania-brwi-i-ust\/","title":{"rendered":"Elan eyebrow and lip geometry paste"},"content":{"rendered":"<p><strong>Advantages of contour paste:<\/strong><\/p>\n<ul>\n<li>It has a soft and flexible texture.<\/li>\n<\/ul>\n<ul>\n<li>It provides even application and easy adjustment.<\/li>\n<\/ul>\n<ul>\n<li>Prevents the spread of dye, protecting the skin from unwanted coloration.<\/li>\n<\/ul>\n<ul>\n<li>It does not drip and is easy to remove from the skin.<\/li>\n<\/ul>\n<hr \/>\n<p><strong>Directions for use\u00a0<\/strong><\/p>\n<ol>\n<li>Using a brush, apply a small amount of paste along the contour of the eyebrows or lips, creating a map.<\/li>\n<li>For thread application, cover the thread with a small amount of paste and mark the eyebrows using a convenient technique. Gently touch the skin with the thread to leave an imprint.<\/li>\n<li>After coloring, it is necessary to remove the paste residue from the skin with a cotton swab moistened with water.<\/li>\n<\/ol>\n<hr \/>\n<p><strong>Chemical composition<\/strong><\/p>\n<p>CI 77947, CI 77891, METHYL RICINOLEATE, PARAFFINUM LIQUIDUM, PETROLATUM, BEESWAX, PARAFFIN, LANOLIN, PEG-40 HYDROGENATED CASTOR OIL, PARFUM.<\/p>\n<p><em>Manufactured in Turkey<\/em><\/p>","protected":false},"excerpt":{"rendered":"<p>Professional contour paste in intense white color. Designed to mark the shape of eyebrows and lips before coloring or permanent makeup procedures. The paste is easily applied ensuring the creation of a clear contour.<\/p>\n<p><strong>Capacity:\u00a0<\/strong>8 g<\/p>","protected":false},"featured_media":20046,"comment_status":"open","ping_status":"closed","template":"","meta":[],"product_brand":[],"product_cat":[85,235,238,237,280,276],"product_tag":[],"class_list":{"0":"post-20045","1":"product","2":"type-product","3":"status-publish","4":"has-post-thumbnail","6":"product_cat-brwi","7":"product_cat-elan","8":"product_cat-farbka-do-brwi","9":"product_cat-henna","10":"product_cat-kredki","11":"product_cat-przygotowanie-do-zabiegu","13":"first","14":"instock","15":"sale","16":"shipping-taxable","17":"purchasable","18":"product-type-simple"},"yoast_head":"<!-- This site is optimized with the Yoast SEO plugin v25.4 - https:\/\/yoast.com\/wordpress\/plugins\/seo\/ -->\n<title>Pasta do geometrii brwi i ust Elan - Lovely Vip<\/title>\n<meta name=\"robots\" content=\"index, follow, max-snippet:-1, max-image-preview:large, max-video-preview:-1\" \/>\n<link rel=\"canonical\" href=\"https:\/\/www.lovely-vip.com\/en\/product\/pasta-do-konturowania-brwi-i-ust\/\" \/>\n<meta property=\"og:locale\" content=\"en_US\" \/>\n<meta property=\"og:type\" content=\"article\" \/>\n<meta property=\"og:title\" content=\"Pasta do geometrii brwi i ust Elan - Lovely Vip\" \/>\n<meta property=\"og:description\" content=\"Profesjonalna pasta konturowa w intensywnym bia\u0142ym kolorze. Przeznaczona do zaznaczania kszta\u0142tu brwi i ust przed zabiegami koloryzacji lub makija\u017cu permanentnego. Pasta \u0142atwo si\u0119 nak\u0142ada zapewniaj\u0105c stworzenie wyra\u017anego konturu.  Pojemno\u015b\u0107:\u00a08 g\" \/>\n<meta property=\"og:url\" content=\"https:\/\/www.lovely-vip.com\/en\/product\/pasta-do-konturowania-brwi-i-ust\/\" \/>\n<meta property=\"og:site_name\" content=\"Lovely Vip\" \/>\n<meta property=\"article:modified_time\" content=\"2025-11-26T10:13:37+00:00\" \/>\n<meta property=\"og:image\" content=\"https:\/\/www.lovely-vip.com\/wp-content\/uploads\/2024\/02\/the-paste-900x900-1.png\" \/>\n\t<meta property=\"og:image:width\" content=\"900\" \/>\n\t<meta property=\"og:image:height\" content=\"900\" \/>\n\t<meta property=\"og:image:type\" content=\"image\/png\" \/>\n<meta name=\"twitter:card\" content=\"summary_large_image\" \/>\n<meta name=\"twitter:label1\" content=\"Est. reading time\" \/>\n\t<meta name=\"twitter:data1\" content=\"1 minute\" \/>\n<script type=\"application\/ld+json\" class=\"yoast-schema-graph\">{\"@context\":\"https:\/\/schema.org\",\"@graph\":[{\"@type\":\"WebPage\",\"@id\":\"https:\/\/www.lovely-vip.com\/product\/pasta-do-konturowania-brwi-i-ust\/\",\"url\":\"https:\/\/www.lovely-vip.com\/product\/pasta-do-konturowania-brwi-i-ust\/\",\"name\":\"Pasta do geometrii brwi i ust Elan - Lovely Vip\",\"isPartOf\":{\"@id\":\"https:\/\/www.lovely-vip.com\/#website\"},\"primaryImageOfPage\":{\"@id\":\"https:\/\/www.lovely-vip.com\/product\/pasta-do-konturowania-brwi-i-ust\/#primaryimage\"},\"image\":{\"@id\":\"https:\/\/www.lovely-vip.com\/product\/pasta-do-konturowania-brwi-i-ust\/#primaryimage\"},\"thumbnailUrl\":\"https:\/\/www.lovely-vip.com\/wp-content\/uploads\/2024\/02\/the-paste-900x900-1.png\",\"datePublished\":\"2024-02-16T15:26:04+00:00\",\"dateModified\":\"2025-11-26T10:13:37+00:00\",\"breadcrumb\":{\"@id\":\"https:\/\/www.lovely-vip.com\/product\/pasta-do-konturowania-brwi-i-ust\/#breadcrumb\"},\"inLanguage\":\"en-US\",\"potentialAction\":[{\"@type\":\"ReadAction\",\"target\":[\"https:\/\/www.lovely-vip.com\/product\/pasta-do-konturowania-brwi-i-ust\/\"]}]},{\"@type\":\"ImageObject\",\"inLanguage\":\"en-US\",\"@id\":\"https:\/\/www.lovely-vip.com\/product\/pasta-do-konturowania-brwi-i-ust\/#primaryimage\",\"url\":\"https:\/\/www.lovely-vip.com\/wp-content\/uploads\/2024\/02\/the-paste-900x900-1.png\",\"contentUrl\":\"https:\/\/www.lovely-vip.com\/wp-content\/uploads\/2024\/02\/the-paste-900x900-1.png\",\"width\":900,\"height\":900},{\"@type\":\"BreadcrumbList\",\"@id\":\"https:\/\/www.lovely-vip.com\/product\/pasta-do-konturowania-brwi-i-ust\/#breadcrumb\",\"itemListElement\":[{\"@type\":\"ListItem\",\"position\":1,\"name\":\"Strona g\u0142\u00f3wna\",\"item\":\"https:\/\/www.lovely-vip.com\/\"},{\"@type\":\"ListItem\",\"position\":2,\"name\":\"Sklep dla stylistek rz\u0119s i brwi\",\"item\":\"https:\/\/www.lovely-vip.com\/shop\/\"},{\"@type\":\"ListItem\",\"position\":3,\"name\":\"Pasta do geometrii brwi i ust Elan\"}]},{\"@type\":\"WebSite\",\"@id\":\"https:\/\/www.lovely-vip.com\/#website\",\"url\":\"https:\/\/www.lovely-vip.com\/\",\"name\":\"Lovely Vip\",\"description\":\"Profesjonalne produkty do piel\u0119gnacji rz\u0119s i brwi\",\"potentialAction\":[{\"@type\":\"SearchAction\",\"target\":{\"@type\":\"EntryPoint\",\"urlTemplate\":\"https:\/\/www.lovely-vip.com\/?s={search_term_string}\"},\"query-input\":{\"@type\":\"PropertyValueSpecification\",\"valueRequired\":true,\"valueName\":\"search_term_string\"}}],\"inLanguage\":\"en-US\"}]}<\/script>\n<!-- \/ Yoast SEO plugin. -->","yoast_head_json":{"title":"Pasta do geometrii brwi i ust Elan - Lovely Vip","robots":{"index":"index","follow":"follow","max-snippet":"max-snippet:-1","max-image-preview":"max-image-preview:large","max-video-preview":"max-video-preview:-1"},"canonical":"https:\/\/www.lovely-vip.com\/en\/product\/pasta-do-konturowania-brwi-i-ust\/","og_locale":"en_US","og_type":"article","og_title":"Pasta do geometrii brwi i ust Elan - Lovely Vip","og_description":"Profesjonalna pasta konturowa w intensywnym bia\u0142ym kolorze. Przeznaczona do zaznaczania kszta\u0142tu brwi i ust przed zabiegami koloryzacji lub makija\u017cu permanentnego. Pasta \u0142atwo si\u0119 nak\u0142ada zapewniaj\u0105c stworzenie wyra\u017anego konturu.  Pojemno\u015b\u0107:\u00a08 g","og_url":"https:\/\/www.lovely-vip.com\/en\/product\/pasta-do-konturowania-brwi-i-ust\/","og_site_name":"Lovely Vip","article_modified_time":"2025-11-26T10:13:37+00:00","og_image":[{"width":900,"height":900,"url":"https:\/\/www.lovely-vip.com\/wp-content\/uploads\/2024\/02\/the-paste-900x900-1.png","type":"image\/png"}],"twitter_card":"summary_large_image","twitter_misc":{"Est. reading time":"1 minute"},"schema":{"@context":"https:\/\/schema.org","@graph":[{"@type":"WebPage","@id":"https:\/\/www.lovely-vip.com\/product\/pasta-do-konturowania-brwi-i-ust\/","url":"https:\/\/www.lovely-vip.com\/product\/pasta-do-konturowania-brwi-i-ust\/","name":"Pasta do geometrii brwi i ust Elan - Lovely Vip","isPartOf":{"@id":"https:\/\/www.lovely-vip.com\/#website"},"primaryImageOfPage":{"@id":"https:\/\/www.lovely-vip.com\/product\/pasta-do-konturowania-brwi-i-ust\/#primaryimage"},"image":{"@id":"https:\/\/www.lovely-vip.com\/product\/pasta-do-konturowania-brwi-i-ust\/#primaryimage"},"thumbnailUrl":"https:\/\/www.lovely-vip.com\/wp-content\/uploads\/2024\/02\/the-paste-900x900-1.png","datePublished":"2024-02-16T15:26:04+00:00","dateModified":"2025-11-26T10:13:37+00:00","breadcrumb":{"@id":"https:\/\/www.lovely-vip.com\/product\/pasta-do-konturowania-brwi-i-ust\/#breadcrumb"},"inLanguage":"en-US","potentialAction":[{"@type":"ReadAction","target":["https:\/\/www.lovely-vip.com\/product\/pasta-do-konturowania-brwi-i-ust\/"]}]},{"@type":"ImageObject","inLanguage":"en-US","@id":"https:\/\/www.lovely-vip.com\/product\/pasta-do-konturowania-brwi-i-ust\/#primaryimage","url":"https:\/\/www.lovely-vip.com\/wp-content\/uploads\/2024\/02\/the-paste-900x900-1.png","contentUrl":"https:\/\/www.lovely-vip.com\/wp-content\/uploads\/2024\/02\/the-paste-900x900-1.png","width":900,"height":900},{"@type":"BreadcrumbList","@id":"https:\/\/www.lovely-vip.com\/product\/pasta-do-konturowania-brwi-i-ust\/#breadcrumb","itemListElement":[{"@type":"ListItem","position":1,"name":"Strona g\u0142\u00f3wna","item":"https:\/\/www.lovely-vip.com\/"},{"@type":"ListItem","position":2,"name":"Sklep dla stylistek rz\u0119s i brwi","item":"https:\/\/www.lovely-vip.com\/shop\/"},{"@type":"ListItem","position":3,"name":"Pasta do geometrii brwi i ust Elan"}]},{"@type":"WebSite","@id":"https:\/\/www.lovely-vip.com\/#website","url":"https:\/\/www.lovely-vip.com\/","name":"Lovely Vip","description":"Professional eyelash and eyebrow care products","potentialAction":[{"@type":"SearchAction","target":{"@type":"EntryPoint","urlTemplate":"https:\/\/www.lovely-vip.com\/?s={search_term_string}"},"query-input":{"@type":"PropertyValueSpecification","valueRequired":true,"valueName":"search_term_string"}}],"inLanguage":"en-US"}]}},"_links":{"self":[{"href":"https:\/\/www.lovely-vip.com\/en\/wp-json\/wp\/v2\/product\/20045","targetHints":{"allow":["GET"]}}],"collection":[{"href":"https:\/\/www.lovely-vip.com\/en\/wp-json\/wp\/v2\/product"}],"about":[{"href":"https:\/\/www.lovely-vip.com\/en\/wp-json\/wp\/v2\/types\/product"}],"replies":[{"embeddable":true,"href":"https:\/\/www.lovely-vip.com\/en\/wp-json\/wp\/v2\/comments?post=20045"}],"wp:featuredmedia":[{"embeddable":true,"href":"https:\/\/www.lovely-vip.com\/en\/wp-json\/wp\/v2\/media\/20046"}],"wp:attachment":[{"href":"https:\/\/www.lovely-vip.com\/en\/wp-json\/wp\/v2\/media?parent=20045"}],"wp:term":[{"taxonomy":"product_brand","embeddable":true,"href":"https:\/\/www.lovely-vip.com\/en\/wp-json\/wp\/v2\/product_brand?post=20045"},{"taxonomy":"product_cat","embeddable":true,"href":"https:\/\/www.lovely-vip.com\/en\/wp-json\/wp\/v2\/product_cat?post=20045"},{"taxonomy":"product_tag","embeddable":true,"href":"https:\/\/www.lovely-vip.com\/en\/wp-json\/wp\/v2\/product_tag?post=20045"}],"curies":[{"name":"wp","href":"https:\/\/api.w.org\/{rel}","templated":true}]}}