{"id":20789,"date":"2024-03-20T17:04:00","date_gmt":"2024-03-20T16:04:00","guid":{"rendered":"https:\/\/www.lovely-vip.com\/?post_type=product&#038;p=20789"},"modified":"2025-09-23T11:49:58","modified_gmt":"2025-09-23T09:49:58","slug":"smart-skin-colour-remover-2-0-zmywacz-farby","status":"publish","type":"product","link":"https:\/\/www.lovely-vip.com\/en\/product\/smart-skin-colour-remover-2-0-zmywacz-farby\/","title":{"rendered":"Smart Skin Colour Remover 2.0 Paint Remover"},"content":{"rendered":"<p>The advanced formula of the remover allows gentle blending of the starting points of the eyebrows, creating a flawless gradient. The product contains an odor neutralizer that masks the smell of the alcohol base.<\/p>\n<hr \/>\n<p><strong>Directions for use<\/strong><\/p>\n<p>Apply the product with a cotton swab or cotton pad to selected areas of the eyebrows to remove unwanted pigment or soften the shape of the eyebrows using a blending technique.<\/p>\n<hr \/>\n<p><strong>Chemical composition<\/strong><\/p>\n<p>AQUA, ISOPROPYL ALCOHOL, ALCOHOL DENAT, PROPYLENE GLYCOL, SODIUM LAURETH SULFATE, PARFUM, BENZYL SALICYLATE<\/p>\n<p><em>Manufactured in Truce<\/em><\/p>","protected":false},"excerpt":{"rendered":"<p>The professional remover is designed to effectively remove excess dye from the skin. This product allows you to adjust the intensity of skin tinting during eyebrow coloring treatments for a more natural look.<\/p>\n<p><strong>Capacity:<\/strong>\u00a050 ml<\/p>\n<p><strong>Period after opening (PAO): <\/strong>12 months<\/p>","protected":false},"featured_media":24574,"comment_status":"open","ping_status":"closed","template":"","meta":[],"product_brand":[],"product_cat":[85,235,238],"product_tag":[],"class_list":{"0":"post-20789","1":"product","2":"type-product","3":"status-publish","4":"has-post-thumbnail","6":"product_cat-brwi","7":"product_cat-elan","8":"product_cat-farbka-do-brwi","10":"first","11":"outofstock","12":"sale","13":"shipping-taxable","14":"purchasable","15":"product-type-simple"},"yoast_head":"<!-- This site is optimized with the Yoast SEO plugin v25.4 - https:\/\/yoast.com\/wordpress\/plugins\/seo\/ -->\n<title>Smart Skin Colour Remover 2.0 Zmywacz farby - Lovely Vip<\/title>\n<meta name=\"robots\" content=\"index, follow, max-snippet:-1, max-image-preview:large, max-video-preview:-1\" \/>\n<link rel=\"canonical\" href=\"https:\/\/www.lovely-vip.com\/en\/product\/smart-skin-colour-remover-2-0-zmywacz-farby\/\" \/>\n<meta property=\"og:locale\" content=\"en_US\" \/>\n<meta property=\"og:type\" content=\"article\" \/>\n<meta property=\"og:title\" content=\"Smart Skin Colour Remover 2.0 Zmywacz farby - Lovely Vip\" \/>\n<meta property=\"og:description\" content=\"Profesjonalny zmywacz przeznaczony jest do skutecznego usuwania nadmiaru barwnika ze sk\u00f3ry. Produkt ten umo\u017cliwia dostosowanie intensywno\u015bci zabarwienia sk\u00f3ry podczas zabieg\u00f3w koloryzacji brwi, zapewniaj\u0105c bardziej naturalny wygl\u0105d.  Pojemno\u015b\u0107:\u00a050 ml  Okres\u00a0po otwarciu (PAO): 12 miesi\u0119cy\" \/>\n<meta property=\"og:url\" content=\"https:\/\/www.lovely-vip.com\/en\/product\/smart-skin-colour-remover-2-0-zmywacz-farby\/\" \/>\n<meta property=\"og:site_name\" content=\"Lovely Vip\" \/>\n<meta property=\"article:modified_time\" content=\"2025-09-23T09:49:58+00:00\" \/>\n<meta property=\"og:image\" content=\"https:\/\/www.lovely-vip.com\/wp-content\/uploads\/2024\/03\/Zmywacz-farby-Smart-Skin-Colour-Remover-2.webp\" \/>\n\t<meta property=\"og:image:width\" content=\"768\" \/>\n\t<meta property=\"og:image:height\" content=\"768\" \/>\n\t<meta property=\"og:image:type\" content=\"image\/webp\" \/>\n<meta name=\"twitter:card\" content=\"summary_large_image\" \/>\n<meta name=\"twitter:label1\" content=\"Est. reading time\" \/>\n\t<meta name=\"twitter:data1\" content=\"1 minute\" \/>\n<script type=\"application\/ld+json\" class=\"yoast-schema-graph\">{\"@context\":\"https:\/\/schema.org\",\"@graph\":[{\"@type\":\"WebPage\",\"@id\":\"https:\/\/www.lovely-vip.com\/product\/smart-skin-colour-remover-2-0-zmywacz-farby\/\",\"url\":\"https:\/\/www.lovely-vip.com\/product\/smart-skin-colour-remover-2-0-zmywacz-farby\/\",\"name\":\"Smart Skin Colour Remover 2.0 Zmywacz farby - Lovely Vip\",\"isPartOf\":{\"@id\":\"https:\/\/www.lovely-vip.com\/#website\"},\"primaryImageOfPage\":{\"@id\":\"https:\/\/www.lovely-vip.com\/product\/smart-skin-colour-remover-2-0-zmywacz-farby\/#primaryimage\"},\"image\":{\"@id\":\"https:\/\/www.lovely-vip.com\/product\/smart-skin-colour-remover-2-0-zmywacz-farby\/#primaryimage\"},\"thumbnailUrl\":\"https:\/\/www.lovely-vip.com\/wp-content\/uploads\/2024\/03\/Zmywacz-farby-Smart-Skin-Colour-Remover-2.webp\",\"datePublished\":\"2024-03-20T16:04:00+00:00\",\"dateModified\":\"2025-09-23T09:49:58+00:00\",\"breadcrumb\":{\"@id\":\"https:\/\/www.lovely-vip.com\/product\/smart-skin-colour-remover-2-0-zmywacz-farby\/#breadcrumb\"},\"inLanguage\":\"en-US\",\"potentialAction\":[{\"@type\":\"ReadAction\",\"target\":[\"https:\/\/www.lovely-vip.com\/product\/smart-skin-colour-remover-2-0-zmywacz-farby\/\"]}]},{\"@type\":\"ImageObject\",\"inLanguage\":\"en-US\",\"@id\":\"https:\/\/www.lovely-vip.com\/product\/smart-skin-colour-remover-2-0-zmywacz-farby\/#primaryimage\",\"url\":\"https:\/\/www.lovely-vip.com\/wp-content\/uploads\/2024\/03\/Zmywacz-farby-Smart-Skin-Colour-Remover-2.webp\",\"contentUrl\":\"https:\/\/www.lovely-vip.com\/wp-content\/uploads\/2024\/03\/Zmywacz-farby-Smart-Skin-Colour-Remover-2.webp\",\"width\":768,\"height\":768},{\"@type\":\"BreadcrumbList\",\"@id\":\"https:\/\/www.lovely-vip.com\/product\/smart-skin-colour-remover-2-0-zmywacz-farby\/#breadcrumb\",\"itemListElement\":[{\"@type\":\"ListItem\",\"position\":1,\"name\":\"Strona g\u0142\u00f3wna\",\"item\":\"https:\/\/www.lovely-vip.com\/\"},{\"@type\":\"ListItem\",\"position\":2,\"name\":\"Sklep dla stylistek rz\u0119s i brwi\",\"item\":\"https:\/\/www.lovely-vip.com\/shop\/\"},{\"@type\":\"ListItem\",\"position\":3,\"name\":\"Smart Skin Colour Remover 2.0 Zmywacz farby\"}]},{\"@type\":\"WebSite\",\"@id\":\"https:\/\/www.lovely-vip.com\/#website\",\"url\":\"https:\/\/www.lovely-vip.com\/\",\"name\":\"Lovely Vip\",\"description\":\"Profesjonalne produkty do piel\u0119gnacji rz\u0119s i brwi\",\"potentialAction\":[{\"@type\":\"SearchAction\",\"target\":{\"@type\":\"EntryPoint\",\"urlTemplate\":\"https:\/\/www.lovely-vip.com\/?s={search_term_string}\"},\"query-input\":{\"@type\":\"PropertyValueSpecification\",\"valueRequired\":true,\"valueName\":\"search_term_string\"}}],\"inLanguage\":\"en-US\"}]}<\/script>\n<!-- \/ Yoast SEO plugin. -->","yoast_head_json":{"title":"Smart Skin Colour Remover 2.0 Zmywacz farby - Lovely Vip","robots":{"index":"index","follow":"follow","max-snippet":"max-snippet:-1","max-image-preview":"max-image-preview:large","max-video-preview":"max-video-preview:-1"},"canonical":"https:\/\/www.lovely-vip.com\/en\/product\/smart-skin-colour-remover-2-0-zmywacz-farby\/","og_locale":"en_US","og_type":"article","og_title":"Smart Skin Colour Remover 2.0 Zmywacz farby - Lovely Vip","og_description":"Profesjonalny zmywacz przeznaczony jest do skutecznego usuwania nadmiaru barwnika ze sk\u00f3ry. Produkt ten umo\u017cliwia dostosowanie intensywno\u015bci zabarwienia sk\u00f3ry podczas zabieg\u00f3w koloryzacji brwi, zapewniaj\u0105c bardziej naturalny wygl\u0105d.  Pojemno\u015b\u0107:\u00a050 ml  Okres\u00a0po otwarciu (PAO): 12 miesi\u0119cy","og_url":"https:\/\/www.lovely-vip.com\/en\/product\/smart-skin-colour-remover-2-0-zmywacz-farby\/","og_site_name":"Lovely Vip","article_modified_time":"2025-09-23T09:49:58+00:00","og_image":[{"width":768,"height":768,"url":"https:\/\/www.lovely-vip.com\/wp-content\/uploads\/2024\/03\/Zmywacz-farby-Smart-Skin-Colour-Remover-2.webp","type":"image\/webp"}],"twitter_card":"summary_large_image","twitter_misc":{"Est. reading time":"1 minute"},"schema":{"@context":"https:\/\/schema.org","@graph":[{"@type":"WebPage","@id":"https:\/\/www.lovely-vip.com\/product\/smart-skin-colour-remover-2-0-zmywacz-farby\/","url":"https:\/\/www.lovely-vip.com\/product\/smart-skin-colour-remover-2-0-zmywacz-farby\/","name":"Smart Skin Colour Remover 2.0 Zmywacz farby - Lovely Vip","isPartOf":{"@id":"https:\/\/www.lovely-vip.com\/#website"},"primaryImageOfPage":{"@id":"https:\/\/www.lovely-vip.com\/product\/smart-skin-colour-remover-2-0-zmywacz-farby\/#primaryimage"},"image":{"@id":"https:\/\/www.lovely-vip.com\/product\/smart-skin-colour-remover-2-0-zmywacz-farby\/#primaryimage"},"thumbnailUrl":"https:\/\/www.lovely-vip.com\/wp-content\/uploads\/2024\/03\/Zmywacz-farby-Smart-Skin-Colour-Remover-2.webp","datePublished":"2024-03-20T16:04:00+00:00","dateModified":"2025-09-23T09:49:58+00:00","breadcrumb":{"@id":"https:\/\/www.lovely-vip.com\/product\/smart-skin-colour-remover-2-0-zmywacz-farby\/#breadcrumb"},"inLanguage":"en-US","potentialAction":[{"@type":"ReadAction","target":["https:\/\/www.lovely-vip.com\/product\/smart-skin-colour-remover-2-0-zmywacz-farby\/"]}]},{"@type":"ImageObject","inLanguage":"en-US","@id":"https:\/\/www.lovely-vip.com\/product\/smart-skin-colour-remover-2-0-zmywacz-farby\/#primaryimage","url":"https:\/\/www.lovely-vip.com\/wp-content\/uploads\/2024\/03\/Zmywacz-farby-Smart-Skin-Colour-Remover-2.webp","contentUrl":"https:\/\/www.lovely-vip.com\/wp-content\/uploads\/2024\/03\/Zmywacz-farby-Smart-Skin-Colour-Remover-2.webp","width":768,"height":768},{"@type":"BreadcrumbList","@id":"https:\/\/www.lovely-vip.com\/product\/smart-skin-colour-remover-2-0-zmywacz-farby\/#breadcrumb","itemListElement":[{"@type":"ListItem","position":1,"name":"Strona g\u0142\u00f3wna","item":"https:\/\/www.lovely-vip.com\/"},{"@type":"ListItem","position":2,"name":"Sklep dla stylistek rz\u0119s i brwi","item":"https:\/\/www.lovely-vip.com\/shop\/"},{"@type":"ListItem","position":3,"name":"Smart Skin Colour Remover 2.0 Zmywacz farby"}]},{"@type":"WebSite","@id":"https:\/\/www.lovely-vip.com\/#website","url":"https:\/\/www.lovely-vip.com\/","name":"Lovely Vip","description":"Professional eyelash and eyebrow care products","potentialAction":[{"@type":"SearchAction","target":{"@type":"EntryPoint","urlTemplate":"https:\/\/www.lovely-vip.com\/?s={search_term_string}"},"query-input":{"@type":"PropertyValueSpecification","valueRequired":true,"valueName":"search_term_string"}}],"inLanguage":"en-US"}]}},"_links":{"self":[{"href":"https:\/\/www.lovely-vip.com\/en\/wp-json\/wp\/v2\/product\/20789","targetHints":{"allow":["GET"]}}],"collection":[{"href":"https:\/\/www.lovely-vip.com\/en\/wp-json\/wp\/v2\/product"}],"about":[{"href":"https:\/\/www.lovely-vip.com\/en\/wp-json\/wp\/v2\/types\/product"}],"replies":[{"embeddable":true,"href":"https:\/\/www.lovely-vip.com\/en\/wp-json\/wp\/v2\/comments?post=20789"}],"wp:featuredmedia":[{"embeddable":true,"href":"https:\/\/www.lovely-vip.com\/en\/wp-json\/wp\/v2\/media\/24574"}],"wp:attachment":[{"href":"https:\/\/www.lovely-vip.com\/en\/wp-json\/wp\/v2\/media?parent=20789"}],"wp:term":[{"taxonomy":"product_brand","embeddable":true,"href":"https:\/\/www.lovely-vip.com\/en\/wp-json\/wp\/v2\/product_brand?post=20789"},{"taxonomy":"product_cat","embeddable":true,"href":"https:\/\/www.lovely-vip.com\/en\/wp-json\/wp\/v2\/product_cat?post=20789"},{"taxonomy":"product_tag","embeddable":true,"href":"https:\/\/www.lovely-vip.com\/en\/wp-json\/wp\/v2\/product_tag?post=20789"}],"curies":[{"name":"wp","href":"https:\/\/api.w.org\/{rel}","templated":true}]}}