{"id":2127,"date":"2020-08-27T16:35:25","date_gmt":"2020-08-27T14:35:25","guid":{"rendered":"http:\/\/new.lovely-vip.com\/?post_type=product&#038;p=2127"},"modified":"2026-03-10T21:49:37","modified_gmt":"2026-03-10T20:49:37","slug":"primer-o-zapachu-aloesu-15-ml","status":"publish","type":"product","link":"https:\/\/www.lovely-vip.com\/en\/product\/primer-o-zapachu-aloesu-15-ml\/","title":{"rendered":"Primer pH 8.5 aloe vera, 15 ml"},"content":{"rendered":"<p>Primer Lovely, 15 ml<br \/>\nUsed for additional degreasing of eyelashes and better bonding of natural eyelashes with artificial ones in the extension process. Extends the wearing period of eyelashes for 1-2 weeks.<br \/>\nPrimer has easy evaporation.<br \/>\nApply a small amount of product to the microbrush and wipe the lashes.<br \/>\nStore the product in a cool place.<br \/>\nShelf life - 2 years. After opening - 1 year.<\/p>","protected":false},"excerpt":{"rendered":"<p>Primer Lovely, 15 ml Used for additional degreasing of eyelashes and better bonding of natural eyelashes with artificial ones during the extension process. It extends the wearing period of lashes for 1-2 weeks. Primer has easy evaporation. Apply a small amount of the product on the microbrush and wipe the lashes. Store the product in a cool place. Shelf life - 2 years. After opening - 1 year.<\/p>","protected":false},"featured_media":22073,"comment_status":"closed","ping_status":"closed","template":"","meta":[],"product_brand":[],"product_cat":[293,74],"product_tag":[],"class_list":{"0":"post-2127","1":"product","2":"type-product","3":"status-publish","4":"has-post-thumbnail","6":"product_cat-lovely","7":"product_cat-primery-przyspieszacze","9":"first","10":"instock","11":"purchasable","12":"product-type-simple"},"yoast_head":"<!-- This site is optimized with the Yoast SEO plugin v25.4 - https:\/\/yoast.com\/wordpress\/plugins\/seo\/ -->\n<title>Primer pH 8,5 aloes, 15 ml - Lovely Vip<\/title>\n<meta name=\"robots\" content=\"index, follow, max-snippet:-1, max-image-preview:large, max-video-preview:-1\" \/>\n<link rel=\"canonical\" href=\"https:\/\/www.lovely-vip.com\/en\/product\/primer-o-zapachu-aloesu-15-ml\/\" \/>\n<meta property=\"og:locale\" content=\"en_US\" \/>\n<meta property=\"og:type\" content=\"article\" \/>\n<meta property=\"og:title\" content=\"Primer pH 8,5 aloes, 15 ml - Lovely Vip\" \/>\n<meta property=\"og:description\" content=\"Primer Lovely, 15 ml S\u0142u\u017cy do dodatkowego odt\u0142uszczania rz\u0119s i lepszego po\u0142\u0105czenia naturalnych rz\u0119s ze sztucznymi w procesie przed\u0142u\u017cenia. Wyd\u0142u\u017ca okres noszenia rz\u0119s na 1-2 tygodnie. Primer ma \u0142atwe odparowanie. Na\u0142\u00f3\u017c niewielk\u0105 ilo\u015b\u0107 preparatu na mikrobrush i wytrzyj rz\u0119sy. Preparat nale\u017cy przechowywa\u0107 w ch\u0142odnym miejscu. Okres wa\u017cno\u015bci &#8211; 2 lata. Po otwarciu &#8211; 1 rok.\" \/>\n<meta property=\"og:url\" content=\"https:\/\/www.lovely-vip.com\/en\/product\/primer-o-zapachu-aloesu-15-ml\/\" \/>\n<meta property=\"og:site_name\" content=\"Lovely Vip\" \/>\n<meta property=\"article:modified_time\" content=\"2026-03-10T20:49:37+00:00\" \/>\n<meta property=\"og:image\" content=\"https:\/\/www.lovely-vip.com\/wp-content\/uploads\/2020\/08\/88d81a914b8a313686f6511a000540c7.webp\" \/>\n\t<meta property=\"og:image:width\" content=\"450\" \/>\n\t<meta property=\"og:image:height\" content=\"450\" \/>\n\t<meta property=\"og:image:type\" content=\"image\/webp\" \/>\n<meta name=\"twitter:card\" content=\"summary_large_image\" \/>\n<meta name=\"twitter:label1\" content=\"Est. reading time\" \/>\n\t<meta name=\"twitter:data1\" content=\"1 minute\" \/>\n<script type=\"application\/ld+json\" class=\"yoast-schema-graph\">{\"@context\":\"https:\/\/schema.org\",\"@graph\":[{\"@type\":\"WebPage\",\"@id\":\"https:\/\/www.lovely-vip.com\/product\/primer-o-zapachu-aloesu-15-ml\/\",\"url\":\"https:\/\/www.lovely-vip.com\/product\/primer-o-zapachu-aloesu-15-ml\/\",\"name\":\"Primer pH 8,5 aloes, 15 ml - Lovely Vip\",\"isPartOf\":{\"@id\":\"https:\/\/www.lovely-vip.com\/#website\"},\"primaryImageOfPage\":{\"@id\":\"https:\/\/www.lovely-vip.com\/product\/primer-o-zapachu-aloesu-15-ml\/#primaryimage\"},\"image\":{\"@id\":\"https:\/\/www.lovely-vip.com\/product\/primer-o-zapachu-aloesu-15-ml\/#primaryimage\"},\"thumbnailUrl\":\"https:\/\/www.lovely-vip.com\/wp-content\/uploads\/2020\/08\/88d81a914b8a313686f6511a000540c7.webp\",\"datePublished\":\"2020-08-27T14:35:25+00:00\",\"dateModified\":\"2026-03-10T20:49:37+00:00\",\"breadcrumb\":{\"@id\":\"https:\/\/www.lovely-vip.com\/product\/primer-o-zapachu-aloesu-15-ml\/#breadcrumb\"},\"inLanguage\":\"en-US\",\"potentialAction\":[{\"@type\":\"ReadAction\",\"target\":[\"https:\/\/www.lovely-vip.com\/product\/primer-o-zapachu-aloesu-15-ml\/\"]}]},{\"@type\":\"ImageObject\",\"inLanguage\":\"en-US\",\"@id\":\"https:\/\/www.lovely-vip.com\/product\/primer-o-zapachu-aloesu-15-ml\/#primaryimage\",\"url\":\"https:\/\/www.lovely-vip.com\/wp-content\/uploads\/2020\/08\/88d81a914b8a313686f6511a000540c7.webp\",\"contentUrl\":\"https:\/\/www.lovely-vip.com\/wp-content\/uploads\/2020\/08\/88d81a914b8a313686f6511a000540c7.webp\",\"width\":450,\"height\":450},{\"@type\":\"BreadcrumbList\",\"@id\":\"https:\/\/www.lovely-vip.com\/product\/primer-o-zapachu-aloesu-15-ml\/#breadcrumb\",\"itemListElement\":[{\"@type\":\"ListItem\",\"position\":1,\"name\":\"Strona g\u0142\u00f3wna\",\"item\":\"https:\/\/www.lovely-vip.com\/\"},{\"@type\":\"ListItem\",\"position\":2,\"name\":\"Sklep dla stylistek rz\u0119s i brwi\",\"item\":\"https:\/\/www.lovely-vip.com\/shop\/\"},{\"@type\":\"ListItem\",\"position\":3,\"name\":\"Primer pH 8,5 aloes, 15 ml\"}]},{\"@type\":\"WebSite\",\"@id\":\"https:\/\/www.lovely-vip.com\/#website\",\"url\":\"https:\/\/www.lovely-vip.com\/\",\"name\":\"Lovely Vip\",\"description\":\"Profesjonalne produkty do piel\u0119gnacji rz\u0119s i brwi\",\"potentialAction\":[{\"@type\":\"SearchAction\",\"target\":{\"@type\":\"EntryPoint\",\"urlTemplate\":\"https:\/\/www.lovely-vip.com\/?s={search_term_string}\"},\"query-input\":{\"@type\":\"PropertyValueSpecification\",\"valueRequired\":true,\"valueName\":\"search_term_string\"}}],\"inLanguage\":\"en-US\"}]}<\/script>\n<!-- \/ Yoast SEO plugin. -->","yoast_head_json":{"title":"Primer pH 8,5 aloes, 15 ml - Lovely Vip","robots":{"index":"index","follow":"follow","max-snippet":"max-snippet:-1","max-image-preview":"max-image-preview:large","max-video-preview":"max-video-preview:-1"},"canonical":"https:\/\/www.lovely-vip.com\/en\/product\/primer-o-zapachu-aloesu-15-ml\/","og_locale":"en_US","og_type":"article","og_title":"Primer pH 8,5 aloes, 15 ml - Lovely Vip","og_description":"Primer Lovely, 15 ml S\u0142u\u017cy do dodatkowego odt\u0142uszczania rz\u0119s i lepszego po\u0142\u0105czenia naturalnych rz\u0119s ze sztucznymi w procesie przed\u0142u\u017cenia. Wyd\u0142u\u017ca okres noszenia rz\u0119s na 1-2 tygodnie. Primer ma \u0142atwe odparowanie. Na\u0142\u00f3\u017c niewielk\u0105 ilo\u015b\u0107 preparatu na mikrobrush i wytrzyj rz\u0119sy. Preparat nale\u017cy przechowywa\u0107 w ch\u0142odnym miejscu. Okres wa\u017cno\u015bci &#8211; 2 lata. Po otwarciu &#8211; 1 rok.","og_url":"https:\/\/www.lovely-vip.com\/en\/product\/primer-o-zapachu-aloesu-15-ml\/","og_site_name":"Lovely Vip","article_modified_time":"2026-03-10T20:49:37+00:00","og_image":[{"width":450,"height":450,"url":"https:\/\/www.lovely-vip.com\/wp-content\/uploads\/2020\/08\/88d81a914b8a313686f6511a000540c7.webp","type":"image\/webp"}],"twitter_card":"summary_large_image","twitter_misc":{"Est. reading time":"1 minute"},"schema":{"@context":"https:\/\/schema.org","@graph":[{"@type":"WebPage","@id":"https:\/\/www.lovely-vip.com\/product\/primer-o-zapachu-aloesu-15-ml\/","url":"https:\/\/www.lovely-vip.com\/product\/primer-o-zapachu-aloesu-15-ml\/","name":"Primer pH 8,5 aloes, 15 ml - Lovely Vip","isPartOf":{"@id":"https:\/\/www.lovely-vip.com\/#website"},"primaryImageOfPage":{"@id":"https:\/\/www.lovely-vip.com\/product\/primer-o-zapachu-aloesu-15-ml\/#primaryimage"},"image":{"@id":"https:\/\/www.lovely-vip.com\/product\/primer-o-zapachu-aloesu-15-ml\/#primaryimage"},"thumbnailUrl":"https:\/\/www.lovely-vip.com\/wp-content\/uploads\/2020\/08\/88d81a914b8a313686f6511a000540c7.webp","datePublished":"2020-08-27T14:35:25+00:00","dateModified":"2026-03-10T20:49:37+00:00","breadcrumb":{"@id":"https:\/\/www.lovely-vip.com\/product\/primer-o-zapachu-aloesu-15-ml\/#breadcrumb"},"inLanguage":"en-US","potentialAction":[{"@type":"ReadAction","target":["https:\/\/www.lovely-vip.com\/product\/primer-o-zapachu-aloesu-15-ml\/"]}]},{"@type":"ImageObject","inLanguage":"en-US","@id":"https:\/\/www.lovely-vip.com\/product\/primer-o-zapachu-aloesu-15-ml\/#primaryimage","url":"https:\/\/www.lovely-vip.com\/wp-content\/uploads\/2020\/08\/88d81a914b8a313686f6511a000540c7.webp","contentUrl":"https:\/\/www.lovely-vip.com\/wp-content\/uploads\/2020\/08\/88d81a914b8a313686f6511a000540c7.webp","width":450,"height":450},{"@type":"BreadcrumbList","@id":"https:\/\/www.lovely-vip.com\/product\/primer-o-zapachu-aloesu-15-ml\/#breadcrumb","itemListElement":[{"@type":"ListItem","position":1,"name":"Strona g\u0142\u00f3wna","item":"https:\/\/www.lovely-vip.com\/"},{"@type":"ListItem","position":2,"name":"Sklep dla stylistek rz\u0119s i brwi","item":"https:\/\/www.lovely-vip.com\/shop\/"},{"@type":"ListItem","position":3,"name":"Primer pH 8,5 aloes, 15 ml"}]},{"@type":"WebSite","@id":"https:\/\/www.lovely-vip.com\/#website","url":"https:\/\/www.lovely-vip.com\/","name":"Lovely Vip","description":"Professional eyelash and eyebrow care products","potentialAction":[{"@type":"SearchAction","target":{"@type":"EntryPoint","urlTemplate":"https:\/\/www.lovely-vip.com\/?s={search_term_string}"},"query-input":{"@type":"PropertyValueSpecification","valueRequired":true,"valueName":"search_term_string"}}],"inLanguage":"en-US"}]}},"_links":{"self":[{"href":"https:\/\/www.lovely-vip.com\/en\/wp-json\/wp\/v2\/product\/2127","targetHints":{"allow":["GET"]}}],"collection":[{"href":"https:\/\/www.lovely-vip.com\/en\/wp-json\/wp\/v2\/product"}],"about":[{"href":"https:\/\/www.lovely-vip.com\/en\/wp-json\/wp\/v2\/types\/product"}],"replies":[{"embeddable":true,"href":"https:\/\/www.lovely-vip.com\/en\/wp-json\/wp\/v2\/comments?post=2127"}],"wp:featuredmedia":[{"embeddable":true,"href":"https:\/\/www.lovely-vip.com\/en\/wp-json\/wp\/v2\/media\/22073"}],"wp:attachment":[{"href":"https:\/\/www.lovely-vip.com\/en\/wp-json\/wp\/v2\/media?parent=2127"}],"wp:term":[{"taxonomy":"product_brand","embeddable":true,"href":"https:\/\/www.lovely-vip.com\/en\/wp-json\/wp\/v2\/product_brand?post=2127"},{"taxonomy":"product_cat","embeddable":true,"href":"https:\/\/www.lovely-vip.com\/en\/wp-json\/wp\/v2\/product_cat?post=2127"},{"taxonomy":"product_tag","embeddable":true,"href":"https:\/\/www.lovely-vip.com\/en\/wp-json\/wp\/v2\/product_tag?post=2127"}],"curies":[{"name":"wp","href":"https:\/\/api.w.org\/{rel}","templated":true}]}}