{"id":22038,"date":"2024-05-22T12:49:51","date_gmt":"2024-05-22T10:49:51","guid":{"rendered":"https:\/\/www.lovely-vip.com\/?post_type=product&#038;p=22038"},"modified":"2025-11-17T11:17:43","modified_gmt":"2025-11-17T10:17:43","slug":"rekawiczki-nitrylowe-bezpudrowe-mercator-nitrylex-classic-100sztuk","status":"publish","type":"product","link":"https:\/\/www.lovely-vip.com\/en\/product\/rekawiczki-nitrylowe-bezpudrowe-mercator-nitrylex-classic-100sztuk\/","title":{"rendered":"MERCATOR NITRYLEX classic 100 powder-free nitrile gloves"},"content":{"rendered":"<h3>Nitrylex\u00ae classic is a disposable nitrile glove - diagnostic and protective<\/h3>\n<p><strong>CHARACTERISTICS<\/strong><\/p>\n<ul>\n<li>Barrier to bacteria, fungi and viruses.<\/li>\n<li>Grippable and non-restrictive to hand movement.<\/li>\n<li>Suitable for sensitive skin<\/li>\n<li>Exceptionally\u00a0<strong>great flexibility<\/strong><\/li>\n<li>Good grip thanks to rough fingertips and special texturing<\/li>\n<li>Approved for\u00a0<strong>food contact<\/strong><\/li>\n<\/ul>\n<p><strong>PARAMETERS<\/strong><\/p>\n<ul>\n<li>raw material: synthetic nitrile,<\/li>\n<li>type: diagnostic, protective, disposable<\/li>\n<li>powdering agent: none, the surface inside polymerized<\/li>\n<li>surface: micro-textured + textured fingertips<\/li>\n<li>shape: universal, fit for left and right hand<\/li>\n<li>cuff finish: rolled cuff<\/li>\n<li>sterility: non-sterile<\/li>\n<li>antistatic: no<\/li>\n<li>AQL: 1,0<\/li>\n<li>color: blue<\/li>\n<li>CE Certificate 2777<\/li>\n<\/ul>\n<p><strong>SIZES<\/strong><\/p>\n<ul>\n<li>XS (5-6) width \u2264 80 mm<\/li>\n<li>S (6-7) width 70-90 mm<\/li>\n<\/ul>\n<ul>\n<li style=\"list-style-type: none;\"><\/li>\n<\/ul>\n<p><strong>APPLICATION<\/strong><\/p>\n<p>Category III nitrile gloves include gloves with resistance to the penetration of microorganisms, fungi and bacteria, as well as some substances described in the standard. This allows for the versatile use of nitrylex\u00ae classic nitrile gloves. Nitrylex\u00ae classic gloves can be used during contact with food and during household and domestic work.<\/p>","protected":false},"excerpt":{"rendered":"<p>Nitrylex\u00ae classic to jednorazowe r\u0119kawiczki nitrylowe &#8211; diagnostyczne i ochronne CHARAKTERYSTYKA Barierowe dla bakterii, grzyb\u00f3w i wirus\u00f3w. Chwytne i niekr\u0119puj\u0105ce ruch\u00f3w d\u0142oni. Odpowiednie dla wra\u017cliwej sk\u00f3ry Wyj\u0105tkowo\u00a0du\u017ca elastyczno\u015b\u0107 Dobra przyczepno\u015b\u0107 dzi\u0119ki szorstkim opuszkom palc\u00f3w i specjalnemu teksturowaniu Dopuszczone do\u00a0kontaktu z \u017cywno\u015bci\u0105 PARAMETRY surowiec: nitryl syntetyczny, typ: diagnostyczne, ochronne, jednorazowego u\u017cytku \u015brodek pudruj\u0105cy: brak, powierzchnia wew [&#8230;]\n","protected":false},"featured_media":22033,"comment_status":"open","ping_status":"closed","template":"","meta":[],"product_brand":[],"product_cat":[238,237,257],"product_tag":[],"class_list":{"0":"post-22038","1":"product","2":"type-product","3":"status-publish","4":"has-post-thumbnail","6":"product_cat-farbka-do-brwi","7":"product_cat-henna","8":"product_cat-jednorazowe","10":"first","11":"outofstock","12":"shipping-taxable","13":"product-type-variable"},"yoast_head":"<!-- This site is optimized with the Yoast SEO plugin v25.4 - https:\/\/yoast.com\/wordpress\/plugins\/seo\/ -->\n<title>R\u0119kawiczki nitrylowe bezpudrowe MERCATOR NITRYLEX classic 100 szt - Lovely Vip<\/title>\n<meta name=\"robots\" content=\"index, follow, max-snippet:-1, max-image-preview:large, max-video-preview:-1\" \/>\n<link rel=\"canonical\" href=\"https:\/\/www.lovely-vip.com\/en\/product\/rekawiczki-nitrylowe-bezpudrowe-mercator-nitrylex-classic-100sztuk\/\" \/>\n<meta property=\"og:locale\" content=\"en_US\" \/>\n<meta property=\"og:type\" content=\"article\" \/>\n<meta property=\"og:title\" content=\"R\u0119kawiczki nitrylowe bezpudrowe MERCATOR NITRYLEX classic 100 szt - Lovely Vip\" \/>\n<meta property=\"og:description\" content=\"Nitrylex\u00ae classic to jednorazowe r\u0119kawiczki nitrylowe &#8211; diagnostyczne i ochronne CHARAKTERYSTYKA Barierowe dla bakterii, grzyb\u00f3w i wirus\u00f3w. Chwytne i niekr\u0119puj\u0105ce ruch\u00f3w d\u0142oni. Odpowiednie dla wra\u017cliwej sk\u00f3ry Wyj\u0105tkowo\u00a0du\u017ca elastyczno\u015b\u0107 Dobra przyczepno\u015b\u0107 dzi\u0119ki szorstkim opuszkom palc\u00f3w i specjalnemu teksturowaniu Dopuszczone do\u00a0kontaktu z \u017cywno\u015bci\u0105 PARAMETRY surowiec: nitryl syntetyczny, typ: diagnostyczne, ochronne, jednorazowego u\u017cytku \u015brodek pudruj\u0105cy: brak, powierzchnia wew [...]\" \/>\n<meta property=\"og:url\" content=\"https:\/\/www.lovely-vip.com\/en\/product\/rekawiczki-nitrylowe-bezpudrowe-mercator-nitrylex-classic-100sztuk\/\" \/>\n<meta property=\"og:site_name\" content=\"Lovely Vip\" \/>\n<meta property=\"article:modified_time\" content=\"2025-11-17T10:17:43+00:00\" \/>\n<meta property=\"og:image\" content=\"https:\/\/www.lovely-vip.com\/wp-content\/uploads\/2024\/05\/Rekawiczki-nitrylowe-bezpudrowe-MERCATOR-Nitrilex-Classic-100sztuk.jpg\" \/>\n\t<meta property=\"og:image:width\" content=\"500\" \/>\n\t<meta property=\"og:image:height\" content=\"500\" \/>\n\t<meta property=\"og:image:type\" content=\"image\/jpeg\" \/>\n<meta name=\"twitter:card\" content=\"summary_large_image\" \/>\n<meta name=\"twitter:label1\" content=\"Est. reading time\" \/>\n\t<meta name=\"twitter:data1\" content=\"2 minutes\" \/>\n<script type=\"application\/ld+json\" class=\"yoast-schema-graph\">{\"@context\":\"https:\/\/schema.org\",\"@graph\":[{\"@type\":\"WebPage\",\"@id\":\"https:\/\/www.lovely-vip.com\/product\/rekawiczki-nitrylowe-bezpudrowe-mercator-nitrylex-classic-100sztuk\/\",\"url\":\"https:\/\/www.lovely-vip.com\/product\/rekawiczki-nitrylowe-bezpudrowe-mercator-nitrylex-classic-100sztuk\/\",\"name\":\"R\u0119kawiczki nitrylowe bezpudrowe MERCATOR NITRYLEX classic 100 szt - Lovely Vip\",\"isPartOf\":{\"@id\":\"https:\/\/www.lovely-vip.com\/#website\"},\"primaryImageOfPage\":{\"@id\":\"https:\/\/www.lovely-vip.com\/product\/rekawiczki-nitrylowe-bezpudrowe-mercator-nitrylex-classic-100sztuk\/#primaryimage\"},\"image\":{\"@id\":\"https:\/\/www.lovely-vip.com\/product\/rekawiczki-nitrylowe-bezpudrowe-mercator-nitrylex-classic-100sztuk\/#primaryimage\"},\"thumbnailUrl\":\"https:\/\/www.lovely-vip.com\/wp-content\/uploads\/2024\/05\/Rekawiczki-nitrylowe-bezpudrowe-MERCATOR-Nitrilex-Classic-100sztuk.jpg\",\"datePublished\":\"2024-05-22T10:49:51+00:00\",\"dateModified\":\"2025-11-17T10:17:43+00:00\",\"breadcrumb\":{\"@id\":\"https:\/\/www.lovely-vip.com\/product\/rekawiczki-nitrylowe-bezpudrowe-mercator-nitrylex-classic-100sztuk\/#breadcrumb\"},\"inLanguage\":\"en-US\",\"potentialAction\":[{\"@type\":\"ReadAction\",\"target\":[\"https:\/\/www.lovely-vip.com\/product\/rekawiczki-nitrylowe-bezpudrowe-mercator-nitrylex-classic-100sztuk\/\"]}]},{\"@type\":\"ImageObject\",\"inLanguage\":\"en-US\",\"@id\":\"https:\/\/www.lovely-vip.com\/product\/rekawiczki-nitrylowe-bezpudrowe-mercator-nitrylex-classic-100sztuk\/#primaryimage\",\"url\":\"https:\/\/www.lovely-vip.com\/wp-content\/uploads\/2024\/05\/Rekawiczki-nitrylowe-bezpudrowe-MERCATOR-Nitrilex-Classic-100sztuk.jpg\",\"contentUrl\":\"https:\/\/www.lovely-vip.com\/wp-content\/uploads\/2024\/05\/Rekawiczki-nitrylowe-bezpudrowe-MERCATOR-Nitrilex-Classic-100sztuk.jpg\",\"width\":500,\"height\":500},{\"@type\":\"BreadcrumbList\",\"@id\":\"https:\/\/www.lovely-vip.com\/product\/rekawiczki-nitrylowe-bezpudrowe-mercator-nitrylex-classic-100sztuk\/#breadcrumb\",\"itemListElement\":[{\"@type\":\"ListItem\",\"position\":1,\"name\":\"Strona g\u0142\u00f3wna\",\"item\":\"https:\/\/www.lovely-vip.com\/\"},{\"@type\":\"ListItem\",\"position\":2,\"name\":\"Sklep dla stylistek rz\u0119s i brwi\",\"item\":\"https:\/\/www.lovely-vip.com\/shop\/\"},{\"@type\":\"ListItem\",\"position\":3,\"name\":\"R\u0119kawiczki nitrylowe bezpudrowe MERCATOR NITRYLEX classic 100 szt\"}]},{\"@type\":\"WebSite\",\"@id\":\"https:\/\/www.lovely-vip.com\/#website\",\"url\":\"https:\/\/www.lovely-vip.com\/\",\"name\":\"Lovely Vip\",\"description\":\"Profesjonalne produkty do piel\u0119gnacji rz\u0119s i brwi\",\"potentialAction\":[{\"@type\":\"SearchAction\",\"target\":{\"@type\":\"EntryPoint\",\"urlTemplate\":\"https:\/\/www.lovely-vip.com\/?s={search_term_string}\"},\"query-input\":{\"@type\":\"PropertyValueSpecification\",\"valueRequired\":true,\"valueName\":\"search_term_string\"}}],\"inLanguage\":\"en-US\"}]}<\/script>\n<!-- \/ Yoast SEO plugin. -->","yoast_head_json":{"title":"R\u0119kawiczki nitrylowe bezpudrowe MERCATOR NITRYLEX classic 100 szt - Lovely Vip","robots":{"index":"index","follow":"follow","max-snippet":"max-snippet:-1","max-image-preview":"max-image-preview:large","max-video-preview":"max-video-preview:-1"},"canonical":"https:\/\/www.lovely-vip.com\/en\/product\/rekawiczki-nitrylowe-bezpudrowe-mercator-nitrylex-classic-100sztuk\/","og_locale":"en_US","og_type":"article","og_title":"R\u0119kawiczki nitrylowe bezpudrowe MERCATOR NITRYLEX classic 100 szt - Lovely Vip","og_description":"Nitrylex\u00ae classic to jednorazowe r\u0119kawiczki nitrylowe &#8211; diagnostyczne i ochronne CHARAKTERYSTYKA Barierowe dla bakterii, grzyb\u00f3w i wirus\u00f3w. Chwytne i niekr\u0119puj\u0105ce ruch\u00f3w d\u0142oni. Odpowiednie dla wra\u017cliwej sk\u00f3ry Wyj\u0105tkowo\u00a0du\u017ca elastyczno\u015b\u0107 Dobra przyczepno\u015b\u0107 dzi\u0119ki szorstkim opuszkom palc\u00f3w i specjalnemu teksturowaniu Dopuszczone do\u00a0kontaktu z \u017cywno\u015bci\u0105 PARAMETRY surowiec: nitryl syntetyczny, typ: diagnostyczne, ochronne, jednorazowego u\u017cytku \u015brodek pudruj\u0105cy: brak, powierzchnia wew [...]","og_url":"https:\/\/www.lovely-vip.com\/en\/product\/rekawiczki-nitrylowe-bezpudrowe-mercator-nitrylex-classic-100sztuk\/","og_site_name":"Lovely Vip","article_modified_time":"2025-11-17T10:17:43+00:00","og_image":[{"width":500,"height":500,"url":"https:\/\/www.lovely-vip.com\/wp-content\/uploads\/2024\/05\/Rekawiczki-nitrylowe-bezpudrowe-MERCATOR-Nitrilex-Classic-100sztuk.jpg","type":"image\/jpeg"}],"twitter_card":"summary_large_image","twitter_misc":{"Est. reading time":"2 minutes"},"schema":{"@context":"https:\/\/schema.org","@graph":[{"@type":"WebPage","@id":"https:\/\/www.lovely-vip.com\/product\/rekawiczki-nitrylowe-bezpudrowe-mercator-nitrylex-classic-100sztuk\/","url":"https:\/\/www.lovely-vip.com\/product\/rekawiczki-nitrylowe-bezpudrowe-mercator-nitrylex-classic-100sztuk\/","name":"R\u0119kawiczki nitrylowe bezpudrowe MERCATOR NITRYLEX classic 100 szt - Lovely Vip","isPartOf":{"@id":"https:\/\/www.lovely-vip.com\/#website"},"primaryImageOfPage":{"@id":"https:\/\/www.lovely-vip.com\/product\/rekawiczki-nitrylowe-bezpudrowe-mercator-nitrylex-classic-100sztuk\/#primaryimage"},"image":{"@id":"https:\/\/www.lovely-vip.com\/product\/rekawiczki-nitrylowe-bezpudrowe-mercator-nitrylex-classic-100sztuk\/#primaryimage"},"thumbnailUrl":"https:\/\/www.lovely-vip.com\/wp-content\/uploads\/2024\/05\/Rekawiczki-nitrylowe-bezpudrowe-MERCATOR-Nitrilex-Classic-100sztuk.jpg","datePublished":"2024-05-22T10:49:51+00:00","dateModified":"2025-11-17T10:17:43+00:00","breadcrumb":{"@id":"https:\/\/www.lovely-vip.com\/product\/rekawiczki-nitrylowe-bezpudrowe-mercator-nitrylex-classic-100sztuk\/#breadcrumb"},"inLanguage":"en-US","potentialAction":[{"@type":"ReadAction","target":["https:\/\/www.lovely-vip.com\/product\/rekawiczki-nitrylowe-bezpudrowe-mercator-nitrylex-classic-100sztuk\/"]}]},{"@type":"ImageObject","inLanguage":"en-US","@id":"https:\/\/www.lovely-vip.com\/product\/rekawiczki-nitrylowe-bezpudrowe-mercator-nitrylex-classic-100sztuk\/#primaryimage","url":"https:\/\/www.lovely-vip.com\/wp-content\/uploads\/2024\/05\/Rekawiczki-nitrylowe-bezpudrowe-MERCATOR-Nitrilex-Classic-100sztuk.jpg","contentUrl":"https:\/\/www.lovely-vip.com\/wp-content\/uploads\/2024\/05\/Rekawiczki-nitrylowe-bezpudrowe-MERCATOR-Nitrilex-Classic-100sztuk.jpg","width":500,"height":500},{"@type":"BreadcrumbList","@id":"https:\/\/www.lovely-vip.com\/product\/rekawiczki-nitrylowe-bezpudrowe-mercator-nitrylex-classic-100sztuk\/#breadcrumb","itemListElement":[{"@type":"ListItem","position":1,"name":"Strona g\u0142\u00f3wna","item":"https:\/\/www.lovely-vip.com\/"},{"@type":"ListItem","position":2,"name":"Sklep dla stylistek rz\u0119s i brwi","item":"https:\/\/www.lovely-vip.com\/shop\/"},{"@type":"ListItem","position":3,"name":"R\u0119kawiczki nitrylowe bezpudrowe MERCATOR NITRYLEX classic 100 szt"}]},{"@type":"WebSite","@id":"https:\/\/www.lovely-vip.com\/#website","url":"https:\/\/www.lovely-vip.com\/","name":"Lovely Vip","description":"Professional eyelash and eyebrow care products","potentialAction":[{"@type":"SearchAction","target":{"@type":"EntryPoint","urlTemplate":"https:\/\/www.lovely-vip.com\/?s={search_term_string}"},"query-input":{"@type":"PropertyValueSpecification","valueRequired":true,"valueName":"search_term_string"}}],"inLanguage":"en-US"}]}},"_links":{"self":[{"href":"https:\/\/www.lovely-vip.com\/en\/wp-json\/wp\/v2\/product\/22038","targetHints":{"allow":["GET"]}}],"collection":[{"href":"https:\/\/www.lovely-vip.com\/en\/wp-json\/wp\/v2\/product"}],"about":[{"href":"https:\/\/www.lovely-vip.com\/en\/wp-json\/wp\/v2\/types\/product"}],"replies":[{"embeddable":true,"href":"https:\/\/www.lovely-vip.com\/en\/wp-json\/wp\/v2\/comments?post=22038"}],"wp:featuredmedia":[{"embeddable":true,"href":"https:\/\/www.lovely-vip.com\/en\/wp-json\/wp\/v2\/media\/22033"}],"wp:attachment":[{"href":"https:\/\/www.lovely-vip.com\/en\/wp-json\/wp\/v2\/media?parent=22038"}],"wp:term":[{"taxonomy":"product_brand","embeddable":true,"href":"https:\/\/www.lovely-vip.com\/en\/wp-json\/wp\/v2\/product_brand?post=22038"},{"taxonomy":"product_cat","embeddable":true,"href":"https:\/\/www.lovely-vip.com\/en\/wp-json\/wp\/v2\/product_cat?post=22038"},{"taxonomy":"product_tag","embeddable":true,"href":"https:\/\/www.lovely-vip.com\/en\/wp-json\/wp\/v2\/product_tag?post=22038"}],"curies":[{"name":"wp","href":"https:\/\/api.w.org\/{rel}","templated":true}]}}