{"id":25384,"date":"2025-01-20T11:42:19","date_gmt":"2025-01-20T10:42:19","guid":{"rendered":"https:\/\/www.lovely-vip.com\/?post_type=product&#038;p=25384"},"modified":"2025-11-17T10:57:23","modified_gmt":"2025-11-17T09:57:23","slug":"peseta-do-rzes-expert-40-type-1","status":"publish","type":"product","link":"https:\/\/www.lovely-vip.com\/en\/product\/peseta-do-rzes-expert-40-type-1\/","title":{"rendered":"Staleks Eyelash Tweezers EXPERT 40 TYPE 1"},"content":{"rendered":"","protected":false},"excerpt":{"rendered":"<ul>\n<li>Professional eyelash tweezers (L-shaped, 50\u2032).<\/li>\n<li>Handy for shaping 2D-4D bunches.<\/li>\n<li>For classic and artistic eyelash extensions.<\/li>\n<li>Suitable for beginners .<\/li>\n<li>Comfortable working part of the tweezers, narrow edges allow working in the inner and outer corners of the eye.<\/li>\n<li>Smooth, gradual clamping thanks to three radial grooves in the body of the tweezers, reducing hand fatigue.<\/li>\n<li>Strong grip on the material due to the even closing of the working edges over the entire surface, working nose.<\/li>\n<li>Professionally hand-ground working surfaces prevent the risk of breaking and deforming the eyelash.<\/li>\n<li>Professional sanding and polishing significantly extends the life of the tweezers and prevents glue from sticking.<\/li>\n<li>Satin matte finish with low reflectivity prevents slipping in the hand.<\/li>\n<li>Made of high quality stainless steel for corrosion resistance, long life.<\/li>\n<li>All available methods of disinfection and sterilization.<\/li>\n<\/ul>","protected":false},"featured_media":25386,"comment_status":"open","ping_status":"closed","template":"","meta":[],"product_brand":[],"product_cat":[88],"product_tag":[],"class_list":{"0":"post-25384","1":"product","2":"type-product","3":"status-publish","4":"has-post-thumbnail","6":"product_cat-pesety","8":"first","9":"outofstock","10":"shipping-taxable","11":"purchasable","12":"product-type-simple"},"yoast_head":"<!-- This site is optimized with the Yoast SEO plugin v25.4 - https:\/\/yoast.com\/wordpress\/plugins\/seo\/ -->\n<title>P\u0119seta Do Rz\u0119s Staleks EXPERT 40 TYPE 1 - Lovely Vip<\/title>\n<meta name=\"robots\" content=\"index, follow, max-snippet:-1, max-image-preview:large, max-video-preview:-1\" \/>\n<link rel=\"canonical\" href=\"https:\/\/www.lovely-vip.com\/en\/product\/peseta-do-rzes-expert-40-type-1\/\" \/>\n<meta property=\"og:locale\" content=\"en_US\" \/>\n<meta property=\"og:type\" content=\"article\" \/>\n<meta property=\"og:title\" content=\"P\u0119seta Do Rz\u0119s Staleks EXPERT 40 TYPE 1 - Lovely Vip\" \/>\n<meta property=\"og:description\" content=\"Profesjonalna p\u0119seta do rz\u0119s (w kszta\u0142cie litery L, 50&#039;).  Por\u0119czny do kszta\u0142towania p\u0119czk\u00f3w 2D-4D.  Do klasycznego i artystycznego przed\u0142u\u017cania rz\u0119s.  Odpowiednie dla pocz\u0105tkuj\u0105cych .  Wygodna cz\u0119\u015b\u0107 robocza p\u0119sety, w\u0105skie kraw\u0119dzie umo\u017cliwiaj\u0105 prac\u0119 w wewn\u0119trznych i zewn\u0119trznych k\u0105cikach oka.  P\u0142ynne, stopniowe zaciskanie dzi\u0119ki trzem radialnym rowkom w korpusie p\u0119sety, zmniejszaj\u0105cym zm\u0119czenie r\u0119ki.  Mocny chwyt materia\u0142u dzi\u0119ki r\u00f3wnomiernemu zamykaniu kraw\u0119dzi roboczych na ca\u0142ej powierzchni, nos roboczy.  Profesjonalnie r\u0119cznie szlifowane powierzchni roboczych zapobiegaj\u0105 ryzyku z\u0142amania i deformacji rz\u0119sy.  Profesjonalne szlifowanie i polerowanie znacznie wyd\u0142u\u017ca \u017cywotno\u015b\u0107 p\u0119sety i zapobiega przyleganiu kleju.  Satynowe, matowe wyko\u0144czenie o niskim wsp\u00f3\u0142czynniku odbicia \u015bwiat\u0142a zapobiega \u015blizganiu si\u0119 w d\u0142oni.  Wykonane z wysokiej jako\u015bci stali nierdzewnej dla zwi\u0119kszenia odporno\u015bci na korozj\u0119, d\u0142ugiej \u017cywotno\u015bci.  Wszystkie dost\u0119pne metody dezynfekcji i sterylizacji.\" \/>\n<meta property=\"og:url\" content=\"https:\/\/www.lovely-vip.com\/en\/product\/peseta-do-rzes-expert-40-type-1\/\" \/>\n<meta property=\"og:site_name\" content=\"Lovely Vip\" \/>\n<meta property=\"article:modified_time\" content=\"2025-11-17T09:57:23+00:00\" \/>\n<meta property=\"og:image\" content=\"https:\/\/www.lovely-vip.com\/wp-content\/uploads\/2025\/01\/pinczet-professionalnyj-dlya-resnicz-te-40-1_2.jpg.webp\" \/>\n\t<meta property=\"og:image:width\" content=\"2000\" \/>\n\t<meta property=\"og:image:height\" content=\"2000\" \/>\n\t<meta property=\"og:image:type\" content=\"image\/webp\" \/>\n<meta name=\"twitter:card\" content=\"summary_large_image\" \/>\n<meta name=\"twitter:label1\" content=\"Est. reading time\" \/>\n\t<meta name=\"twitter:data1\" content=\"1 minute\" \/>\n<script type=\"application\/ld+json\" class=\"yoast-schema-graph\">{\"@context\":\"https:\/\/schema.org\",\"@graph\":[{\"@type\":\"WebPage\",\"@id\":\"https:\/\/www.lovely-vip.com\/product\/peseta-do-rzes-expert-40-type-1\/\",\"url\":\"https:\/\/www.lovely-vip.com\/product\/peseta-do-rzes-expert-40-type-1\/\",\"name\":\"P\u0119seta Do Rz\u0119s Staleks EXPERT 40 TYPE 1 - Lovely Vip\",\"isPartOf\":{\"@id\":\"https:\/\/www.lovely-vip.com\/#website\"},\"primaryImageOfPage\":{\"@id\":\"https:\/\/www.lovely-vip.com\/product\/peseta-do-rzes-expert-40-type-1\/#primaryimage\"},\"image\":{\"@id\":\"https:\/\/www.lovely-vip.com\/product\/peseta-do-rzes-expert-40-type-1\/#primaryimage\"},\"thumbnailUrl\":\"https:\/\/www.lovely-vip.com\/wp-content\/uploads\/2025\/01\/pinczet-professionalnyj-dlya-resnicz-te-40-1_2.jpg.webp\",\"datePublished\":\"2025-01-20T10:42:19+00:00\",\"dateModified\":\"2025-11-17T09:57:23+00:00\",\"breadcrumb\":{\"@id\":\"https:\/\/www.lovely-vip.com\/product\/peseta-do-rzes-expert-40-type-1\/#breadcrumb\"},\"inLanguage\":\"en-US\",\"potentialAction\":[{\"@type\":\"ReadAction\",\"target\":[\"https:\/\/www.lovely-vip.com\/product\/peseta-do-rzes-expert-40-type-1\/\"]}]},{\"@type\":\"ImageObject\",\"inLanguage\":\"en-US\",\"@id\":\"https:\/\/www.lovely-vip.com\/product\/peseta-do-rzes-expert-40-type-1\/#primaryimage\",\"url\":\"https:\/\/www.lovely-vip.com\/wp-content\/uploads\/2025\/01\/pinczet-professionalnyj-dlya-resnicz-te-40-1_2.jpg.webp\",\"contentUrl\":\"https:\/\/www.lovely-vip.com\/wp-content\/uploads\/2025\/01\/pinczet-professionalnyj-dlya-resnicz-te-40-1_2.jpg.webp\",\"width\":2000,\"height\":2000},{\"@type\":\"BreadcrumbList\",\"@id\":\"https:\/\/www.lovely-vip.com\/product\/peseta-do-rzes-expert-40-type-1\/#breadcrumb\",\"itemListElement\":[{\"@type\":\"ListItem\",\"position\":1,\"name\":\"Strona g\u0142\u00f3wna\",\"item\":\"https:\/\/www.lovely-vip.com\/\"},{\"@type\":\"ListItem\",\"position\":2,\"name\":\"Sklep dla stylistek rz\u0119s i brwi\",\"item\":\"https:\/\/www.lovely-vip.com\/shop\/\"},{\"@type\":\"ListItem\",\"position\":3,\"name\":\"P\u0119seta Do Rz\u0119s Staleks EXPERT 40 TYPE 1\"}]},{\"@type\":\"WebSite\",\"@id\":\"https:\/\/www.lovely-vip.com\/#website\",\"url\":\"https:\/\/www.lovely-vip.com\/\",\"name\":\"Lovely Vip\",\"description\":\"Profesjonalne produkty do piel\u0119gnacji rz\u0119s i brwi\",\"potentialAction\":[{\"@type\":\"SearchAction\",\"target\":{\"@type\":\"EntryPoint\",\"urlTemplate\":\"https:\/\/www.lovely-vip.com\/?s={search_term_string}\"},\"query-input\":{\"@type\":\"PropertyValueSpecification\",\"valueRequired\":true,\"valueName\":\"search_term_string\"}}],\"inLanguage\":\"en-US\"}]}<\/script>\n<!-- \/ Yoast SEO plugin. -->","yoast_head_json":{"title":"P\u0119seta Do Rz\u0119s Staleks EXPERT 40 TYPE 1 - Lovely Vip","robots":{"index":"index","follow":"follow","max-snippet":"max-snippet:-1","max-image-preview":"max-image-preview:large","max-video-preview":"max-video-preview:-1"},"canonical":"https:\/\/www.lovely-vip.com\/en\/product\/peseta-do-rzes-expert-40-type-1\/","og_locale":"en_US","og_type":"article","og_title":"P\u0119seta Do Rz\u0119s Staleks EXPERT 40 TYPE 1 - Lovely Vip","og_description":"Profesjonalna p\u0119seta do rz\u0119s (w kszta\u0142cie litery L, 50').  Por\u0119czny do kszta\u0142towania p\u0119czk\u00f3w 2D-4D.  Do klasycznego i artystycznego przed\u0142u\u017cania rz\u0119s.  Odpowiednie dla pocz\u0105tkuj\u0105cych .  Wygodna cz\u0119\u015b\u0107 robocza p\u0119sety, w\u0105skie kraw\u0119dzie umo\u017cliwiaj\u0105 prac\u0119 w wewn\u0119trznych i zewn\u0119trznych k\u0105cikach oka.  P\u0142ynne, stopniowe zaciskanie dzi\u0119ki trzem radialnym rowkom w korpusie p\u0119sety, zmniejszaj\u0105cym zm\u0119czenie r\u0119ki.  Mocny chwyt materia\u0142u dzi\u0119ki r\u00f3wnomiernemu zamykaniu kraw\u0119dzi roboczych na ca\u0142ej powierzchni, nos roboczy.  Profesjonalnie r\u0119cznie szlifowane powierzchni roboczych zapobiegaj\u0105 ryzyku z\u0142amania i deformacji rz\u0119sy.  Profesjonalne szlifowanie i polerowanie znacznie wyd\u0142u\u017ca \u017cywotno\u015b\u0107 p\u0119sety i zapobiega przyleganiu kleju.  Satynowe, matowe wyko\u0144czenie o niskim wsp\u00f3\u0142czynniku odbicia \u015bwiat\u0142a zapobiega \u015blizganiu si\u0119 w d\u0142oni.  Wykonane z wysokiej jako\u015bci stali nierdzewnej dla zwi\u0119kszenia odporno\u015bci na korozj\u0119, d\u0142ugiej \u017cywotno\u015bci.  Wszystkie dost\u0119pne metody dezynfekcji i sterylizacji.","og_url":"https:\/\/www.lovely-vip.com\/en\/product\/peseta-do-rzes-expert-40-type-1\/","og_site_name":"Lovely Vip","article_modified_time":"2025-11-17T09:57:23+00:00","og_image":[{"width":2000,"height":2000,"url":"https:\/\/www.lovely-vip.com\/wp-content\/uploads\/2025\/01\/pinczet-professionalnyj-dlya-resnicz-te-40-1_2.jpg.webp","type":"image\/webp"}],"twitter_card":"summary_large_image","twitter_misc":{"Est. reading time":"1 minute"},"schema":{"@context":"https:\/\/schema.org","@graph":[{"@type":"WebPage","@id":"https:\/\/www.lovely-vip.com\/product\/peseta-do-rzes-expert-40-type-1\/","url":"https:\/\/www.lovely-vip.com\/product\/peseta-do-rzes-expert-40-type-1\/","name":"P\u0119seta Do Rz\u0119s Staleks EXPERT 40 TYPE 1 - Lovely Vip","isPartOf":{"@id":"https:\/\/www.lovely-vip.com\/#website"},"primaryImageOfPage":{"@id":"https:\/\/www.lovely-vip.com\/product\/peseta-do-rzes-expert-40-type-1\/#primaryimage"},"image":{"@id":"https:\/\/www.lovely-vip.com\/product\/peseta-do-rzes-expert-40-type-1\/#primaryimage"},"thumbnailUrl":"https:\/\/www.lovely-vip.com\/wp-content\/uploads\/2025\/01\/pinczet-professionalnyj-dlya-resnicz-te-40-1_2.jpg.webp","datePublished":"2025-01-20T10:42:19+00:00","dateModified":"2025-11-17T09:57:23+00:00","breadcrumb":{"@id":"https:\/\/www.lovely-vip.com\/product\/peseta-do-rzes-expert-40-type-1\/#breadcrumb"},"inLanguage":"en-US","potentialAction":[{"@type":"ReadAction","target":["https:\/\/www.lovely-vip.com\/product\/peseta-do-rzes-expert-40-type-1\/"]}]},{"@type":"ImageObject","inLanguage":"en-US","@id":"https:\/\/www.lovely-vip.com\/product\/peseta-do-rzes-expert-40-type-1\/#primaryimage","url":"https:\/\/www.lovely-vip.com\/wp-content\/uploads\/2025\/01\/pinczet-professionalnyj-dlya-resnicz-te-40-1_2.jpg.webp","contentUrl":"https:\/\/www.lovely-vip.com\/wp-content\/uploads\/2025\/01\/pinczet-professionalnyj-dlya-resnicz-te-40-1_2.jpg.webp","width":2000,"height":2000},{"@type":"BreadcrumbList","@id":"https:\/\/www.lovely-vip.com\/product\/peseta-do-rzes-expert-40-type-1\/#breadcrumb","itemListElement":[{"@type":"ListItem","position":1,"name":"Strona g\u0142\u00f3wna","item":"https:\/\/www.lovely-vip.com\/"},{"@type":"ListItem","position":2,"name":"Sklep dla stylistek rz\u0119s i brwi","item":"https:\/\/www.lovely-vip.com\/shop\/"},{"@type":"ListItem","position":3,"name":"P\u0119seta Do Rz\u0119s Staleks EXPERT 40 TYPE 1"}]},{"@type":"WebSite","@id":"https:\/\/www.lovely-vip.com\/#website","url":"https:\/\/www.lovely-vip.com\/","name":"Lovely Vip","description":"Professional eyelash and eyebrow care products","potentialAction":[{"@type":"SearchAction","target":{"@type":"EntryPoint","urlTemplate":"https:\/\/www.lovely-vip.com\/?s={search_term_string}"},"query-input":{"@type":"PropertyValueSpecification","valueRequired":true,"valueName":"search_term_string"}}],"inLanguage":"en-US"}]}},"_links":{"self":[{"href":"https:\/\/www.lovely-vip.com\/en\/wp-json\/wp\/v2\/product\/25384","targetHints":{"allow":["GET"]}}],"collection":[{"href":"https:\/\/www.lovely-vip.com\/en\/wp-json\/wp\/v2\/product"}],"about":[{"href":"https:\/\/www.lovely-vip.com\/en\/wp-json\/wp\/v2\/types\/product"}],"replies":[{"embeddable":true,"href":"https:\/\/www.lovely-vip.com\/en\/wp-json\/wp\/v2\/comments?post=25384"}],"wp:featuredmedia":[{"embeddable":true,"href":"https:\/\/www.lovely-vip.com\/en\/wp-json\/wp\/v2\/media\/25386"}],"wp:attachment":[{"href":"https:\/\/www.lovely-vip.com\/en\/wp-json\/wp\/v2\/media?parent=25384"}],"wp:term":[{"taxonomy":"product_brand","embeddable":true,"href":"https:\/\/www.lovely-vip.com\/en\/wp-json\/wp\/v2\/product_brand?post=25384"},{"taxonomy":"product_cat","embeddable":true,"href":"https:\/\/www.lovely-vip.com\/en\/wp-json\/wp\/v2\/product_cat?post=25384"},{"taxonomy":"product_tag","embeddable":true,"href":"https:\/\/www.lovely-vip.com\/en\/wp-json\/wp\/v2\/product_tag?post=25384"}],"curies":[{"name":"wp","href":"https:\/\/api.w.org\/{rel}","templated":true}]}}