{"id":25389,"date":"2025-01-20T11:56:57","date_gmt":"2025-01-20T10:56:57","guid":{"rendered":"https:\/\/www.lovely-vip.com\/?post_type=product&#038;p=25389"},"modified":"2025-01-20T12:07:11","modified_gmt":"2025-01-20T11:07:11","slug":"peseta-do-brwi-beauty-care-10-type-2","status":"publish","type":"product","link":"https:\/\/www.lovely-vip.com\/en\/product\/peseta-do-brwi-beauty-care-10-type-2\/","title":{"rendered":"Staleks BEAUTY &amp; CARE 10 TYPE 2 Eyebrow Tweezers"},"content":{"rendered":"","protected":false},"excerpt":{"rendered":"<ul>\n<li>Eyebrow Tweezers.<\/li>\n<li>Narrow, straight edges.<\/li>\n<li>Recommended for correcting thick, wide eyebrows.<\/li>\n<li>Designed for home use.<\/li>\n<li>It grabs any thickness of hair, thanks to its thin edges .<\/li>\n<li>Reduce the risk of hair breakage by tightly sealing the working surfaces.<\/li>\n<li>The polished outer surface of the instrument does not cause damage to the skin during correction.<\/li>\n<li>Manual sharpening of working edges.<\/li>\n<li>Material: stainless steel AISI 420, corrosion-resistant.<\/li>\n<\/ul>","protected":false},"featured_media":25391,"comment_status":"open","ping_status":"closed","template":"","meta":[],"product_brand":[],"product_cat":[277,88],"product_tag":[],"class_list":{"0":"post-25389","1":"product","2":"type-product","3":"status-publish","4":"has-post-thumbnail","6":"product_cat-pedzle-i-pesety","7":"product_cat-pesety","9":"first","10":"instock","11":"shipping-taxable","12":"purchasable","13":"product-type-simple"},"yoast_head":"<!-- This site is optimized with the Yoast SEO plugin v25.4 - https:\/\/yoast.com\/wordpress\/plugins\/seo\/ -->\n<title>P\u0119seta Do Brwi Staleks BEAUTY &amp; CARE 10 TYPE 2 - Lovely Vip<\/title>\n<meta name=\"robots\" content=\"index, follow, max-snippet:-1, max-image-preview:large, max-video-preview:-1\" \/>\n<link rel=\"canonical\" href=\"https:\/\/www.lovely-vip.com\/en\/product\/peseta-do-brwi-beauty-care-10-type-2\/\" \/>\n<meta property=\"og:locale\" content=\"en_US\" \/>\n<meta property=\"og:type\" content=\"article\" \/>\n<meta property=\"og:title\" content=\"P\u0119seta Do Brwi Staleks BEAUTY &amp; CARE 10 TYPE 2 - Lovely Vip\" \/>\n<meta property=\"og:description\" content=\"P\u0119seta do brwi.  W\u0105skie, proste kraw\u0119dzie.  Polecany do korekty grubych, szerokich brwi.  Przeznaczony do u\u017cytku domowego.  Chwyta ka\u017cd\u0105 grubo\u015b\u0107 w\u0142os\u00f3w, dzi\u0119ki cienkim kraw\u0119dziom .  Zmniejszenie ryzyka z\u0142amania w\u0142os\u00f3w, dzi\u0119ki szczelnemu zamkni\u0119ciu powierzchni roboczych.  Polerowana powierzchnia zewn\u0119trzna instrumentu nie powoduje uszkodze\u0144 sk\u00f3ry podczas korekcji.  R\u0119czne ostrzenie kraw\u0119dzie roboczych.  Materia\u0142: stal nierdzewna AISI 420, odporna na korozj\u0119.\" \/>\n<meta property=\"og:url\" content=\"https:\/\/www.lovely-vip.com\/en\/product\/peseta-do-brwi-beauty-care-10-type-2\/\" \/>\n<meta property=\"og:site_name\" content=\"Lovely Vip\" \/>\n<meta property=\"article:modified_time\" content=\"2025-01-20T11:07:11+00:00\" \/>\n<meta property=\"og:image\" content=\"https:\/\/www.lovely-vip.com\/wp-content\/uploads\/2025\/01\/pinczet-dlya-brovej-tbc-10_2.jpg.webp\" \/>\n\t<meta property=\"og:image:width\" content=\"2000\" \/>\n\t<meta property=\"og:image:height\" content=\"2000\" \/>\n\t<meta property=\"og:image:type\" content=\"image\/webp\" \/>\n<meta name=\"twitter:card\" content=\"summary_large_image\" \/>\n<meta name=\"twitter:label1\" content=\"Est. reading time\" \/>\n\t<meta name=\"twitter:data1\" content=\"1 minute\" \/>\n<script type=\"application\/ld+json\" class=\"yoast-schema-graph\">{\"@context\":\"https:\/\/schema.org\",\"@graph\":[{\"@type\":\"WebPage\",\"@id\":\"https:\/\/www.lovely-vip.com\/product\/peseta-do-brwi-beauty-care-10-type-2\/\",\"url\":\"https:\/\/www.lovely-vip.com\/product\/peseta-do-brwi-beauty-care-10-type-2\/\",\"name\":\"P\u0119seta Do Brwi Staleks BEAUTY & CARE 10 TYPE 2 - Lovely Vip\",\"isPartOf\":{\"@id\":\"https:\/\/www.lovely-vip.com\/#website\"},\"primaryImageOfPage\":{\"@id\":\"https:\/\/www.lovely-vip.com\/product\/peseta-do-brwi-beauty-care-10-type-2\/#primaryimage\"},\"image\":{\"@id\":\"https:\/\/www.lovely-vip.com\/product\/peseta-do-brwi-beauty-care-10-type-2\/#primaryimage\"},\"thumbnailUrl\":\"https:\/\/www.lovely-vip.com\/wp-content\/uploads\/2025\/01\/pinczet-dlya-brovej-tbc-10_2.jpg.webp\",\"datePublished\":\"2025-01-20T10:56:57+00:00\",\"dateModified\":\"2025-01-20T11:07:11+00:00\",\"breadcrumb\":{\"@id\":\"https:\/\/www.lovely-vip.com\/product\/peseta-do-brwi-beauty-care-10-type-2\/#breadcrumb\"},\"inLanguage\":\"en-US\",\"potentialAction\":[{\"@type\":\"ReadAction\",\"target\":[\"https:\/\/www.lovely-vip.com\/product\/peseta-do-brwi-beauty-care-10-type-2\/\"]}]},{\"@type\":\"ImageObject\",\"inLanguage\":\"en-US\",\"@id\":\"https:\/\/www.lovely-vip.com\/product\/peseta-do-brwi-beauty-care-10-type-2\/#primaryimage\",\"url\":\"https:\/\/www.lovely-vip.com\/wp-content\/uploads\/2025\/01\/pinczet-dlya-brovej-tbc-10_2.jpg.webp\",\"contentUrl\":\"https:\/\/www.lovely-vip.com\/wp-content\/uploads\/2025\/01\/pinczet-dlya-brovej-tbc-10_2.jpg.webp\",\"width\":2000,\"height\":2000},{\"@type\":\"BreadcrumbList\",\"@id\":\"https:\/\/www.lovely-vip.com\/product\/peseta-do-brwi-beauty-care-10-type-2\/#breadcrumb\",\"itemListElement\":[{\"@type\":\"ListItem\",\"position\":1,\"name\":\"Strona g\u0142\u00f3wna\",\"item\":\"https:\/\/www.lovely-vip.com\/\"},{\"@type\":\"ListItem\",\"position\":2,\"name\":\"Sklep dla stylistek rz\u0119s i brwi\",\"item\":\"https:\/\/www.lovely-vip.com\/shop\/\"},{\"@type\":\"ListItem\",\"position\":3,\"name\":\"P\u0119seta Do Brwi Staleks BEAUTY &#038; CARE 10 TYPE 2\"}]},{\"@type\":\"WebSite\",\"@id\":\"https:\/\/www.lovely-vip.com\/#website\",\"url\":\"https:\/\/www.lovely-vip.com\/\",\"name\":\"Lovely Vip\",\"description\":\"Profesjonalne produkty do piel\u0119gnacji rz\u0119s i brwi\",\"potentialAction\":[{\"@type\":\"SearchAction\",\"target\":{\"@type\":\"EntryPoint\",\"urlTemplate\":\"https:\/\/www.lovely-vip.com\/?s={search_term_string}\"},\"query-input\":{\"@type\":\"PropertyValueSpecification\",\"valueRequired\":true,\"valueName\":\"search_term_string\"}}],\"inLanguage\":\"en-US\"}]}<\/script>\n<!-- \/ Yoast SEO plugin. -->","yoast_head_json":{"title":"P\u0119seta Do Brwi Staleks BEAUTY & CARE 10 TYPE 2 - Lovely Vip","robots":{"index":"index","follow":"follow","max-snippet":"max-snippet:-1","max-image-preview":"max-image-preview:large","max-video-preview":"max-video-preview:-1"},"canonical":"https:\/\/www.lovely-vip.com\/en\/product\/peseta-do-brwi-beauty-care-10-type-2\/","og_locale":"en_US","og_type":"article","og_title":"P\u0119seta Do Brwi Staleks BEAUTY & CARE 10 TYPE 2 - Lovely Vip","og_description":"P\u0119seta do brwi.  W\u0105skie, proste kraw\u0119dzie.  Polecany do korekty grubych, szerokich brwi.  Przeznaczony do u\u017cytku domowego.  Chwyta ka\u017cd\u0105 grubo\u015b\u0107 w\u0142os\u00f3w, dzi\u0119ki cienkim kraw\u0119dziom .  Zmniejszenie ryzyka z\u0142amania w\u0142os\u00f3w, dzi\u0119ki szczelnemu zamkni\u0119ciu powierzchni roboczych.  Polerowana powierzchnia zewn\u0119trzna instrumentu nie powoduje uszkodze\u0144 sk\u00f3ry podczas korekcji.  R\u0119czne ostrzenie kraw\u0119dzie roboczych.  Materia\u0142: stal nierdzewna AISI 420, odporna na korozj\u0119.","og_url":"https:\/\/www.lovely-vip.com\/en\/product\/peseta-do-brwi-beauty-care-10-type-2\/","og_site_name":"Lovely Vip","article_modified_time":"2025-01-20T11:07:11+00:00","og_image":[{"width":2000,"height":2000,"url":"https:\/\/www.lovely-vip.com\/wp-content\/uploads\/2025\/01\/pinczet-dlya-brovej-tbc-10_2.jpg.webp","type":"image\/webp"}],"twitter_card":"summary_large_image","twitter_misc":{"Est. reading time":"1 minute"},"schema":{"@context":"https:\/\/schema.org","@graph":[{"@type":"WebPage","@id":"https:\/\/www.lovely-vip.com\/product\/peseta-do-brwi-beauty-care-10-type-2\/","url":"https:\/\/www.lovely-vip.com\/product\/peseta-do-brwi-beauty-care-10-type-2\/","name":"P\u0119seta Do Brwi Staleks BEAUTY & CARE 10 TYPE 2 - Lovely Vip","isPartOf":{"@id":"https:\/\/www.lovely-vip.com\/#website"},"primaryImageOfPage":{"@id":"https:\/\/www.lovely-vip.com\/product\/peseta-do-brwi-beauty-care-10-type-2\/#primaryimage"},"image":{"@id":"https:\/\/www.lovely-vip.com\/product\/peseta-do-brwi-beauty-care-10-type-2\/#primaryimage"},"thumbnailUrl":"https:\/\/www.lovely-vip.com\/wp-content\/uploads\/2025\/01\/pinczet-dlya-brovej-tbc-10_2.jpg.webp","datePublished":"2025-01-20T10:56:57+00:00","dateModified":"2025-01-20T11:07:11+00:00","breadcrumb":{"@id":"https:\/\/www.lovely-vip.com\/product\/peseta-do-brwi-beauty-care-10-type-2\/#breadcrumb"},"inLanguage":"en-US","potentialAction":[{"@type":"ReadAction","target":["https:\/\/www.lovely-vip.com\/product\/peseta-do-brwi-beauty-care-10-type-2\/"]}]},{"@type":"ImageObject","inLanguage":"en-US","@id":"https:\/\/www.lovely-vip.com\/product\/peseta-do-brwi-beauty-care-10-type-2\/#primaryimage","url":"https:\/\/www.lovely-vip.com\/wp-content\/uploads\/2025\/01\/pinczet-dlya-brovej-tbc-10_2.jpg.webp","contentUrl":"https:\/\/www.lovely-vip.com\/wp-content\/uploads\/2025\/01\/pinczet-dlya-brovej-tbc-10_2.jpg.webp","width":2000,"height":2000},{"@type":"BreadcrumbList","@id":"https:\/\/www.lovely-vip.com\/product\/peseta-do-brwi-beauty-care-10-type-2\/#breadcrumb","itemListElement":[{"@type":"ListItem","position":1,"name":"Strona g\u0142\u00f3wna","item":"https:\/\/www.lovely-vip.com\/"},{"@type":"ListItem","position":2,"name":"Sklep dla stylistek rz\u0119s i brwi","item":"https:\/\/www.lovely-vip.com\/shop\/"},{"@type":"ListItem","position":3,"name":"P\u0119seta Do Brwi Staleks BEAUTY &#038; CARE 10 TYPE 2"}]},{"@type":"WebSite","@id":"https:\/\/www.lovely-vip.com\/#website","url":"https:\/\/www.lovely-vip.com\/","name":"Lovely Vip","description":"Professional eyelash and eyebrow care products","potentialAction":[{"@type":"SearchAction","target":{"@type":"EntryPoint","urlTemplate":"https:\/\/www.lovely-vip.com\/?s={search_term_string}"},"query-input":{"@type":"PropertyValueSpecification","valueRequired":true,"valueName":"search_term_string"}}],"inLanguage":"en-US"}]}},"_links":{"self":[{"href":"https:\/\/www.lovely-vip.com\/en\/wp-json\/wp\/v2\/product\/25389","targetHints":{"allow":["GET"]}}],"collection":[{"href":"https:\/\/www.lovely-vip.com\/en\/wp-json\/wp\/v2\/product"}],"about":[{"href":"https:\/\/www.lovely-vip.com\/en\/wp-json\/wp\/v2\/types\/product"}],"replies":[{"embeddable":true,"href":"https:\/\/www.lovely-vip.com\/en\/wp-json\/wp\/v2\/comments?post=25389"}],"wp:featuredmedia":[{"embeddable":true,"href":"https:\/\/www.lovely-vip.com\/en\/wp-json\/wp\/v2\/media\/25391"}],"wp:attachment":[{"href":"https:\/\/www.lovely-vip.com\/en\/wp-json\/wp\/v2\/media?parent=25389"}],"wp:term":[{"taxonomy":"product_brand","embeddable":true,"href":"https:\/\/www.lovely-vip.com\/en\/wp-json\/wp\/v2\/product_brand?post=25389"},{"taxonomy":"product_cat","embeddable":true,"href":"https:\/\/www.lovely-vip.com\/en\/wp-json\/wp\/v2\/product_cat?post=25389"},{"taxonomy":"product_tag","embeddable":true,"href":"https:\/\/www.lovely-vip.com\/en\/wp-json\/wp\/v2\/product_tag?post=25389"}],"curies":[{"name":"wp","href":"https:\/\/api.w.org\/{rel}","templated":true}]}}