{"id":25409,"date":"2025-01-20T12:15:35","date_gmt":"2025-01-20T11:15:35","guid":{"rendered":"https:\/\/www.lovely-vip.com\/?post_type=product&#038;p=25409"},"modified":"2025-01-20T12:15:35","modified_gmt":"2025-01-20T11:15:35","slug":"peseta-do-brwi-staleks-expert-62-type-4","status":"publish","type":"product","link":"https:\/\/www.lovely-vip.com\/en\/product\/peseta-do-brwi-staleks-expert-62-type-4\/","title":{"rendered":"Staleks Eyebrow Tweezers EXPERT 62 TYPE 4"},"content":{"rendered":"","protected":false},"excerpt":{"rendered":"<ul>\n<li>Narrow beveled edges.<\/li>\n<li>Recommended for sparse, thin eyebrows.<\/li>\n<li>Shortened handles for small hands.<\/li>\n<li>Comfortable hand placement thanks to a slight bevelled edge.<\/li>\n<li>Effective root removal without the risk of root breakage thanks to a large working surface that grabs hair along its entire length.<\/li>\n<li>Comfortable, easy grip of even the shortest, most delicate hairs thanks to the narrow edges of the instrument.<\/li>\n<li>The polished outer surface of the instrument does not cause damage to the skin during correction.<\/li>\n<li>Professional manual sharpening.<\/li>\n<li>The smooth, gentle motion reduces hand fatigue while working.<\/li>\n<li>Material: stainless steel AISI 420, corrosion-resistant.<\/li>\n<li>All methods of disinfection and sterilization are available.<\/li>\n<\/ul>","protected":false},"featured_media":25411,"comment_status":"open","ping_status":"closed","template":"","meta":[],"product_brand":[],"product_cat":[277,88],"product_tag":[],"class_list":{"0":"post-25409","1":"product","2":"type-product","3":"status-publish","4":"has-post-thumbnail","6":"product_cat-pedzle-i-pesety","7":"product_cat-pesety","9":"first","10":"instock","11":"shipping-taxable","12":"purchasable","13":"product-type-simple"},"yoast_head":"<!-- This site is optimized with the Yoast SEO plugin v25.4 - https:\/\/yoast.com\/wordpress\/plugins\/seo\/ -->\n<title>P\u0119seta Do Brwi Staleks EXPERT 62 TYPE 4 - Lovely Vip<\/title>\n<meta name=\"robots\" content=\"index, follow, max-snippet:-1, max-image-preview:large, max-video-preview:-1\" \/>\n<link rel=\"canonical\" href=\"https:\/\/www.lovely-vip.com\/en\/product\/peseta-do-brwi-staleks-expert-62-type-4\/\" \/>\n<meta property=\"og:locale\" content=\"en_US\" \/>\n<meta property=\"og:type\" content=\"article\" \/>\n<meta property=\"og:title\" content=\"P\u0119seta Do Brwi Staleks EXPERT 62 TYPE 4 - Lovely Vip\" \/>\n<meta property=\"og:description\" content=\"W\u0105skie kraw\u0119dzie sko\u015bne.  Polecany do rzadkich, cienkich brwi.  Skr\u00f3cone uchwyty dla ma\u0142ych r\u0105czek.  Wygodne u\u0142o\u017cenie d\u0142oni dzi\u0119ki lekkiemu skosowi kraw\u0119d\u017a.  Skuteczne usuwanie korzeni bez ryzyka ich z\u0142amania dzi\u0119ki du\u017cej powierzchni roboczej chwytaj\u0105cej w\u0142os na ca\u0142ej d\u0142ugo\u015bci.  Wygodny, \u0142atwy chwyt nawet najkr\u00f3tszych, najdelikatniejszych w\u0142osk\u00f3w dzi\u0119ki w\u0105skim kraw\u0119dziom instrumentu.  Polerowana powierzchnia zewn\u0119trzna instrumentu nie powoduje uszkodze\u0144 sk\u00f3ry podczas korekcji.  Profesjonalne ostrzenie r\u0119czne.  P\u0142ynny, delikatny ruch zmniejsza zm\u0119czenie d\u0142oni podczas pracy.  Materia\u0142: stal nierdzewna AISI 420, odporna na korozj\u0119.  Dost\u0119pne s\u0105 wszystkie metody dezynfekcji i sterylizacji.\" \/>\n<meta property=\"og:url\" content=\"https:\/\/www.lovely-vip.com\/en\/product\/peseta-do-brwi-staleks-expert-62-type-4\/\" \/>\n<meta property=\"og:site_name\" content=\"Lovely Vip\" \/>\n<meta property=\"og:image\" content=\"https:\/\/www.lovely-vip.com\/wp-content\/uploads\/2025\/01\/pinczet-dlya-brovej-te-62-4-1.jpg.webp\" \/>\n\t<meta property=\"og:image:width\" content=\"2000\" \/>\n\t<meta property=\"og:image:height\" content=\"2000\" \/>\n\t<meta property=\"og:image:type\" content=\"image\/webp\" \/>\n<meta name=\"twitter:card\" content=\"summary_large_image\" \/>\n<meta name=\"twitter:label1\" content=\"Est. reading time\" \/>\n\t<meta name=\"twitter:data1\" content=\"1 minute\" \/>\n<script type=\"application\/ld+json\" class=\"yoast-schema-graph\">{\"@context\":\"https:\/\/schema.org\",\"@graph\":[{\"@type\":\"WebPage\",\"@id\":\"https:\/\/www.lovely-vip.com\/product\/peseta-do-brwi-staleks-expert-62-type-4\/\",\"url\":\"https:\/\/www.lovely-vip.com\/product\/peseta-do-brwi-staleks-expert-62-type-4\/\",\"name\":\"P\u0119seta Do Brwi Staleks EXPERT 62 TYPE 4 - Lovely Vip\",\"isPartOf\":{\"@id\":\"https:\/\/www.lovely-vip.com\/#website\"},\"primaryImageOfPage\":{\"@id\":\"https:\/\/www.lovely-vip.com\/product\/peseta-do-brwi-staleks-expert-62-type-4\/#primaryimage\"},\"image\":{\"@id\":\"https:\/\/www.lovely-vip.com\/product\/peseta-do-brwi-staleks-expert-62-type-4\/#primaryimage\"},\"thumbnailUrl\":\"https:\/\/www.lovely-vip.com\/wp-content\/uploads\/2025\/01\/pinczet-dlya-brovej-te-62-4-1.jpg.webp\",\"datePublished\":\"2025-01-20T11:15:35+00:00\",\"breadcrumb\":{\"@id\":\"https:\/\/www.lovely-vip.com\/product\/peseta-do-brwi-staleks-expert-62-type-4\/#breadcrumb\"},\"inLanguage\":\"en-US\",\"potentialAction\":[{\"@type\":\"ReadAction\",\"target\":[\"https:\/\/www.lovely-vip.com\/product\/peseta-do-brwi-staleks-expert-62-type-4\/\"]}]},{\"@type\":\"ImageObject\",\"inLanguage\":\"en-US\",\"@id\":\"https:\/\/www.lovely-vip.com\/product\/peseta-do-brwi-staleks-expert-62-type-4\/#primaryimage\",\"url\":\"https:\/\/www.lovely-vip.com\/wp-content\/uploads\/2025\/01\/pinczet-dlya-brovej-te-62-4-1.jpg.webp\",\"contentUrl\":\"https:\/\/www.lovely-vip.com\/wp-content\/uploads\/2025\/01\/pinczet-dlya-brovej-te-62-4-1.jpg.webp\",\"width\":2000,\"height\":2000},{\"@type\":\"BreadcrumbList\",\"@id\":\"https:\/\/www.lovely-vip.com\/product\/peseta-do-brwi-staleks-expert-62-type-4\/#breadcrumb\",\"itemListElement\":[{\"@type\":\"ListItem\",\"position\":1,\"name\":\"Strona g\u0142\u00f3wna\",\"item\":\"https:\/\/www.lovely-vip.com\/\"},{\"@type\":\"ListItem\",\"position\":2,\"name\":\"Sklep dla stylistek rz\u0119s i brwi\",\"item\":\"https:\/\/www.lovely-vip.com\/shop\/\"},{\"@type\":\"ListItem\",\"position\":3,\"name\":\"P\u0119seta Do Brwi Staleks EXPERT 62 TYPE 4\"}]},{\"@type\":\"WebSite\",\"@id\":\"https:\/\/www.lovely-vip.com\/#website\",\"url\":\"https:\/\/www.lovely-vip.com\/\",\"name\":\"Lovely Vip\",\"description\":\"Profesjonalne produkty do piel\u0119gnacji rz\u0119s i brwi\",\"potentialAction\":[{\"@type\":\"SearchAction\",\"target\":{\"@type\":\"EntryPoint\",\"urlTemplate\":\"https:\/\/www.lovely-vip.com\/?s={search_term_string}\"},\"query-input\":{\"@type\":\"PropertyValueSpecification\",\"valueRequired\":true,\"valueName\":\"search_term_string\"}}],\"inLanguage\":\"en-US\"}]}<\/script>\n<!-- \/ Yoast SEO plugin. -->","yoast_head_json":{"title":"P\u0119seta Do Brwi Staleks EXPERT 62 TYPE 4 - Lovely Vip","robots":{"index":"index","follow":"follow","max-snippet":"max-snippet:-1","max-image-preview":"max-image-preview:large","max-video-preview":"max-video-preview:-1"},"canonical":"https:\/\/www.lovely-vip.com\/en\/product\/peseta-do-brwi-staleks-expert-62-type-4\/","og_locale":"en_US","og_type":"article","og_title":"P\u0119seta Do Brwi Staleks EXPERT 62 TYPE 4 - Lovely Vip","og_description":"W\u0105skie kraw\u0119dzie sko\u015bne.  Polecany do rzadkich, cienkich brwi.  Skr\u00f3cone uchwyty dla ma\u0142ych r\u0105czek.  Wygodne u\u0142o\u017cenie d\u0142oni dzi\u0119ki lekkiemu skosowi kraw\u0119d\u017a.  Skuteczne usuwanie korzeni bez ryzyka ich z\u0142amania dzi\u0119ki du\u017cej powierzchni roboczej chwytaj\u0105cej w\u0142os na ca\u0142ej d\u0142ugo\u015bci.  Wygodny, \u0142atwy chwyt nawet najkr\u00f3tszych, najdelikatniejszych w\u0142osk\u00f3w dzi\u0119ki w\u0105skim kraw\u0119dziom instrumentu.  Polerowana powierzchnia zewn\u0119trzna instrumentu nie powoduje uszkodze\u0144 sk\u00f3ry podczas korekcji.  Profesjonalne ostrzenie r\u0119czne.  P\u0142ynny, delikatny ruch zmniejsza zm\u0119czenie d\u0142oni podczas pracy.  Materia\u0142: stal nierdzewna AISI 420, odporna na korozj\u0119.  Dost\u0119pne s\u0105 wszystkie metody dezynfekcji i sterylizacji.","og_url":"https:\/\/www.lovely-vip.com\/en\/product\/peseta-do-brwi-staleks-expert-62-type-4\/","og_site_name":"Lovely Vip","og_image":[{"width":2000,"height":2000,"url":"https:\/\/www.lovely-vip.com\/wp-content\/uploads\/2025\/01\/pinczet-dlya-brovej-te-62-4-1.jpg.webp","type":"image\/webp"}],"twitter_card":"summary_large_image","twitter_misc":{"Est. reading time":"1 minute"},"schema":{"@context":"https:\/\/schema.org","@graph":[{"@type":"WebPage","@id":"https:\/\/www.lovely-vip.com\/product\/peseta-do-brwi-staleks-expert-62-type-4\/","url":"https:\/\/www.lovely-vip.com\/product\/peseta-do-brwi-staleks-expert-62-type-4\/","name":"P\u0119seta Do Brwi Staleks EXPERT 62 TYPE 4 - Lovely Vip","isPartOf":{"@id":"https:\/\/www.lovely-vip.com\/#website"},"primaryImageOfPage":{"@id":"https:\/\/www.lovely-vip.com\/product\/peseta-do-brwi-staleks-expert-62-type-4\/#primaryimage"},"image":{"@id":"https:\/\/www.lovely-vip.com\/product\/peseta-do-brwi-staleks-expert-62-type-4\/#primaryimage"},"thumbnailUrl":"https:\/\/www.lovely-vip.com\/wp-content\/uploads\/2025\/01\/pinczet-dlya-brovej-te-62-4-1.jpg.webp","datePublished":"2025-01-20T11:15:35+00:00","breadcrumb":{"@id":"https:\/\/www.lovely-vip.com\/product\/peseta-do-brwi-staleks-expert-62-type-4\/#breadcrumb"},"inLanguage":"en-US","potentialAction":[{"@type":"ReadAction","target":["https:\/\/www.lovely-vip.com\/product\/peseta-do-brwi-staleks-expert-62-type-4\/"]}]},{"@type":"ImageObject","inLanguage":"en-US","@id":"https:\/\/www.lovely-vip.com\/product\/peseta-do-brwi-staleks-expert-62-type-4\/#primaryimage","url":"https:\/\/www.lovely-vip.com\/wp-content\/uploads\/2025\/01\/pinczet-dlya-brovej-te-62-4-1.jpg.webp","contentUrl":"https:\/\/www.lovely-vip.com\/wp-content\/uploads\/2025\/01\/pinczet-dlya-brovej-te-62-4-1.jpg.webp","width":2000,"height":2000},{"@type":"BreadcrumbList","@id":"https:\/\/www.lovely-vip.com\/product\/peseta-do-brwi-staleks-expert-62-type-4\/#breadcrumb","itemListElement":[{"@type":"ListItem","position":1,"name":"Strona g\u0142\u00f3wna","item":"https:\/\/www.lovely-vip.com\/"},{"@type":"ListItem","position":2,"name":"Sklep dla stylistek rz\u0119s i brwi","item":"https:\/\/www.lovely-vip.com\/shop\/"},{"@type":"ListItem","position":3,"name":"P\u0119seta Do Brwi Staleks EXPERT 62 TYPE 4"}]},{"@type":"WebSite","@id":"https:\/\/www.lovely-vip.com\/#website","url":"https:\/\/www.lovely-vip.com\/","name":"Lovely Vip","description":"Professional eyelash and eyebrow care products","potentialAction":[{"@type":"SearchAction","target":{"@type":"EntryPoint","urlTemplate":"https:\/\/www.lovely-vip.com\/?s={search_term_string}"},"query-input":{"@type":"PropertyValueSpecification","valueRequired":true,"valueName":"search_term_string"}}],"inLanguage":"en-US"}]}},"_links":{"self":[{"href":"https:\/\/www.lovely-vip.com\/en\/wp-json\/wp\/v2\/product\/25409","targetHints":{"allow":["GET"]}}],"collection":[{"href":"https:\/\/www.lovely-vip.com\/en\/wp-json\/wp\/v2\/product"}],"about":[{"href":"https:\/\/www.lovely-vip.com\/en\/wp-json\/wp\/v2\/types\/product"}],"replies":[{"embeddable":true,"href":"https:\/\/www.lovely-vip.com\/en\/wp-json\/wp\/v2\/comments?post=25409"}],"wp:featuredmedia":[{"embeddable":true,"href":"https:\/\/www.lovely-vip.com\/en\/wp-json\/wp\/v2\/media\/25411"}],"wp:attachment":[{"href":"https:\/\/www.lovely-vip.com\/en\/wp-json\/wp\/v2\/media?parent=25409"}],"wp:term":[{"taxonomy":"product_brand","embeddable":true,"href":"https:\/\/www.lovely-vip.com\/en\/wp-json\/wp\/v2\/product_brand?post=25409"},{"taxonomy":"product_cat","embeddable":true,"href":"https:\/\/www.lovely-vip.com\/en\/wp-json\/wp\/v2\/product_cat?post=25409"},{"taxonomy":"product_tag","embeddable":true,"href":"https:\/\/www.lovely-vip.com\/en\/wp-json\/wp\/v2\/product_tag?post=25409"}],"curies":[{"name":"wp","href":"https:\/\/api.w.org\/{rel}","templated":true}]}}