{"id":26113,"date":"2025-05-20T11:49:16","date_gmt":"2025-05-20T09:49:16","guid":{"rendered":"https:\/\/www.lovely-vip.com\/?post_type=product&#038;p=26113"},"modified":"2026-04-13T12:23:52","modified_gmt":"2026-04-13T10:23:52","slug":"emulsja-utleniajaca-35","status":"publish","type":"product","link":"https:\/\/www.lovely-vip.com\/en\/product\/emulsja-utleniajaca-35\/","title":{"rendered":"Oxidation emulsion 3.5%"},"content":{"rendered":"<p><strong>STAGES OF EYEBROW TINTING<\/strong><\/p>\n<p>1) Preparation for the coloring procedure<\/p>\n<p>Use \u00c9LAN DETOX-MOUSSE to degrease the hair and skin prior to the eyebrow coloring or shaping procedure. Remove any residue with a cotton ball moistened with water.<\/p>\n<p>2) Eyebrow shaping<\/p>\n<p>Shape your eyebrows with any convenient product.<\/p>\n<p>3) Preparation of the coloring mixture<\/p>\n<p>Mix the proprietary \"SBTS\" eyebrow coloring system or \u00c9LAN gel eyebrow dye with 3.5% oxidizing emulsion in a 1:1 ratio in a non-metallic container.<\/p>\n<p>If you want to further deepen and saturate the colors from the main palette of the \"SBTS\" eyebrow coloring system or create a new shade, use the corresponding \"Eyebrow Tint Color Booster 2.0\" according to the mixing ratios below:<\/p>\n<p><strong>eyebrow dye (49%) + oxidizing emulsion (49%) + enhancing booster (2%) = dye blend (100%)<\/strong><\/p>\n<p>4) Eyebrow tinting<\/p>\n<p>Apply the coloring mixture to the eyebrows according to the desired shape. Depending on the desired result, leave the proprietary eyebrow coloring system \"SBTS\" for 5-10 minutes and the \u00c9LAN eyebrow coloring gel for 5-15 minutes. After the specified time, wash off the remaining coloring mixture with a cotton swab moistened with water. If the coloring mixture goes beyond the expected shape, we recommend removing the excess with a cotton swab moistened with \u00c9LAN REMOVER.<\/p>\n<p>5) Completion of the eyebrow coloring procedure<\/p>\n<p>To fix the effect, apply \u00c9LAN COLOUR FIX to the eyebrows.<\/p>\n<p><strong>PRECAUTIONS<\/strong><\/p>\n<p>Eyebrow dye and booster contain phenylenediamine, phenylenediamine (toluene diamine), resorcinol.<\/p>\n<p>48 hours before use, perform an allergy test: mix 2 drops of dye and oxidizing emulsion and apply this mixture to a small area of skin in the elbow bend. If no redness, swelling or irritation appears on the skin, proceed with dyeing.<\/p>\n<p>For professional use only. Hair dyes can cause serious allergic reactions. Be sure to read and follow the instruction manual. The product is not intended for use by persons under 16 years of age. Temporary tattooing with black henna may increase the risk of allergies.<\/p>\n<p>Do not use the dye if:<\/p>\n<p>- You have a rash on your face or a sensitive, irritated or damaged scalp;<\/p>\n<p>- experienced any reaction after hair coloring<\/p>\n<p>- had a reaction to a temporary black henna tattoo in the past.<\/p>\n<p>Wear protective gloves. Do not use metal objects when working with the product. Do not use to color eyelashes. For external use only. Avoid contact with eyes. In case of contact with eyes, rinse immediately with water. Rinse thoroughly after application. Consult a dermatologist if an allergic reaction occurs.<\/p>\n<p><strong>STAGES OF EYEBROW LIGHTENING<\/strong><\/p>\n<p>Mix the 3.5% TM \u00c9LAN professional line oxidizing emulsion with carbon or ultramarine powder to lighten eyebrows in a 2:1 ratio (two parts oxidizing emulsion and one part powder).<\/p>\n<p>First, apply the whitening mixture to the thicker hairs, then use the brush to spread it all over the eyebrows.<\/p>\n<p>Depending on the desired result and thickness of the hairs, leave the mixture on the eyebrows for 3-15 minutes.<\/p>\n<p>Once the desired result is achieved, remove the whitening mixture with a cotton swab moistened with water.<\/p>\n<p>If you want an even lighter shade, repeat the procedure.<\/p>\n<p>To complete the chemical reaction, apply \u00c9LAN DETOX-MOUSSE to the eyebrows and remove the foam with a damp cotton swab.<\/p>\n<p>To fix the effect, apply \"COLOUR FIX\" fixative liquid to the eyebrow hairs, which contains keratin and sunflower oil.<\/p>\n<p>Tone or darken eyebrows as needed.<\/p>\n<p>Important: after bleaching the eyebrow hairs, it is not recommended to perform the standard eyebrow tinting procedure. If you use eyebrow dye and oxidant in a 1:1 ratio, the eyebrow hairs will turn black.<\/p>\n<p>Storage conditions: store in a dry place, out of the reach of children, at a temperature of +5\u00b0C to +25\u00b0C. Avoid direct sunlight.<\/p>\n<p><strong>CHEMICAL COMPOSITION:<\/strong><\/p>\n<p>AQUA, CETEARYL ALCOHOL, HYDROGEN PEROXIDE, GLYCERIN, CETEARETH-20, PARAFFINUM LIQUIDUM, ETHYLHEXYL STEARATE, ARGANIA SPINOSA KERNEL OIL, CETRIMONIUM CHLORIDE, CITRIC ACID, PHOSPHORIC ACID, TETRASODIUM PYROPHOSPHATE, DISODIUM EDTA, SODIUM STANNATE, SODIUM CARBONATE, SODIUM HYDROXIDE.<\/p>","protected":false},"excerpt":{"rendered":"<p>The oxidizing emulsion has been specially formulated to be mixed with the following cosmetic products from \u00c9LAN's professional line:<\/p>\n<p>- \u00c9LAN Brow Gel Tint<\/p>\n<p>- Proprietary eyebrow coloring system \"Smart Brow Tinting System\".<\/p>\n<p>- Ultramarine whitening powder for eyebrows<\/p>\n<p>- Carbon whitening powder for eyebrows<\/p>\n<p><strong>Expiration date:<\/strong>\u00a024 months<\/p>\n<p><strong>Period after opening (PAO):<\/strong>\u00a03 months<\/p>\n<p><strong>Manufactured in Turkey<\/strong><\/p>","protected":false},"featured_media":26114,"comment_status":"open","ping_status":"closed","template":"","meta":[],"product_brand":[],"product_cat":[85,235,238,69,70,279],"product_tag":[],"class_list":{"0":"post-26113","1":"product","2":"type-product","3":"status-publish","4":"has-post-thumbnail","6":"product_cat-brwi","7":"product_cat-elan","8":"product_cat-farbka-do-brwi","9":"product_cat-nowosci","10":"product_cat-promocja","11":"product_cat-rozjasniaczy-brwi","13":"first","14":"outofstock","15":"sale","16":"shipping-taxable","17":"purchasable","18":"product-type-simple"},"yoast_head":"<!-- This site is optimized with the Yoast SEO plugin v25.4 - https:\/\/yoast.com\/wordpress\/plugins\/seo\/ -->\n<title>Emulsja utleniaj\u0105ca 3,5% - Lovely Vip<\/title>\n<meta name=\"robots\" content=\"index, follow, max-snippet:-1, max-image-preview:large, max-video-preview:-1\" \/>\n<link rel=\"canonical\" href=\"https:\/\/www.lovely-vip.com\/en\/product\/emulsja-utleniajaca-35\/\" \/>\n<meta property=\"og:locale\" content=\"en_US\" \/>\n<meta property=\"og:type\" content=\"article\" \/>\n<meta property=\"og:title\" content=\"Emulsja utleniaj\u0105ca 3,5% - Lovely Vip\" \/>\n<meta property=\"og:description\" content=\"Emulsja utleniaj\u0105ca zosta\u0142a opracowana specjalnie do mieszania z nast\u0119puj\u0105cymi produktami kosmetycznymi z profesjonalnej linii \u00c9LAN:  - \u00c9LAN Brow Gel Tint  - Autorski system koloryzacji brwi \u201eSmart Brow Tinting System\u201d  - Ultramarynowy puder wybielaj\u0105cy do brwi  - W\u0119glowy puder wybielaj\u0105cy do brwi  Data wa\u017cno\u015bci:\u00a024 miesi\u0105ce  Okres po otwarciu (PAO):\u00a03 miesi\u0105ce  Wyprodukowano w Turcji\" \/>\n<meta property=\"og:url\" content=\"https:\/\/www.lovely-vip.com\/en\/product\/emulsja-utleniajaca-35\/\" \/>\n<meta property=\"og:site_name\" content=\"Lovely Vip\" \/>\n<meta property=\"article:modified_time\" content=\"2026-04-13T10:23:52+00:00\" \/>\n<meta property=\"og:image\" content=\"https:\/\/www.lovely-vip.com\/wp-content\/uploads\/2025\/05\/Projekt-bez-nazwy-16.png\" \/>\n\t<meta property=\"og:image:width\" content=\"700\" \/>\n\t<meta property=\"og:image:height\" content=\"700\" \/>\n\t<meta property=\"og:image:type\" content=\"image\/png\" \/>\n<meta name=\"twitter:card\" content=\"summary_large_image\" \/>\n<meta name=\"twitter:label1\" content=\"Est. reading time\" \/>\n\t<meta name=\"twitter:data1\" content=\"4 minutes\" \/>\n<script type=\"application\/ld+json\" class=\"yoast-schema-graph\">{\"@context\":\"https:\/\/schema.org\",\"@graph\":[{\"@type\":\"WebPage\",\"@id\":\"https:\/\/www.lovely-vip.com\/product\/emulsja-utleniajaca-35\/\",\"url\":\"https:\/\/www.lovely-vip.com\/product\/emulsja-utleniajaca-35\/\",\"name\":\"Emulsja utleniaj\u0105ca 3,5% - Lovely Vip\",\"isPartOf\":{\"@id\":\"https:\/\/www.lovely-vip.com\/#website\"},\"primaryImageOfPage\":{\"@id\":\"https:\/\/www.lovely-vip.com\/product\/emulsja-utleniajaca-35\/#primaryimage\"},\"image\":{\"@id\":\"https:\/\/www.lovely-vip.com\/product\/emulsja-utleniajaca-35\/#primaryimage\"},\"thumbnailUrl\":\"https:\/\/www.lovely-vip.com\/wp-content\/uploads\/2025\/05\/Projekt-bez-nazwy-16.png\",\"datePublished\":\"2025-05-20T09:49:16+00:00\",\"dateModified\":\"2026-04-13T10:23:52+00:00\",\"breadcrumb\":{\"@id\":\"https:\/\/www.lovely-vip.com\/product\/emulsja-utleniajaca-35\/#breadcrumb\"},\"inLanguage\":\"en-US\",\"potentialAction\":[{\"@type\":\"ReadAction\",\"target\":[\"https:\/\/www.lovely-vip.com\/product\/emulsja-utleniajaca-35\/\"]}]},{\"@type\":\"ImageObject\",\"inLanguage\":\"en-US\",\"@id\":\"https:\/\/www.lovely-vip.com\/product\/emulsja-utleniajaca-35\/#primaryimage\",\"url\":\"https:\/\/www.lovely-vip.com\/wp-content\/uploads\/2025\/05\/Projekt-bez-nazwy-16.png\",\"contentUrl\":\"https:\/\/www.lovely-vip.com\/wp-content\/uploads\/2025\/05\/Projekt-bez-nazwy-16.png\",\"width\":700,\"height\":700},{\"@type\":\"BreadcrumbList\",\"@id\":\"https:\/\/www.lovely-vip.com\/product\/emulsja-utleniajaca-35\/#breadcrumb\",\"itemListElement\":[{\"@type\":\"ListItem\",\"position\":1,\"name\":\"Strona g\u0142\u00f3wna\",\"item\":\"https:\/\/www.lovely-vip.com\/\"},{\"@type\":\"ListItem\",\"position\":2,\"name\":\"Sklep dla stylistek rz\u0119s i brwi\",\"item\":\"https:\/\/www.lovely-vip.com\/shop\/\"},{\"@type\":\"ListItem\",\"position\":3,\"name\":\"Emulsja utleniaj\u0105ca 3,5%\"}]},{\"@type\":\"WebSite\",\"@id\":\"https:\/\/www.lovely-vip.com\/#website\",\"url\":\"https:\/\/www.lovely-vip.com\/\",\"name\":\"Lovely Vip\",\"description\":\"Profesjonalne produkty do piel\u0119gnacji rz\u0119s i brwi\",\"potentialAction\":[{\"@type\":\"SearchAction\",\"target\":{\"@type\":\"EntryPoint\",\"urlTemplate\":\"https:\/\/www.lovely-vip.com\/?s={search_term_string}\"},\"query-input\":{\"@type\":\"PropertyValueSpecification\",\"valueRequired\":true,\"valueName\":\"search_term_string\"}}],\"inLanguage\":\"en-US\"}]}<\/script>\n<!-- \/ Yoast SEO plugin. -->","yoast_head_json":{"title":"Emulsja utleniaj\u0105ca 3,5% - Lovely Vip","robots":{"index":"index","follow":"follow","max-snippet":"max-snippet:-1","max-image-preview":"max-image-preview:large","max-video-preview":"max-video-preview:-1"},"canonical":"https:\/\/www.lovely-vip.com\/en\/product\/emulsja-utleniajaca-35\/","og_locale":"en_US","og_type":"article","og_title":"Emulsja utleniaj\u0105ca 3,5% - Lovely Vip","og_description":"Emulsja utleniaj\u0105ca zosta\u0142a opracowana specjalnie do mieszania z nast\u0119puj\u0105cymi produktami kosmetycznymi z profesjonalnej linii \u00c9LAN:  - \u00c9LAN Brow Gel Tint  - Autorski system koloryzacji brwi \u201eSmart Brow Tinting System\u201d  - Ultramarynowy puder wybielaj\u0105cy do brwi  - W\u0119glowy puder wybielaj\u0105cy do brwi  Data wa\u017cno\u015bci:\u00a024 miesi\u0105ce  Okres po otwarciu (PAO):\u00a03 miesi\u0105ce  Wyprodukowano w Turcji","og_url":"https:\/\/www.lovely-vip.com\/en\/product\/emulsja-utleniajaca-35\/","og_site_name":"Lovely Vip","article_modified_time":"2026-04-13T10:23:52+00:00","og_image":[{"width":700,"height":700,"url":"https:\/\/www.lovely-vip.com\/wp-content\/uploads\/2025\/05\/Projekt-bez-nazwy-16.png","type":"image\/png"}],"twitter_card":"summary_large_image","twitter_misc":{"Est. reading time":"4 minutes"},"schema":{"@context":"https:\/\/schema.org","@graph":[{"@type":"WebPage","@id":"https:\/\/www.lovely-vip.com\/product\/emulsja-utleniajaca-35\/","url":"https:\/\/www.lovely-vip.com\/product\/emulsja-utleniajaca-35\/","name":"Emulsja utleniaj\u0105ca 3,5% - Lovely Vip","isPartOf":{"@id":"https:\/\/www.lovely-vip.com\/#website"},"primaryImageOfPage":{"@id":"https:\/\/www.lovely-vip.com\/product\/emulsja-utleniajaca-35\/#primaryimage"},"image":{"@id":"https:\/\/www.lovely-vip.com\/product\/emulsja-utleniajaca-35\/#primaryimage"},"thumbnailUrl":"https:\/\/www.lovely-vip.com\/wp-content\/uploads\/2025\/05\/Projekt-bez-nazwy-16.png","datePublished":"2025-05-20T09:49:16+00:00","dateModified":"2026-04-13T10:23:52+00:00","breadcrumb":{"@id":"https:\/\/www.lovely-vip.com\/product\/emulsja-utleniajaca-35\/#breadcrumb"},"inLanguage":"en-US","potentialAction":[{"@type":"ReadAction","target":["https:\/\/www.lovely-vip.com\/product\/emulsja-utleniajaca-35\/"]}]},{"@type":"ImageObject","inLanguage":"en-US","@id":"https:\/\/www.lovely-vip.com\/product\/emulsja-utleniajaca-35\/#primaryimage","url":"https:\/\/www.lovely-vip.com\/wp-content\/uploads\/2025\/05\/Projekt-bez-nazwy-16.png","contentUrl":"https:\/\/www.lovely-vip.com\/wp-content\/uploads\/2025\/05\/Projekt-bez-nazwy-16.png","width":700,"height":700},{"@type":"BreadcrumbList","@id":"https:\/\/www.lovely-vip.com\/product\/emulsja-utleniajaca-35\/#breadcrumb","itemListElement":[{"@type":"ListItem","position":1,"name":"Strona g\u0142\u00f3wna","item":"https:\/\/www.lovely-vip.com\/"},{"@type":"ListItem","position":2,"name":"Sklep dla stylistek rz\u0119s i brwi","item":"https:\/\/www.lovely-vip.com\/shop\/"},{"@type":"ListItem","position":3,"name":"Emulsja utleniaj\u0105ca 3,5%"}]},{"@type":"WebSite","@id":"https:\/\/www.lovely-vip.com\/#website","url":"https:\/\/www.lovely-vip.com\/","name":"Lovely Vip","description":"Professional eyelash and eyebrow care products","potentialAction":[{"@type":"SearchAction","target":{"@type":"EntryPoint","urlTemplate":"https:\/\/www.lovely-vip.com\/?s={search_term_string}"},"query-input":{"@type":"PropertyValueSpecification","valueRequired":true,"valueName":"search_term_string"}}],"inLanguage":"en-US"}]}},"_links":{"self":[{"href":"https:\/\/www.lovely-vip.com\/en\/wp-json\/wp\/v2\/product\/26113","targetHints":{"allow":["GET"]}}],"collection":[{"href":"https:\/\/www.lovely-vip.com\/en\/wp-json\/wp\/v2\/product"}],"about":[{"href":"https:\/\/www.lovely-vip.com\/en\/wp-json\/wp\/v2\/types\/product"}],"replies":[{"embeddable":true,"href":"https:\/\/www.lovely-vip.com\/en\/wp-json\/wp\/v2\/comments?post=26113"}],"wp:featuredmedia":[{"embeddable":true,"href":"https:\/\/www.lovely-vip.com\/en\/wp-json\/wp\/v2\/media\/26114"}],"wp:attachment":[{"href":"https:\/\/www.lovely-vip.com\/en\/wp-json\/wp\/v2\/media?parent=26113"}],"wp:term":[{"taxonomy":"product_brand","embeddable":true,"href":"https:\/\/www.lovely-vip.com\/en\/wp-json\/wp\/v2\/product_brand?post=26113"},{"taxonomy":"product_cat","embeddable":true,"href":"https:\/\/www.lovely-vip.com\/en\/wp-json\/wp\/v2\/product_cat?post=26113"},{"taxonomy":"product_tag","embeddable":true,"href":"https:\/\/www.lovely-vip.com\/en\/wp-json\/wp\/v2\/product_tag?post=26113"}],"curies":[{"name":"wp","href":"https:\/\/api.w.org\/{rel}","templated":true}]}}