{"id":26115,"date":"2025-05-20T11:59:13","date_gmt":"2025-05-20T09:59:13","guid":{"rendered":"https:\/\/www.lovely-vip.com\/?post_type=product&#038;p=26115"},"modified":"2026-03-02T11:49:24","modified_gmt":"2026-03-02T10:49:24","slug":"keratin-cleaner-plyn-oczyszczajacy-do-brwi-i-rzes","status":"publish","type":"product","link":"https:\/\/www.lovely-vip.com\/en\/product\/keratin-cleaner-plyn-oczyszczajacy-do-brwi-i-rzes\/","title":{"rendered":"KERATIN CLEANER: cleanser for eyebrows and eyelashes"},"content":{"rendered":"<p><strong>Directions for use<\/strong><\/p>\n<ol>\n<li>To degrease eyebrows and eyelashes\u00a0<strong>Before staining:<\/strong>\u00a0Wipe the desired area with a cotton swab moistened with the solution.<\/li>\n<li>To clear the lines\u00a0<strong>When shaping eyebrows:<\/strong>\u00a0Pour the solution into a small container, dip your eyebrow brush in it and remove excess pencil or paste.<\/li>\n<\/ol>\n<hr \/>\n<p><strong>Chemical composition<\/strong><\/p>\n<p>AQUA, POLYSORBATE 20, HYDROLYZED SOY PROTEIN, TREHALOSE, HYDROLYZED SILK, SORBITOL, LAURYL GLUCOSIDE, DISODIUM COCOAMPHODIACETATE, UREA, KERATIN, PHENOXYETHANOL, ETHYLHEXYLGLYCERIN, BENZOPHENONE-4, SODIUM CHLORIDE, SODIUM SULFATE, PARFUM, BENZYL SALICYLATE, CITRONELLOL, HEXYL CINNAMAL, LIMONENE, LINALOOL, CI 28440<\/p>\n<p><strong>Dermatologically tested<\/strong><\/p>\n<p><em>Manufactured in Turkey<\/em><\/p>","protected":false},"excerpt":{"rendered":"<p>This product is designed to degrease eyebrows and eyelashes before the coloring procedure. This product is also ideal for removing pencil or white paste when shaping eyebrows and creating perfectly fine lines. Suitable for all skin types.<\/p>\n<p>The solution gently and effectively degreases and cleanses the hair of eyebrows and eyelashes, as well as the skin. It contains soy protein, silk and hydrolyzed keratin, which contribute to strengthening the hairs. Sorbitol and urea provide hydration and nourishment to the skin.<\/p>\n<p><strong>Capacity:\u00a0<\/strong>200 ml<\/p>\n<p><strong>Period after opening (PAO):\u00a0<\/strong>6 months<\/p>","protected":false},"featured_media":26116,"comment_status":"open","ping_status":"closed","template":"","meta":[],"product_brand":[],"product_cat":[85,235,238,237,276],"product_tag":[],"class_list":{"0":"post-26115","1":"product","2":"type-product","3":"status-publish","4":"has-post-thumbnail","6":"product_cat-brwi","7":"product_cat-elan","8":"product_cat-farbka-do-brwi","9":"product_cat-henna","10":"product_cat-przygotowanie-do-zabiegu","12":"first","13":"outofstock","14":"sale","15":"shipping-taxable","16":"purchasable","17":"product-type-simple"},"yoast_head":"<!-- This site is optimized with the Yoast SEO plugin v25.4 - https:\/\/yoast.com\/wordpress\/plugins\/seo\/ -->\n<title>KERATIN CLEANER: P\u0142yn oczyszczaj\u0105cy do brwi i rz\u0119s - Lovely Vip<\/title>\n<meta name=\"robots\" content=\"index, follow, max-snippet:-1, max-image-preview:large, max-video-preview:-1\" \/>\n<link rel=\"canonical\" href=\"https:\/\/www.lovely-vip.com\/en\/product\/keratin-cleaner-plyn-oczyszczajacy-do-brwi-i-rzes\/\" \/>\n<meta property=\"og:locale\" content=\"en_US\" \/>\n<meta property=\"og:type\" content=\"article\" \/>\n<meta property=\"og:title\" content=\"KERATIN CLEANER: P\u0142yn oczyszczaj\u0105cy do brwi i rz\u0119s - Lovely Vip\" \/>\n<meta property=\"og:description\" content=\"Produkt przeznaczony do odt\u0142uszczania brwi i rz\u0119s przed zabiegiem koloryzacji. Produkt ten jest r\u00f3wnie\u017c idealny do usuwania o\u0142\u00f3wka lub bia\u0142ej pasty podczas modelowania brwi i tworzenia idealnie cienkich linii. Odpowiedni dla wszystkich rodzaj\u00f3w sk\u00f3ry.  Roztw\u00f3r delikatnie i skutecznie odt\u0142uszcza i oczyszcza w\u0142oski brwi i rz\u0119s, a tak\u017ce sk\u00f3r\u0119. Zawiera proteiny soi, jedwab i hydrolizowan\u0105 keratyn\u0119, kt\u00f3re przyczyniaj\u0105 si\u0119 do wzmocnienia w\u0142osk\u00f3w. Sorbitol i mocznik zapewniaj\u0105 nawil\u017cenie i od\u017cywienie sk\u00f3ry.  Pojemno\u015b\u0107:\u00a0200 ml  Okres po otwarciu (PAO):\u00a06 miesi\u0119cy\" \/>\n<meta property=\"og:url\" content=\"https:\/\/www.lovely-vip.com\/en\/product\/keratin-cleaner-plyn-oczyszczajacy-do-brwi-i-rzes\/\" \/>\n<meta property=\"og:site_name\" content=\"Lovely Vip\" \/>\n<meta property=\"article:modified_time\" content=\"2026-03-02T10:49:24+00:00\" \/>\n<meta property=\"og:image\" content=\"https:\/\/www.lovely-vip.com\/wp-content\/uploads\/2025\/05\/keratin-cleaner-tonik-900x900-1.png\" \/>\n\t<meta property=\"og:image:width\" content=\"900\" \/>\n\t<meta property=\"og:image:height\" content=\"900\" \/>\n\t<meta property=\"og:image:type\" content=\"image\/png\" \/>\n<meta name=\"twitter:card\" content=\"summary_large_image\" \/>\n<meta name=\"twitter:label1\" content=\"Est. reading time\" \/>\n\t<meta name=\"twitter:data1\" content=\"1 minute\" \/>\n<script type=\"application\/ld+json\" class=\"yoast-schema-graph\">{\"@context\":\"https:\/\/schema.org\",\"@graph\":[{\"@type\":\"WebPage\",\"@id\":\"https:\/\/www.lovely-vip.com\/product\/keratin-cleaner-plyn-oczyszczajacy-do-brwi-i-rzes\/\",\"url\":\"https:\/\/www.lovely-vip.com\/product\/keratin-cleaner-plyn-oczyszczajacy-do-brwi-i-rzes\/\",\"name\":\"KERATIN CLEANER: P\u0142yn oczyszczaj\u0105cy do brwi i rz\u0119s - Lovely Vip\",\"isPartOf\":{\"@id\":\"https:\/\/www.lovely-vip.com\/#website\"},\"primaryImageOfPage\":{\"@id\":\"https:\/\/www.lovely-vip.com\/product\/keratin-cleaner-plyn-oczyszczajacy-do-brwi-i-rzes\/#primaryimage\"},\"image\":{\"@id\":\"https:\/\/www.lovely-vip.com\/product\/keratin-cleaner-plyn-oczyszczajacy-do-brwi-i-rzes\/#primaryimage\"},\"thumbnailUrl\":\"https:\/\/www.lovely-vip.com\/wp-content\/uploads\/2025\/05\/keratin-cleaner-tonik-900x900-1.png\",\"datePublished\":\"2025-05-20T09:59:13+00:00\",\"dateModified\":\"2026-03-02T10:49:24+00:00\",\"breadcrumb\":{\"@id\":\"https:\/\/www.lovely-vip.com\/product\/keratin-cleaner-plyn-oczyszczajacy-do-brwi-i-rzes\/#breadcrumb\"},\"inLanguage\":\"en-US\",\"potentialAction\":[{\"@type\":\"ReadAction\",\"target\":[\"https:\/\/www.lovely-vip.com\/product\/keratin-cleaner-plyn-oczyszczajacy-do-brwi-i-rzes\/\"]}]},{\"@type\":\"ImageObject\",\"inLanguage\":\"en-US\",\"@id\":\"https:\/\/www.lovely-vip.com\/product\/keratin-cleaner-plyn-oczyszczajacy-do-brwi-i-rzes\/#primaryimage\",\"url\":\"https:\/\/www.lovely-vip.com\/wp-content\/uploads\/2025\/05\/keratin-cleaner-tonik-900x900-1.png\",\"contentUrl\":\"https:\/\/www.lovely-vip.com\/wp-content\/uploads\/2025\/05\/keratin-cleaner-tonik-900x900-1.png\",\"width\":900,\"height\":900},{\"@type\":\"BreadcrumbList\",\"@id\":\"https:\/\/www.lovely-vip.com\/product\/keratin-cleaner-plyn-oczyszczajacy-do-brwi-i-rzes\/#breadcrumb\",\"itemListElement\":[{\"@type\":\"ListItem\",\"position\":1,\"name\":\"Strona g\u0142\u00f3wna\",\"item\":\"https:\/\/www.lovely-vip.com\/\"},{\"@type\":\"ListItem\",\"position\":2,\"name\":\"Sklep dla stylistek rz\u0119s i brwi\",\"item\":\"https:\/\/www.lovely-vip.com\/shop\/\"},{\"@type\":\"ListItem\",\"position\":3,\"name\":\"KERATIN CLEANER: P\u0142yn oczyszczaj\u0105cy do brwi i rz\u0119s\"}]},{\"@type\":\"WebSite\",\"@id\":\"https:\/\/www.lovely-vip.com\/#website\",\"url\":\"https:\/\/www.lovely-vip.com\/\",\"name\":\"Lovely Vip\",\"description\":\"Profesjonalne produkty do piel\u0119gnacji rz\u0119s i brwi\",\"potentialAction\":[{\"@type\":\"SearchAction\",\"target\":{\"@type\":\"EntryPoint\",\"urlTemplate\":\"https:\/\/www.lovely-vip.com\/?s={search_term_string}\"},\"query-input\":{\"@type\":\"PropertyValueSpecification\",\"valueRequired\":true,\"valueName\":\"search_term_string\"}}],\"inLanguage\":\"en-US\"}]}<\/script>\n<!-- \/ Yoast SEO plugin. -->","yoast_head_json":{"title":"KERATIN CLEANER: P\u0142yn oczyszczaj\u0105cy do brwi i rz\u0119s - Lovely Vip","robots":{"index":"index","follow":"follow","max-snippet":"max-snippet:-1","max-image-preview":"max-image-preview:large","max-video-preview":"max-video-preview:-1"},"canonical":"https:\/\/www.lovely-vip.com\/en\/product\/keratin-cleaner-plyn-oczyszczajacy-do-brwi-i-rzes\/","og_locale":"en_US","og_type":"article","og_title":"KERATIN CLEANER: P\u0142yn oczyszczaj\u0105cy do brwi i rz\u0119s - Lovely Vip","og_description":"Produkt przeznaczony do odt\u0142uszczania brwi i rz\u0119s przed zabiegiem koloryzacji. Produkt ten jest r\u00f3wnie\u017c idealny do usuwania o\u0142\u00f3wka lub bia\u0142ej pasty podczas modelowania brwi i tworzenia idealnie cienkich linii. Odpowiedni dla wszystkich rodzaj\u00f3w sk\u00f3ry.  Roztw\u00f3r delikatnie i skutecznie odt\u0142uszcza i oczyszcza w\u0142oski brwi i rz\u0119s, a tak\u017ce sk\u00f3r\u0119. Zawiera proteiny soi, jedwab i hydrolizowan\u0105 keratyn\u0119, kt\u00f3re przyczyniaj\u0105 si\u0119 do wzmocnienia w\u0142osk\u00f3w. Sorbitol i mocznik zapewniaj\u0105 nawil\u017cenie i od\u017cywienie sk\u00f3ry.  Pojemno\u015b\u0107:\u00a0200 ml  Okres po otwarciu (PAO):\u00a06 miesi\u0119cy","og_url":"https:\/\/www.lovely-vip.com\/en\/product\/keratin-cleaner-plyn-oczyszczajacy-do-brwi-i-rzes\/","og_site_name":"Lovely Vip","article_modified_time":"2026-03-02T10:49:24+00:00","og_image":[{"width":900,"height":900,"url":"https:\/\/www.lovely-vip.com\/wp-content\/uploads\/2025\/05\/keratin-cleaner-tonik-900x900-1.png","type":"image\/png"}],"twitter_card":"summary_large_image","twitter_misc":{"Est. reading time":"1 minute"},"schema":{"@context":"https:\/\/schema.org","@graph":[{"@type":"WebPage","@id":"https:\/\/www.lovely-vip.com\/product\/keratin-cleaner-plyn-oczyszczajacy-do-brwi-i-rzes\/","url":"https:\/\/www.lovely-vip.com\/product\/keratin-cleaner-plyn-oczyszczajacy-do-brwi-i-rzes\/","name":"KERATIN CLEANER: P\u0142yn oczyszczaj\u0105cy do brwi i rz\u0119s - Lovely Vip","isPartOf":{"@id":"https:\/\/www.lovely-vip.com\/#website"},"primaryImageOfPage":{"@id":"https:\/\/www.lovely-vip.com\/product\/keratin-cleaner-plyn-oczyszczajacy-do-brwi-i-rzes\/#primaryimage"},"image":{"@id":"https:\/\/www.lovely-vip.com\/product\/keratin-cleaner-plyn-oczyszczajacy-do-brwi-i-rzes\/#primaryimage"},"thumbnailUrl":"https:\/\/www.lovely-vip.com\/wp-content\/uploads\/2025\/05\/keratin-cleaner-tonik-900x900-1.png","datePublished":"2025-05-20T09:59:13+00:00","dateModified":"2026-03-02T10:49:24+00:00","breadcrumb":{"@id":"https:\/\/www.lovely-vip.com\/product\/keratin-cleaner-plyn-oczyszczajacy-do-brwi-i-rzes\/#breadcrumb"},"inLanguage":"en-US","potentialAction":[{"@type":"ReadAction","target":["https:\/\/www.lovely-vip.com\/product\/keratin-cleaner-plyn-oczyszczajacy-do-brwi-i-rzes\/"]}]},{"@type":"ImageObject","inLanguage":"en-US","@id":"https:\/\/www.lovely-vip.com\/product\/keratin-cleaner-plyn-oczyszczajacy-do-brwi-i-rzes\/#primaryimage","url":"https:\/\/www.lovely-vip.com\/wp-content\/uploads\/2025\/05\/keratin-cleaner-tonik-900x900-1.png","contentUrl":"https:\/\/www.lovely-vip.com\/wp-content\/uploads\/2025\/05\/keratin-cleaner-tonik-900x900-1.png","width":900,"height":900},{"@type":"BreadcrumbList","@id":"https:\/\/www.lovely-vip.com\/product\/keratin-cleaner-plyn-oczyszczajacy-do-brwi-i-rzes\/#breadcrumb","itemListElement":[{"@type":"ListItem","position":1,"name":"Strona g\u0142\u00f3wna","item":"https:\/\/www.lovely-vip.com\/"},{"@type":"ListItem","position":2,"name":"Sklep dla stylistek rz\u0119s i brwi","item":"https:\/\/www.lovely-vip.com\/shop\/"},{"@type":"ListItem","position":3,"name":"KERATIN CLEANER: P\u0142yn oczyszczaj\u0105cy do brwi i rz\u0119s"}]},{"@type":"WebSite","@id":"https:\/\/www.lovely-vip.com\/#website","url":"https:\/\/www.lovely-vip.com\/","name":"Lovely Vip","description":"Professional eyelash and eyebrow care products","potentialAction":[{"@type":"SearchAction","target":{"@type":"EntryPoint","urlTemplate":"https:\/\/www.lovely-vip.com\/?s={search_term_string}"},"query-input":{"@type":"PropertyValueSpecification","valueRequired":true,"valueName":"search_term_string"}}],"inLanguage":"en-US"}]}},"_links":{"self":[{"href":"https:\/\/www.lovely-vip.com\/en\/wp-json\/wp\/v2\/product\/26115","targetHints":{"allow":["GET"]}}],"collection":[{"href":"https:\/\/www.lovely-vip.com\/en\/wp-json\/wp\/v2\/product"}],"about":[{"href":"https:\/\/www.lovely-vip.com\/en\/wp-json\/wp\/v2\/types\/product"}],"replies":[{"embeddable":true,"href":"https:\/\/www.lovely-vip.com\/en\/wp-json\/wp\/v2\/comments?post=26115"}],"wp:featuredmedia":[{"embeddable":true,"href":"https:\/\/www.lovely-vip.com\/en\/wp-json\/wp\/v2\/media\/26116"}],"wp:attachment":[{"href":"https:\/\/www.lovely-vip.com\/en\/wp-json\/wp\/v2\/media?parent=26115"}],"wp:term":[{"taxonomy":"product_brand","embeddable":true,"href":"https:\/\/www.lovely-vip.com\/en\/wp-json\/wp\/v2\/product_brand?post=26115"},{"taxonomy":"product_cat","embeddable":true,"href":"https:\/\/www.lovely-vip.com\/en\/wp-json\/wp\/v2\/product_cat?post=26115"},{"taxonomy":"product_tag","embeddable":true,"href":"https:\/\/www.lovely-vip.com\/en\/wp-json\/wp\/v2\/product_tag?post=26115"}],"curies":[{"name":"wp","href":"https:\/\/api.w.org\/{rel}","templated":true}]}}