{"id":26117,"date":"2025-05-20T12:04:16","date_gmt":"2025-05-20T10:04:16","guid":{"rendered":"https:\/\/www.lovely-vip.com\/?post_type=product&#038;p=26117"},"modified":"2025-09-28T13:31:57","modified_gmt":"2025-09-28T11:31:57","slug":"elan-x-belik-after-wax-maska-ochronna","status":"publish","type":"product","link":"https:\/\/www.lovely-vip.com\/en\/product\/elan-x-belik-after-wax-maska-ochronna\/","title":{"rendered":"ELAN X belik AFTER WAX: Protective mask short date"},"content":{"rendered":"<p><strong>Directions for use<\/strong><\/p>\n<div class=\"drugi-opis\">\n<p>Apply the cream mask to the face in a thin layer after the unwanted hair removal treatment and leave it to be completely absorbed.<\/p>\n<hr \/>\n<p><strong>Chemical composition<\/strong><\/p>\n<p>WATER, CETEARYL ALCOHOL, PROPYLENE GLYCOL, DENATURED ALCOHOL, KAOLIN, ZINC OXIDE, TETRASODIUM PYROPHOSPHATE, SULFUR, HYDROXYETHYLCELLULOSE, POLYSORBATE 20, CETEARETH-20, GLYCEROL STEARATE, PEG-100 STEARATE, ACRYLOYL DIMETHYL AMMONIUM STEARATE\/VP COPOLYMER, ETHYLHEXYLGLYCERIN, TOCOPHERYL ACETATE, CITRIC ACID, PHENOXYETHANOL, CETRIMONIUM CHLORIDE, PERFUME<\/p>\n<p><strong>Dermatologically tested<\/strong><\/p>\n<p><em>Manufactured in Turkey<\/em><\/p>\n<\/div>","protected":false},"excerpt":{"rendered":"<p>A special cream mask for facial skin after waxing to remove unwanted hair. The product soothes the skin, tightens pores and provides protection against UV rays. There is no need to rinse the cream mask with water.<\/p>\n<p>The creamy mask contains sulfur and kaolin to nurture and protect the skin, while zinc prevents excessive ultraviolet rays.<\/p>\n<p><strong>Capacity:\u00a0<\/strong>25 ml<\/p>\n<p><strong>Period after opening (PAO):\u00a0<\/strong>6 months<\/p>","protected":false},"featured_media":26118,"comment_status":"open","ping_status":"closed","template":"","meta":[],"product_brand":[],"product_cat":[85,235,238,237,69,236],"product_tag":[],"class_list":{"0":"post-26117","1":"product","2":"type-product","3":"status-publish","4":"has-post-thumbnail","6":"product_cat-brwi","7":"product_cat-elan","8":"product_cat-farbka-do-brwi","9":"product_cat-henna","10":"product_cat-nowosci","11":"product_cat-pielegnacja-brw","13":"first","14":"outofstock","15":"sale","16":"shipping-taxable","17":"purchasable","18":"product-type-simple"},"yoast_head":"<!-- This site is optimized with the Yoast SEO plugin v25.4 - https:\/\/yoast.com\/wordpress\/plugins\/seo\/ -->\n<title>ELAN X belik AFTER WAX: Maska ochronna kr\u00f3tka data - Lovely Vip<\/title>\n<meta name=\"robots\" content=\"index, follow, max-snippet:-1, max-image-preview:large, max-video-preview:-1\" \/>\n<link rel=\"canonical\" href=\"https:\/\/www.lovely-vip.com\/en\/product\/elan-x-belik-after-wax-maska-ochronna\/\" \/>\n<meta property=\"og:locale\" content=\"en_US\" \/>\n<meta property=\"og:type\" content=\"article\" \/>\n<meta property=\"og:title\" content=\"ELAN X belik AFTER WAX: Maska ochronna kr\u00f3tka data - Lovely Vip\" \/>\n<meta property=\"og:description\" content=\"Specjalna kremowa maska do piel\u0119gnacji sk\u00f3ry twarzy po depilacji woskiem w celu usuni\u0119cia zb\u0119dnego ow\u0142osienia. Produkt \u0142agodzi sk\u00f3r\u0119, zw\u0119\u017ca pory i zapewnia ochron\u0119 przed promieniami UV. Nie ma potrzeby sp\u0142ukiwania kremowej maski wod\u0105.  Kremowa maseczka zawiera siark\u0119 i kaolin, kt\u00f3re piel\u0119gnuj\u0105 i chroni\u0105 sk\u00f3r\u0119, a cynk zapobiega nadmiernemu dzia\u0142aniu promieni ultrafioletowych.  Pojemno\u015b\u0107:\u00a025 ml  Okres po otwarciu (PAO):\u00a06 miesi\u0119cy\" \/>\n<meta property=\"og:url\" content=\"https:\/\/www.lovely-vip.com\/en\/product\/elan-x-belik-after-wax-maska-ochronna\/\" \/>\n<meta property=\"og:site_name\" content=\"Lovely Vip\" \/>\n<meta property=\"article:modified_time\" content=\"2025-09-28T11:31:57+00:00\" \/>\n<meta property=\"og:image\" content=\"https:\/\/www.lovely-vip.com\/wp-content\/uploads\/2025\/05\/after-wax-protection-mask-900x900-1.png\" \/>\n\t<meta property=\"og:image:width\" content=\"900\" \/>\n\t<meta property=\"og:image:height\" content=\"900\" \/>\n\t<meta property=\"og:image:type\" content=\"image\/png\" \/>\n<meta name=\"twitter:card\" content=\"summary_large_image\" \/>\n<meta name=\"twitter:label1\" content=\"Est. reading time\" \/>\n\t<meta name=\"twitter:data1\" content=\"1 minute\" \/>\n<script type=\"application\/ld+json\" class=\"yoast-schema-graph\">{\"@context\":\"https:\/\/schema.org\",\"@graph\":[{\"@type\":\"WebPage\",\"@id\":\"https:\/\/www.lovely-vip.com\/product\/elan-x-belik-after-wax-maska-ochronna\/\",\"url\":\"https:\/\/www.lovely-vip.com\/product\/elan-x-belik-after-wax-maska-ochronna\/\",\"name\":\"ELAN X belik AFTER WAX: Maska ochronna kr\u00f3tka data - Lovely Vip\",\"isPartOf\":{\"@id\":\"https:\/\/www.lovely-vip.com\/#website\"},\"primaryImageOfPage\":{\"@id\":\"https:\/\/www.lovely-vip.com\/product\/elan-x-belik-after-wax-maska-ochronna\/#primaryimage\"},\"image\":{\"@id\":\"https:\/\/www.lovely-vip.com\/product\/elan-x-belik-after-wax-maska-ochronna\/#primaryimage\"},\"thumbnailUrl\":\"https:\/\/www.lovely-vip.com\/wp-content\/uploads\/2025\/05\/after-wax-protection-mask-900x900-1.png\",\"datePublished\":\"2025-05-20T10:04:16+00:00\",\"dateModified\":\"2025-09-28T11:31:57+00:00\",\"breadcrumb\":{\"@id\":\"https:\/\/www.lovely-vip.com\/product\/elan-x-belik-after-wax-maska-ochronna\/#breadcrumb\"},\"inLanguage\":\"en-US\",\"potentialAction\":[{\"@type\":\"ReadAction\",\"target\":[\"https:\/\/www.lovely-vip.com\/product\/elan-x-belik-after-wax-maska-ochronna\/\"]}]},{\"@type\":\"ImageObject\",\"inLanguage\":\"en-US\",\"@id\":\"https:\/\/www.lovely-vip.com\/product\/elan-x-belik-after-wax-maska-ochronna\/#primaryimage\",\"url\":\"https:\/\/www.lovely-vip.com\/wp-content\/uploads\/2025\/05\/after-wax-protection-mask-900x900-1.png\",\"contentUrl\":\"https:\/\/www.lovely-vip.com\/wp-content\/uploads\/2025\/05\/after-wax-protection-mask-900x900-1.png\",\"width\":900,\"height\":900},{\"@type\":\"BreadcrumbList\",\"@id\":\"https:\/\/www.lovely-vip.com\/product\/elan-x-belik-after-wax-maska-ochronna\/#breadcrumb\",\"itemListElement\":[{\"@type\":\"ListItem\",\"position\":1,\"name\":\"Strona g\u0142\u00f3wna\",\"item\":\"https:\/\/www.lovely-vip.com\/\"},{\"@type\":\"ListItem\",\"position\":2,\"name\":\"Sklep dla stylistek rz\u0119s i brwi\",\"item\":\"https:\/\/www.lovely-vip.com\/shop\/\"},{\"@type\":\"ListItem\",\"position\":3,\"name\":\"ELAN X belik AFTER WAX: Maska ochronna kr\u00f3tka data\"}]},{\"@type\":\"WebSite\",\"@id\":\"https:\/\/www.lovely-vip.com\/#website\",\"url\":\"https:\/\/www.lovely-vip.com\/\",\"name\":\"Lovely Vip\",\"description\":\"Profesjonalne produkty do piel\u0119gnacji rz\u0119s i brwi\",\"potentialAction\":[{\"@type\":\"SearchAction\",\"target\":{\"@type\":\"EntryPoint\",\"urlTemplate\":\"https:\/\/www.lovely-vip.com\/?s={search_term_string}\"},\"query-input\":{\"@type\":\"PropertyValueSpecification\",\"valueRequired\":true,\"valueName\":\"search_term_string\"}}],\"inLanguage\":\"en-US\"}]}<\/script>\n<!-- \/ Yoast SEO plugin. -->","yoast_head_json":{"title":"ELAN X belik AFTER WAX: Maska ochronna kr\u00f3tka data - Lovely Vip","robots":{"index":"index","follow":"follow","max-snippet":"max-snippet:-1","max-image-preview":"max-image-preview:large","max-video-preview":"max-video-preview:-1"},"canonical":"https:\/\/www.lovely-vip.com\/en\/product\/elan-x-belik-after-wax-maska-ochronna\/","og_locale":"en_US","og_type":"article","og_title":"ELAN X belik AFTER WAX: Maska ochronna kr\u00f3tka data - Lovely Vip","og_description":"Specjalna kremowa maska do piel\u0119gnacji sk\u00f3ry twarzy po depilacji woskiem w celu usuni\u0119cia zb\u0119dnego ow\u0142osienia. Produkt \u0142agodzi sk\u00f3r\u0119, zw\u0119\u017ca pory i zapewnia ochron\u0119 przed promieniami UV. Nie ma potrzeby sp\u0142ukiwania kremowej maski wod\u0105.  Kremowa maseczka zawiera siark\u0119 i kaolin, kt\u00f3re piel\u0119gnuj\u0105 i chroni\u0105 sk\u00f3r\u0119, a cynk zapobiega nadmiernemu dzia\u0142aniu promieni ultrafioletowych.  Pojemno\u015b\u0107:\u00a025 ml  Okres po otwarciu (PAO):\u00a06 miesi\u0119cy","og_url":"https:\/\/www.lovely-vip.com\/en\/product\/elan-x-belik-after-wax-maska-ochronna\/","og_site_name":"Lovely Vip","article_modified_time":"2025-09-28T11:31:57+00:00","og_image":[{"width":900,"height":900,"url":"https:\/\/www.lovely-vip.com\/wp-content\/uploads\/2025\/05\/after-wax-protection-mask-900x900-1.png","type":"image\/png"}],"twitter_card":"summary_large_image","twitter_misc":{"Est. reading time":"1 minute"},"schema":{"@context":"https:\/\/schema.org","@graph":[{"@type":"WebPage","@id":"https:\/\/www.lovely-vip.com\/product\/elan-x-belik-after-wax-maska-ochronna\/","url":"https:\/\/www.lovely-vip.com\/product\/elan-x-belik-after-wax-maska-ochronna\/","name":"ELAN X belik AFTER WAX: Maska ochronna kr\u00f3tka data - Lovely Vip","isPartOf":{"@id":"https:\/\/www.lovely-vip.com\/#website"},"primaryImageOfPage":{"@id":"https:\/\/www.lovely-vip.com\/product\/elan-x-belik-after-wax-maska-ochronna\/#primaryimage"},"image":{"@id":"https:\/\/www.lovely-vip.com\/product\/elan-x-belik-after-wax-maska-ochronna\/#primaryimage"},"thumbnailUrl":"https:\/\/www.lovely-vip.com\/wp-content\/uploads\/2025\/05\/after-wax-protection-mask-900x900-1.png","datePublished":"2025-05-20T10:04:16+00:00","dateModified":"2025-09-28T11:31:57+00:00","breadcrumb":{"@id":"https:\/\/www.lovely-vip.com\/product\/elan-x-belik-after-wax-maska-ochronna\/#breadcrumb"},"inLanguage":"en-US","potentialAction":[{"@type":"ReadAction","target":["https:\/\/www.lovely-vip.com\/product\/elan-x-belik-after-wax-maska-ochronna\/"]}]},{"@type":"ImageObject","inLanguage":"en-US","@id":"https:\/\/www.lovely-vip.com\/product\/elan-x-belik-after-wax-maska-ochronna\/#primaryimage","url":"https:\/\/www.lovely-vip.com\/wp-content\/uploads\/2025\/05\/after-wax-protection-mask-900x900-1.png","contentUrl":"https:\/\/www.lovely-vip.com\/wp-content\/uploads\/2025\/05\/after-wax-protection-mask-900x900-1.png","width":900,"height":900},{"@type":"BreadcrumbList","@id":"https:\/\/www.lovely-vip.com\/product\/elan-x-belik-after-wax-maska-ochronna\/#breadcrumb","itemListElement":[{"@type":"ListItem","position":1,"name":"Strona g\u0142\u00f3wna","item":"https:\/\/www.lovely-vip.com\/"},{"@type":"ListItem","position":2,"name":"Sklep dla stylistek rz\u0119s i brwi","item":"https:\/\/www.lovely-vip.com\/shop\/"},{"@type":"ListItem","position":3,"name":"ELAN X belik AFTER WAX: Maska ochronna kr\u00f3tka data"}]},{"@type":"WebSite","@id":"https:\/\/www.lovely-vip.com\/#website","url":"https:\/\/www.lovely-vip.com\/","name":"Lovely Vip","description":"Professional eyelash and eyebrow care products","potentialAction":[{"@type":"SearchAction","target":{"@type":"EntryPoint","urlTemplate":"https:\/\/www.lovely-vip.com\/?s={search_term_string}"},"query-input":{"@type":"PropertyValueSpecification","valueRequired":true,"valueName":"search_term_string"}}],"inLanguage":"en-US"}]}},"_links":{"self":[{"href":"https:\/\/www.lovely-vip.com\/en\/wp-json\/wp\/v2\/product\/26117","targetHints":{"allow":["GET"]}}],"collection":[{"href":"https:\/\/www.lovely-vip.com\/en\/wp-json\/wp\/v2\/product"}],"about":[{"href":"https:\/\/www.lovely-vip.com\/en\/wp-json\/wp\/v2\/types\/product"}],"replies":[{"embeddable":true,"href":"https:\/\/www.lovely-vip.com\/en\/wp-json\/wp\/v2\/comments?post=26117"}],"wp:featuredmedia":[{"embeddable":true,"href":"https:\/\/www.lovely-vip.com\/en\/wp-json\/wp\/v2\/media\/26118"}],"wp:attachment":[{"href":"https:\/\/www.lovely-vip.com\/en\/wp-json\/wp\/v2\/media?parent=26117"}],"wp:term":[{"taxonomy":"product_brand","embeddable":true,"href":"https:\/\/www.lovely-vip.com\/en\/wp-json\/wp\/v2\/product_brand?post=26117"},{"taxonomy":"product_cat","embeddable":true,"href":"https:\/\/www.lovely-vip.com\/en\/wp-json\/wp\/v2\/product_cat?post=26117"},{"taxonomy":"product_tag","embeddable":true,"href":"https:\/\/www.lovely-vip.com\/en\/wp-json\/wp\/v2\/product_tag?post=26117"}],"curies":[{"name":"wp","href":"https:\/\/api.w.org\/{rel}","templated":true}]}}