{"id":26337,"date":"2025-06-30T10:58:19","date_gmt":"2025-06-30T08:58:19","guid":{"rendered":"https:\/\/www.lovely-vip.com\/?post_type=product&#038;p=26337"},"modified":"2026-05-04T11:52:10","modified_gmt":"2026-05-04T09:52:10","slug":"cream-remover-lashy-sweet-powder-10-g","status":"publish","type":"product","link":"https:\/\/www.lovely-vip.com\/en\/product\/cream-remover-lashy-sweet-powder-10-g\/","title":{"rendered":"Cream-remover LASHY &#8222;Sweet powder&#8221;, 10 g"},"content":{"rendered":"","protected":false},"excerpt":{"rendered":"<div>Gentle cream remover designed to safely and conveniently remove false eyelashes.<\/div>\n<div>The creamy-mousse texture ensures smooth application, and the removal process takes up to 7 minutes and does not cause irritation.<\/div>\n<div>Infused with pleasant scents, it provides a soothing experience for both the eyelash stylist and the client.<\/div>\n<div>Developed to prevent:<\/div>\n<div>- redness, itching or burning<\/div>\n<div>- leakage of product into the eyes<\/div>\n<div>- white residue after removal<\/div>\n<div>- damage to packaging<\/div>\n<div><\/div>\n<div>Exposure time: 4-7 min<\/div>\n<div><\/div>\n<div>Fragrance: Sweet powder<\/div>\n<div><\/div>\n<div>Color: Pastel Blue<\/div>\n<div><\/div>\n<div>Consistency: Creamy mousse<\/div>\n<div><\/div>\n<div>Ingredients: Propylene carbonate, hydroxyethyl cellulose, Parfum.<\/div>\n<div><\/div>\n<div>Storage conditions: Store at 5 \u00b0C to 25 \u00b0C in a dry place, avoid direct sunlight.<\/div>\n<div><\/div>\n<div>Precautions: Apply only to eyelash bonding areas, not to skin. Work only on closed eyes. In case of contact with eyes, rinse immediately with water and consult a doctor. Keep out of reach of children. For external use only.<\/div>\n<div><\/div>\n<div>Shelf life of the product: 24 months.<\/div>\n<div>Expiration date after opening: 6 months.<\/div>\n<div><\/div>\n<div>Manufactured in South Korea<\/div>","protected":false},"featured_media":26338,"comment_status":"open","ping_status":"closed","template":"","meta":[],"product_brand":[],"product_cat":[72,75],"product_tag":[],"class_list":{"0":"post-26337","1":"product","2":"type-product","3":"status-publish","4":"has-post-thumbnail","6":"product_cat-preparaty-do-rzes","7":"product_cat-remowery","9":"first","10":"instock","11":"shipping-taxable","12":"purchasable","13":"product-type-simple"},"yoast_head":"<!-- This site is optimized with the Yoast SEO plugin v25.4 - https:\/\/yoast.com\/wordpress\/plugins\/seo\/ -->\n<title>Cream-remover LASHY &quot;Sweet powder&quot;, 10 g - Lovely Vip<\/title>\n<meta name=\"robots\" content=\"index, follow, max-snippet:-1, max-image-preview:large, max-video-preview:-1\" \/>\n<link rel=\"canonical\" href=\"https:\/\/www.lovely-vip.com\/en\/product\/cream-remover-lashy-sweet-powder-10-g\/\" \/>\n<meta property=\"og:locale\" content=\"en_US\" \/>\n<meta property=\"og:type\" content=\"article\" \/>\n<meta property=\"og:title\" content=\"Cream-remover LASHY &quot;Sweet powder&quot;, 10 g - Lovely Vip\" \/>\n<meta property=\"og:description\" content=\"Delikatny remower w kremie przeznaczony do bezpiecznego i wygodnego usuwania sztucznych rz\u0119s. Kremowo-musowa konsystencja zapewnia g\u0142adk\u0105 aplikacj\u0119, a proces usuwania trwa do 7 minut i nie powoduje podra\u017cnie\u0144. Nas\u0105czony przyjemnymi zapachami zapewnia koj\u0105ce doznania zar\u00f3wno dla stylistki rz\u0119s, jak i klientki. Opracowany, aby zapobiega\u0107: - zaczerwienieniom, sw\u0119dzeniu lub pieczeniu - wyciekaniu produktu do oczu - bia\u0142ym pozosta\u0142o\u015bciom po usuni\u0119ciu - uszkodzeniom opakowania  Czas ekspozycji: 4-7 min  Zapach: S\u0142odki puder  Kolor: Pastelowy niebieski  Konsystencja: Kremowy mus  Sk\u0142adniki: W\u0119glan propylenu, hydroksyetyloceluloza, Parfum.  Warunki przechowywania: Przechowywa\u0107 w temperaturze od 5 \u00b0C do 25 \u00b0C w suchym miejscu, unika\u0107 bezpo\u015bredniego \u015bwiat\u0142a s\u0142onecznego.  \u015arodki ostro\u017cno\u015bci: Nak\u0142ada\u0107 tylko na miejsca l\u0105czenia rz\u0119s, a nie na sk\u00f3r\u0119. Pracowa\u0107 tylko na zamkni\u0119tych oczach. W przypadku kontaktu z oczami natychmiast przemy\u0107 je wod\u0105 i skonsultowa\u0107 si\u0119 z lekarzem. Przechowywa\u0107 w miejscu niedost\u0119pnym dla dzieci. Tylko do u\u017cytku zewn\u0119trznego.  Okres przydatno\u015bci produktu: 24 miesi\u0105ce. Data wa\u017cno\u015bci po otwarciu: 6 miesi\u0119cy.  Wyprodukowano w Korei Po\u0142udniowej\" \/>\n<meta property=\"og:url\" content=\"https:\/\/www.lovely-vip.com\/en\/product\/cream-remover-lashy-sweet-powder-10-g\/\" \/>\n<meta property=\"og:site_name\" content=\"Lovely Vip\" \/>\n<meta property=\"article:modified_time\" content=\"2026-05-04T09:52:10+00:00\" \/>\n<meta property=\"og:image\" content=\"https:\/\/www.lovely-vip.com\/wp-content\/uploads\/2025\/06\/5.jpg\" \/>\n\t<meta property=\"og:image:width\" content=\"2100\" \/>\n\t<meta property=\"og:image:height\" content=\"2100\" \/>\n\t<meta property=\"og:image:type\" content=\"image\/jpeg\" \/>\n<meta name=\"twitter:card\" content=\"summary_large_image\" \/>\n<meta name=\"twitter:label1\" content=\"Est. reading time\" \/>\n\t<meta name=\"twitter:data1\" content=\"1 minute\" \/>\n<script type=\"application\/ld+json\" class=\"yoast-schema-graph\">{\"@context\":\"https:\/\/schema.org\",\"@graph\":[{\"@type\":\"WebPage\",\"@id\":\"https:\/\/www.lovely-vip.com\/product\/cream-remover-lashy-sweet-powder-10-g\/\",\"url\":\"https:\/\/www.lovely-vip.com\/product\/cream-remover-lashy-sweet-powder-10-g\/\",\"name\":\"Cream-remover LASHY \\\"Sweet powder\\\", 10 g - Lovely Vip\",\"isPartOf\":{\"@id\":\"https:\/\/www.lovely-vip.com\/#website\"},\"primaryImageOfPage\":{\"@id\":\"https:\/\/www.lovely-vip.com\/product\/cream-remover-lashy-sweet-powder-10-g\/#primaryimage\"},\"image\":{\"@id\":\"https:\/\/www.lovely-vip.com\/product\/cream-remover-lashy-sweet-powder-10-g\/#primaryimage\"},\"thumbnailUrl\":\"https:\/\/www.lovely-vip.com\/wp-content\/uploads\/2025\/06\/5.jpg\",\"datePublished\":\"2025-06-30T08:58:19+00:00\",\"dateModified\":\"2026-05-04T09:52:10+00:00\",\"breadcrumb\":{\"@id\":\"https:\/\/www.lovely-vip.com\/product\/cream-remover-lashy-sweet-powder-10-g\/#breadcrumb\"},\"inLanguage\":\"en-US\",\"potentialAction\":[{\"@type\":\"ReadAction\",\"target\":[\"https:\/\/www.lovely-vip.com\/product\/cream-remover-lashy-sweet-powder-10-g\/\"]}]},{\"@type\":\"ImageObject\",\"inLanguage\":\"en-US\",\"@id\":\"https:\/\/www.lovely-vip.com\/product\/cream-remover-lashy-sweet-powder-10-g\/#primaryimage\",\"url\":\"https:\/\/www.lovely-vip.com\/wp-content\/uploads\/2025\/06\/5.jpg\",\"contentUrl\":\"https:\/\/www.lovely-vip.com\/wp-content\/uploads\/2025\/06\/5.jpg\",\"width\":2100,\"height\":2100},{\"@type\":\"BreadcrumbList\",\"@id\":\"https:\/\/www.lovely-vip.com\/product\/cream-remover-lashy-sweet-powder-10-g\/#breadcrumb\",\"itemListElement\":[{\"@type\":\"ListItem\",\"position\":1,\"name\":\"Strona g\u0142\u00f3wna\",\"item\":\"https:\/\/www.lovely-vip.com\/\"},{\"@type\":\"ListItem\",\"position\":2,\"name\":\"Sklep dla stylistek rz\u0119s i brwi\",\"item\":\"https:\/\/www.lovely-vip.com\/shop\/\"},{\"@type\":\"ListItem\",\"position\":3,\"name\":\"Cream-remover LASHY &#8222;Sweet powder&#8221;, 10 g\"}]},{\"@type\":\"WebSite\",\"@id\":\"https:\/\/www.lovely-vip.com\/#website\",\"url\":\"https:\/\/www.lovely-vip.com\/\",\"name\":\"Lovely Vip\",\"description\":\"Profesjonalne produkty do piel\u0119gnacji rz\u0119s i brwi\",\"potentialAction\":[{\"@type\":\"SearchAction\",\"target\":{\"@type\":\"EntryPoint\",\"urlTemplate\":\"https:\/\/www.lovely-vip.com\/?s={search_term_string}\"},\"query-input\":{\"@type\":\"PropertyValueSpecification\",\"valueRequired\":true,\"valueName\":\"search_term_string\"}}],\"inLanguage\":\"en-US\"}]}<\/script>\n<!-- \/ Yoast SEO plugin. -->","yoast_head_json":{"title":"Cream-remover LASHY \"Sweet powder\", 10 g - Lovely Vip","robots":{"index":"index","follow":"follow","max-snippet":"max-snippet:-1","max-image-preview":"max-image-preview:large","max-video-preview":"max-video-preview:-1"},"canonical":"https:\/\/www.lovely-vip.com\/en\/product\/cream-remover-lashy-sweet-powder-10-g\/","og_locale":"en_US","og_type":"article","og_title":"Cream-remover LASHY \"Sweet powder\", 10 g - Lovely Vip","og_description":"Delikatny remower w kremie przeznaczony do bezpiecznego i wygodnego usuwania sztucznych rz\u0119s. Kremowo-musowa konsystencja zapewnia g\u0142adk\u0105 aplikacj\u0119, a proces usuwania trwa do 7 minut i nie powoduje podra\u017cnie\u0144. Nas\u0105czony przyjemnymi zapachami zapewnia koj\u0105ce doznania zar\u00f3wno dla stylistki rz\u0119s, jak i klientki. Opracowany, aby zapobiega\u0107: - zaczerwienieniom, sw\u0119dzeniu lub pieczeniu - wyciekaniu produktu do oczu - bia\u0142ym pozosta\u0142o\u015bciom po usuni\u0119ciu - uszkodzeniom opakowania  Czas ekspozycji: 4-7 min  Zapach: S\u0142odki puder  Kolor: Pastelowy niebieski  Konsystencja: Kremowy mus  Sk\u0142adniki: W\u0119glan propylenu, hydroksyetyloceluloza, Parfum.  Warunki przechowywania: Przechowywa\u0107 w temperaturze od 5 \u00b0C do 25 \u00b0C w suchym miejscu, unika\u0107 bezpo\u015bredniego \u015bwiat\u0142a s\u0142onecznego.  \u015arodki ostro\u017cno\u015bci: Nak\u0142ada\u0107 tylko na miejsca l\u0105czenia rz\u0119s, a nie na sk\u00f3r\u0119. Pracowa\u0107 tylko na zamkni\u0119tych oczach. W przypadku kontaktu z oczami natychmiast przemy\u0107 je wod\u0105 i skonsultowa\u0107 si\u0119 z lekarzem. Przechowywa\u0107 w miejscu niedost\u0119pnym dla dzieci. Tylko do u\u017cytku zewn\u0119trznego.  Okres przydatno\u015bci produktu: 24 miesi\u0105ce. Data wa\u017cno\u015bci po otwarciu: 6 miesi\u0119cy.  Wyprodukowano w Korei Po\u0142udniowej","og_url":"https:\/\/www.lovely-vip.com\/en\/product\/cream-remover-lashy-sweet-powder-10-g\/","og_site_name":"Lovely Vip","article_modified_time":"2026-05-04T09:52:10+00:00","og_image":[{"width":2100,"height":2100,"url":"https:\/\/www.lovely-vip.com\/wp-content\/uploads\/2025\/06\/5.jpg","type":"image\/jpeg"}],"twitter_card":"summary_large_image","twitter_misc":{"Est. reading time":"1 minute"},"schema":{"@context":"https:\/\/schema.org","@graph":[{"@type":"WebPage","@id":"https:\/\/www.lovely-vip.com\/product\/cream-remover-lashy-sweet-powder-10-g\/","url":"https:\/\/www.lovely-vip.com\/product\/cream-remover-lashy-sweet-powder-10-g\/","name":"Cream-remover LASHY \"Sweet powder\", 10 g - Lovely Vip","isPartOf":{"@id":"https:\/\/www.lovely-vip.com\/#website"},"primaryImageOfPage":{"@id":"https:\/\/www.lovely-vip.com\/product\/cream-remover-lashy-sweet-powder-10-g\/#primaryimage"},"image":{"@id":"https:\/\/www.lovely-vip.com\/product\/cream-remover-lashy-sweet-powder-10-g\/#primaryimage"},"thumbnailUrl":"https:\/\/www.lovely-vip.com\/wp-content\/uploads\/2025\/06\/5.jpg","datePublished":"2025-06-30T08:58:19+00:00","dateModified":"2026-05-04T09:52:10+00:00","breadcrumb":{"@id":"https:\/\/www.lovely-vip.com\/product\/cream-remover-lashy-sweet-powder-10-g\/#breadcrumb"},"inLanguage":"en-US","potentialAction":[{"@type":"ReadAction","target":["https:\/\/www.lovely-vip.com\/product\/cream-remover-lashy-sweet-powder-10-g\/"]}]},{"@type":"ImageObject","inLanguage":"en-US","@id":"https:\/\/www.lovely-vip.com\/product\/cream-remover-lashy-sweet-powder-10-g\/#primaryimage","url":"https:\/\/www.lovely-vip.com\/wp-content\/uploads\/2025\/06\/5.jpg","contentUrl":"https:\/\/www.lovely-vip.com\/wp-content\/uploads\/2025\/06\/5.jpg","width":2100,"height":2100},{"@type":"BreadcrumbList","@id":"https:\/\/www.lovely-vip.com\/product\/cream-remover-lashy-sweet-powder-10-g\/#breadcrumb","itemListElement":[{"@type":"ListItem","position":1,"name":"Strona g\u0142\u00f3wna","item":"https:\/\/www.lovely-vip.com\/"},{"@type":"ListItem","position":2,"name":"Sklep dla stylistek rz\u0119s i brwi","item":"https:\/\/www.lovely-vip.com\/shop\/"},{"@type":"ListItem","position":3,"name":"Cream-remover LASHY &#8222;Sweet powder&#8221;, 10 g"}]},{"@type":"WebSite","@id":"https:\/\/www.lovely-vip.com\/#website","url":"https:\/\/www.lovely-vip.com\/","name":"Lovely Vip","description":"Professional eyelash and eyebrow care products","potentialAction":[{"@type":"SearchAction","target":{"@type":"EntryPoint","urlTemplate":"https:\/\/www.lovely-vip.com\/?s={search_term_string}"},"query-input":{"@type":"PropertyValueSpecification","valueRequired":true,"valueName":"search_term_string"}}],"inLanguage":"en-US"}]}},"_links":{"self":[{"href":"https:\/\/www.lovely-vip.com\/en\/wp-json\/wp\/v2\/product\/26337","targetHints":{"allow":["GET"]}}],"collection":[{"href":"https:\/\/www.lovely-vip.com\/en\/wp-json\/wp\/v2\/product"}],"about":[{"href":"https:\/\/www.lovely-vip.com\/en\/wp-json\/wp\/v2\/types\/product"}],"replies":[{"embeddable":true,"href":"https:\/\/www.lovely-vip.com\/en\/wp-json\/wp\/v2\/comments?post=26337"}],"wp:featuredmedia":[{"embeddable":true,"href":"https:\/\/www.lovely-vip.com\/en\/wp-json\/wp\/v2\/media\/26338"}],"wp:attachment":[{"href":"https:\/\/www.lovely-vip.com\/en\/wp-json\/wp\/v2\/media?parent=26337"}],"wp:term":[{"taxonomy":"product_brand","embeddable":true,"href":"https:\/\/www.lovely-vip.com\/en\/wp-json\/wp\/v2\/product_brand?post=26337"},{"taxonomy":"product_cat","embeddable":true,"href":"https:\/\/www.lovely-vip.com\/en\/wp-json\/wp\/v2\/product_cat?post=26337"},{"taxonomy":"product_tag","embeddable":true,"href":"https:\/\/www.lovely-vip.com\/en\/wp-json\/wp\/v2\/product_tag?post=26337"}],"curies":[{"name":"wp","href":"https:\/\/api.w.org\/{rel}","templated":true}]}}