{"id":26358,"date":"2025-07-01T10:44:11","date_gmt":"2025-07-01T08:44:11","guid":{"rendered":"https:\/\/www.lovely-vip.com\/?post_type=product&#038;p=26358"},"modified":"2025-10-28T12:42:35","modified_gmt":"2025-10-28T11:42:35","slug":"szampon-do-brwi-lovely","status":"publish","type":"product","link":"https:\/\/www.lovely-vip.com\/en\/product\/szampon-do-brwi-lovely\/","title":{"rendered":"Lovely eyebrow shampoo"},"content":{"rendered":"","protected":false},"excerpt":{"rendered":"<div>Professional shampoo with an innovative complex of active ingredients for cleansing eyebrows.<\/div>\n<div>Removes cosmetic residues and sebum from around the eyebrows.<\/div>\n<div>Promotes hair growth for better pigment penetration.<\/div>\n<div>It ensures an even coloring process.<\/div>\n<div><\/div>\n<div>The shelf life of the product is 3 years from the time of manufacture.<\/div>\n<div>30 ml<\/div>","protected":false},"featured_media":26359,"comment_status":"open","ping_status":"closed","template":"","meta":[],"product_brand":[],"product_cat":[85,293,276],"product_tag":[],"class_list":{"0":"post-26358","1":"product","2":"type-product","3":"status-publish","4":"has-post-thumbnail","6":"product_cat-brwi","7":"product_cat-lovely","8":"product_cat-przygotowanie-do-zabiegu","10":"first","11":"instock","12":"shipping-taxable","13":"purchasable","14":"product-type-simple"},"yoast_head":"<!-- This site is optimized with the Yoast SEO plugin v25.4 - https:\/\/yoast.com\/wordpress\/plugins\/seo\/ -->\n<title>Szampon do brwi Lovely - Lovely Vip<\/title>\n<meta name=\"robots\" content=\"index, follow, max-snippet:-1, max-image-preview:large, max-video-preview:-1\" \/>\n<link rel=\"canonical\" href=\"https:\/\/www.lovely-vip.com\/en\/product\/szampon-do-brwi-lovely\/\" \/>\n<meta property=\"og:locale\" content=\"en_US\" \/>\n<meta property=\"og:type\" content=\"article\" \/>\n<meta property=\"og:title\" content=\"Szampon do brwi Lovely - Lovely Vip\" \/>\n<meta property=\"og:description\" content=\"Profesjonalny szampon z innowacyjnym kompleksem sk\u0142adnik\u00f3w aktywnych do oczyszczania brwi. Usuwa pozosta\u0142o\u015bci kosmetyk\u00f3w i sebum z okolic brwi. Wspomaga wzrost w\u0142os\u00f3w, zapewniaj\u0105c lepsz\u0105 penetracj\u0119 pigmentu. Zapewnia r\u00f3wnomierny proces farbowania.  Okres przydatno\u015bci produktu wynosi 3 lata od momentu wyprodukowania. 30 ml\" \/>\n<meta property=\"og:url\" content=\"https:\/\/www.lovely-vip.com\/en\/product\/szampon-do-brwi-lovely\/\" \/>\n<meta property=\"og:site_name\" content=\"Lovely Vip\" \/>\n<meta property=\"article:modified_time\" content=\"2025-10-28T11:42:35+00:00\" \/>\n<meta property=\"og:image\" content=\"https:\/\/www.lovely-vip.com\/wp-content\/uploads\/2025\/07\/59ad9cea83d481c4bd3e6365efaf62d3.jpg\" \/>\n\t<meta property=\"og:image:width\" content=\"1080\" \/>\n\t<meta property=\"og:image:height\" content=\"1080\" \/>\n\t<meta property=\"og:image:type\" content=\"image\/jpeg\" \/>\n<meta name=\"twitter:card\" content=\"summary_large_image\" \/>\n<meta name=\"twitter:label1\" content=\"Est. reading time\" \/>\n\t<meta name=\"twitter:data1\" content=\"1 minute\" \/>\n<script type=\"application\/ld+json\" class=\"yoast-schema-graph\">{\"@context\":\"https:\/\/schema.org\",\"@graph\":[{\"@type\":\"WebPage\",\"@id\":\"https:\/\/www.lovely-vip.com\/product\/szampon-do-brwi-lovely\/\",\"url\":\"https:\/\/www.lovely-vip.com\/product\/szampon-do-brwi-lovely\/\",\"name\":\"Szampon do brwi Lovely - Lovely Vip\",\"isPartOf\":{\"@id\":\"https:\/\/www.lovely-vip.com\/#website\"},\"primaryImageOfPage\":{\"@id\":\"https:\/\/www.lovely-vip.com\/product\/szampon-do-brwi-lovely\/#primaryimage\"},\"image\":{\"@id\":\"https:\/\/www.lovely-vip.com\/product\/szampon-do-brwi-lovely\/#primaryimage\"},\"thumbnailUrl\":\"https:\/\/www.lovely-vip.com\/wp-content\/uploads\/2025\/07\/59ad9cea83d481c4bd3e6365efaf62d3.jpg\",\"datePublished\":\"2025-07-01T08:44:11+00:00\",\"dateModified\":\"2025-10-28T11:42:35+00:00\",\"breadcrumb\":{\"@id\":\"https:\/\/www.lovely-vip.com\/product\/szampon-do-brwi-lovely\/#breadcrumb\"},\"inLanguage\":\"en-US\",\"potentialAction\":[{\"@type\":\"ReadAction\",\"target\":[\"https:\/\/www.lovely-vip.com\/product\/szampon-do-brwi-lovely\/\"]}]},{\"@type\":\"ImageObject\",\"inLanguage\":\"en-US\",\"@id\":\"https:\/\/www.lovely-vip.com\/product\/szampon-do-brwi-lovely\/#primaryimage\",\"url\":\"https:\/\/www.lovely-vip.com\/wp-content\/uploads\/2025\/07\/59ad9cea83d481c4bd3e6365efaf62d3.jpg\",\"contentUrl\":\"https:\/\/www.lovely-vip.com\/wp-content\/uploads\/2025\/07\/59ad9cea83d481c4bd3e6365efaf62d3.jpg\",\"width\":1080,\"height\":1080},{\"@type\":\"BreadcrumbList\",\"@id\":\"https:\/\/www.lovely-vip.com\/product\/szampon-do-brwi-lovely\/#breadcrumb\",\"itemListElement\":[{\"@type\":\"ListItem\",\"position\":1,\"name\":\"Strona g\u0142\u00f3wna\",\"item\":\"https:\/\/www.lovely-vip.com\/\"},{\"@type\":\"ListItem\",\"position\":2,\"name\":\"Sklep dla stylistek rz\u0119s i brwi\",\"item\":\"https:\/\/www.lovely-vip.com\/shop\/\"},{\"@type\":\"ListItem\",\"position\":3,\"name\":\"Szampon do brwi Lovely\"}]},{\"@type\":\"WebSite\",\"@id\":\"https:\/\/www.lovely-vip.com\/#website\",\"url\":\"https:\/\/www.lovely-vip.com\/\",\"name\":\"Lovely Vip\",\"description\":\"Profesjonalne produkty do piel\u0119gnacji rz\u0119s i brwi\",\"potentialAction\":[{\"@type\":\"SearchAction\",\"target\":{\"@type\":\"EntryPoint\",\"urlTemplate\":\"https:\/\/www.lovely-vip.com\/?s={search_term_string}\"},\"query-input\":{\"@type\":\"PropertyValueSpecification\",\"valueRequired\":true,\"valueName\":\"search_term_string\"}}],\"inLanguage\":\"en-US\"}]}<\/script>\n<!-- \/ Yoast SEO plugin. -->","yoast_head_json":{"title":"Szampon do brwi Lovely - Lovely Vip","robots":{"index":"index","follow":"follow","max-snippet":"max-snippet:-1","max-image-preview":"max-image-preview:large","max-video-preview":"max-video-preview:-1"},"canonical":"https:\/\/www.lovely-vip.com\/en\/product\/szampon-do-brwi-lovely\/","og_locale":"en_US","og_type":"article","og_title":"Szampon do brwi Lovely - Lovely Vip","og_description":"Profesjonalny szampon z innowacyjnym kompleksem sk\u0142adnik\u00f3w aktywnych do oczyszczania brwi. Usuwa pozosta\u0142o\u015bci kosmetyk\u00f3w i sebum z okolic brwi. Wspomaga wzrost w\u0142os\u00f3w, zapewniaj\u0105c lepsz\u0105 penetracj\u0119 pigmentu. Zapewnia r\u00f3wnomierny proces farbowania.  Okres przydatno\u015bci produktu wynosi 3 lata od momentu wyprodukowania. 30 ml","og_url":"https:\/\/www.lovely-vip.com\/en\/product\/szampon-do-brwi-lovely\/","og_site_name":"Lovely Vip","article_modified_time":"2025-10-28T11:42:35+00:00","og_image":[{"width":1080,"height":1080,"url":"https:\/\/www.lovely-vip.com\/wp-content\/uploads\/2025\/07\/59ad9cea83d481c4bd3e6365efaf62d3.jpg","type":"image\/jpeg"}],"twitter_card":"summary_large_image","twitter_misc":{"Est. reading time":"1 minute"},"schema":{"@context":"https:\/\/schema.org","@graph":[{"@type":"WebPage","@id":"https:\/\/www.lovely-vip.com\/product\/szampon-do-brwi-lovely\/","url":"https:\/\/www.lovely-vip.com\/product\/szampon-do-brwi-lovely\/","name":"Szampon do brwi Lovely - Lovely Vip","isPartOf":{"@id":"https:\/\/www.lovely-vip.com\/#website"},"primaryImageOfPage":{"@id":"https:\/\/www.lovely-vip.com\/product\/szampon-do-brwi-lovely\/#primaryimage"},"image":{"@id":"https:\/\/www.lovely-vip.com\/product\/szampon-do-brwi-lovely\/#primaryimage"},"thumbnailUrl":"https:\/\/www.lovely-vip.com\/wp-content\/uploads\/2025\/07\/59ad9cea83d481c4bd3e6365efaf62d3.jpg","datePublished":"2025-07-01T08:44:11+00:00","dateModified":"2025-10-28T11:42:35+00:00","breadcrumb":{"@id":"https:\/\/www.lovely-vip.com\/product\/szampon-do-brwi-lovely\/#breadcrumb"},"inLanguage":"en-US","potentialAction":[{"@type":"ReadAction","target":["https:\/\/www.lovely-vip.com\/product\/szampon-do-brwi-lovely\/"]}]},{"@type":"ImageObject","inLanguage":"en-US","@id":"https:\/\/www.lovely-vip.com\/product\/szampon-do-brwi-lovely\/#primaryimage","url":"https:\/\/www.lovely-vip.com\/wp-content\/uploads\/2025\/07\/59ad9cea83d481c4bd3e6365efaf62d3.jpg","contentUrl":"https:\/\/www.lovely-vip.com\/wp-content\/uploads\/2025\/07\/59ad9cea83d481c4bd3e6365efaf62d3.jpg","width":1080,"height":1080},{"@type":"BreadcrumbList","@id":"https:\/\/www.lovely-vip.com\/product\/szampon-do-brwi-lovely\/#breadcrumb","itemListElement":[{"@type":"ListItem","position":1,"name":"Strona g\u0142\u00f3wna","item":"https:\/\/www.lovely-vip.com\/"},{"@type":"ListItem","position":2,"name":"Sklep dla stylistek rz\u0119s i brwi","item":"https:\/\/www.lovely-vip.com\/shop\/"},{"@type":"ListItem","position":3,"name":"Szampon do brwi Lovely"}]},{"@type":"WebSite","@id":"https:\/\/www.lovely-vip.com\/#website","url":"https:\/\/www.lovely-vip.com\/","name":"Lovely Vip","description":"Professional eyelash and eyebrow care products","potentialAction":[{"@type":"SearchAction","target":{"@type":"EntryPoint","urlTemplate":"https:\/\/www.lovely-vip.com\/?s={search_term_string}"},"query-input":{"@type":"PropertyValueSpecification","valueRequired":true,"valueName":"search_term_string"}}],"inLanguage":"en-US"}]}},"_links":{"self":[{"href":"https:\/\/www.lovely-vip.com\/en\/wp-json\/wp\/v2\/product\/26358","targetHints":{"allow":["GET"]}}],"collection":[{"href":"https:\/\/www.lovely-vip.com\/en\/wp-json\/wp\/v2\/product"}],"about":[{"href":"https:\/\/www.lovely-vip.com\/en\/wp-json\/wp\/v2\/types\/product"}],"replies":[{"embeddable":true,"href":"https:\/\/www.lovely-vip.com\/en\/wp-json\/wp\/v2\/comments?post=26358"}],"wp:featuredmedia":[{"embeddable":true,"href":"https:\/\/www.lovely-vip.com\/en\/wp-json\/wp\/v2\/media\/26359"}],"wp:attachment":[{"href":"https:\/\/www.lovely-vip.com\/en\/wp-json\/wp\/v2\/media?parent=26358"}],"wp:term":[{"taxonomy":"product_brand","embeddable":true,"href":"https:\/\/www.lovely-vip.com\/en\/wp-json\/wp\/v2\/product_brand?post=26358"},{"taxonomy":"product_cat","embeddable":true,"href":"https:\/\/www.lovely-vip.com\/en\/wp-json\/wp\/v2\/product_cat?post=26358"},{"taxonomy":"product_tag","embeddable":true,"href":"https:\/\/www.lovely-vip.com\/en\/wp-json\/wp\/v2\/product_tag?post=26358"}],"curies":[{"name":"wp","href":"https:\/\/api.w.org\/{rel}","templated":true}]}}