{"id":26360,"date":"2025-07-01T11:00:18","date_gmt":"2025-07-01T09:00:18","guid":{"rendered":"https:\/\/www.lovely-vip.com\/?post_type=product&#038;p=26360"},"modified":"2026-04-14T12:23:24","modified_gmt":"2026-04-14T10:23:24","slug":"rzesy-rili-by-lovely-mix","status":"publish","type":"product","link":"https:\/\/www.lovely-vip.com\/en\/product\/rzesy-rili-by-lovely-mix\/","title":{"rendered":"Rili by Lovely black eyelashes, MIX"},"content":{"rendered":"","protected":false},"excerpt":{"rendered":"<div>Lovely's Rili eyelashes are made of soft, high-quality fiber.<\/div>\n<div><\/div>\n<div>Made in Vietnam, the lashes provide consistent quality, stable curl, even thickness throughout and smooth lash tips. Rili's lash adhesive strip has a medium viscosity, making it very convenient to use; lash stylists can easily remove and create fans both on the strip and by srosing hand techniques.<\/div>\n<div><\/div>\n<div>Convenient markings for working on the palette - each lash line is marked with the type of twist, thickness and length - greatly help stylists in their work.<\/div>\n<div><\/div>\n<div>Rili eyelashes are beneficial in every way: both in terms of quality and price!<\/div>\n<div><\/div>\n<div>Color: black<\/div>\n<div><\/div>\n<div>Number of lines: 16 lines<\/div>\n<div><\/div>\n<div>Ingredients: synthetic monofilament polybutylene terephthalate<\/div>\n<div><\/div>\n<div>Made in Vietnam<\/div>","protected":false},"featured_media":27040,"comment_status":"open","ping_status":"closed","template":"","meta":[],"product_brand":[],"product_cat":[79,293,78],"product_tag":[],"class_list":{"0":"post-26360","1":"product","2":"type-product","3":"status-publish","4":"has-post-thumbnail","6":"product_cat-czarne-rzesy","7":"product_cat-lovely","8":"product_cat-rzesy","10":"first","11":"instock","12":"shipping-taxable","13":"purchasable","14":"product-type-variable"},"yoast_head":"<!-- This site is optimized with the Yoast SEO plugin v25.4 - https:\/\/yoast.com\/wordpress\/plugins\/seo\/ -->\n<title>Rz\u0119sy czarne Rili by Lovely, MIX - Lovely Vip<\/title>\n<meta name=\"robots\" content=\"index, follow, max-snippet:-1, max-image-preview:large, max-video-preview:-1\" \/>\n<link rel=\"canonical\" href=\"https:\/\/www.lovely-vip.com\/en\/product\/rzesy-rili-by-lovely-mix\/\" \/>\n<meta property=\"og:locale\" content=\"en_US\" \/>\n<meta property=\"og:type\" content=\"article\" \/>\n<meta property=\"og:title\" content=\"Rz\u0119sy czarne Rili by Lovely, MIX - Lovely Vip\" \/>\n<meta property=\"og:description\" content=\"Rz\u0119sy Rili firmy Lovely s\u0105 wykonane z mi\u0119kkiego, wysokiej jako\u015bci w\u0142\u00f3kna.  Wyprodukowane w Wietnamie rz\u0119sy zapewniaj\u0105 sta\u0142\u0105 jako\u015b\u0107, stabilne skr\u0119ty, r\u00f3wnomiern\u0105 grubo\u015b\u0107 na ca\u0142ej d\u0142ugo\u015bci i g\u0142adkie ko\u0144c\u00f3wki rz\u0119s. Pasek samoprzylepny rz\u0119s Rili ma \u015bredni\u0105 lepko\u015b\u0107, co czyni go bardzo wygodnym w u\u017cyciu; styli\u015bci rz\u0119s mog\u0105 \u0142atwo usuwa\u0107 i tworzy\u0107 wachlarze zar\u00f3wno na pasku, jak i srosuj\u0105c technik r\u0119cznych.  Wygodne oznaczenia do pracy na palecie \u2014 ka\u017cda linia rz\u0119s jest oznaczona typem skretu, grubo\u015bci\u0105 i d\u0142ugo\u015bci\u0105 \u2014 znacznie pomagaj\u0105 stylistom w ich pracy.  Rz\u0119sy Rili s\u0105 korzystne pod ka\u017cdym wzgl\u0119dem: zar\u00f3wno pod wzgl\u0119dem jako\u015bci, jak i ceny!  Kolor: czarny  Liczba linii: 16 linii  Sk\u0142adniki: syntetyczny monofilament politereftalan butylenu  Wyprodukowano w Wietnamie\" \/>\n<meta property=\"og:url\" content=\"https:\/\/www.lovely-vip.com\/en\/product\/rzesy-rili-by-lovely-mix\/\" \/>\n<meta property=\"og:site_name\" content=\"Lovely Vip\" \/>\n<meta property=\"article:modified_time\" content=\"2026-04-14T10:23:24+00:00\" \/>\n<meta property=\"og:image\" content=\"https:\/\/www.lovely-vip.com\/wp-content\/uploads\/2025\/07\/1g4shqg3x1zyve1kes5eypq712rq198w-scaled.jpg\" \/>\n\t<meta property=\"og:image:width\" content=\"2560\" \/>\n\t<meta property=\"og:image:height\" content=\"2560\" \/>\n\t<meta property=\"og:image:type\" content=\"image\/jpeg\" \/>\n<meta name=\"twitter:card\" content=\"summary_large_image\" \/>\n<meta name=\"twitter:label1\" content=\"Est. reading time\" \/>\n\t<meta name=\"twitter:data1\" content=\"1 minute\" \/>\n<script type=\"application\/ld+json\" class=\"yoast-schema-graph\">{\"@context\":\"https:\/\/schema.org\",\"@graph\":[{\"@type\":\"WebPage\",\"@id\":\"https:\/\/www.lovely-vip.com\/product\/rzesy-rili-by-lovely-mix\/\",\"url\":\"https:\/\/www.lovely-vip.com\/product\/rzesy-rili-by-lovely-mix\/\",\"name\":\"Rz\u0119sy czarne Rili by Lovely, MIX - Lovely Vip\",\"isPartOf\":{\"@id\":\"https:\/\/www.lovely-vip.com\/#website\"},\"primaryImageOfPage\":{\"@id\":\"https:\/\/www.lovely-vip.com\/product\/rzesy-rili-by-lovely-mix\/#primaryimage\"},\"image\":{\"@id\":\"https:\/\/www.lovely-vip.com\/product\/rzesy-rili-by-lovely-mix\/#primaryimage\"},\"thumbnailUrl\":\"https:\/\/www.lovely-vip.com\/wp-content\/uploads\/2025\/07\/1g4shqg3x1zyve1kes5eypq712rq198w-scaled.jpg\",\"datePublished\":\"2025-07-01T09:00:18+00:00\",\"dateModified\":\"2026-04-14T10:23:24+00:00\",\"breadcrumb\":{\"@id\":\"https:\/\/www.lovely-vip.com\/product\/rzesy-rili-by-lovely-mix\/#breadcrumb\"},\"inLanguage\":\"en-US\",\"potentialAction\":[{\"@type\":\"ReadAction\",\"target\":[\"https:\/\/www.lovely-vip.com\/product\/rzesy-rili-by-lovely-mix\/\"]}]},{\"@type\":\"ImageObject\",\"inLanguage\":\"en-US\",\"@id\":\"https:\/\/www.lovely-vip.com\/product\/rzesy-rili-by-lovely-mix\/#primaryimage\",\"url\":\"https:\/\/www.lovely-vip.com\/wp-content\/uploads\/2025\/07\/1g4shqg3x1zyve1kes5eypq712rq198w-scaled.jpg\",\"contentUrl\":\"https:\/\/www.lovely-vip.com\/wp-content\/uploads\/2025\/07\/1g4shqg3x1zyve1kes5eypq712rq198w-scaled.jpg\",\"width\":2560,\"height\":2560},{\"@type\":\"BreadcrumbList\",\"@id\":\"https:\/\/www.lovely-vip.com\/product\/rzesy-rili-by-lovely-mix\/#breadcrumb\",\"itemListElement\":[{\"@type\":\"ListItem\",\"position\":1,\"name\":\"Strona g\u0142\u00f3wna\",\"item\":\"https:\/\/www.lovely-vip.com\/\"},{\"@type\":\"ListItem\",\"position\":2,\"name\":\"Sklep dla stylistek rz\u0119s i brwi\",\"item\":\"https:\/\/www.lovely-vip.com\/shop\/\"},{\"@type\":\"ListItem\",\"position\":3,\"name\":\"Rz\u0119sy czarne Rili by Lovely, MIX\"}]},{\"@type\":\"WebSite\",\"@id\":\"https:\/\/www.lovely-vip.com\/#website\",\"url\":\"https:\/\/www.lovely-vip.com\/\",\"name\":\"Lovely Vip\",\"description\":\"Profesjonalne produkty do piel\u0119gnacji rz\u0119s i brwi\",\"potentialAction\":[{\"@type\":\"SearchAction\",\"target\":{\"@type\":\"EntryPoint\",\"urlTemplate\":\"https:\/\/www.lovely-vip.com\/?s={search_term_string}\"},\"query-input\":{\"@type\":\"PropertyValueSpecification\",\"valueRequired\":true,\"valueName\":\"search_term_string\"}}],\"inLanguage\":\"en-US\"}]}<\/script>\n<!-- \/ Yoast SEO plugin. -->","yoast_head_json":{"title":"Rz\u0119sy czarne Rili by Lovely, MIX - Lovely Vip","robots":{"index":"index","follow":"follow","max-snippet":"max-snippet:-1","max-image-preview":"max-image-preview:large","max-video-preview":"max-video-preview:-1"},"canonical":"https:\/\/www.lovely-vip.com\/en\/product\/rzesy-rili-by-lovely-mix\/","og_locale":"en_US","og_type":"article","og_title":"Rz\u0119sy czarne Rili by Lovely, MIX - Lovely Vip","og_description":"Rz\u0119sy Rili firmy Lovely s\u0105 wykonane z mi\u0119kkiego, wysokiej jako\u015bci w\u0142\u00f3kna.  Wyprodukowane w Wietnamie rz\u0119sy zapewniaj\u0105 sta\u0142\u0105 jako\u015b\u0107, stabilne skr\u0119ty, r\u00f3wnomiern\u0105 grubo\u015b\u0107 na ca\u0142ej d\u0142ugo\u015bci i g\u0142adkie ko\u0144c\u00f3wki rz\u0119s. Pasek samoprzylepny rz\u0119s Rili ma \u015bredni\u0105 lepko\u015b\u0107, co czyni go bardzo wygodnym w u\u017cyciu; styli\u015bci rz\u0119s mog\u0105 \u0142atwo usuwa\u0107 i tworzy\u0107 wachlarze zar\u00f3wno na pasku, jak i srosuj\u0105c technik r\u0119cznych.  Wygodne oznaczenia do pracy na palecie \u2014 ka\u017cda linia rz\u0119s jest oznaczona typem skretu, grubo\u015bci\u0105 i d\u0142ugo\u015bci\u0105 \u2014 znacznie pomagaj\u0105 stylistom w ich pracy.  Rz\u0119sy Rili s\u0105 korzystne pod ka\u017cdym wzgl\u0119dem: zar\u00f3wno pod wzgl\u0119dem jako\u015bci, jak i ceny!  Kolor: czarny  Liczba linii: 16 linii  Sk\u0142adniki: syntetyczny monofilament politereftalan butylenu  Wyprodukowano w Wietnamie","og_url":"https:\/\/www.lovely-vip.com\/en\/product\/rzesy-rili-by-lovely-mix\/","og_site_name":"Lovely Vip","article_modified_time":"2026-04-14T10:23:24+00:00","og_image":[{"width":2560,"height":2560,"url":"https:\/\/www.lovely-vip.com\/wp-content\/uploads\/2025\/07\/1g4shqg3x1zyve1kes5eypq712rq198w-scaled.jpg","type":"image\/jpeg"}],"twitter_card":"summary_large_image","twitter_misc":{"Est. reading time":"1 minute"},"schema":{"@context":"https:\/\/schema.org","@graph":[{"@type":"WebPage","@id":"https:\/\/www.lovely-vip.com\/product\/rzesy-rili-by-lovely-mix\/","url":"https:\/\/www.lovely-vip.com\/product\/rzesy-rili-by-lovely-mix\/","name":"Rz\u0119sy czarne Rili by Lovely, MIX - Lovely Vip","isPartOf":{"@id":"https:\/\/www.lovely-vip.com\/#website"},"primaryImageOfPage":{"@id":"https:\/\/www.lovely-vip.com\/product\/rzesy-rili-by-lovely-mix\/#primaryimage"},"image":{"@id":"https:\/\/www.lovely-vip.com\/product\/rzesy-rili-by-lovely-mix\/#primaryimage"},"thumbnailUrl":"https:\/\/www.lovely-vip.com\/wp-content\/uploads\/2025\/07\/1g4shqg3x1zyve1kes5eypq712rq198w-scaled.jpg","datePublished":"2025-07-01T09:00:18+00:00","dateModified":"2026-04-14T10:23:24+00:00","breadcrumb":{"@id":"https:\/\/www.lovely-vip.com\/product\/rzesy-rili-by-lovely-mix\/#breadcrumb"},"inLanguage":"en-US","potentialAction":[{"@type":"ReadAction","target":["https:\/\/www.lovely-vip.com\/product\/rzesy-rili-by-lovely-mix\/"]}]},{"@type":"ImageObject","inLanguage":"en-US","@id":"https:\/\/www.lovely-vip.com\/product\/rzesy-rili-by-lovely-mix\/#primaryimage","url":"https:\/\/www.lovely-vip.com\/wp-content\/uploads\/2025\/07\/1g4shqg3x1zyve1kes5eypq712rq198w-scaled.jpg","contentUrl":"https:\/\/www.lovely-vip.com\/wp-content\/uploads\/2025\/07\/1g4shqg3x1zyve1kes5eypq712rq198w-scaled.jpg","width":2560,"height":2560},{"@type":"BreadcrumbList","@id":"https:\/\/www.lovely-vip.com\/product\/rzesy-rili-by-lovely-mix\/#breadcrumb","itemListElement":[{"@type":"ListItem","position":1,"name":"Strona g\u0142\u00f3wna","item":"https:\/\/www.lovely-vip.com\/"},{"@type":"ListItem","position":2,"name":"Sklep dla stylistek rz\u0119s i brwi","item":"https:\/\/www.lovely-vip.com\/shop\/"},{"@type":"ListItem","position":3,"name":"Rz\u0119sy czarne Rili by Lovely, MIX"}]},{"@type":"WebSite","@id":"https:\/\/www.lovely-vip.com\/#website","url":"https:\/\/www.lovely-vip.com\/","name":"Lovely Vip","description":"Professional eyelash and eyebrow care products","potentialAction":[{"@type":"SearchAction","target":{"@type":"EntryPoint","urlTemplate":"https:\/\/www.lovely-vip.com\/?s={search_term_string}"},"query-input":{"@type":"PropertyValueSpecification","valueRequired":true,"valueName":"search_term_string"}}],"inLanguage":"en-US"}]}},"_links":{"self":[{"href":"https:\/\/www.lovely-vip.com\/en\/wp-json\/wp\/v2\/product\/26360","targetHints":{"allow":["GET"]}}],"collection":[{"href":"https:\/\/www.lovely-vip.com\/en\/wp-json\/wp\/v2\/product"}],"about":[{"href":"https:\/\/www.lovely-vip.com\/en\/wp-json\/wp\/v2\/types\/product"}],"replies":[{"embeddable":true,"href":"https:\/\/www.lovely-vip.com\/en\/wp-json\/wp\/v2\/comments?post=26360"}],"wp:featuredmedia":[{"embeddable":true,"href":"https:\/\/www.lovely-vip.com\/en\/wp-json\/wp\/v2\/media\/27040"}],"wp:attachment":[{"href":"https:\/\/www.lovely-vip.com\/en\/wp-json\/wp\/v2\/media?parent=26360"}],"wp:term":[{"taxonomy":"product_brand","embeddable":true,"href":"https:\/\/www.lovely-vip.com\/en\/wp-json\/wp\/v2\/product_brand?post=26360"},{"taxonomy":"product_cat","embeddable":true,"href":"https:\/\/www.lovely-vip.com\/en\/wp-json\/wp\/v2\/product_cat?post=26360"},{"taxonomy":"product_tag","embeddable":true,"href":"https:\/\/www.lovely-vip.com\/en\/wp-json\/wp\/v2\/product_tag?post=26360"}],"curies":[{"name":"wp","href":"https:\/\/api.w.org\/{rel}","templated":true}]}}