{"id":26835,"date":"2025-09-23T12:10:46","date_gmt":"2025-09-23T10:10:46","guid":{"rendered":"https:\/\/www.lovely-vip.com\/?post_type=product&#038;p=26835"},"modified":"2026-04-13T12:23:03","modified_gmt":"2026-04-13T10:23:03","slug":"serum-regenerujace-after-wax-elan-x-belik","status":"publish","type":"product","link":"https:\/\/www.lovely-vip.com\/en\/product\/serum-regenerujace-after-wax-elan-x-belik\/","title":{"rendered":"Regenerating serum AFTER WAX ELAN X BELIK"},"content":{"rendered":"<p>Regenerating serum for facial skin after depilation. The product prevents redness, effectively soothes and moisturizes the skin. There is no need to rinse the serum with water.<br \/>\nThe post-depilatory repair serum contains the innovative ingredient DRAGON'S BLOOD, which promotes skin regeneration. PRODEW\u00ae 500 amino acid complex combined with aloe vera extract and panthenol deeply moisturizes and prevents skin dryness.<\/p>\n<p><strong>Capacity:\u00a0<\/strong>50 ml<\/p>\n<p><strong>Period after opening (PAO):\u00a0<\/strong>6 months<\/p>\n<p><strong>Directions for use<\/strong><\/p>\n<p>Apply the required amount of serum to the skin after hair removal and leave it to be completely absorbed.<\/p>\n<p><strong>Chemical composition<\/strong><\/p>\n<p>WATER, GLYCERIN, HYDROGENATED CASTOR OIL PEG-40, TREHALOSE, UREA, SODIUM PCA, SODIUM LACTATE, ARGININE, ASPARTIC ACID, PCA, GLYCINE, ALANINE, SERINE, VALINE, PROLINE, THREONINE, ISOLEUCINE, HISTIDINE, PHENYLALANINE, CROTON LECHLERI RESIN EXTRACT, HYDROLYZED SOY PROTEIN, PANTHENOL, ALOE BARBADENSIS LEAF EXTRACT, XANTHAN GUM, ETHYLHEXYLGLYCERIN, PHENOXYETHANOL, POTASSIUM SORBATE, SORBIC ACID, PARFUM, BENZYL SALICYLATE, HYDROXYCITRONELAL<\/p>\n<p><em>MANUFACTURED IN TURKEY<\/em><\/p>","protected":false},"excerpt":{"rendered":"<p>Serum regeneruj\u0105ce do piel\u0119gnacji sk\u00f3ry twarzy po depilacji. Produkt zapobiega zaczerwienieniom, skutecznie koi i nawil\u017ca sk\u00f3r\u0119. Nie ma potrzeby sp\u0142ukiwania serum wod\u0105. Serum naprawcze po depilacji zawiera innowacyjny sk\u0142adnik DRAGON&#8217;S BLOOD, kt\u00f3ry wspomaga regeneracj\u0119 sk\u00f3ry. Kompleks aminokwas\u00f3w PRODEW\u00ae 500 w po\u0142\u0105czeniu z ekstraktem z aloesu i pantenolem g\u0142\u0119boko nawil\u017ca i zapobiega wysuszeniu sk\u00f3ry. Pojemno\u015b\u0107:\u00a050 ml [&#8230;]\n","protected":false},"featured_media":26836,"comment_status":"open","ping_status":"closed","template":"","meta":[],"product_brand":[],"product_cat":[85,235,238,236],"product_tag":[],"class_list":{"0":"post-26835","1":"product","2":"type-product","3":"status-publish","4":"has-post-thumbnail","6":"product_cat-brwi","7":"product_cat-elan","8":"product_cat-farbka-do-brwi","9":"product_cat-pielegnacja-brw","11":"first","12":"outofstock","13":"sale","14":"shipping-taxable","15":"purchasable","16":"product-type-simple"},"yoast_head":"<!-- This site is optimized with the Yoast SEO plugin v25.4 - https:\/\/yoast.com\/wordpress\/plugins\/seo\/ -->\n<title>Serum regeneruj\u0105ce AFTER WAX ELAN X BELIK - Lovely Vip<\/title>\n<meta name=\"robots\" content=\"index, follow, max-snippet:-1, max-image-preview:large, max-video-preview:-1\" \/>\n<link rel=\"canonical\" href=\"https:\/\/www.lovely-vip.com\/en\/product\/serum-regenerujace-after-wax-elan-x-belik\/\" \/>\n<meta property=\"og:locale\" content=\"en_US\" \/>\n<meta property=\"og:type\" content=\"article\" \/>\n<meta property=\"og:title\" content=\"Serum regeneruj\u0105ce AFTER WAX ELAN X BELIK - Lovely Vip\" \/>\n<meta property=\"og:description\" content=\"Serum regeneruj\u0105ce do piel\u0119gnacji sk\u00f3ry twarzy po depilacji. Produkt zapobiega zaczerwienieniom, skutecznie koi i nawil\u017ca sk\u00f3r\u0119. Nie ma potrzeby sp\u0142ukiwania serum wod\u0105. Serum naprawcze po depilacji zawiera innowacyjny sk\u0142adnik DRAGON&#8217;S BLOOD, kt\u00f3ry wspomaga regeneracj\u0119 sk\u00f3ry. Kompleks aminokwas\u00f3w PRODEW\u00ae 500 w po\u0142\u0105czeniu z ekstraktem z aloesu i pantenolem g\u0142\u0119boko nawil\u017ca i zapobiega wysuszeniu sk\u00f3ry. Pojemno\u015b\u0107:\u00a050 ml [...]\" \/>\n<meta property=\"og:url\" content=\"https:\/\/www.lovely-vip.com\/en\/product\/serum-regenerujace-after-wax-elan-x-belik\/\" \/>\n<meta property=\"og:site_name\" content=\"Lovely Vip\" \/>\n<meta property=\"article:modified_time\" content=\"2026-04-13T10:23:03+00:00\" \/>\n<meta property=\"og:image\" content=\"https:\/\/www.lovely-vip.com\/wp-content\/uploads\/2025\/09\/after-wax-repair-serum-900x900-1.png\" \/>\n\t<meta property=\"og:image:width\" content=\"900\" \/>\n\t<meta property=\"og:image:height\" content=\"900\" \/>\n\t<meta property=\"og:image:type\" content=\"image\/png\" \/>\n<meta name=\"twitter:card\" content=\"summary_large_image\" \/>\n<meta name=\"twitter:label1\" content=\"Est. reading time\" \/>\n\t<meta name=\"twitter:data1\" content=\"2 minutes\" \/>\n<script type=\"application\/ld+json\" class=\"yoast-schema-graph\">{\"@context\":\"https:\/\/schema.org\",\"@graph\":[{\"@type\":\"WebPage\",\"@id\":\"https:\/\/www.lovely-vip.com\/product\/serum-regenerujace-after-wax-elan-x-belik\/\",\"url\":\"https:\/\/www.lovely-vip.com\/product\/serum-regenerujace-after-wax-elan-x-belik\/\",\"name\":\"Serum regeneruj\u0105ce AFTER WAX ELAN X BELIK - Lovely Vip\",\"isPartOf\":{\"@id\":\"https:\/\/www.lovely-vip.com\/#website\"},\"primaryImageOfPage\":{\"@id\":\"https:\/\/www.lovely-vip.com\/product\/serum-regenerujace-after-wax-elan-x-belik\/#primaryimage\"},\"image\":{\"@id\":\"https:\/\/www.lovely-vip.com\/product\/serum-regenerujace-after-wax-elan-x-belik\/#primaryimage\"},\"thumbnailUrl\":\"https:\/\/www.lovely-vip.com\/wp-content\/uploads\/2025\/09\/after-wax-repair-serum-900x900-1.png\",\"datePublished\":\"2025-09-23T10:10:46+00:00\",\"dateModified\":\"2026-04-13T10:23:03+00:00\",\"breadcrumb\":{\"@id\":\"https:\/\/www.lovely-vip.com\/product\/serum-regenerujace-after-wax-elan-x-belik\/#breadcrumb\"},\"inLanguage\":\"en-US\",\"potentialAction\":[{\"@type\":\"ReadAction\",\"target\":[\"https:\/\/www.lovely-vip.com\/product\/serum-regenerujace-after-wax-elan-x-belik\/\"]}]},{\"@type\":\"ImageObject\",\"inLanguage\":\"en-US\",\"@id\":\"https:\/\/www.lovely-vip.com\/product\/serum-regenerujace-after-wax-elan-x-belik\/#primaryimage\",\"url\":\"https:\/\/www.lovely-vip.com\/wp-content\/uploads\/2025\/09\/after-wax-repair-serum-900x900-1.png\",\"contentUrl\":\"https:\/\/www.lovely-vip.com\/wp-content\/uploads\/2025\/09\/after-wax-repair-serum-900x900-1.png\",\"width\":900,\"height\":900},{\"@type\":\"BreadcrumbList\",\"@id\":\"https:\/\/www.lovely-vip.com\/product\/serum-regenerujace-after-wax-elan-x-belik\/#breadcrumb\",\"itemListElement\":[{\"@type\":\"ListItem\",\"position\":1,\"name\":\"Strona g\u0142\u00f3wna\",\"item\":\"https:\/\/www.lovely-vip.com\/\"},{\"@type\":\"ListItem\",\"position\":2,\"name\":\"Sklep dla stylistek rz\u0119s i brwi\",\"item\":\"https:\/\/www.lovely-vip.com\/shop\/\"},{\"@type\":\"ListItem\",\"position\":3,\"name\":\"Serum regeneruj\u0105ce AFTER WAX ELAN X BELIK\"}]},{\"@type\":\"WebSite\",\"@id\":\"https:\/\/www.lovely-vip.com\/#website\",\"url\":\"https:\/\/www.lovely-vip.com\/\",\"name\":\"Lovely Vip\",\"description\":\"Profesjonalne produkty do piel\u0119gnacji rz\u0119s i brwi\",\"potentialAction\":[{\"@type\":\"SearchAction\",\"target\":{\"@type\":\"EntryPoint\",\"urlTemplate\":\"https:\/\/www.lovely-vip.com\/?s={search_term_string}\"},\"query-input\":{\"@type\":\"PropertyValueSpecification\",\"valueRequired\":true,\"valueName\":\"search_term_string\"}}],\"inLanguage\":\"en-US\"}]}<\/script>\n<!-- \/ Yoast SEO plugin. -->","yoast_head_json":{"title":"Serum regeneruj\u0105ce AFTER WAX ELAN X BELIK - Lovely Vip","robots":{"index":"index","follow":"follow","max-snippet":"max-snippet:-1","max-image-preview":"max-image-preview:large","max-video-preview":"max-video-preview:-1"},"canonical":"https:\/\/www.lovely-vip.com\/en\/product\/serum-regenerujace-after-wax-elan-x-belik\/","og_locale":"en_US","og_type":"article","og_title":"Serum regeneruj\u0105ce AFTER WAX ELAN X BELIK - Lovely Vip","og_description":"Serum regeneruj\u0105ce do piel\u0119gnacji sk\u00f3ry twarzy po depilacji. Produkt zapobiega zaczerwienieniom, skutecznie koi i nawil\u017ca sk\u00f3r\u0119. Nie ma potrzeby sp\u0142ukiwania serum wod\u0105. Serum naprawcze po depilacji zawiera innowacyjny sk\u0142adnik DRAGON&#8217;S BLOOD, kt\u00f3ry wspomaga regeneracj\u0119 sk\u00f3ry. Kompleks aminokwas\u00f3w PRODEW\u00ae 500 w po\u0142\u0105czeniu z ekstraktem z aloesu i pantenolem g\u0142\u0119boko nawil\u017ca i zapobiega wysuszeniu sk\u00f3ry. Pojemno\u015b\u0107:\u00a050 ml [...]","og_url":"https:\/\/www.lovely-vip.com\/en\/product\/serum-regenerujace-after-wax-elan-x-belik\/","og_site_name":"Lovely Vip","article_modified_time":"2026-04-13T10:23:03+00:00","og_image":[{"width":900,"height":900,"url":"https:\/\/www.lovely-vip.com\/wp-content\/uploads\/2025\/09\/after-wax-repair-serum-900x900-1.png","type":"image\/png"}],"twitter_card":"summary_large_image","twitter_misc":{"Est. reading time":"2 minutes"},"schema":{"@context":"https:\/\/schema.org","@graph":[{"@type":"WebPage","@id":"https:\/\/www.lovely-vip.com\/product\/serum-regenerujace-after-wax-elan-x-belik\/","url":"https:\/\/www.lovely-vip.com\/product\/serum-regenerujace-after-wax-elan-x-belik\/","name":"Serum regeneruj\u0105ce AFTER WAX ELAN X BELIK - Lovely Vip","isPartOf":{"@id":"https:\/\/www.lovely-vip.com\/#website"},"primaryImageOfPage":{"@id":"https:\/\/www.lovely-vip.com\/product\/serum-regenerujace-after-wax-elan-x-belik\/#primaryimage"},"image":{"@id":"https:\/\/www.lovely-vip.com\/product\/serum-regenerujace-after-wax-elan-x-belik\/#primaryimage"},"thumbnailUrl":"https:\/\/www.lovely-vip.com\/wp-content\/uploads\/2025\/09\/after-wax-repair-serum-900x900-1.png","datePublished":"2025-09-23T10:10:46+00:00","dateModified":"2026-04-13T10:23:03+00:00","breadcrumb":{"@id":"https:\/\/www.lovely-vip.com\/product\/serum-regenerujace-after-wax-elan-x-belik\/#breadcrumb"},"inLanguage":"en-US","potentialAction":[{"@type":"ReadAction","target":["https:\/\/www.lovely-vip.com\/product\/serum-regenerujace-after-wax-elan-x-belik\/"]}]},{"@type":"ImageObject","inLanguage":"en-US","@id":"https:\/\/www.lovely-vip.com\/product\/serum-regenerujace-after-wax-elan-x-belik\/#primaryimage","url":"https:\/\/www.lovely-vip.com\/wp-content\/uploads\/2025\/09\/after-wax-repair-serum-900x900-1.png","contentUrl":"https:\/\/www.lovely-vip.com\/wp-content\/uploads\/2025\/09\/after-wax-repair-serum-900x900-1.png","width":900,"height":900},{"@type":"BreadcrumbList","@id":"https:\/\/www.lovely-vip.com\/product\/serum-regenerujace-after-wax-elan-x-belik\/#breadcrumb","itemListElement":[{"@type":"ListItem","position":1,"name":"Strona g\u0142\u00f3wna","item":"https:\/\/www.lovely-vip.com\/"},{"@type":"ListItem","position":2,"name":"Sklep dla stylistek rz\u0119s i brwi","item":"https:\/\/www.lovely-vip.com\/shop\/"},{"@type":"ListItem","position":3,"name":"Serum regeneruj\u0105ce AFTER WAX ELAN X BELIK"}]},{"@type":"WebSite","@id":"https:\/\/www.lovely-vip.com\/#website","url":"https:\/\/www.lovely-vip.com\/","name":"Lovely Vip","description":"Professional eyelash and eyebrow care products","potentialAction":[{"@type":"SearchAction","target":{"@type":"EntryPoint","urlTemplate":"https:\/\/www.lovely-vip.com\/?s={search_term_string}"},"query-input":{"@type":"PropertyValueSpecification","valueRequired":true,"valueName":"search_term_string"}}],"inLanguage":"en-US"}]}},"_links":{"self":[{"href":"https:\/\/www.lovely-vip.com\/en\/wp-json\/wp\/v2\/product\/26835","targetHints":{"allow":["GET"]}}],"collection":[{"href":"https:\/\/www.lovely-vip.com\/en\/wp-json\/wp\/v2\/product"}],"about":[{"href":"https:\/\/www.lovely-vip.com\/en\/wp-json\/wp\/v2\/types\/product"}],"replies":[{"embeddable":true,"href":"https:\/\/www.lovely-vip.com\/en\/wp-json\/wp\/v2\/comments?post=26835"}],"wp:featuredmedia":[{"embeddable":true,"href":"https:\/\/www.lovely-vip.com\/en\/wp-json\/wp\/v2\/media\/26836"}],"wp:attachment":[{"href":"https:\/\/www.lovely-vip.com\/en\/wp-json\/wp\/v2\/media?parent=26835"}],"wp:term":[{"taxonomy":"product_brand","embeddable":true,"href":"https:\/\/www.lovely-vip.com\/en\/wp-json\/wp\/v2\/product_brand?post=26835"},{"taxonomy":"product_cat","embeddable":true,"href":"https:\/\/www.lovely-vip.com\/en\/wp-json\/wp\/v2\/product_cat?post=26835"},{"taxonomy":"product_tag","embeddable":true,"href":"https:\/\/www.lovely-vip.com\/en\/wp-json\/wp\/v2\/product_tag?post=26835"}],"curies":[{"name":"wp","href":"https:\/\/api.w.org\/{rel}","templated":true}]}}