{"id":27057,"date":"2025-11-07T10:34:28","date_gmt":"2025-11-07T09:34:28","guid":{"rendered":"https:\/\/www.lovely-vip.com\/?post_type=product&#038;p=27057"},"modified":"2025-11-19T21:23:11","modified_gmt":"2025-11-19T20:23:11","slug":"peseta-vetus-st-17","status":"publish","type":"product","link":"https:\/\/www.lovely-vip.com\/en\/product\/peseta-vetus-st-17\/","title":{"rendered":"VETUS ST-17 Tweezers"},"content":{"rendered":"","protected":false},"excerpt":{"rendered":"<p><b>VETUS ST-17 Tweezers<\/b><\/p>\n<ul>\n<li><b>Surgical steel,<\/b><\/li>\n<li><b>very well balanced,<\/b><\/li>\n<li><b>light,<\/b><\/li>\n<li><b>anti-static coating,<\/b><\/li>\n<li><b>p\u0119seta jest oryginalna, nie praktykujemy sprzeda\u017cy zamiennik\u00f3w o &#8222;jako\u015bci&#8221; Vetus,<\/b><\/li>\n<li><b>12cm long.<\/b><\/li>\n<\/ul>","protected":false},"featured_media":27060,"comment_status":"open","ping_status":"closed","template":"","meta":[],"product_brand":[],"product_cat":[88],"product_tag":[],"class_list":{"0":"post-27057","1":"product","2":"type-product","3":"status-publish","4":"has-post-thumbnail","6":"product_cat-pesety","8":"first","9":"instock","10":"shipping-taxable","11":"purchasable","12":"product-type-simple"},"yoast_head":"<!-- This site is optimized with the Yoast SEO plugin v25.4 - https:\/\/yoast.com\/wordpress\/plugins\/seo\/ -->\n<title>P\u0119seta VETUS ST-17 - Lovely Vip<\/title>\n<meta name=\"robots\" content=\"index, follow, max-snippet:-1, max-image-preview:large, max-video-preview:-1\" \/>\n<link rel=\"canonical\" href=\"https:\/\/www.lovely-vip.com\/en\/product\/peseta-vetus-st-17\/\" \/>\n<meta property=\"og:locale\" content=\"en_US\" \/>\n<meta property=\"og:type\" content=\"article\" \/>\n<meta property=\"og:title\" content=\"P\u0119seta VETUS ST-17 - Lovely Vip\" \/>\n<meta property=\"og:description\" content=\"P\u0119seta VETUS ST-17   Stal chirurgiczna,  bardzo dobrze wywa\u017cona,  lekka,  pow\u0142oka antystatyczna,  p\u0119seta jest oryginalna, nie praktykujemy sprzeda\u017cy zamiennik\u00f3w o &quot;jako\u015bci&quot; Vetus,  d\u0142ugo\u015b\u0107 12cm.\" \/>\n<meta property=\"og:url\" content=\"https:\/\/www.lovely-vip.com\/en\/product\/peseta-vetus-st-17\/\" \/>\n<meta property=\"og:site_name\" content=\"Lovely Vip\" \/>\n<meta property=\"article:modified_time\" content=\"2025-11-19T20:23:11+00:00\" \/>\n<meta property=\"og:image\" content=\"https:\/\/www.lovely-vip.com\/wp-content\/uploads\/2025\/11\/peseta-5a-sa.jpg\" \/>\n\t<meta property=\"og:image:width\" content=\"600\" \/>\n\t<meta property=\"og:image:height\" content=\"600\" \/>\n\t<meta property=\"og:image:type\" content=\"image\/jpeg\" \/>\n<meta name=\"twitter:card\" content=\"summary_large_image\" \/>\n<meta name=\"twitter:label1\" content=\"Est. reading time\" \/>\n\t<meta name=\"twitter:data1\" content=\"1 minute\" \/>\n<script type=\"application\/ld+json\" class=\"yoast-schema-graph\">{\"@context\":\"https:\/\/schema.org\",\"@graph\":[{\"@type\":\"WebPage\",\"@id\":\"https:\/\/www.lovely-vip.com\/product\/peseta-vetus-st-17\/\",\"url\":\"https:\/\/www.lovely-vip.com\/product\/peseta-vetus-st-17\/\",\"name\":\"P\u0119seta VETUS ST-17 - Lovely Vip\",\"isPartOf\":{\"@id\":\"https:\/\/www.lovely-vip.com\/#website\"},\"primaryImageOfPage\":{\"@id\":\"https:\/\/www.lovely-vip.com\/product\/peseta-vetus-st-17\/#primaryimage\"},\"image\":{\"@id\":\"https:\/\/www.lovely-vip.com\/product\/peseta-vetus-st-17\/#primaryimage\"},\"thumbnailUrl\":\"https:\/\/www.lovely-vip.com\/wp-content\/uploads\/2025\/11\/peseta-5a-sa.jpg\",\"datePublished\":\"2025-11-07T09:34:28+00:00\",\"dateModified\":\"2025-11-19T20:23:11+00:00\",\"breadcrumb\":{\"@id\":\"https:\/\/www.lovely-vip.com\/product\/peseta-vetus-st-17\/#breadcrumb\"},\"inLanguage\":\"en-US\",\"potentialAction\":[{\"@type\":\"ReadAction\",\"target\":[\"https:\/\/www.lovely-vip.com\/product\/peseta-vetus-st-17\/\"]}]},{\"@type\":\"ImageObject\",\"inLanguage\":\"en-US\",\"@id\":\"https:\/\/www.lovely-vip.com\/product\/peseta-vetus-st-17\/#primaryimage\",\"url\":\"https:\/\/www.lovely-vip.com\/wp-content\/uploads\/2025\/11\/peseta-5a-sa.jpg\",\"contentUrl\":\"https:\/\/www.lovely-vip.com\/wp-content\/uploads\/2025\/11\/peseta-5a-sa.jpg\",\"width\":600,\"height\":600},{\"@type\":\"BreadcrumbList\",\"@id\":\"https:\/\/www.lovely-vip.com\/product\/peseta-vetus-st-17\/#breadcrumb\",\"itemListElement\":[{\"@type\":\"ListItem\",\"position\":1,\"name\":\"Strona g\u0142\u00f3wna\",\"item\":\"https:\/\/www.lovely-vip.com\/\"},{\"@type\":\"ListItem\",\"position\":2,\"name\":\"Sklep dla stylistek rz\u0119s i brwi\",\"item\":\"https:\/\/www.lovely-vip.com\/shop\/\"},{\"@type\":\"ListItem\",\"position\":3,\"name\":\"P\u0119seta VETUS ST-17\"}]},{\"@type\":\"WebSite\",\"@id\":\"https:\/\/www.lovely-vip.com\/#website\",\"url\":\"https:\/\/www.lovely-vip.com\/\",\"name\":\"Lovely Vip\",\"description\":\"Profesjonalne produkty do piel\u0119gnacji rz\u0119s i brwi\",\"potentialAction\":[{\"@type\":\"SearchAction\",\"target\":{\"@type\":\"EntryPoint\",\"urlTemplate\":\"https:\/\/www.lovely-vip.com\/?s={search_term_string}\"},\"query-input\":{\"@type\":\"PropertyValueSpecification\",\"valueRequired\":true,\"valueName\":\"search_term_string\"}}],\"inLanguage\":\"en-US\"}]}<\/script>\n<!-- \/ Yoast SEO plugin. -->","yoast_head_json":{"title":"P\u0119seta VETUS ST-17 - Lovely Vip","robots":{"index":"index","follow":"follow","max-snippet":"max-snippet:-1","max-image-preview":"max-image-preview:large","max-video-preview":"max-video-preview:-1"},"canonical":"https:\/\/www.lovely-vip.com\/en\/product\/peseta-vetus-st-17\/","og_locale":"en_US","og_type":"article","og_title":"P\u0119seta VETUS ST-17 - Lovely Vip","og_description":"P\u0119seta VETUS ST-17   Stal chirurgiczna,  bardzo dobrze wywa\u017cona,  lekka,  pow\u0142oka antystatyczna,  p\u0119seta jest oryginalna, nie praktykujemy sprzeda\u017cy zamiennik\u00f3w o \"jako\u015bci\" Vetus,  d\u0142ugo\u015b\u0107 12cm.","og_url":"https:\/\/www.lovely-vip.com\/en\/product\/peseta-vetus-st-17\/","og_site_name":"Lovely Vip","article_modified_time":"2025-11-19T20:23:11+00:00","og_image":[{"width":600,"height":600,"url":"https:\/\/www.lovely-vip.com\/wp-content\/uploads\/2025\/11\/peseta-5a-sa.jpg","type":"image\/jpeg"}],"twitter_card":"summary_large_image","twitter_misc":{"Est. reading time":"1 minute"},"schema":{"@context":"https:\/\/schema.org","@graph":[{"@type":"WebPage","@id":"https:\/\/www.lovely-vip.com\/product\/peseta-vetus-st-17\/","url":"https:\/\/www.lovely-vip.com\/product\/peseta-vetus-st-17\/","name":"P\u0119seta VETUS ST-17 - Lovely Vip","isPartOf":{"@id":"https:\/\/www.lovely-vip.com\/#website"},"primaryImageOfPage":{"@id":"https:\/\/www.lovely-vip.com\/product\/peseta-vetus-st-17\/#primaryimage"},"image":{"@id":"https:\/\/www.lovely-vip.com\/product\/peseta-vetus-st-17\/#primaryimage"},"thumbnailUrl":"https:\/\/www.lovely-vip.com\/wp-content\/uploads\/2025\/11\/peseta-5a-sa.jpg","datePublished":"2025-11-07T09:34:28+00:00","dateModified":"2025-11-19T20:23:11+00:00","breadcrumb":{"@id":"https:\/\/www.lovely-vip.com\/product\/peseta-vetus-st-17\/#breadcrumb"},"inLanguage":"en-US","potentialAction":[{"@type":"ReadAction","target":["https:\/\/www.lovely-vip.com\/product\/peseta-vetus-st-17\/"]}]},{"@type":"ImageObject","inLanguage":"en-US","@id":"https:\/\/www.lovely-vip.com\/product\/peseta-vetus-st-17\/#primaryimage","url":"https:\/\/www.lovely-vip.com\/wp-content\/uploads\/2025\/11\/peseta-5a-sa.jpg","contentUrl":"https:\/\/www.lovely-vip.com\/wp-content\/uploads\/2025\/11\/peseta-5a-sa.jpg","width":600,"height":600},{"@type":"BreadcrumbList","@id":"https:\/\/www.lovely-vip.com\/product\/peseta-vetus-st-17\/#breadcrumb","itemListElement":[{"@type":"ListItem","position":1,"name":"Strona g\u0142\u00f3wna","item":"https:\/\/www.lovely-vip.com\/"},{"@type":"ListItem","position":2,"name":"Sklep dla stylistek rz\u0119s i brwi","item":"https:\/\/www.lovely-vip.com\/shop\/"},{"@type":"ListItem","position":3,"name":"P\u0119seta VETUS ST-17"}]},{"@type":"WebSite","@id":"https:\/\/www.lovely-vip.com\/#website","url":"https:\/\/www.lovely-vip.com\/","name":"Lovely Vip","description":"Professional eyelash and eyebrow care products","potentialAction":[{"@type":"SearchAction","target":{"@type":"EntryPoint","urlTemplate":"https:\/\/www.lovely-vip.com\/?s={search_term_string}"},"query-input":{"@type":"PropertyValueSpecification","valueRequired":true,"valueName":"search_term_string"}}],"inLanguage":"en-US"}]}},"_links":{"self":[{"href":"https:\/\/www.lovely-vip.com\/en\/wp-json\/wp\/v2\/product\/27057","targetHints":{"allow":["GET"]}}],"collection":[{"href":"https:\/\/www.lovely-vip.com\/en\/wp-json\/wp\/v2\/product"}],"about":[{"href":"https:\/\/www.lovely-vip.com\/en\/wp-json\/wp\/v2\/types\/product"}],"replies":[{"embeddable":true,"href":"https:\/\/www.lovely-vip.com\/en\/wp-json\/wp\/v2\/comments?post=27057"}],"wp:featuredmedia":[{"embeddable":true,"href":"https:\/\/www.lovely-vip.com\/en\/wp-json\/wp\/v2\/media\/27060"}],"wp:attachment":[{"href":"https:\/\/www.lovely-vip.com\/en\/wp-json\/wp\/v2\/media?parent=27057"}],"wp:term":[{"taxonomy":"product_brand","embeddable":true,"href":"https:\/\/www.lovely-vip.com\/en\/wp-json\/wp\/v2\/product_brand?post=27057"},{"taxonomy":"product_cat","embeddable":true,"href":"https:\/\/www.lovely-vip.com\/en\/wp-json\/wp\/v2\/product_cat?post=27057"},{"taxonomy":"product_tag","embeddable":true,"href":"https:\/\/www.lovely-vip.com\/en\/wp-json\/wp\/v2\/product_tag?post=27057"}],"curies":[{"name":"wp","href":"https:\/\/api.w.org\/{rel}","templated":true}]}}