{"id":27061,"date":"2025-11-07T10:44:16","date_gmt":"2025-11-07T09:44:16","guid":{"rendered":"https:\/\/www.lovely-vip.com\/?post_type=product&#038;p=27061"},"modified":"2026-01-30T20:57:30","modified_gmt":"2026-01-30T19:57:30","slug":"tasma-jedwabna-3m-durapore-do-rzes-125-x-9m","status":"publish","type":"product","link":"https:\/\/www.lovely-vip.com\/en\/product\/tasma-jedwabna-3m-durapore-do-rzes-125-x-9m\/","title":{"rendered":"3M Durapore Silk Tape for Eyelashes 1.25 x 9m"},"content":{"rendered":"","protected":false},"excerpt":{"rendered":"<h2>3M Durapore silk tape for eyelash extensions:<\/h2>\n<ul>\n<li><b>3M Durapore silk tape,<\/b><\/li>\n<li><b>Ideal for separating the lower lashes,<\/b><\/li>\n<li><b>does not slip from the application site,<\/b><\/li>\n<li><b>It does not irritate or sensitize,<\/b><\/li>\n<li><b>Dimensions: 1.25cm x 9.1m.<\/b><\/li>\n<\/ul>","protected":false},"featured_media":27062,"comment_status":"open","ping_status":"closed","template":"","meta":[],"product_brand":[],"product_cat":[86],"product_tag":[],"class_list":{"0":"post-27061","1":"product","2":"type-product","3":"status-publish","4":"has-post-thumbnail","6":"product_cat-platki-tasmy","8":"first","9":"instock","10":"shipping-taxable","11":"purchasable","12":"product-type-simple"},"yoast_head":"<!-- This site is optimized with the Yoast SEO plugin v25.4 - https:\/\/yoast.com\/wordpress\/plugins\/seo\/ -->\n<title>Ta\u015bma Jedwabna 3M Durapore do rz\u0119s 1,25 x 9m - Lovely Vip<\/title>\n<meta name=\"robots\" content=\"index, follow, max-snippet:-1, max-image-preview:large, max-video-preview:-1\" \/>\n<link rel=\"canonical\" href=\"https:\/\/www.lovely-vip.com\/en\/product\/tasma-jedwabna-3m-durapore-do-rzes-125-x-9m\/\" \/>\n<meta property=\"og:locale\" content=\"en_US\" \/>\n<meta property=\"og:type\" content=\"article\" \/>\n<meta property=\"og:title\" content=\"Ta\u015bma Jedwabna 3M Durapore do rz\u0119s 1,25 x 9m - Lovely Vip\" \/>\n<meta property=\"og:description\" content=\"Ta\u015bma jedwabna 3M Durapore do przed\u0142u\u017cania rz\u0119s:   Ta\u015bma jedwabna 3M Durapore,  idealna do separacji dolnych rz\u0119s,  nie zsuwa si\u0119 z miejsca aplikacji,  Nie podra\u017cnia, nie uczula,  Wymiary: 1,25cm x 9,1m.\" \/>\n<meta property=\"og:url\" content=\"https:\/\/www.lovely-vip.com\/en\/product\/tasma-jedwabna-3m-durapore-do-rzes-125-x-9m\/\" \/>\n<meta property=\"og:site_name\" content=\"Lovely Vip\" \/>\n<meta property=\"article:modified_time\" content=\"2026-01-30T19:57:30+00:00\" \/>\n<meta property=\"og:image\" content=\"https:\/\/www.lovely-vip.com\/wp-content\/uploads\/2025\/11\/Tasma-Jedwabna-3M-Durapore-do-rzes-1-25-x-9m.jpg\" \/>\n\t<meta property=\"og:image:width\" content=\"720\" \/>\n\t<meta property=\"og:image:height\" content=\"660\" \/>\n\t<meta property=\"og:image:type\" content=\"image\/jpeg\" \/>\n<meta name=\"twitter:card\" content=\"summary_large_image\" \/>\n<meta name=\"twitter:label1\" content=\"Est. reading time\" \/>\n\t<meta name=\"twitter:data1\" content=\"1 minute\" \/>\n<script type=\"application\/ld+json\" class=\"yoast-schema-graph\">{\"@context\":\"https:\/\/schema.org\",\"@graph\":[{\"@type\":\"WebPage\",\"@id\":\"https:\/\/www.lovely-vip.com\/product\/tasma-jedwabna-3m-durapore-do-rzes-125-x-9m\/\",\"url\":\"https:\/\/www.lovely-vip.com\/product\/tasma-jedwabna-3m-durapore-do-rzes-125-x-9m\/\",\"name\":\"Ta\u015bma Jedwabna 3M Durapore do rz\u0119s 1,25 x 9m - Lovely Vip\",\"isPartOf\":{\"@id\":\"https:\/\/www.lovely-vip.com\/#website\"},\"primaryImageOfPage\":{\"@id\":\"https:\/\/www.lovely-vip.com\/product\/tasma-jedwabna-3m-durapore-do-rzes-125-x-9m\/#primaryimage\"},\"image\":{\"@id\":\"https:\/\/www.lovely-vip.com\/product\/tasma-jedwabna-3m-durapore-do-rzes-125-x-9m\/#primaryimage\"},\"thumbnailUrl\":\"https:\/\/www.lovely-vip.com\/wp-content\/uploads\/2025\/11\/Tasma-Jedwabna-3M-Durapore-do-rzes-1-25-x-9m.jpg\",\"datePublished\":\"2025-11-07T09:44:16+00:00\",\"dateModified\":\"2026-01-30T19:57:30+00:00\",\"breadcrumb\":{\"@id\":\"https:\/\/www.lovely-vip.com\/product\/tasma-jedwabna-3m-durapore-do-rzes-125-x-9m\/#breadcrumb\"},\"inLanguage\":\"en-US\",\"potentialAction\":[{\"@type\":\"ReadAction\",\"target\":[\"https:\/\/www.lovely-vip.com\/product\/tasma-jedwabna-3m-durapore-do-rzes-125-x-9m\/\"]}]},{\"@type\":\"ImageObject\",\"inLanguage\":\"en-US\",\"@id\":\"https:\/\/www.lovely-vip.com\/product\/tasma-jedwabna-3m-durapore-do-rzes-125-x-9m\/#primaryimage\",\"url\":\"https:\/\/www.lovely-vip.com\/wp-content\/uploads\/2025\/11\/Tasma-Jedwabna-3M-Durapore-do-rzes-1-25-x-9m.jpg\",\"contentUrl\":\"https:\/\/www.lovely-vip.com\/wp-content\/uploads\/2025\/11\/Tasma-Jedwabna-3M-Durapore-do-rzes-1-25-x-9m.jpg\",\"width\":720,\"height\":660,\"caption\":\"fc2e7d54fe0f479affdd86da4cbfa2e7fe31368c4393ce28426dfa291a74129a0bdd628b94b6e36faa31cc3294e524551b7a67c7bec077907395ba859f3af4214c089be7c5132fc30d7ee3c248dbda0d\"},{\"@type\":\"BreadcrumbList\",\"@id\":\"https:\/\/www.lovely-vip.com\/product\/tasma-jedwabna-3m-durapore-do-rzes-125-x-9m\/#breadcrumb\",\"itemListElement\":[{\"@type\":\"ListItem\",\"position\":1,\"name\":\"Strona g\u0142\u00f3wna\",\"item\":\"https:\/\/www.lovely-vip.com\/\"},{\"@type\":\"ListItem\",\"position\":2,\"name\":\"Sklep dla stylistek rz\u0119s i brwi\",\"item\":\"https:\/\/www.lovely-vip.com\/shop\/\"},{\"@type\":\"ListItem\",\"position\":3,\"name\":\"Ta\u015bma Jedwabna 3M Durapore do rz\u0119s 1,25 x 9m\"}]},{\"@type\":\"WebSite\",\"@id\":\"https:\/\/www.lovely-vip.com\/#website\",\"url\":\"https:\/\/www.lovely-vip.com\/\",\"name\":\"Lovely Vip\",\"description\":\"Profesjonalne produkty do piel\u0119gnacji rz\u0119s i brwi\",\"potentialAction\":[{\"@type\":\"SearchAction\",\"target\":{\"@type\":\"EntryPoint\",\"urlTemplate\":\"https:\/\/www.lovely-vip.com\/?s={search_term_string}\"},\"query-input\":{\"@type\":\"PropertyValueSpecification\",\"valueRequired\":true,\"valueName\":\"search_term_string\"}}],\"inLanguage\":\"en-US\"}]}<\/script>\n<!-- \/ Yoast SEO plugin. -->","yoast_head_json":{"title":"Ta\u015bma Jedwabna 3M Durapore do rz\u0119s 1,25 x 9m - Lovely Vip","robots":{"index":"index","follow":"follow","max-snippet":"max-snippet:-1","max-image-preview":"max-image-preview:large","max-video-preview":"max-video-preview:-1"},"canonical":"https:\/\/www.lovely-vip.com\/en\/product\/tasma-jedwabna-3m-durapore-do-rzes-125-x-9m\/","og_locale":"en_US","og_type":"article","og_title":"Ta\u015bma Jedwabna 3M Durapore do rz\u0119s 1,25 x 9m - Lovely Vip","og_description":"Ta\u015bma jedwabna 3M Durapore do przed\u0142u\u017cania rz\u0119s:   Ta\u015bma jedwabna 3M Durapore,  idealna do separacji dolnych rz\u0119s,  nie zsuwa si\u0119 z miejsca aplikacji,  Nie podra\u017cnia, nie uczula,  Wymiary: 1,25cm x 9,1m.","og_url":"https:\/\/www.lovely-vip.com\/en\/product\/tasma-jedwabna-3m-durapore-do-rzes-125-x-9m\/","og_site_name":"Lovely Vip","article_modified_time":"2026-01-30T19:57:30+00:00","og_image":[{"width":720,"height":660,"url":"https:\/\/www.lovely-vip.com\/wp-content\/uploads\/2025\/11\/Tasma-Jedwabna-3M-Durapore-do-rzes-1-25-x-9m.jpg","type":"image\/jpeg"}],"twitter_card":"summary_large_image","twitter_misc":{"Est. reading time":"1 minute"},"schema":{"@context":"https:\/\/schema.org","@graph":[{"@type":"WebPage","@id":"https:\/\/www.lovely-vip.com\/product\/tasma-jedwabna-3m-durapore-do-rzes-125-x-9m\/","url":"https:\/\/www.lovely-vip.com\/product\/tasma-jedwabna-3m-durapore-do-rzes-125-x-9m\/","name":"Ta\u015bma Jedwabna 3M Durapore do rz\u0119s 1,25 x 9m - Lovely Vip","isPartOf":{"@id":"https:\/\/www.lovely-vip.com\/#website"},"primaryImageOfPage":{"@id":"https:\/\/www.lovely-vip.com\/product\/tasma-jedwabna-3m-durapore-do-rzes-125-x-9m\/#primaryimage"},"image":{"@id":"https:\/\/www.lovely-vip.com\/product\/tasma-jedwabna-3m-durapore-do-rzes-125-x-9m\/#primaryimage"},"thumbnailUrl":"https:\/\/www.lovely-vip.com\/wp-content\/uploads\/2025\/11\/Tasma-Jedwabna-3M-Durapore-do-rzes-1-25-x-9m.jpg","datePublished":"2025-11-07T09:44:16+00:00","dateModified":"2026-01-30T19:57:30+00:00","breadcrumb":{"@id":"https:\/\/www.lovely-vip.com\/product\/tasma-jedwabna-3m-durapore-do-rzes-125-x-9m\/#breadcrumb"},"inLanguage":"en-US","potentialAction":[{"@type":"ReadAction","target":["https:\/\/www.lovely-vip.com\/product\/tasma-jedwabna-3m-durapore-do-rzes-125-x-9m\/"]}]},{"@type":"ImageObject","inLanguage":"en-US","@id":"https:\/\/www.lovely-vip.com\/product\/tasma-jedwabna-3m-durapore-do-rzes-125-x-9m\/#primaryimage","url":"https:\/\/www.lovely-vip.com\/wp-content\/uploads\/2025\/11\/Tasma-Jedwabna-3M-Durapore-do-rzes-1-25-x-9m.jpg","contentUrl":"https:\/\/www.lovely-vip.com\/wp-content\/uploads\/2025\/11\/Tasma-Jedwabna-3M-Durapore-do-rzes-1-25-x-9m.jpg","width":720,"height":660,"caption":"fc2e7d54fe0f479affdd86da4cbfa2e7fe31368c4393ce28426dfa291a74129a0bdd628b94b6e36faa31cc3294e524551b7a67c7bec077907395ba859f3af4214c089be7c5132fc30d7ee3c248dbda0d"},{"@type":"BreadcrumbList","@id":"https:\/\/www.lovely-vip.com\/product\/tasma-jedwabna-3m-durapore-do-rzes-125-x-9m\/#breadcrumb","itemListElement":[{"@type":"ListItem","position":1,"name":"Strona g\u0142\u00f3wna","item":"https:\/\/www.lovely-vip.com\/"},{"@type":"ListItem","position":2,"name":"Sklep dla stylistek rz\u0119s i brwi","item":"https:\/\/www.lovely-vip.com\/shop\/"},{"@type":"ListItem","position":3,"name":"Ta\u015bma Jedwabna 3M Durapore do rz\u0119s 1,25 x 9m"}]},{"@type":"WebSite","@id":"https:\/\/www.lovely-vip.com\/#website","url":"https:\/\/www.lovely-vip.com\/","name":"Lovely Vip","description":"Professional eyelash and eyebrow care products","potentialAction":[{"@type":"SearchAction","target":{"@type":"EntryPoint","urlTemplate":"https:\/\/www.lovely-vip.com\/?s={search_term_string}"},"query-input":{"@type":"PropertyValueSpecification","valueRequired":true,"valueName":"search_term_string"}}],"inLanguage":"en-US"}]}},"_links":{"self":[{"href":"https:\/\/www.lovely-vip.com\/en\/wp-json\/wp\/v2\/product\/27061","targetHints":{"allow":["GET"]}}],"collection":[{"href":"https:\/\/www.lovely-vip.com\/en\/wp-json\/wp\/v2\/product"}],"about":[{"href":"https:\/\/www.lovely-vip.com\/en\/wp-json\/wp\/v2\/types\/product"}],"replies":[{"embeddable":true,"href":"https:\/\/www.lovely-vip.com\/en\/wp-json\/wp\/v2\/comments?post=27061"}],"wp:featuredmedia":[{"embeddable":true,"href":"https:\/\/www.lovely-vip.com\/en\/wp-json\/wp\/v2\/media\/27062"}],"wp:attachment":[{"href":"https:\/\/www.lovely-vip.com\/en\/wp-json\/wp\/v2\/media?parent=27061"}],"wp:term":[{"taxonomy":"product_brand","embeddable":true,"href":"https:\/\/www.lovely-vip.com\/en\/wp-json\/wp\/v2\/product_brand?post=27061"},{"taxonomy":"product_cat","embeddable":true,"href":"https:\/\/www.lovely-vip.com\/en\/wp-json\/wp\/v2\/product_cat?post=27061"},{"taxonomy":"product_tag","embeddable":true,"href":"https:\/\/www.lovely-vip.com\/en\/wp-json\/wp\/v2\/product_tag?post=27061"}],"curies":[{"name":"wp","href":"https:\/\/api.w.org\/{rel}","templated":true}]}}