{"id":683,"date":"2019-05-22T00:00:00","date_gmt":"2019-05-21T22:00:00","guid":{"rendered":"http:\/\/new.lovely-vip.com\/product\/rzesy-ombre-fiolet\/"},"modified":"2026-03-05T13:02:08","modified_gmt":"2026-03-05T12:02:08","slug":"rzesy-ombre-fiolet","status":"publish","type":"product","link":"https:\/\/www.lovely-vip.com\/en\/product\/rzesy-ombre-fiolet\/","title":{"rendered":"MIX purple eyelashes tips"},"content":{"rendered":"<p>Lovely two-tone purple eyelashes 20 strips MIX<\/p>\n<p>Two-color purple eyelashes are created especially for lovers of vivid views and experiments. The main peculiarity of two-color lashes is that the base of the lashes is black and the tip is purple. This color combination allows you to highlight your eyes and add personality to your image.<\/p>\n<p>Lovely two-tone eyelashes are made of high quality fiber. They are lightweight and flexible. Eyelashes do not deform during extension and perfectly maintain their shape while wearing.<\/p>\n<p>When you buy Lovely bicolor lashes, you can be sure of the highest quality, as each lash palette is thoroughly tested by Lovely Lash's quality department.<\/p>","protected":false},"excerpt":{"rendered":"<p>Dwukolorowe fioletowe rz\u0119sy Lovely 20 pask\u00f3w MIX Dwukolorowe fioletowe rz\u0119sy s\u0105 stworzone specjalnie dla mi\u0142o\u015bnik\u00f3w \u017cywych widok\u00f3w i eksperyment\u00f3w. G\u0142\u00f3wn\u0105 osobliwo\u015bci\u0105 dwukolorowych rz\u0119s jest to, \u017ce podstawa rz\u0119s jest czarna, a ko\u0144c\u00f3wka jest fioletowa. Ta kombinacja kolor\u00f3w umo\u017cliwia podkre\u015blenie oczu i dodanie osobowo\u015bci do obrazu. Dwukolorowe rz\u0119sy Lovely wykonane s\u0105 z wysokiej jako\u015bci w\u0142\u00f3kna. S\u0105 [&#8230;]\n","protected":false},"featured_media":2195,"comment_status":"open","ping_status":"closed","template":"","meta":[],"product_brand":[],"product_cat":[293,70,78,82],"product_tag":[],"class_list":{"0":"post-683","1":"product","2":"type-product","3":"status-publish","4":"has-post-thumbnail","6":"product_cat-lovely","7":"product_cat-promocja","8":"product_cat-rzesy","9":"product_cat-rzesy-ombre","11":"first","12":"instock","13":"sale","14":"shipping-taxable","15":"purchasable","16":"product-type-variable","17":"has-default-attributes"},"yoast_head":"<!-- This site is optimized with the Yoast SEO plugin v25.4 - https:\/\/yoast.com\/wordpress\/plugins\/seo\/ -->\n<title>Rz\u0119sy fioletowe ko\u0144c\u00f3wki MIX - Lovely Vip<\/title>\n<meta name=\"robots\" content=\"index, follow, max-snippet:-1, max-image-preview:large, max-video-preview:-1\" \/>\n<link rel=\"canonical\" href=\"https:\/\/www.lovely-vip.com\/en\/product\/rzesy-ombre-fiolet\/\" \/>\n<meta property=\"og:locale\" content=\"en_US\" \/>\n<meta property=\"og:type\" content=\"article\" \/>\n<meta property=\"og:title\" content=\"Rz\u0119sy fioletowe ko\u0144c\u00f3wki MIX - Lovely Vip\" \/>\n<meta property=\"og:description\" content=\"Dwukolorowe fioletowe rz\u0119sy Lovely 20 pask\u00f3w MIX Dwukolorowe fioletowe rz\u0119sy s\u0105 stworzone specjalnie dla mi\u0142o\u015bnik\u00f3w \u017cywych widok\u00f3w i eksperyment\u00f3w. G\u0142\u00f3wn\u0105 osobliwo\u015bci\u0105 dwukolorowych rz\u0119s jest to, \u017ce podstawa rz\u0119s jest czarna, a ko\u0144c\u00f3wka jest fioletowa. Ta kombinacja kolor\u00f3w umo\u017cliwia podkre\u015blenie oczu i dodanie osobowo\u015bci do obrazu. Dwukolorowe rz\u0119sy Lovely wykonane s\u0105 z wysokiej jako\u015bci w\u0142\u00f3kna. S\u0105 [...]\" \/>\n<meta property=\"og:url\" content=\"https:\/\/www.lovely-vip.com\/en\/product\/rzesy-ombre-fiolet\/\" \/>\n<meta property=\"og:site_name\" content=\"Lovely Vip\" \/>\n<meta property=\"article:modified_time\" content=\"2026-03-05T12:02:08+00:00\" \/>\n<meta property=\"og:image\" content=\"https:\/\/www.lovely-vip.com\/wp-content\/uploads\/2019\/05\/\u0420\u0435\u0441\u043d\u0438\u0446\u044b-\u0434\u0432\u0443\u0445\u0442\u043e\u043d\u043e\u0432\u044b\u0435-\u0442\u0435\u043c\u043d\u043e-\u0444\u0438\u043e\u043b\u0435\u0442\u043e\u0432\u044b\u0435-Lovely-20-\u043b\u0438\u043d\u0438\u0439-MIX.jpg\" \/>\n\t<meta property=\"og:image:width\" content=\"1024\" \/>\n\t<meta property=\"og:image:height\" content=\"721\" \/>\n\t<meta property=\"og:image:type\" content=\"image\/jpeg\" \/>\n<meta name=\"twitter:card\" content=\"summary_large_image\" \/>\n<meta name=\"twitter:label1\" content=\"Est. reading time\" \/>\n\t<meta name=\"twitter:data1\" content=\"1 minute\" \/>\n<script type=\"application\/ld+json\" class=\"yoast-schema-graph\">{\"@context\":\"https:\/\/schema.org\",\"@graph\":[{\"@type\":\"WebPage\",\"@id\":\"https:\/\/www.lovely-vip.com\/product\/rzesy-ombre-fiolet\/\",\"url\":\"https:\/\/www.lovely-vip.com\/product\/rzesy-ombre-fiolet\/\",\"name\":\"Rz\u0119sy fioletowe ko\u0144c\u00f3wki MIX - Lovely Vip\",\"isPartOf\":{\"@id\":\"https:\/\/www.lovely-vip.com\/#website\"},\"primaryImageOfPage\":{\"@id\":\"https:\/\/www.lovely-vip.com\/product\/rzesy-ombre-fiolet\/#primaryimage\"},\"image\":{\"@id\":\"https:\/\/www.lovely-vip.com\/product\/rzesy-ombre-fiolet\/#primaryimage\"},\"thumbnailUrl\":\"https:\/\/www.lovely-vip.com\/wp-content\/uploads\/2019\/05\/\u0420\u0435\u0441\u043d\u0438\u0446\u044b-\u0434\u0432\u0443\u0445\u0442\u043e\u043d\u043e\u0432\u044b\u0435-\u0442\u0435\u043c\u043d\u043e-\u0444\u0438\u043e\u043b\u0435\u0442\u043e\u0432\u044b\u0435-Lovely-20-\u043b\u0438\u043d\u0438\u0439-MIX.jpg\",\"datePublished\":\"2019-05-21T22:00:00+00:00\",\"dateModified\":\"2026-03-05T12:02:08+00:00\",\"breadcrumb\":{\"@id\":\"https:\/\/www.lovely-vip.com\/product\/rzesy-ombre-fiolet\/#breadcrumb\"},\"inLanguage\":\"en-US\",\"potentialAction\":[{\"@type\":\"ReadAction\",\"target\":[\"https:\/\/www.lovely-vip.com\/product\/rzesy-ombre-fiolet\/\"]}]},{\"@type\":\"ImageObject\",\"inLanguage\":\"en-US\",\"@id\":\"https:\/\/www.lovely-vip.com\/product\/rzesy-ombre-fiolet\/#primaryimage\",\"url\":\"https:\/\/www.lovely-vip.com\/wp-content\/uploads\/2019\/05\/\u0420\u0435\u0441\u043d\u0438\u0446\u044b-\u0434\u0432\u0443\u0445\u0442\u043e\u043d\u043e\u0432\u044b\u0435-\u0442\u0435\u043c\u043d\u043e-\u0444\u0438\u043e\u043b\u0435\u0442\u043e\u0432\u044b\u0435-Lovely-20-\u043b\u0438\u043d\u0438\u0439-MIX.jpg\",\"contentUrl\":\"https:\/\/www.lovely-vip.com\/wp-content\/uploads\/2019\/05\/\u0420\u0435\u0441\u043d\u0438\u0446\u044b-\u0434\u0432\u0443\u0445\u0442\u043e\u043d\u043e\u0432\u044b\u0435-\u0442\u0435\u043c\u043d\u043e-\u0444\u0438\u043e\u043b\u0435\u0442\u043e\u0432\u044b\u0435-Lovely-20-\u043b\u0438\u043d\u0438\u0439-MIX.jpg\",\"width\":1024,\"height\":721},{\"@type\":\"BreadcrumbList\",\"@id\":\"https:\/\/www.lovely-vip.com\/product\/rzesy-ombre-fiolet\/#breadcrumb\",\"itemListElement\":[{\"@type\":\"ListItem\",\"position\":1,\"name\":\"Strona g\u0142\u00f3wna\",\"item\":\"https:\/\/www.lovely-vip.com\/\"},{\"@type\":\"ListItem\",\"position\":2,\"name\":\"Sklep dla stylistek rz\u0119s i brwi\",\"item\":\"https:\/\/www.lovely-vip.com\/shop\/\"},{\"@type\":\"ListItem\",\"position\":3,\"name\":\"Rz\u0119sy fioletowe ko\u0144c\u00f3wki MIX\"}]},{\"@type\":\"WebSite\",\"@id\":\"https:\/\/www.lovely-vip.com\/#website\",\"url\":\"https:\/\/www.lovely-vip.com\/\",\"name\":\"Lovely Vip\",\"description\":\"Profesjonalne produkty do piel\u0119gnacji rz\u0119s i brwi\",\"potentialAction\":[{\"@type\":\"SearchAction\",\"target\":{\"@type\":\"EntryPoint\",\"urlTemplate\":\"https:\/\/www.lovely-vip.com\/?s={search_term_string}\"},\"query-input\":{\"@type\":\"PropertyValueSpecification\",\"valueRequired\":true,\"valueName\":\"search_term_string\"}}],\"inLanguage\":\"en-US\"}]}<\/script>\n<!-- \/ Yoast SEO plugin. -->","yoast_head_json":{"title":"Rz\u0119sy fioletowe ko\u0144c\u00f3wki MIX - Lovely Vip","robots":{"index":"index","follow":"follow","max-snippet":"max-snippet:-1","max-image-preview":"max-image-preview:large","max-video-preview":"max-video-preview:-1"},"canonical":"https:\/\/www.lovely-vip.com\/en\/product\/rzesy-ombre-fiolet\/","og_locale":"en_US","og_type":"article","og_title":"Rz\u0119sy fioletowe ko\u0144c\u00f3wki MIX - Lovely Vip","og_description":"Dwukolorowe fioletowe rz\u0119sy Lovely 20 pask\u00f3w MIX Dwukolorowe fioletowe rz\u0119sy s\u0105 stworzone specjalnie dla mi\u0142o\u015bnik\u00f3w \u017cywych widok\u00f3w i eksperyment\u00f3w. G\u0142\u00f3wn\u0105 osobliwo\u015bci\u0105 dwukolorowych rz\u0119s jest to, \u017ce podstawa rz\u0119s jest czarna, a ko\u0144c\u00f3wka jest fioletowa. Ta kombinacja kolor\u00f3w umo\u017cliwia podkre\u015blenie oczu i dodanie osobowo\u015bci do obrazu. Dwukolorowe rz\u0119sy Lovely wykonane s\u0105 z wysokiej jako\u015bci w\u0142\u00f3kna. S\u0105 [...]","og_url":"https:\/\/www.lovely-vip.com\/en\/product\/rzesy-ombre-fiolet\/","og_site_name":"Lovely Vip","article_modified_time":"2026-03-05T12:02:08+00:00","og_image":[{"width":1024,"height":721,"url":"https:\/\/www.lovely-vip.com\/wp-content\/uploads\/2019\/05\/\u0420\u0435\u0441\u043d\u0438\u0446\u044b-\u0434\u0432\u0443\u0445\u0442\u043e\u043d\u043e\u0432\u044b\u0435-\u0442\u0435\u043c\u043d\u043e-\u0444\u0438\u043e\u043b\u0435\u0442\u043e\u0432\u044b\u0435-Lovely-20-\u043b\u0438\u043d\u0438\u0439-MIX.jpg","type":"image\/jpeg"}],"twitter_card":"summary_large_image","twitter_misc":{"Est. reading time":"1 minute"},"schema":{"@context":"https:\/\/schema.org","@graph":[{"@type":"WebPage","@id":"https:\/\/www.lovely-vip.com\/product\/rzesy-ombre-fiolet\/","url":"https:\/\/www.lovely-vip.com\/product\/rzesy-ombre-fiolet\/","name":"Rz\u0119sy fioletowe ko\u0144c\u00f3wki MIX - Lovely Vip","isPartOf":{"@id":"https:\/\/www.lovely-vip.com\/#website"},"primaryImageOfPage":{"@id":"https:\/\/www.lovely-vip.com\/product\/rzesy-ombre-fiolet\/#primaryimage"},"image":{"@id":"https:\/\/www.lovely-vip.com\/product\/rzesy-ombre-fiolet\/#primaryimage"},"thumbnailUrl":"https:\/\/www.lovely-vip.com\/wp-content\/uploads\/2019\/05\/\u0420\u0435\u0441\u043d\u0438\u0446\u044b-\u0434\u0432\u0443\u0445\u0442\u043e\u043d\u043e\u0432\u044b\u0435-\u0442\u0435\u043c\u043d\u043e-\u0444\u0438\u043e\u043b\u0435\u0442\u043e\u0432\u044b\u0435-Lovely-20-\u043b\u0438\u043d\u0438\u0439-MIX.jpg","datePublished":"2019-05-21T22:00:00+00:00","dateModified":"2026-03-05T12:02:08+00:00","breadcrumb":{"@id":"https:\/\/www.lovely-vip.com\/product\/rzesy-ombre-fiolet\/#breadcrumb"},"inLanguage":"en-US","potentialAction":[{"@type":"ReadAction","target":["https:\/\/www.lovely-vip.com\/product\/rzesy-ombre-fiolet\/"]}]},{"@type":"ImageObject","inLanguage":"en-US","@id":"https:\/\/www.lovely-vip.com\/product\/rzesy-ombre-fiolet\/#primaryimage","url":"https:\/\/www.lovely-vip.com\/wp-content\/uploads\/2019\/05\/\u0420\u0435\u0441\u043d\u0438\u0446\u044b-\u0434\u0432\u0443\u0445\u0442\u043e\u043d\u043e\u0432\u044b\u0435-\u0442\u0435\u043c\u043d\u043e-\u0444\u0438\u043e\u043b\u0435\u0442\u043e\u0432\u044b\u0435-Lovely-20-\u043b\u0438\u043d\u0438\u0439-MIX.jpg","contentUrl":"https:\/\/www.lovely-vip.com\/wp-content\/uploads\/2019\/05\/\u0420\u0435\u0441\u043d\u0438\u0446\u044b-\u0434\u0432\u0443\u0445\u0442\u043e\u043d\u043e\u0432\u044b\u0435-\u0442\u0435\u043c\u043d\u043e-\u0444\u0438\u043e\u043b\u0435\u0442\u043e\u0432\u044b\u0435-Lovely-20-\u043b\u0438\u043d\u0438\u0439-MIX.jpg","width":1024,"height":721},{"@type":"BreadcrumbList","@id":"https:\/\/www.lovely-vip.com\/product\/rzesy-ombre-fiolet\/#breadcrumb","itemListElement":[{"@type":"ListItem","position":1,"name":"Strona g\u0142\u00f3wna","item":"https:\/\/www.lovely-vip.com\/"},{"@type":"ListItem","position":2,"name":"Sklep dla stylistek rz\u0119s i brwi","item":"https:\/\/www.lovely-vip.com\/shop\/"},{"@type":"ListItem","position":3,"name":"Rz\u0119sy fioletowe ko\u0144c\u00f3wki MIX"}]},{"@type":"WebSite","@id":"https:\/\/www.lovely-vip.com\/#website","url":"https:\/\/www.lovely-vip.com\/","name":"Lovely Vip","description":"Professional eyelash and eyebrow care products","potentialAction":[{"@type":"SearchAction","target":{"@type":"EntryPoint","urlTemplate":"https:\/\/www.lovely-vip.com\/?s={search_term_string}"},"query-input":{"@type":"PropertyValueSpecification","valueRequired":true,"valueName":"search_term_string"}}],"inLanguage":"en-US"}]}},"_links":{"self":[{"href":"https:\/\/www.lovely-vip.com\/en\/wp-json\/wp\/v2\/product\/683","targetHints":{"allow":["GET"]}}],"collection":[{"href":"https:\/\/www.lovely-vip.com\/en\/wp-json\/wp\/v2\/product"}],"about":[{"href":"https:\/\/www.lovely-vip.com\/en\/wp-json\/wp\/v2\/types\/product"}],"replies":[{"embeddable":true,"href":"https:\/\/www.lovely-vip.com\/en\/wp-json\/wp\/v2\/comments?post=683"}],"wp:featuredmedia":[{"embeddable":true,"href":"https:\/\/www.lovely-vip.com\/en\/wp-json\/wp\/v2\/media\/2195"}],"wp:attachment":[{"href":"https:\/\/www.lovely-vip.com\/en\/wp-json\/wp\/v2\/media?parent=683"}],"wp:term":[{"taxonomy":"product_brand","embeddable":true,"href":"https:\/\/www.lovely-vip.com\/en\/wp-json\/wp\/v2\/product_brand?post=683"},{"taxonomy":"product_cat","embeddable":true,"href":"https:\/\/www.lovely-vip.com\/en\/wp-json\/wp\/v2\/product_cat?post=683"},{"taxonomy":"product_tag","embeddable":true,"href":"https:\/\/www.lovely-vip.com\/en\/wp-json\/wp\/v2\/product_tag?post=683"}],"curies":[{"name":"wp","href":"https:\/\/api.w.org\/{rel}","templated":true}]}}