{"id":7106,"date":"2021-10-15T13:30:21","date_gmt":"2021-10-15T11:30:21","guid":{"rendered":"https:\/\/www.lovely-vip.com\/?post_type=product&#038;p=7106"},"modified":"2026-03-10T21:47:23","modified_gmt":"2026-03-10T20:47:23","slug":"remover-w-zelu-bez-zapachu-15-ml","status":"publish","type":"product","link":"https:\/\/www.lovely-vip.com\/en\/product\/remover-w-zelu-bez-zapachu-15-ml\/","title":{"rendered":"Remover in unscented gel, 15 ml"},"content":{"rendered":"","protected":false},"excerpt":{"rendered":"<p>Lovely gel remover for removing false eyelashes, 15 ml<br \/>\nThanks to the gel structure, the remover perfectly dissolves the glue, ensures fast and effective removal of false eyelashes.<br \/>\nThe gel remover is not liquid, which avoids contact with the eyes as much as possible.<br \/>\nVery efficient in use.<br \/>\nDoes not cause allergies. Aroma-free.<br \/>\nTo use, apply a small amount of gel with a microbrush to the lashes.<br \/>\nAfter 5-7 minutes, remove lashes with tweezers, remove remover with a cotton swab.<br \/>\nRinse with water or micellar water.<\/p>\n<p>Caution: Avoid contact with eyes. In case of contact, rinse thoroughly with water, consult a doctor if necessary.<\/p>\n<p>Validity period: 2 years.<br \/>\nShelf life after opening: 6 months.<\/p>","protected":false},"featured_media":26369,"comment_status":"open","ping_status":"closed","template":"","meta":[],"product_brand":[],"product_cat":[293,75],"product_tag":[],"class_list":{"0":"post-7106","1":"product","2":"type-product","3":"status-publish","4":"has-post-thumbnail","6":"product_cat-lovely","7":"product_cat-remowery","9":"first","10":"outofstock","11":"shipping-taxable","12":"purchasable","13":"product-type-simple"},"yoast_head":"<!-- This site is optimized with the Yoast SEO plugin v25.4 - https:\/\/yoast.com\/wordpress\/plugins\/seo\/ -->\n<title>Remover w \u017celu bez zapachu, 15 ml - Lovely Vip<\/title>\n<meta name=\"robots\" content=\"index, follow, max-snippet:-1, max-image-preview:large, max-video-preview:-1\" \/>\n<link rel=\"canonical\" href=\"https:\/\/www.lovely-vip.com\/en\/product\/remover-w-zelu-bez-zapachu-15-ml\/\" \/>\n<meta property=\"og:locale\" content=\"en_US\" \/>\n<meta property=\"og:type\" content=\"article\" \/>\n<meta property=\"og:title\" content=\"Remover w \u017celu bez zapachu, 15 ml - Lovely Vip\" \/>\n<meta property=\"og:description\" content=\"Remover w \u017celu Lovely do usuwania sztucznych\u00a0 rz\u0119s, 15 ml Dzi\u0119ki strukturze \u017celu remover doskonale rozpuszcza klej, zapewnia szybkie i skuteczne usuwanie sztucznych rz\u0119s. Remover w \u017celu nie jest p\u0142ynny, co w jak najwi\u0119kszym stopniu pozwala unikn\u0105\u0107 kontaktu z oczami. Bardzo wydajny w u\u017cyciu. Nie powoduje alergii. Bez aromat. Do u\u017cycia na\u0142\u00f3\u017c niewielk\u0105 ilo\u015b\u0107 \u017celu z pomoc\u0105 microbrush na rz\u0119sy. Po 5-7 minutach zdejmij rz\u0119sy p\u0119set\u0105, usu\u0144 remover wacikiem. Sp\u0142uka\u0107 wod\u0105 lub wod\u0105 micelarn\u0105.  Ostro\u017cno\u015b\u0107: Unika\u0107 kontaktu z oczami. W przypadku kontaktu dok\u0142adnie sp\u0142uka\u0107 wod\u0105, w razie potrzeby skonsultowa\u0107 si\u0119 z lekarzem.  Okres wa\u017cno\u015bci: 2 lata. Okres wa\u017cno\u015bci po otwarciu: 6 miesi\u0119cy.\" \/>\n<meta property=\"og:url\" content=\"https:\/\/www.lovely-vip.com\/en\/product\/remover-w-zelu-bez-zapachu-15-ml\/\" \/>\n<meta property=\"og:site_name\" content=\"Lovely Vip\" \/>\n<meta property=\"article:modified_time\" content=\"2026-03-10T20:47:23+00:00\" \/>\n<meta property=\"og:image\" content=\"https:\/\/www.lovely-vip.com\/wp-content\/uploads\/2021\/10\/6da933aaa67c51a7fb52e4768f5df47d.png\" \/>\n\t<meta property=\"og:image:width\" content=\"1080\" \/>\n\t<meta property=\"og:image:height\" content=\"1080\" \/>\n\t<meta property=\"og:image:type\" content=\"image\/png\" \/>\n<meta name=\"twitter:card\" content=\"summary_large_image\" \/>\n<meta name=\"twitter:label1\" content=\"Est. reading time\" \/>\n\t<meta name=\"twitter:data1\" content=\"1 minute\" \/>\n<script type=\"application\/ld+json\" class=\"yoast-schema-graph\">{\"@context\":\"https:\/\/schema.org\",\"@graph\":[{\"@type\":\"WebPage\",\"@id\":\"https:\/\/www.lovely-vip.com\/product\/remover-w-zelu-bez-zapachu-15-ml\/\",\"url\":\"https:\/\/www.lovely-vip.com\/product\/remover-w-zelu-bez-zapachu-15-ml\/\",\"name\":\"Remover w \u017celu bez zapachu, 15 ml - Lovely Vip\",\"isPartOf\":{\"@id\":\"https:\/\/www.lovely-vip.com\/#website\"},\"primaryImageOfPage\":{\"@id\":\"https:\/\/www.lovely-vip.com\/product\/remover-w-zelu-bez-zapachu-15-ml\/#primaryimage\"},\"image\":{\"@id\":\"https:\/\/www.lovely-vip.com\/product\/remover-w-zelu-bez-zapachu-15-ml\/#primaryimage\"},\"thumbnailUrl\":\"https:\/\/www.lovely-vip.com\/wp-content\/uploads\/2021\/10\/6da933aaa67c51a7fb52e4768f5df47d.png\",\"datePublished\":\"2021-10-15T11:30:21+00:00\",\"dateModified\":\"2026-03-10T20:47:23+00:00\",\"breadcrumb\":{\"@id\":\"https:\/\/www.lovely-vip.com\/product\/remover-w-zelu-bez-zapachu-15-ml\/#breadcrumb\"},\"inLanguage\":\"en-US\",\"potentialAction\":[{\"@type\":\"ReadAction\",\"target\":[\"https:\/\/www.lovely-vip.com\/product\/remover-w-zelu-bez-zapachu-15-ml\/\"]}]},{\"@type\":\"ImageObject\",\"inLanguage\":\"en-US\",\"@id\":\"https:\/\/www.lovely-vip.com\/product\/remover-w-zelu-bez-zapachu-15-ml\/#primaryimage\",\"url\":\"https:\/\/www.lovely-vip.com\/wp-content\/uploads\/2021\/10\/6da933aaa67c51a7fb52e4768f5df47d.png\",\"contentUrl\":\"https:\/\/www.lovely-vip.com\/wp-content\/uploads\/2021\/10\/6da933aaa67c51a7fb52e4768f5df47d.png\",\"width\":1080,\"height\":1080},{\"@type\":\"BreadcrumbList\",\"@id\":\"https:\/\/www.lovely-vip.com\/product\/remover-w-zelu-bez-zapachu-15-ml\/#breadcrumb\",\"itemListElement\":[{\"@type\":\"ListItem\",\"position\":1,\"name\":\"Strona g\u0142\u00f3wna\",\"item\":\"https:\/\/www.lovely-vip.com\/\"},{\"@type\":\"ListItem\",\"position\":2,\"name\":\"Sklep dla stylistek rz\u0119s i brwi\",\"item\":\"https:\/\/www.lovely-vip.com\/shop\/\"},{\"@type\":\"ListItem\",\"position\":3,\"name\":\"Remover w \u017celu bez zapachu, 15 ml\"}]},{\"@type\":\"WebSite\",\"@id\":\"https:\/\/www.lovely-vip.com\/#website\",\"url\":\"https:\/\/www.lovely-vip.com\/\",\"name\":\"Lovely Vip\",\"description\":\"Profesjonalne produkty do piel\u0119gnacji rz\u0119s i brwi\",\"potentialAction\":[{\"@type\":\"SearchAction\",\"target\":{\"@type\":\"EntryPoint\",\"urlTemplate\":\"https:\/\/www.lovely-vip.com\/?s={search_term_string}\"},\"query-input\":{\"@type\":\"PropertyValueSpecification\",\"valueRequired\":true,\"valueName\":\"search_term_string\"}}],\"inLanguage\":\"en-US\"}]}<\/script>\n<!-- \/ Yoast SEO plugin. -->","yoast_head_json":{"title":"Remover w \u017celu bez zapachu, 15 ml - Lovely Vip","robots":{"index":"index","follow":"follow","max-snippet":"max-snippet:-1","max-image-preview":"max-image-preview:large","max-video-preview":"max-video-preview:-1"},"canonical":"https:\/\/www.lovely-vip.com\/en\/product\/remover-w-zelu-bez-zapachu-15-ml\/","og_locale":"en_US","og_type":"article","og_title":"Remover w \u017celu bez zapachu, 15 ml - Lovely Vip","og_description":"Remover w \u017celu Lovely do usuwania sztucznych\u00a0 rz\u0119s, 15 ml Dzi\u0119ki strukturze \u017celu remover doskonale rozpuszcza klej, zapewnia szybkie i skuteczne usuwanie sztucznych rz\u0119s. Remover w \u017celu nie jest p\u0142ynny, co w jak najwi\u0119kszym stopniu pozwala unikn\u0105\u0107 kontaktu z oczami. Bardzo wydajny w u\u017cyciu. Nie powoduje alergii. Bez aromat. Do u\u017cycia na\u0142\u00f3\u017c niewielk\u0105 ilo\u015b\u0107 \u017celu z pomoc\u0105 microbrush na rz\u0119sy. Po 5-7 minutach zdejmij rz\u0119sy p\u0119set\u0105, usu\u0144 remover wacikiem. Sp\u0142uka\u0107 wod\u0105 lub wod\u0105 micelarn\u0105.  Ostro\u017cno\u015b\u0107: Unika\u0107 kontaktu z oczami. W przypadku kontaktu dok\u0142adnie sp\u0142uka\u0107 wod\u0105, w razie potrzeby skonsultowa\u0107 si\u0119 z lekarzem.  Okres wa\u017cno\u015bci: 2 lata. Okres wa\u017cno\u015bci po otwarciu: 6 miesi\u0119cy.","og_url":"https:\/\/www.lovely-vip.com\/en\/product\/remover-w-zelu-bez-zapachu-15-ml\/","og_site_name":"Lovely Vip","article_modified_time":"2026-03-10T20:47:23+00:00","og_image":[{"width":1080,"height":1080,"url":"https:\/\/www.lovely-vip.com\/wp-content\/uploads\/2021\/10\/6da933aaa67c51a7fb52e4768f5df47d.png","type":"image\/png"}],"twitter_card":"summary_large_image","twitter_misc":{"Est. reading time":"1 minute"},"schema":{"@context":"https:\/\/schema.org","@graph":[{"@type":"WebPage","@id":"https:\/\/www.lovely-vip.com\/product\/remover-w-zelu-bez-zapachu-15-ml\/","url":"https:\/\/www.lovely-vip.com\/product\/remover-w-zelu-bez-zapachu-15-ml\/","name":"Remover w \u017celu bez zapachu, 15 ml - Lovely Vip","isPartOf":{"@id":"https:\/\/www.lovely-vip.com\/#website"},"primaryImageOfPage":{"@id":"https:\/\/www.lovely-vip.com\/product\/remover-w-zelu-bez-zapachu-15-ml\/#primaryimage"},"image":{"@id":"https:\/\/www.lovely-vip.com\/product\/remover-w-zelu-bez-zapachu-15-ml\/#primaryimage"},"thumbnailUrl":"https:\/\/www.lovely-vip.com\/wp-content\/uploads\/2021\/10\/6da933aaa67c51a7fb52e4768f5df47d.png","datePublished":"2021-10-15T11:30:21+00:00","dateModified":"2026-03-10T20:47:23+00:00","breadcrumb":{"@id":"https:\/\/www.lovely-vip.com\/product\/remover-w-zelu-bez-zapachu-15-ml\/#breadcrumb"},"inLanguage":"en-US","potentialAction":[{"@type":"ReadAction","target":["https:\/\/www.lovely-vip.com\/product\/remover-w-zelu-bez-zapachu-15-ml\/"]}]},{"@type":"ImageObject","inLanguage":"en-US","@id":"https:\/\/www.lovely-vip.com\/product\/remover-w-zelu-bez-zapachu-15-ml\/#primaryimage","url":"https:\/\/www.lovely-vip.com\/wp-content\/uploads\/2021\/10\/6da933aaa67c51a7fb52e4768f5df47d.png","contentUrl":"https:\/\/www.lovely-vip.com\/wp-content\/uploads\/2021\/10\/6da933aaa67c51a7fb52e4768f5df47d.png","width":1080,"height":1080},{"@type":"BreadcrumbList","@id":"https:\/\/www.lovely-vip.com\/product\/remover-w-zelu-bez-zapachu-15-ml\/#breadcrumb","itemListElement":[{"@type":"ListItem","position":1,"name":"Strona g\u0142\u00f3wna","item":"https:\/\/www.lovely-vip.com\/"},{"@type":"ListItem","position":2,"name":"Sklep dla stylistek rz\u0119s i brwi","item":"https:\/\/www.lovely-vip.com\/shop\/"},{"@type":"ListItem","position":3,"name":"Remover w \u017celu bez zapachu, 15 ml"}]},{"@type":"WebSite","@id":"https:\/\/www.lovely-vip.com\/#website","url":"https:\/\/www.lovely-vip.com\/","name":"Lovely Vip","description":"Professional eyelash and eyebrow care products","potentialAction":[{"@type":"SearchAction","target":{"@type":"EntryPoint","urlTemplate":"https:\/\/www.lovely-vip.com\/?s={search_term_string}"},"query-input":{"@type":"PropertyValueSpecification","valueRequired":true,"valueName":"search_term_string"}}],"inLanguage":"en-US"}]}},"_links":{"self":[{"href":"https:\/\/www.lovely-vip.com\/en\/wp-json\/wp\/v2\/product\/7106","targetHints":{"allow":["GET"]}}],"collection":[{"href":"https:\/\/www.lovely-vip.com\/en\/wp-json\/wp\/v2\/product"}],"about":[{"href":"https:\/\/www.lovely-vip.com\/en\/wp-json\/wp\/v2\/types\/product"}],"replies":[{"embeddable":true,"href":"https:\/\/www.lovely-vip.com\/en\/wp-json\/wp\/v2\/comments?post=7106"}],"wp:featuredmedia":[{"embeddable":true,"href":"https:\/\/www.lovely-vip.com\/en\/wp-json\/wp\/v2\/media\/26369"}],"wp:attachment":[{"href":"https:\/\/www.lovely-vip.com\/en\/wp-json\/wp\/v2\/media?parent=7106"}],"wp:term":[{"taxonomy":"product_brand","embeddable":true,"href":"https:\/\/www.lovely-vip.com\/en\/wp-json\/wp\/v2\/product_brand?post=7106"},{"taxonomy":"product_cat","embeddable":true,"href":"https:\/\/www.lovely-vip.com\/en\/wp-json\/wp\/v2\/product_cat?post=7106"},{"taxonomy":"product_tag","embeddable":true,"href":"https:\/\/www.lovely-vip.com\/en\/wp-json\/wp\/v2\/product_tag?post=7106"}],"curies":[{"name":"wp","href":"https:\/\/api.w.org\/{rel}","templated":true}]}}