{"id":14206,"date":"2023-05-08T13:05:13","date_gmt":"2023-05-08T11:05:13","guid":{"rendered":"https:\/\/www.lovely-vip.com\/?page_id=14206"},"modified":"2023-08-01T11:46:48","modified_gmt":"2023-08-01T09:46:48","slug":"instruktorzy","status":"publish","type":"page","link":"https:\/\/www.lovely-vip.com\/ua\/instruktorzy\/","title":{"rendered":"\u0406\u043d\u0441\u0442\u0440\u0443\u043a\u0442\u043e\u0440\u0438"},"content":{"rendered":"\t\t<div data-elementor-type=\"wp-page\" data-elementor-id=\"14206\" class=\"elementor elementor-14206\" data-elementor-post-type=\"page\">\n\t\t\t\t\t\t<section class=\"elementor-section elementor-top-section elementor-element elementor-element-4cb7cc5f elementor-section-boxed elementor-section-height-default elementor-section-height-default\" data-id=\"4cb7cc5f\" data-element_type=\"section\">\n\t\t\t\t\t\t<div class=\"elementor-container elementor-column-gap-default\">\n\t\t\t\t\t<div class=\"elementor-column elementor-col-100 elementor-top-column elementor-element elementor-element-5b8ecc0\" data-id=\"5b8ecc0\" data-element_type=\"column\">\n\t\t\t<div class=\"elementor-widget-wrap elementor-element-populated\">\n\t\t\t\t\t\t<div class=\"elementor-element elementor-element-4e45ac8e elementor-widget elementor-widget-text-editor\" data-id=\"4e45ac8e\" data-element_type=\"widget\" data-widget_type=\"text-editor.default\">\n\t\t\t\t<div class=\"elementor-widget-container\">\n\t\t\t\t\t\t\t\t\t\t\t\t\t\t\t\t\t<\/div>\n\t\t\t\t<\/div>\n\t\t\t\t\t<\/div>\n\t\t<\/div>\n\t\t\t\t\t<\/div>\n\t\t<\/section>\n\t\t\t\t<section class=\"elementor-section elementor-top-section elementor-element elementor-element-7d89205 elementor-section-full_width elementor-section-stretched elementor-section-height-default elementor-section-height-default\" data-id=\"7d89205\" data-element_type=\"section\" data-settings=\"{&quot;stretch_section&quot;:&quot;section-stretched&quot;,&quot;background_background&quot;:&quot;classic&quot;}\">\n\t\t\t\t\t\t<div class=\"elementor-container elementor-column-gap-default\">\n\t\t\t\t\t<div class=\"elementor-column elementor-col-100 elementor-top-column elementor-element elementor-element-45774af\" data-id=\"45774af\" data-element_type=\"column\">\n\t\t\t<div class=\"elementor-widget-wrap elementor-element-populated\">\n\t\t\t\t\t\t<section class=\"elementor-section elementor-inner-section elementor-element elementor-element-b968ad0 elementor-section-height-min-height elementor-section-full_width elementor-section-height-default\" data-id=\"b968ad0\" data-element_type=\"section\">\n\t\t\t\t\t\t<div class=\"elementor-container elementor-column-gap-narrow\">\n\t\t\t\t\t<div class=\"elementor-column elementor-col-100 elementor-inner-column elementor-element elementor-element-d834ec4\" data-id=\"d834ec4\" data-element_type=\"column\">\n\t\t\t<div class=\"elementor-widget-wrap elementor-element-populated\">\n\t\t\t\t\t\t<div class=\"elementor-element elementor-element-d77b880 elementor-widget elementor-widget-heading\" data-id=\"d77b880\" data-element_type=\"widget\" data-widget_type=\"heading.default\">\n\t\t\t\t<div class=\"elementor-widget-container\">\n\t\t\t\t\t<h1 class=\"elementor-heading-title elementor-size-default\">Wsp\u00f3\u0142praca - instruktorzy<\/h1>\t\t\t\t<\/div>\n\t\t\t\t<\/div>\n\t\t\t\t<div class=\"elementor-element elementor-element-3305458 elementor-align-center elementor-widget elementor-widget-button\" data-id=\"3305458\" data-element_type=\"widget\" data-widget_type=\"button.default\">\n\t\t\t\t<div class=\"elementor-widget-container\">\n\t\t\t\t\t\t\t\t\t<div class=\"elementor-button-wrapper\">\n\t\t\t\t\t<a class=\"elementor-button elementor-button-link elementor-size-sm\" href=\"#wsp\">\n\t\t\t\t\t\t<span class=\"elementor-button-content-wrapper\">\n\t\t\t\t\t\t<span class=\"elementor-button-icon\">\n\t\t\t\t<i aria-hidden=\"true\" class=\"fas fa-arrow-right\"><\/i>\t\t\t<\/span>\n\t\t\t\t\t\t\t\t\t<span class=\"elementor-button-text\">Wi\u0119cej informacji<\/span>\n\t\t\t\t\t<\/span>\n\t\t\t\t\t<\/a>\n\t\t\t\t<\/div>\n\t\t\t\t\t\t\t\t<\/div>\n\t\t\t\t<\/div>\n\t\t\t\t\t<\/div>\n\t\t<\/div>\n\t\t\t\t\t<\/div>\n\t\t<\/section>\n\t\t\t\t\t<\/div>\n\t\t<\/div>\n\t\t\t\t\t<\/div>\n\t\t<\/section>\n\t\t\t\t<section class=\"elementor-section elementor-top-section elementor-element elementor-element-aea076b elementor-section-boxed elementor-section-height-default elementor-section-height-default\" data-id=\"aea076b\" data-element_type=\"section\">\n\t\t\t\t\t\t<div class=\"elementor-container elementor-column-gap-default\">\n\t\t\t\t\t<div class=\"elementor-column elementor-col-100 elementor-top-column elementor-element elementor-element-02e5f06\" data-id=\"02e5f06\" data-element_type=\"column\">\n\t\t\t<div class=\"elementor-widget-wrap elementor-element-populated\">\n\t\t\t\t\t\t<div class=\"elementor-element elementor-element-4d5329c elementor-widget elementor-widget-heading\" data-id=\"4d5329c\" data-element_type=\"widget\" data-widget_type=\"heading.default\">\n\t\t\t\t<div class=\"elementor-widget-container\">\n\t\t\t\t\t<h2 class=\"elementor-heading-title elementor-size-default\">Szkolisz stylistek rz\u0119s i brwi? Zosta\u0144 Instruktorem LOVELY!<\/h2>\t\t\t\t<\/div>\n\t\t\t\t<\/div>\n\t\t\t\t\t<\/div>\n\t\t<\/div>\n\t\t\t\t\t<\/div>\n\t\t<\/section>\n\t\t\t\t<section class=\"elementor-section elementor-top-section elementor-element elementor-element-7abac2a elementor-section-boxed elementor-section-height-default elementor-section-height-default\" data-id=\"7abac2a\" data-element_type=\"section\">\n\t\t\t\t\t\t<div class=\"elementor-container elementor-column-gap-default\">\n\t\t\t\t\t<div class=\"elementor-column elementor-col-50 elementor-top-column elementor-element elementor-element-4271d3a\" data-id=\"4271d3a\" data-element_type=\"column\">\n\t\t\t<div class=\"elementor-widget-wrap elementor-element-populated\">\n\t\t\t\t\t\t<div class=\"elementor-element elementor-element-472a04f elementor-widget__width-initial elementor-widget elementor-widget-text-editor\" data-id=\"472a04f\" data-element_type=\"widget\" data-widget_type=\"text-editor.default\">\n\t\t\t\t<div class=\"elementor-widget-container\">\n\t\t\t\t\t\t\t\t\t<p class=\"p1\">Przejd\u017a szkolenie i zosta\u0144 oficjalnym instruktorem LOVELY &#8211; producenta materia\u0142\u00f3w do rz\u0119s i brwi!<\/p>\n<p class=\"p1\">\ud83d\udd25Chcesz si\u0119 rozwija\u0107 jako instruktor rz\u0119s i brwi?<span class=\"Apple-converted-space\">\u00a0 <\/span>We\u017a udzia\u0142 w kursach Lovely Academy!<\/p>\n<p class=\"p1\">LOVELY to marka profesjonalnych materia\u0142\u00f3w do rz\u0119s i brwi, kt\u00f3r\u0105 wybieraj\u0105 tysi\u0105ce artyst\u00f3w na ca\u0142ym \u015bwiecie!<\/p>\n<p class=\"p1\">Co zapewniamy naszym instruktorom:<\/p>\n<p class=\"p1\">\u2022 Mo\u017cliwo\u015b\u0107 uczestniczenia w wydarzeniach i warsztatach w imieniu Lovely<\/p>\n<p class=\"p1\">\u2022 Materia\u0142y szkoleniowe \u201eClassic\u201d, \u201eVolume\u201d, \u201eBROW design and Lamination\u201d, kurs trenerski<\/p>\n<p class=\"p1\">\u2022 Promocja instruktora Lovely we wszystkich mediach marki<\/p>\n<p class=\"p1\">\u2022 Roczna umowa zapewniaj\u0105ca prawo bycia Instruktorem Lovely<\/p>\n<p class=\"p1\">\u2022 Mo\u017cliwo\u015b\u0107 wydawania certyfikat\u00f3w Lovely<br \/><br \/><\/p>\n<p class=\"p1\">\u2757\ufe0fWymagania do instruktora:<\/p>\n<p class=\"p1\">1. Co najmniej 4 lata do\u015bwiadczenia jako stylistka<\/p>\n<p class=\"p1\">2. do\u015bwiadczenie w prowadzeniu szkole\u0144 (opcjonalnie)<\/p>\n<p class=\"p1\">3. Ch\u0119\u0107 rozwoju wsp\u00f3lnie z Lovely<\/p>\t\t\t\t\t\t\t\t<\/div>\n\t\t\t\t<\/div>\n\t\t\t\t\t<\/div>\n\t\t<\/div>\n\t\t\t\t<div class=\"elementor-column elementor-col-50 elementor-top-column elementor-element elementor-element-1b380ca\" data-id=\"1b380ca\" data-element_type=\"column\">\n\t\t\t<div class=\"elementor-widget-wrap elementor-element-populated\">\n\t\t\t\t\t\t<div class=\"elementor-element elementor-element-4231d14 elementor-widget elementor-widget-image\" data-id=\"4231d14\" data-element_type=\"widget\" data-widget_type=\"image.default\">\n\t\t\t\t<div class=\"elementor-widget-container\">\n\t\t\t\t\t\t\t\t\t\t\t\t\t\t\t<img fetchpriority=\"high\" decoding=\"async\" width=\"600\" height=\"800\" src=\"https:\/\/www.lovely-vip.com\/wp-content\/uploads\/2021\/05\/555DC22C-5DC2-4B26-80BE-CB01EF73DF24-600x800.jpeg\" class=\"attachment-large size-large wp-image-5316\" alt=\"\" srcset=\"https:\/\/www.lovely-vip.com\/wp-content\/uploads\/2021\/05\/555DC22C-5DC2-4B26-80BE-CB01EF73DF24-600x800.jpeg 600w, https:\/\/www.lovely-vip.com\/wp-content\/uploads\/2021\/05\/555DC22C-5DC2-4B26-80BE-CB01EF73DF24-510x680.jpeg 510w, https:\/\/www.lovely-vip.com\/wp-content\/uploads\/2021\/05\/555DC22C-5DC2-4B26-80BE-CB01EF73DF24-300x400.jpeg 300w, https:\/\/www.lovely-vip.com\/wp-content\/uploads\/2021\/05\/555DC22C-5DC2-4B26-80BE-CB01EF73DF24-768x1024.jpeg 768w, https:\/\/www.lovely-vip.com\/wp-content\/uploads\/2021\/05\/555DC22C-5DC2-4B26-80BE-CB01EF73DF24-1152x1536.jpeg 1152w, https:\/\/www.lovely-vip.com\/wp-content\/uploads\/2021\/05\/555DC22C-5DC2-4B26-80BE-CB01EF73DF24.jpeg 1200w\" sizes=\"(max-width: 600px) 100vw, 600px\" \/>\t\t\t\t\t\t\t\t\t\t\t\t\t\t\t<\/div>\n\t\t\t\t<\/div>\n\t\t\t\t\t<\/div>\n\t\t<\/div>\n\t\t\t\t\t<\/div>\n\t\t<\/section>\n\t\t\t\t<section class=\"elementor-section elementor-top-section elementor-element elementor-element-312abb2 elementor-section-boxed elementor-section-height-default elementor-section-height-default\" data-id=\"312abb2\" data-element_type=\"section\">\n\t\t\t\t\t\t<div class=\"elementor-container elementor-column-gap-default\">\n\t\t\t\t\t<div class=\"elementor-column elementor-col-100 elementor-top-column elementor-element elementor-element-b6c490e\" data-id=\"b6c490e\" data-element_type=\"column\">\n\t\t\t<div class=\"elementor-widget-wrap elementor-element-populated\">\n\t\t\t\t\t\t<div class=\"elementor-element elementor-element-ff3354f elementor-widget elementor-widget-menu-anchor\" data-id=\"ff3354f\" data-element_type=\"widget\" data-widget_type=\"menu-anchor.default\">\n\t\t\t\t<div class=\"elementor-widget-container\">\n\t\t\t\t\t\t\t<div class=\"elementor-menu-anchor\" id=\"wsp\"><\/div>\n\t\t\t\t\t\t<\/div>\n\t\t\t\t<\/div>\n\t\t\t\t<div class=\"elementor-element elementor-element-ce86ae9 elementor-widget elementor-widget-heading\" data-id=\"ce86ae9\" data-element_type=\"widget\" data-widget_type=\"heading.default\">\n\t\t\t\t<div class=\"elementor-widget-container\">\n\t\t\t\t\t<h2 class=\"elementor-heading-title elementor-size-default\">Skontaktuj si\u0119 z nami <\/h2>\t\t\t\t<\/div>\n\t\t\t\t<\/div>\n\t\t\t\t<div class=\"elementor-element elementor-element-499c3a6 elementor-widget__width-initial elementor-widget-mobile__width-inherit elementor-widget elementor-widget-text-editor\" data-id=\"499c3a6\" data-element_type=\"widget\" data-widget_type=\"text-editor.default\">\n\t\t\t\t<div class=\"elementor-widget-container\">\n\t\t\t\t\t\t\t\t\t<p style=\"text-align: left;\">I otrzymaj wi\u0119cej informacji na temat wsp\u00f3\u0142pracy.<\/p>\n<p class=\"p1\">Zosta\u0144 oficjalnym Instruktorem marki LOVELY producenta materia\u0142\u00f3w do rz\u0119s i brwi<\/p>\t\t\t\t\t\t\t\t<\/div>\n\t\t\t\t<\/div>\n\t\t\t\t\t<\/div>\n\t\t<\/div>\n\t\t\t\t\t<\/div>\n\t\t<\/section>\n\t\t\t\t<section class=\"elementor-section elementor-top-section elementor-element elementor-element-31eb942 elementor-section-boxed elementor-section-height-default elementor-section-height-default\" data-id=\"31eb942\" data-element_type=\"section\">\n\t\t\t\t\t\t<div class=\"elementor-container elementor-column-gap-default\">\n\t\t\t\t\t<div class=\"elementor-column elementor-col-100 elementor-top-column elementor-element elementor-element-2fd7244\" data-id=\"2fd7244\" data-element_type=\"column\">\n\t\t\t<div class=\"elementor-widget-wrap elementor-element-populated\">\n\t\t\t\t\t\t<div class=\"elementor-element elementor-element-4d79cae elementor-button-align-start elementor-widget elementor-widget-form\" data-id=\"4d79cae\" data-element_type=\"widget\" data-settings=\"{&quot;step_next_label&quot;:&quot;Next&quot;,&quot;step_previous_label&quot;:&quot;Previous&quot;,&quot;button_width&quot;:&quot;100&quot;,&quot;step_type&quot;:&quot;number_text&quot;,&quot;step_icon_shape&quot;:&quot;circle&quot;}\" data-widget_type=\"form.default\">\n\t\t\t\t<div class=\"elementor-widget-container\">\n\t\t\t\t\t\t\t<form class=\"elementor-form\" method=\"post\" id=\"wsp_formularz\" name=\"wsp-form\">\n\t\t\t<input type=\"hidden\" name=\"post_id\" value=\"14206\"\/>\n\t\t\t<input type=\"hidden\" name=\"form_id\" value=\"4d79cae\"\/>\n\t\t\t<input type=\"hidden\" name=\"referer_title\" value=\"Lovely Vip\" \/>\n\n\t\t\t\n\t\t\t<div class=\"elementor-form-fields-wrapper elementor-labels-\">\n\t\t\t\t\t\t\t\t<div class=\"elementor-field-type-select elementor-field-group elementor-column elementor-field-group-field_d4bd6f2 elementor-col-100 elementor-field-required\">\n\t\t\t\t\t\t\t\t\t\t\t\t<label for=\"form-field-field_d4bd6f2\" class=\"elementor-field-label elementor-screen-only\">\n\t\t\t\t\t\t\t\tJaki typ biznesu reprezentujesz?\t\t\t\t\t\t\t<\/label>\n\t\t\t\t\t\t\t\t<div class=\"elementor-field elementor-select-wrapper remove-before \">\n\t\t\t<div class=\"select-caret-down-wrapper\">\n\t\t\t\t<i aria-hidden=\"true\" class=\"eicon-caret-down\"><\/i>\t\t\t<\/div>\n\t\t\t<select name=\"form_fields[field_d4bd6f2]\" id=\"form-field-field_d4bd6f2\" class=\"elementor-field-textual elementor-size-sm\" required=\"required\">\n\t\t\t\t\t\t\t\t\t<option value=\"Jaki typ biznesu reprezentujesz?\">Jaki typ biznesu reprezentujesz?<\/option>\n\t\t\t\t\t\t\t\t\t<option value=\" Salon\"> Salon<\/option>\n\t\t\t\t\t\t\t\t\t<option value=\" Centrum szkoleniowe\"> Centrum szkoleniowe<\/option>\n\t\t\t\t\t\t\t\t\t<option value=\" Sklep\"> Sklep<\/option>\n\t\t\t\t\t\t\t\t\t<option value=\" Stylistka\"> Stylistka<\/option>\n\t\t\t\t\t\t\t\t\t<option value=\"\"><\/option>\n\t\t\t\t\t\t\t<\/select>\n\t\t<\/div>\n\t\t\t\t\t\t<\/div>\n\t\t\t\t\t\t\t\t<div class=\"elementor-field-type-text elementor-field-group elementor-column elementor-field-group-name elementor-col-100 elementor-field-required\">\n\t\t\t\t\t\t\t\t\t\t\t\t<label for=\"form-field-name\" class=\"elementor-field-label elementor-screen-only\">\n\t\t\t\t\t\t\t\tTwoje Imi\u0119\t\t\t\t\t\t\t<\/label>\n\t\t\t\t\t\t\t\t\t\t\t\t\t\t<input size=\"1\" type=\"text\" name=\"form_fields[name]\" id=\"form-field-name\" class=\"elementor-field elementor-size-sm  elementor-field-textual\" placeholder=\"Twoje Imi\u0119\" required=\"required\">\n\t\t\t\t\t\t\t\t\t\t\t<\/div>\n\t\t\t\t\t\t\t\t<div class=\"elementor-field-type-tel elementor-field-group elementor-column elementor-field-group-message elementor-col-100 elementor-field-required\">\n\t\t\t\t\t\t\t\t\t\t\t\t<label for=\"form-field-message\" class=\"elementor-field-label elementor-screen-only\">\n\t\t\t\t\t\t\t\tNumer kontaktowy\t\t\t\t\t\t\t<\/label>\n\t\t\t\t\t\t\t\t<input size=\"1\" type=\"tel\" name=\"form_fields[message]\" id=\"form-field-message\" class=\"elementor-field elementor-size-sm  elementor-field-textual\" placeholder=\"Numer kontaktowy\" required=\"required\" pattern=\"[0-9()#&amp;+*-=.]+\" title=\"Only numbers and phone characters (#, -, *, etc) are accepted.\">\n\n\t\t\t\t\t\t<\/div>\n\t\t\t\t\t\t\t\t<div class=\"elementor-field-type-email elementor-field-group elementor-column elementor-field-group-email elementor-col-100 elementor-field-required\">\n\t\t\t\t\t\t\t\t\t\t\t\t<label for=\"form-field-email\" class=\"elementor-field-label elementor-screen-only\">\n\t\t\t\t\t\t\t\tEmail\t\t\t\t\t\t\t<\/label>\n\t\t\t\t\t\t\t\t\t\t\t\t\t\t<input size=\"1\" type=\"email\" name=\"form_fields[email]\" id=\"form-field-email\" class=\"elementor-field elementor-size-sm  elementor-field-textual\" placeholder=\"E-mail\" required=\"required\">\n\t\t\t\t\t\t\t\t\t\t\t<\/div>\n\t\t\t\t\t\t\t\t<div class=\"elementor-field-type-text\">\n\t\t\t\t\t<input size=\"1\" type=\"text\" name=\"form_fields[website]\" id=\"form-field-website\" class=\"elementor-field elementor-size-sm \" style=\"display:none !important;\">\t\t\t\t<\/div>\n\t\t\t\t\t\t\t\t<div class=\"elementor-field-type-text\">\n\t\t\t\t\t<input size=\"1\" type=\"text\" name=\"form_fields[corporate_mail]\" id=\"form-field-corporate_mail\" class=\"elementor-field elementor-size-sm \" style=\"display:none !important;\">\t\t\t\t<\/div>\n\t\t\t\t\t\t\t\t<div class=\"elementor-field-group elementor-column elementor-field-type-submit elementor-col-100 e-form__buttons\">\n\t\t\t\t\t<button class=\"elementor-button elementor-size-sm\" type=\"submit\">\n\t\t\t\t\t\t<span class=\"elementor-button-content-wrapper\">\n\t\t\t\t\t\t\t\t\t\t\t\t\t\t\t\t\t\t\t\t\t\t<span class=\"elementor-button-text\">Wy\u015blij<\/span>\n\t\t\t\t\t\t\t\t\t\t\t\t\t<\/span>\n\t\t\t\t\t<\/button>\n\t\t\t\t<\/div>\n\t\t\t<\/div>\n\t\t<\/form>\n\t\t\t\t\t\t<\/div>\n\t\t\t\t<\/div>\n\t\t\t\t\t<\/div>\n\t\t<\/div>\n\t\t\t\t\t<\/div>\n\t\t<\/section>\n\t\t\t\t<\/div>\n\t\t","protected":false},"excerpt":{"rendered":"<p>Wsp\u00f3\u0142praca &#8211; instruktorzy Wi\u0119cej informacji Szkolisz stylistek rz\u0119s i brwi? Zosta\u0144 Instruktorem LOVELY! Przejd\u017a szkolenie i zosta\u0144 oficjalnym instruktorem LOVELY &#8211; producenta materia\u0142\u00f3w do rz\u0119s i brwi! &#x1f525;Chcesz si\u0119 rozwija\u0107 jako instruktor rz\u0119s i brwi?&nbsp; We\u017a udzia\u0142 w kursach Lovely Academy! LOVELY to marka profesjonalnych materia\u0142\u00f3w do rz\u0119s i brwi, kt\u00f3r\u0105 wybieraj\u0105 tysi\u0105ce artyst\u00f3w na [&#8230;]\n","protected":false},"author":1,"featured_media":0,"parent":0,"menu_order":0,"comment_status":"closed","ping_status":"closed","template":"elementor_header_footer","meta":{"footnotes":""},"class_list":["post-14206","page","type-page","status-publish","hentry"],"yoast_head":"<!-- This site is optimized with the Yoast SEO plugin v25.4 - https:\/\/yoast.com\/wordpress\/plugins\/seo\/ -->\n<title>Instruktorzy - Lovely Vip<\/title>\n<meta name=\"robots\" content=\"index, follow, max-snippet:-1, max-image-preview:large, max-video-preview:-1\" \/>\n<link rel=\"canonical\" href=\"https:\/\/www.lovely-vip.com\/ua\/instruktorzy\/\" \/>\n<meta property=\"og:locale\" content=\"uk_UA\" \/>\n<meta property=\"og:type\" content=\"article\" \/>\n<meta property=\"og:title\" content=\"Instruktorzy - Lovely Vip\" \/>\n<meta property=\"og:description\" content=\"Wsp\u00f3\u0142praca &#8211; instruktorzy Wi\u0119cej informacji Szkolisz stylistek rz\u0119s i brwi? Zosta\u0144 Instruktorem LOVELY! Przejd\u017a szkolenie i zosta\u0144 oficjalnym instruktorem LOVELY &#8211; producenta materia\u0142\u00f3w do rz\u0119s i brwi! &#x1f525;Chcesz si\u0119 rozwija\u0107 jako instruktor rz\u0119s i brwi?&nbsp; We\u017a udzia\u0142 w kursach Lovely Academy! LOVELY to marka profesjonalnych materia\u0142\u00f3w do rz\u0119s i brwi, kt\u00f3r\u0105 wybieraj\u0105 tysi\u0105ce artyst\u00f3w na [...]\" \/>\n<meta property=\"og:url\" content=\"https:\/\/www.lovely-vip.com\/ua\/instruktorzy\/\" \/>\n<meta property=\"og:site_name\" content=\"Lovely Vip\" \/>\n<meta property=\"article:modified_time\" content=\"2023-08-01T09:46:48+00:00\" \/>\n<meta property=\"og:image\" content=\"https:\/\/www.lovely-vip.com\/wp-content\/uploads\/2021\/05\/555DC22C-5DC2-4B26-80BE-CB01EF73DF24-600x800.jpeg\" \/>\n<meta name=\"twitter:card\" content=\"summary_large_image\" \/>\n<meta name=\"twitter:label1\" content=\"\u041f\u0440\u0438\u0431\u043b. \u0447\u0430\u0441 \u0447\u0438\u0442\u0430\u043d\u043d\u044f\" \/>\n\t<meta name=\"twitter:data1\" content=\"2 \u0445\u0432\u0438\u043b\u0438\u043d\u0438\" \/>\n<script type=\"application\/ld+json\" class=\"yoast-schema-graph\">{\"@context\":\"https:\/\/schema.org\",\"@graph\":[{\"@type\":\"WebPage\",\"@id\":\"https:\/\/www.lovely-vip.com\/instruktorzy\/\",\"url\":\"https:\/\/www.lovely-vip.com\/instruktorzy\/\",\"name\":\"Instruktorzy - Lovely Vip\",\"isPartOf\":{\"@id\":\"https:\/\/www.lovely-vip.com\/#website\"},\"primaryImageOfPage\":{\"@id\":\"https:\/\/www.lovely-vip.com\/instruktorzy\/#primaryimage\"},\"image\":{\"@id\":\"https:\/\/www.lovely-vip.com\/instruktorzy\/#primaryimage\"},\"thumbnailUrl\":\"https:\/\/www.lovely-vip.com\/wp-content\/uploads\/2021\/05\/555DC22C-5DC2-4B26-80BE-CB01EF73DF24-600x800.jpeg\",\"datePublished\":\"2023-05-08T11:05:13+00:00\",\"dateModified\":\"2023-08-01T09:46:48+00:00\",\"breadcrumb\":{\"@id\":\"https:\/\/www.lovely-vip.com\/instruktorzy\/#breadcrumb\"},\"inLanguage\":\"uk\",\"potentialAction\":[{\"@type\":\"ReadAction\",\"target\":[\"https:\/\/www.lovely-vip.com\/instruktorzy\/\"]}]},{\"@type\":\"ImageObject\",\"inLanguage\":\"uk\",\"@id\":\"https:\/\/www.lovely-vip.com\/instruktorzy\/#primaryimage\",\"url\":\"https:\/\/www.lovely-vip.com\/wp-content\/uploads\/2021\/05\/555DC22C-5DC2-4B26-80BE-CB01EF73DF24-600x800.jpeg\",\"contentUrl\":\"https:\/\/www.lovely-vip.com\/wp-content\/uploads\/2021\/05\/555DC22C-5DC2-4B26-80BE-CB01EF73DF24-600x800.jpeg\"},{\"@type\":\"BreadcrumbList\",\"@id\":\"https:\/\/www.lovely-vip.com\/instruktorzy\/#breadcrumb\",\"itemListElement\":[{\"@type\":\"ListItem\",\"position\":1,\"name\":\"Strona g\u0142\u00f3wna\",\"item\":\"https:\/\/www.lovely-vip.com\/\"},{\"@type\":\"ListItem\",\"position\":2,\"name\":\"Instruktorzy\"}]},{\"@type\":\"WebSite\",\"@id\":\"https:\/\/www.lovely-vip.com\/#website\",\"url\":\"https:\/\/www.lovely-vip.com\/\",\"name\":\"Lovely Vip\",\"description\":\"Profesjonalne produkty do piel\u0119gnacji rz\u0119s i brwi\",\"potentialAction\":[{\"@type\":\"SearchAction\",\"target\":{\"@type\":\"EntryPoint\",\"urlTemplate\":\"https:\/\/www.lovely-vip.com\/?s={search_term_string}\"},\"query-input\":{\"@type\":\"PropertyValueSpecification\",\"valueRequired\":true,\"valueName\":\"search_term_string\"}}],\"inLanguage\":\"uk\"}]}<\/script>\n<!-- \/ Yoast SEO plugin. -->","yoast_head_json":{"title":"Instruktorzy - Lovely Vip","robots":{"index":"index","follow":"follow","max-snippet":"max-snippet:-1","max-image-preview":"max-image-preview:large","max-video-preview":"max-video-preview:-1"},"canonical":"https:\/\/www.lovely-vip.com\/ua\/instruktorzy\/","og_locale":"uk_UA","og_type":"article","og_title":"Instruktorzy - Lovely Vip","og_description":"Wsp\u00f3\u0142praca &#8211; instruktorzy Wi\u0119cej informacji Szkolisz stylistek rz\u0119s i brwi? Zosta\u0144 Instruktorem LOVELY! Przejd\u017a szkolenie i zosta\u0144 oficjalnym instruktorem LOVELY &#8211; producenta materia\u0142\u00f3w do rz\u0119s i brwi! &#x1f525;Chcesz si\u0119 rozwija\u0107 jako instruktor rz\u0119s i brwi?&nbsp; We\u017a udzia\u0142 w kursach Lovely Academy! LOVELY to marka profesjonalnych materia\u0142\u00f3w do rz\u0119s i brwi, kt\u00f3r\u0105 wybieraj\u0105 tysi\u0105ce artyst\u00f3w na [...]","og_url":"https:\/\/www.lovely-vip.com\/ua\/instruktorzy\/","og_site_name":"Lovely Vip","article_modified_time":"2023-08-01T09:46:48+00:00","og_image":[{"url":"https:\/\/www.lovely-vip.com\/wp-content\/uploads\/2021\/05\/555DC22C-5DC2-4B26-80BE-CB01EF73DF24-600x800.jpeg","type":"","width":"","height":""}],"twitter_card":"summary_large_image","twitter_misc":{"\u041f\u0440\u0438\u0431\u043b. \u0447\u0430\u0441 \u0447\u0438\u0442\u0430\u043d\u043d\u044f":"2 \u0445\u0432\u0438\u043b\u0438\u043d\u0438"},"schema":{"@context":"https:\/\/schema.org","@graph":[{"@type":"WebPage","@id":"https:\/\/www.lovely-vip.com\/instruktorzy\/","url":"https:\/\/www.lovely-vip.com\/instruktorzy\/","name":"Instruktorzy - Lovely Vip","isPartOf":{"@id":"https:\/\/www.lovely-vip.com\/#website"},"primaryImageOfPage":{"@id":"https:\/\/www.lovely-vip.com\/instruktorzy\/#primaryimage"},"image":{"@id":"https:\/\/www.lovely-vip.com\/instruktorzy\/#primaryimage"},"thumbnailUrl":"https:\/\/www.lovely-vip.com\/wp-content\/uploads\/2021\/05\/555DC22C-5DC2-4B26-80BE-CB01EF73DF24-600x800.jpeg","datePublished":"2023-05-08T11:05:13+00:00","dateModified":"2023-08-01T09:46:48+00:00","breadcrumb":{"@id":"https:\/\/www.lovely-vip.com\/instruktorzy\/#breadcrumb"},"inLanguage":"uk","potentialAction":[{"@type":"ReadAction","target":["https:\/\/www.lovely-vip.com\/instruktorzy\/"]}]},{"@type":"ImageObject","inLanguage":"uk","@id":"https:\/\/www.lovely-vip.com\/instruktorzy\/#primaryimage","url":"https:\/\/www.lovely-vip.com\/wp-content\/uploads\/2021\/05\/555DC22C-5DC2-4B26-80BE-CB01EF73DF24-600x800.jpeg","contentUrl":"https:\/\/www.lovely-vip.com\/wp-content\/uploads\/2021\/05\/555DC22C-5DC2-4B26-80BE-CB01EF73DF24-600x800.jpeg"},{"@type":"BreadcrumbList","@id":"https:\/\/www.lovely-vip.com\/instruktorzy\/#breadcrumb","itemListElement":[{"@type":"ListItem","position":1,"name":"Strona g\u0142\u00f3wna","item":"https:\/\/www.lovely-vip.com\/"},{"@type":"ListItem","position":2,"name":"Instruktorzy"}]},{"@type":"WebSite","@id":"https:\/\/www.lovely-vip.com\/#website","url":"https:\/\/www.lovely-vip.com\/","name":"Lovely Vip","description":"\u041f\u0440\u043e\u0444\u0435\u0441\u0456\u0439\u043d\u0456 \u0437\u0430\u0441\u043e\u0431\u0438 \u043f\u043e \u0434\u043e\u0433\u043b\u044f\u0434\u0443 \u0437\u0430 \u0432\u0456\u044f\u043c\u0438 \u0442\u0430 \u0431\u0440\u043e\u0432\u0430\u043c\u0438","potentialAction":[{"@type":"SearchAction","target":{"@type":"EntryPoint","urlTemplate":"https:\/\/www.lovely-vip.com\/?s={search_term_string}"},"query-input":{"@type":"PropertyValueSpecification","valueRequired":true,"valueName":"search_term_string"}}],"inLanguage":"uk"}]}},"_links":{"self":[{"href":"https:\/\/www.lovely-vip.com\/ua\/wp-json\/wp\/v2\/pages\/14206","targetHints":{"allow":["GET"]}}],"collection":[{"href":"https:\/\/www.lovely-vip.com\/ua\/wp-json\/wp\/v2\/pages"}],"about":[{"href":"https:\/\/www.lovely-vip.com\/ua\/wp-json\/wp\/v2\/types\/page"}],"author":[{"embeddable":true,"href":"https:\/\/www.lovely-vip.com\/ua\/wp-json\/wp\/v2\/users\/1"}],"replies":[{"embeddable":true,"href":"https:\/\/www.lovely-vip.com\/ua\/wp-json\/wp\/v2\/comments?post=14206"}],"version-history":[{"count":11,"href":"https:\/\/www.lovely-vip.com\/ua\/wp-json\/wp\/v2\/pages\/14206\/revisions"}],"predecessor-version":[{"id":15626,"href":"https:\/\/www.lovely-vip.com\/ua\/wp-json\/wp\/v2\/pages\/14206\/revisions\/15626"}],"wp:attachment":[{"href":"https:\/\/www.lovely-vip.com\/ua\/wp-json\/wp\/v2\/media?parent=14206"}],"curies":[{"name":"wp","href":"https:\/\/api.w.org\/{rel}","templated":true}]}}