{"id":11186,"date":"2022-08-29T15:25:55","date_gmt":"2022-08-29T13:25:55","guid":{"rendered":"https:\/\/www.lovely-vip.com\/?post_type=product&#038;p=11186"},"modified":"2026-04-25T14:30:17","modified_gmt":"2026-04-25T12:30:17","slug":"przyspieszacz-kleju-15-ml","status":"publish","type":"product","link":"https:\/\/www.lovely-vip.com\/ua\/product\/przyspieszacz-kleju-15-ml\/","title":{"rendered":"\u041a\u043b\u0435\u0439-\u0431\u0443\u0441\u0442\u0435\u0440, 15 \u043c\u043b"},"content":{"rendered":"","protected":false},"excerpt":{"rendered":"<p>\u041f\u0440\u0438\u0441\u043a\u043e\u0440\u044e\u0432\u0430\u0447 \u043f\u0440\u0438\u0437\u043d\u0430\u0447\u0435\u043d\u0438\u0439 \u0434\u043b\u044f \u0437\u0431\u0456\u043b\u044c\u0448\u0435\u043d\u043d\u044f \u0448\u0432\u0438\u0434\u043a\u043e\u0441\u0442\u0456 \u043f\u043e\u043b\u0456\u043c\u0435\u0440\u0438\u0437\u0430\u0446\u0456\u0457 \u043a\u043b\u0435\u044e \u0432 \u043d\u0435\u0441\u0442\u0430\u043d\u0434\u0430\u0440\u0442\u043d\u0438\u0445 \u0443\u043c\u043e\u0432\u0430\u0445.<br \/>\n\u041f\u0440\u043e\u0434\u0443\u043a\u0442, \u044f\u043a\u0438\u0439 \u043f\u043e\u0432\u0438\u043d\u0435\u043d \u0431\u0443\u0442\u0438 \u0432 \u0430\u0440\u0441\u0435\u043d\u0430\u043b\u0456 \u043a\u043e\u0436\u043d\u043e\u0433\u043e \u043b\u0435\u0448-\u0441\u0442\u0438\u043b\u0456\u0441\u0442\u0430. \u0426\u0435\u0439 \u043f\u0440\u043e\u0434\u0443\u043a\u0442 \u0437\u043c\u0443\u0441\u0438\u0442\u044c \u0448\u0432\u0438\u0434\u043a\u043e \u043f\u0440\u0430\u0446\u044e\u0432\u0430\u0442\u0438 \u0431\u0443\u0434\u044c-\u044f\u043a\u0438\u0439 \u043a\u043b\u0435\u0439 \u043d\u0435\u0437\u0430\u043b\u0435\u0436\u043d\u043e \u0432\u0456\u0434 \u0442\u0435\u043c\u043f\u0435\u0440\u0430\u0442\u0443\u0440\u0438 \u0456 \u0432\u043e\u043b\u043e\u0433\u043e\u0441\u0442\u0456 \u0432 \u043f\u0440\u0438\u043c\u0456\u0449\u0435\u043d\u043d\u0456.<br \/>\n\u0440\u041d \u0440\u0435\u0446\u0435\u043f\u0442\u0443\u0440\u0438 \u0441\u043b\u0430\u0431\u043e\u043b\u0443\u0436\u043d\u0438\u0439, \u043d\u0430 \u0440\u0456\u0432\u043d\u0456 7,5 \u043e\u0434\u0438\u043d\u0438\u0446\u044c, \u0441\u0430\u043c\u0435 \u0442\u0430\u043a\u0438\u0439 \u0440\u041d \u043d\u0435\u043e\u0431\u0445\u0456\u0434\u043d\u0438\u0439 \u0434\u043b\u044f \u0441\u0442\u0430\u0431\u0456\u043b\u044c\u043d\u043e\u0457 \u0440\u043e\u0431\u043e\u0442\u0438 \u0430\u0434\u0433\u0435\u0437\u0438\u0432\u0443.<br \/>\n\u041f\u0440\u0438\u0441\u043a\u043e\u0440\u044e\u0432\u0430\u0447 \u043c\u0456\u0441\u0442\u0438\u0442\u044c \u043f\u0440\u043e\u043f\u0456\u043b\u0435\u043d\u0433\u043b\u0456\u043a\u043e\u043b\u044c \u0456 \u0435\u043a\u0441\u0442\u0440\u0430\u043a\u0442 \u043c\u0430\u043d\u0433\u043e \u0434\u043b\u044f \u0437\u0432\u043e\u043b\u043e\u0436\u0435\u043d\u043d\u044f, \u0436\u0438\u0432\u043b\u0435\u043d\u043d\u044f \u0456 \u0437\u043c\u0456\u0446\u043d\u0435\u043d\u043d\u044f \u0432\u0456\u0439.<br \/>\n\u041b\u0435\u0433\u043a\u0438\u0439 \u0430\u0440\u043e\u043c\u0430\u0442 \u0442\u0440\u043e\u043f\u0456\u0447\u043d\u0438\u0445 \u0444\u0440\u0443\u043a\u0442\u0456\u0432 \u0434\u043e\u0434\u0430\u0454 \u0435\u043d\u0435\u0440\u0433\u0456\u0457 \u0442\u0430 \u043f\u0440\u0438\u0454\u043c\u043d\u0438\u0445 \u0432\u0440\u0430\u0436\u0435\u043d\u044c \u0432\u0456\u0434 \u043f\u0440\u043e\u0446\u0435\u0434\u0443\u0440\u0438.<br \/>\n\u041d\u0430\u043d\u0435\u0441\u0442\u0438 \u0442\u043e\u043d\u043a\u0438\u043c \u0448\u0430\u0440\u043e\u043c \u043d\u0430 \u043d\u0430\u0442\u0443\u0440\u0430\u043b\u044c\u043d\u0456 \u0432\u0456\u0457 \u0437\u0430 \u0434\u043e\u043f\u043e\u043c\u043e\u0433\u043e\u044e \u0449\u0456\u0442\u043e\u0447\u043a\u0438.<br \/>\n\u0406\u0434\u0435\u0430\u043b\u044c\u043d\u043e \u043f\u0456\u0434\u0445\u043e\u0434\u0438\u0442\u044c \u0434\u043b\u044f \u0432\u0441\u0456\u0445 \u043a\u043b\u0435\u0457\u0432 Lovely.<br \/>\n\u0417\u0430\u043f\u043e\u0431\u0456\u0436\u043d\u0456 \u0437\u0430\u0445\u043e\u0434\u0438: \u0423\u043d\u0438\u043a\u0430\u0442\u0438 \u043f\u043e\u0442\u0440\u0430\u043f\u043b\u044f\u043d\u043d\u044f \u0432 \u043e\u0447\u0456. \u0423 \u0440\u0430\u0437\u0456 \u043f\u043e\u0442\u0440\u0430\u043f\u043b\u044f\u043d\u043d\u044f \u043d\u0430 \u0448\u043a\u0456\u0440\u0443 \u0440\u0435\u0442\u0435\u043b\u044c\u043d\u043e \u043f\u0440\u043e\u043c\u0438\u0442\u0438 \u0432\u043e\u0434\u043e\u044e \u0442\u0430 \u0437\u0430 \u043d\u0435\u043e\u0431\u0445\u0456\u0434\u043d\u043e\u0441\u0442\u0456 \u0437\u0432\u0435\u0440\u043d\u0443\u0442\u0438\u0441\u044f \u0437\u0430 \u043c\u0435\u0434\u0438\u0447\u043d\u043e\u044e \u0434\u043e\u043f\u043e\u043c\u043e\u0433\u043e\u044e.<br \/>\n\u0423\u043c\u043e\u0432\u0438 \u0437\u0431\u0435\u0440\u0456\u0433\u0430\u043d\u043d\u044f: \u0437\u0431\u0435\u0440\u0456\u0433\u0430\u0442\u0438 \u0437\u0430\u043a\u0440\u0438\u0442\u0438\u043c \u0443 \u043f\u0440\u043e\u0445\u043e\u043b\u043e\u0434\u043d\u043e\u043c\u0443, \u043d\u0435\u0434\u043e\u0441\u0442\u0443\u043f\u043d\u043e\u043c\u0443 \u0434\u043b\u044f \u0434\u0456\u0442\u0435\u0439 \u043c\u0456\u0441\u0446\u0456.<\/p>\n<p>\u041a\u043e\u043b\u0456\u0440: \u043f\u0440\u043e\u0437\u043e\u0440\u0438\u0439<br \/>\n\u041a\u043e\u043d\u0441\u0438\u0441\u0442\u0435\u043d\u0446\u0456\u044f: \u0440\u0456\u0434\u043a\u0430<br \/>\n\u0410\u0440\u043e\u043c\u0430\u0442: \u0442\u0440\u043e\u043f\u0456\u0447\u043d\u0456 \u0444\u0440\u0443\u043a\u0442\u0438<br \/>\n\u0404\u043c\u043d\u0456\u0441\u0442\u044c: 15 \u043c\u043b<br \/>\n\u0422\u0435\u0440\u043c\u0456\u043d \u0434\u0456\u0457: 2 \u0440\u043e\u043a\u0438.<br \/>\n\u0422\u0435\u0440\u043c\u0456\u043d \u043f\u0440\u0438\u0434\u0430\u0442\u043d\u043e\u0441\u0442\u0456 \u043f\u0456\u0441\u043b\u044f \u0432\u0456\u0434\u043a\u0440\u0438\u0442\u0442\u044f: 6 \u043c\u0456\u0441\u044f\u0446\u0456\u0432.<br \/>\nPH: 7,5<\/p>","protected":false},"featured_media":15782,"comment_status":"open","ping_status":"closed","template":"","meta":[],"product_brand":[],"product_cat":[71,293,74],"product_tag":[],"class_list":{"0":"post-11186","1":"product","2":"type-product","3":"status-publish","4":"has-post-thumbnail","6":"product_cat-kleje","7":"product_cat-lovely","8":"product_cat-primery-przyspieszacze","10":"first","11":"outofstock","12":"shipping-taxable","13":"purchasable","14":"product-type-simple"},"yoast_head":"<!-- This site is optimized with the Yoast SEO plugin v25.4 - https:\/\/yoast.com\/wordpress\/plugins\/seo\/ -->\n<title>Glue Booster - przyspieszacz kleju, 15 ml - Lovely Vip<\/title>\n<meta name=\"robots\" content=\"index, follow, max-snippet:-1, max-image-preview:large, max-video-preview:-1\" \/>\n<link rel=\"canonical\" href=\"https:\/\/www.lovely-vip.com\/ua\/product\/przyspieszacz-kleju-15-ml\/\" \/>\n<meta property=\"og:locale\" content=\"uk_UA\" \/>\n<meta property=\"og:type\" content=\"article\" \/>\n<meta property=\"og:title\" content=\"Glue Booster - przyspieszacz kleju, 15 ml - Lovely Vip\" \/>\n<meta property=\"og:description\" content=\"Przyspieszacz przeznaczony jest do zwi\u0119kszenia szybko\u015bci polimeryzacji kleju w niestandardowych warunkach. Preparat, kt\u00f3ry powinien znale\u017a\u0107 si\u0119 w arsenale ka\u017cdej stylistki rz\u0119s. Ten produkt sprawi, \u017ce ka\u017cdy klej b\u0119dzie dzia\u0142a\u0142 szybko niezale\u017cnie od temperatury i wilgotno\u015bci w pomieszczeniu. pH preparatu jest lekko zasadowe, wynosi 7,5 jednostki, to w\u0142a\u015bnie to pH jest niezb\u0119dne do stabilnego dzia\u0142ania kleju. Przyspieszacz zawiera glikol propylenowy i ekstrakt z mango, kt\u00f3re nawil\u017caj\u0105, od\u017cywiaj\u0105 i wzmacniaj\u0105 rz\u0119sy. Lekki aromat owoc\u00f3w tropikalnych dodaje energii i przyjemnych dozna\u0144 z zabiegu. Nanie\u015b\u0107 cienk\u0105 warstw\u0105 na naturalne rz\u0119sy za pomoc\u0105 misrobrush. Idealny do wszystkich klej\u00f3w Lovely. \u015arodki ostro\u017cno\u015bci: Unika\u0107 kontaktu z oczami. W przypadku kontaktu sp\u0142uka\u0107 dok\u0142adnie wod\u0105 i w razie potrzeby skontaktowa\u0107 si\u0119 \u00a0z lekarzem. Warunki przechowywania: nale\u017cy przechowywa\u0107 zamkni\u0119tym w ch\u0142odnym miejscu niedost\u0119pnym dla dzieci.  Kolor: przezroczysty Konsystencja: p\u0142ynna Aromat: owoce tropikalne Pojemno\u015b\u0107: 15 ml Okres wa\u017cno\u015bci: 2 lata. Okres wa\u017cno\u015bci po otwarciu: 6 miesi\u0119cy. PH: 7,5\" \/>\n<meta property=\"og:url\" content=\"https:\/\/www.lovely-vip.com\/ua\/product\/przyspieszacz-kleju-15-ml\/\" \/>\n<meta property=\"og:site_name\" content=\"Lovely Vip\" \/>\n<meta property=\"article:modified_time\" content=\"2026-04-25T12:30:17+00:00\" \/>\n<meta property=\"og:image\" content=\"https:\/\/www.lovely-vip.com\/wp-content\/uploads\/2022\/08\/7fbc8126303ae3064217c2c8b681257d.webp\" \/>\n\t<meta property=\"og:image:width\" content=\"1080\" \/>\n\t<meta property=\"og:image:height\" content=\"1080\" \/>\n\t<meta property=\"og:image:type\" content=\"image\/webp\" \/>\n<meta name=\"twitter:card\" content=\"summary_large_image\" \/>\n<meta name=\"twitter:label1\" content=\"\u041f\u0440\u0438\u0431\u043b. \u0447\u0430\u0441 \u0447\u0438\u0442\u0430\u043d\u043d\u044f\" \/>\n\t<meta name=\"twitter:data1\" content=\"1 \u0445\u0432\u0438\u043b\u0438\u043d\u0430\" \/>\n<script type=\"application\/ld+json\" class=\"yoast-schema-graph\">{\"@context\":\"https:\/\/schema.org\",\"@graph\":[{\"@type\":\"WebPage\",\"@id\":\"https:\/\/www.lovely-vip.com\/product\/przyspieszacz-kleju-15-ml\/\",\"url\":\"https:\/\/www.lovely-vip.com\/product\/przyspieszacz-kleju-15-ml\/\",\"name\":\"Glue Booster - przyspieszacz kleju, 15 ml - Lovely Vip\",\"isPartOf\":{\"@id\":\"https:\/\/www.lovely-vip.com\/#website\"},\"primaryImageOfPage\":{\"@id\":\"https:\/\/www.lovely-vip.com\/product\/przyspieszacz-kleju-15-ml\/#primaryimage\"},\"image\":{\"@id\":\"https:\/\/www.lovely-vip.com\/product\/przyspieszacz-kleju-15-ml\/#primaryimage\"},\"thumbnailUrl\":\"https:\/\/www.lovely-vip.com\/wp-content\/uploads\/2022\/08\/7fbc8126303ae3064217c2c8b681257d.webp\",\"datePublished\":\"2022-08-29T13:25:55+00:00\",\"dateModified\":\"2026-04-25T12:30:17+00:00\",\"breadcrumb\":{\"@id\":\"https:\/\/www.lovely-vip.com\/product\/przyspieszacz-kleju-15-ml\/#breadcrumb\"},\"inLanguage\":\"uk\",\"potentialAction\":[{\"@type\":\"ReadAction\",\"target\":[\"https:\/\/www.lovely-vip.com\/product\/przyspieszacz-kleju-15-ml\/\"]}]},{\"@type\":\"ImageObject\",\"inLanguage\":\"uk\",\"@id\":\"https:\/\/www.lovely-vip.com\/product\/przyspieszacz-kleju-15-ml\/#primaryimage\",\"url\":\"https:\/\/www.lovely-vip.com\/wp-content\/uploads\/2022\/08\/7fbc8126303ae3064217c2c8b681257d.webp\",\"contentUrl\":\"https:\/\/www.lovely-vip.com\/wp-content\/uploads\/2022\/08\/7fbc8126303ae3064217c2c8b681257d.webp\",\"width\":1080,\"height\":1080},{\"@type\":\"BreadcrumbList\",\"@id\":\"https:\/\/www.lovely-vip.com\/product\/przyspieszacz-kleju-15-ml\/#breadcrumb\",\"itemListElement\":[{\"@type\":\"ListItem\",\"position\":1,\"name\":\"Strona g\u0142\u00f3wna\",\"item\":\"https:\/\/www.lovely-vip.com\/\"},{\"@type\":\"ListItem\",\"position\":2,\"name\":\"Sklep dla stylistek rz\u0119s i brwi\",\"item\":\"https:\/\/www.lovely-vip.com\/shop\/\"},{\"@type\":\"ListItem\",\"position\":3,\"name\":\"Glue Booster &#8211; przyspieszacz kleju, 15 ml\"}]},{\"@type\":\"WebSite\",\"@id\":\"https:\/\/www.lovely-vip.com\/#website\",\"url\":\"https:\/\/www.lovely-vip.com\/\",\"name\":\"Lovely Vip\",\"description\":\"Profesjonalne produkty do piel\u0119gnacji rz\u0119s i brwi\",\"potentialAction\":[{\"@type\":\"SearchAction\",\"target\":{\"@type\":\"EntryPoint\",\"urlTemplate\":\"https:\/\/www.lovely-vip.com\/?s={search_term_string}\"},\"query-input\":{\"@type\":\"PropertyValueSpecification\",\"valueRequired\":true,\"valueName\":\"search_term_string\"}}],\"inLanguage\":\"uk\"}]}<\/script>\n<!-- \/ Yoast SEO plugin. -->","yoast_head_json":{"title":"Glue Booster - przyspieszacz kleju, 15 ml - Lovely Vip","robots":{"index":"index","follow":"follow","max-snippet":"max-snippet:-1","max-image-preview":"max-image-preview:large","max-video-preview":"max-video-preview:-1"},"canonical":"https:\/\/www.lovely-vip.com\/ua\/product\/przyspieszacz-kleju-15-ml\/","og_locale":"uk_UA","og_type":"article","og_title":"Glue Booster - przyspieszacz kleju, 15 ml - Lovely Vip","og_description":"Przyspieszacz przeznaczony jest do zwi\u0119kszenia szybko\u015bci polimeryzacji kleju w niestandardowych warunkach. Preparat, kt\u00f3ry powinien znale\u017a\u0107 si\u0119 w arsenale ka\u017cdej stylistki rz\u0119s. Ten produkt sprawi, \u017ce ka\u017cdy klej b\u0119dzie dzia\u0142a\u0142 szybko niezale\u017cnie od temperatury i wilgotno\u015bci w pomieszczeniu. pH preparatu jest lekko zasadowe, wynosi 7,5 jednostki, to w\u0142a\u015bnie to pH jest niezb\u0119dne do stabilnego dzia\u0142ania kleju. Przyspieszacz zawiera glikol propylenowy i ekstrakt z mango, kt\u00f3re nawil\u017caj\u0105, od\u017cywiaj\u0105 i wzmacniaj\u0105 rz\u0119sy. Lekki aromat owoc\u00f3w tropikalnych dodaje energii i przyjemnych dozna\u0144 z zabiegu. Nanie\u015b\u0107 cienk\u0105 warstw\u0105 na naturalne rz\u0119sy za pomoc\u0105 misrobrush. Idealny do wszystkich klej\u00f3w Lovely. \u015arodki ostro\u017cno\u015bci: Unika\u0107 kontaktu z oczami. W przypadku kontaktu sp\u0142uka\u0107 dok\u0142adnie wod\u0105 i w razie potrzeby skontaktowa\u0107 si\u0119 \u00a0z lekarzem. Warunki przechowywania: nale\u017cy przechowywa\u0107 zamkni\u0119tym w ch\u0142odnym miejscu niedost\u0119pnym dla dzieci.  Kolor: przezroczysty Konsystencja: p\u0142ynna Aromat: owoce tropikalne Pojemno\u015b\u0107: 15 ml Okres wa\u017cno\u015bci: 2 lata. Okres wa\u017cno\u015bci po otwarciu: 6 miesi\u0119cy. PH: 7,5","og_url":"https:\/\/www.lovely-vip.com\/ua\/product\/przyspieszacz-kleju-15-ml\/","og_site_name":"Lovely Vip","article_modified_time":"2026-04-25T12:30:17+00:00","og_image":[{"width":1080,"height":1080,"url":"https:\/\/www.lovely-vip.com\/wp-content\/uploads\/2022\/08\/7fbc8126303ae3064217c2c8b681257d.webp","type":"image\/webp"}],"twitter_card":"summary_large_image","twitter_misc":{"\u041f\u0440\u0438\u0431\u043b. \u0447\u0430\u0441 \u0447\u0438\u0442\u0430\u043d\u043d\u044f":"1 \u0445\u0432\u0438\u043b\u0438\u043d\u0430"},"schema":{"@context":"https:\/\/schema.org","@graph":[{"@type":"WebPage","@id":"https:\/\/www.lovely-vip.com\/product\/przyspieszacz-kleju-15-ml\/","url":"https:\/\/www.lovely-vip.com\/product\/przyspieszacz-kleju-15-ml\/","name":"Glue Booster - przyspieszacz kleju, 15 ml - Lovely Vip","isPartOf":{"@id":"https:\/\/www.lovely-vip.com\/#website"},"primaryImageOfPage":{"@id":"https:\/\/www.lovely-vip.com\/product\/przyspieszacz-kleju-15-ml\/#primaryimage"},"image":{"@id":"https:\/\/www.lovely-vip.com\/product\/przyspieszacz-kleju-15-ml\/#primaryimage"},"thumbnailUrl":"https:\/\/www.lovely-vip.com\/wp-content\/uploads\/2022\/08\/7fbc8126303ae3064217c2c8b681257d.webp","datePublished":"2022-08-29T13:25:55+00:00","dateModified":"2026-04-25T12:30:17+00:00","breadcrumb":{"@id":"https:\/\/www.lovely-vip.com\/product\/przyspieszacz-kleju-15-ml\/#breadcrumb"},"inLanguage":"uk","potentialAction":[{"@type":"ReadAction","target":["https:\/\/www.lovely-vip.com\/product\/przyspieszacz-kleju-15-ml\/"]}]},{"@type":"ImageObject","inLanguage":"uk","@id":"https:\/\/www.lovely-vip.com\/product\/przyspieszacz-kleju-15-ml\/#primaryimage","url":"https:\/\/www.lovely-vip.com\/wp-content\/uploads\/2022\/08\/7fbc8126303ae3064217c2c8b681257d.webp","contentUrl":"https:\/\/www.lovely-vip.com\/wp-content\/uploads\/2022\/08\/7fbc8126303ae3064217c2c8b681257d.webp","width":1080,"height":1080},{"@type":"BreadcrumbList","@id":"https:\/\/www.lovely-vip.com\/product\/przyspieszacz-kleju-15-ml\/#breadcrumb","itemListElement":[{"@type":"ListItem","position":1,"name":"Strona g\u0142\u00f3wna","item":"https:\/\/www.lovely-vip.com\/"},{"@type":"ListItem","position":2,"name":"Sklep dla stylistek rz\u0119s i brwi","item":"https:\/\/www.lovely-vip.com\/shop\/"},{"@type":"ListItem","position":3,"name":"Glue Booster &#8211; przyspieszacz kleju, 15 ml"}]},{"@type":"WebSite","@id":"https:\/\/www.lovely-vip.com\/#website","url":"https:\/\/www.lovely-vip.com\/","name":"Lovely Vip","description":"\u041f\u0440\u043e\u0444\u0435\u0441\u0456\u0439\u043d\u0456 \u0437\u0430\u0441\u043e\u0431\u0438 \u043f\u043e \u0434\u043e\u0433\u043b\u044f\u0434\u0443 \u0437\u0430 \u0432\u0456\u044f\u043c\u0438 \u0442\u0430 \u0431\u0440\u043e\u0432\u0430\u043c\u0438","potentialAction":[{"@type":"SearchAction","target":{"@type":"EntryPoint","urlTemplate":"https:\/\/www.lovely-vip.com\/?s={search_term_string}"},"query-input":{"@type":"PropertyValueSpecification","valueRequired":true,"valueName":"search_term_string"}}],"inLanguage":"uk"}]}},"_links":{"self":[{"href":"https:\/\/www.lovely-vip.com\/ua\/wp-json\/wp\/v2\/product\/11186","targetHints":{"allow":["GET"]}}],"collection":[{"href":"https:\/\/www.lovely-vip.com\/ua\/wp-json\/wp\/v2\/product"}],"about":[{"href":"https:\/\/www.lovely-vip.com\/ua\/wp-json\/wp\/v2\/types\/product"}],"replies":[{"embeddable":true,"href":"https:\/\/www.lovely-vip.com\/ua\/wp-json\/wp\/v2\/comments?post=11186"}],"wp:featuredmedia":[{"embeddable":true,"href":"https:\/\/www.lovely-vip.com\/ua\/wp-json\/wp\/v2\/media\/15782"}],"wp:attachment":[{"href":"https:\/\/www.lovely-vip.com\/ua\/wp-json\/wp\/v2\/media?parent=11186"}],"wp:term":[{"taxonomy":"product_brand","embeddable":true,"href":"https:\/\/www.lovely-vip.com\/ua\/wp-json\/wp\/v2\/product_brand?post=11186"},{"taxonomy":"product_cat","embeddable":true,"href":"https:\/\/www.lovely-vip.com\/ua\/wp-json\/wp\/v2\/product_cat?post=11186"},{"taxonomy":"product_tag","embeddable":true,"href":"https:\/\/www.lovely-vip.com\/ua\/wp-json\/wp\/v2\/product_tag?post=11186"}],"curies":[{"name":"wp","href":"https:\/\/api.w.org\/{rel}","templated":true}]}}