{"id":15010,"date":"2023-06-27T17:40:58","date_gmt":"2023-06-27T15:40:58","guid":{"rendered":"https:\/\/www.lovely-vip.com\/?post_type=product&#038;p=15010"},"modified":"2025-05-29T23:26:59","modified_gmt":"2025-05-29T21:26:59","slug":"booster-koloryzacji-brwi-07-orange-sbts","status":"publish","type":"product","link":"https:\/\/www.lovely-vip.com\/ua\/product\/booster-koloryzacji-brwi-07-orange-sbts\/","title":{"rendered":"\u041f\u0456\u0434\u0441\u0438\u043b\u044e\u0432\u0430\u0447 \u043a\u043e\u043b\u044c\u043e\u0440\u0443 \u0431\u0440\u0456\u0432 2.0 07 ORANGE"},"content":{"rendered":"<p><strong>\u041f\u0456\u0434\u0433\u043e\u0442\u043e\u0432\u043a\u0430 \u0431\u0440\u0456\u0432<\/strong><\/p>\n<p>\u0412\u0438\u043a\u043e\u0440\u0438\u0441\u0442\u043e\u0432\u0443\u0439\u0442\u0435 \"\u00c9LAN DETOX-MOUSSE\" \u0437 \u043f\u0440\u043e\u0444\u0435\u0441\u0456\u0439\u043d\u043e\u0457 \u043b\u0456\u043d\u0456\u0457 \u0422\u041c \u00c9LAN \u0434\u043b\u044f \u0434\u0435\u0442\u043e\u043a\u0441\u0438\u043a\u0430\u0446\u0456\u0457 \u0448\u043a\u0456\u0440\u0438 \u0442\u0430 \u0432\u043e\u043b\u043e\u0441\u043a\u0456\u0432 \u043f\u0435\u0440\u0435\u0434 \u043f\u0440\u043e\u0446\u0435\u0434\u0443\u0440\u0430\u043c\u0438 \u043a\u043e\u0440\u0435\u043a\u0446\u0456\u0457 \u0430\u0431\u043e \u0444\u0430\u0440\u0431\u0443\u0432\u0430\u043d\u043d\u044f \u0431\u0440\u0456\u0432. \u0414\u0435\u0442\u043e\u043a\u0441\u0438\u043a\u0443\u044e\u0447\u0430 \u043f\u0456\u043d\u043a\u0430 \u043c\u0430\u0454 \u0430\u043d\u0442\u0438\u0431\u0430\u043a\u0442\u0435\u0440\u0456\u0430\u043b\u044c\u043d\u0456 \u0442\u0430 \u0444\u0443\u043d\u0433\u0456\u0446\u0438\u0434\u043d\u0456 \u0432\u043b\u0430\u0441\u0442\u0438\u0432\u043e\u0441\u0442\u0456.<\/p>\n<p><strong>\u0412\u0438\u0437\u043d\u0430\u0447\u0435\u043d\u043d\u044f \u0431\u0440\u0456\u0432<\/strong><\/p>\n<p>\u0412\u0438\u0437\u043d\u0430\u0447\u0442\u0435 \u0444\u043e\u0440\u043c\u0443 \u0431\u0440\u0456\u0432 \u0437\u0430 \u0434\u043e\u043f\u043e\u043c\u043e\u0433\u043e\u044e \"\u041f\u0443\u0434\u0440\u043e\u0432\u043e\u0457 \u043f\u0456\u0434\u0432\u043e\u0434\u043a\u0438 \u0434\u043b\u044f \u0431\u0440\u0456\u0432 Pro\" \u0437 \u043f\u0440\u043e\u0444\u0435\u0441\u0456\u0439\u043d\u043e\u0457 \u043b\u0456\u043d\u0456\u0457 TM \u00c9LAN \u0430\u0431\u043e \"\u041f\u0443\u0434\u0440\u043e\u0432\u043e\u0457 \u043c\u0456\u043a\u0440\u043e\u043c\u0435\u0442\u0440\u0438\u0447\u043d\u043e\u0457 \u043f\u0456\u0434\u0432\u043e\u0434\u043a\u0438 \u0434\u043b\u044f \u0431\u0440\u0456\u0432 Pro\" \u0437 \u043f\u0440\u043e\u0444\u0435\u0441\u0456\u0439\u043d\u043e\u0457 \u043b\u0456\u043d\u0456\u0457 TM \u00c9LAN.<\/p>\n<p><strong>\u041f\u0440\u0438\u0433\u043e\u0442\u0443\u0432\u0430\u043d\u043d\u044f \u0444\u0430\u0440\u0431\u0443\u0432\u0430\u043b\u044c\u043d\u043e\u0457 \u0441\u0443\u043c\u0456\u0448\u0456<\/strong><\/p>\n<p>\u0417\u043c\u0456\u0448\u0430\u0439\u0442\u0435 \u0433\u043b\u0438\u0431\u043e\u043a\u0438\u0439 \u0432\u0456\u0434\u0442\u0456\u043d\u043e\u043a \u0434\u043b\u044f \u0431\u0440\u0456\u0432 \u043f\u0440\u043e\u0444\u0435\u0441\u0456\u0439\u043d\u043e\u0457 \u043b\u0456\u043d\u0456\u0457 \u0422\u041c \u00c9LAN \u0437 \u043e\u043a\u0438\u0441\u043b\u044e\u0432\u0430\u043b\u044c\u043d\u043e\u044e \u0435\u043c\u0443\u043b\u044c\u0441\u0456\u0454\u044e \u0443 \u0441\u043f\u0456\u0432\u0432\u0456\u0434\u043d\u043e\u0448\u0435\u043d\u043d\u0456 1:1 \u0443 \u043d\u0435\u043c\u0435\u0442\u0430\u043b\u0435\u0432\u0456\u0439 \u043c\u0438\u0441\u0446\u0456 \u0437\u0430 \u0434\u043e\u043f\u043e\u043c\u043e\u0433\u043e\u044e \u043c\u0456\u0440\u043d\u043e\u0433\u043e \u0441\u0442\u0430\u043a\u0430\u043d\u0447\u0438\u043a\u0430, \u0449\u043e \u0432\u0445\u043e\u0434\u0438\u0442\u044c \u0434\u043e \u0441\u043a\u043b\u0430\u0434\u0443 \u0443\u043f\u0430\u043a\u043e\u0432\u043a\u0438 \u0444\u0430\u0440\u0431\u0438.<\/p>\n<p>\u0429\u043e\u0431 \u0434\u043e\u0434\u0430\u0442\u0438 \u0433\u043b\u0438\u0431\u0438\u043d\u0438 \u0442\u0430 \u0456\u043d\u0442\u0435\u043d\u0441\u0438\u0432\u043d\u043e\u0441\u0442\u0456 \u043e\u0441\u043d\u043e\u0432\u043d\u0456\u0439 \u043f\u0430\u043b\u0456\u0442\u0440\u0456 \u043a\u043e\u043b\u044c\u043e\u0440\u0456\u0432 \u0444\u0430\u0440\u0431\u0438 \u0434\u043b\u044f \u0431\u0440\u0456\u0432 \u0430\u0431\u043e \u0441\u0442\u0432\u043e\u0440\u0438\u0442\u0438 \u043d\u043e\u0432\u0438\u0439 \u0432\u0456\u0434\u0442\u0456\u043d\u043e\u043a, \u0432\u0438\u043a\u043e\u0440\u0438\u0441\u0442\u043e\u0432\u0443\u0439\u0442\u0435 \"\u041f\u0456\u0434\u0441\u0438\u043b\u044e\u0432\u0430\u0447\u0456 \u043a\u043e\u043b\u044c\u043e\u0440\u0443 \u0444\u0430\u0440\u0431\u0438 \u0434\u043b\u044f \u0431\u0440\u0456\u0432\" \"06 INDIGO\" \u0430\u0431\u043e \"07 ORANGE\" \u0437 \u043f\u0440\u043e\u0444\u0435\u0441\u0456\u0439\u043d\u043e\u0457 \u043b\u0456\u043d\u0456\u0439\u043a\u0438 TM \u00c9LAN \u0432\u0456\u0434\u043f\u043e\u0432\u0456\u0434\u043d\u043e \u0434\u043e \u0442\u0430\u0431\u043b\u0438\u0446\u0456 \u0437\u043c\u0456\u0448\u0443\u0432\u0430\u043d\u043d\u044f:<\/p>\n<p><strong>\u0431\u0430\u0440\u0432\u043d\u0438\u043a \u0434\u043b\u044f \u0431\u0440\u0456\u0432 (49%) + \u043e\u043a\u0438\u0441\u043b\u044e\u0432\u0430\u043b\u044c\u043d\u0430 \u0435\u043c\u0443\u043b\u044c\u0441\u0456\u044f (49%) + \u0431\u0443\u0441\u0442\u0435\u0440 (2%) = \u0441\u0443\u043c\u0456\u0448 \u043a\u043e\u043b\u044c\u043e\u0440\u0456\u0432 (100%)<\/strong><\/p>\n<p><strong>\u0421\u0442\u0440\u0443\u043d\u043a\u043e!<\/strong>\u00a0\u0427\u0438\u043c \u0431\u0456\u043b\u044c\u0448\u0435 \u043f\u0456\u0434\u0441\u0438\u043b\u044e\u0432\u0430\u0447\u0430 \u043a\u043e\u043b\u044c\u043e\u0440\u0443 \u0432\u0438\u043a\u043e\u0440\u0438\u0441\u0442\u043e\u0432\u0443\u0454\u0442\u044c\u0441\u044f, \u0442\u0438\u043c \u0431\u043b\u0438\u0436\u0447\u0438\u043c \u0431\u0443\u0434\u0435 \u043a\u0456\u043d\u0446\u0435\u0432\u0438\u0439 \u0432\u0456\u0434\u0442\u0456\u043d\u043e\u043a \u0434\u043e \u043e\u0441\u043d\u043e\u0432\u043d\u043e\u0433\u043e \u043f\u0456\u0434\u0441\u0438\u043b\u044e\u0432\u0430\u0447\u0430 \u043a\u043e\u043b\u044c\u043e\u0440\u0443 (\u0441\u0438\u043d\u044c\u043e\u0433\u043e \u0430\u0431\u043e \u043e\u0440\u0430\u043d\u0436\u0435\u0432\u043e\u0433\u043e).<\/p>\n<p><strong>\u0422\u043e\u043d\u0443\u0432\u0430\u043d\u043d\u044f \u0431\u0440\u0456\u0432<\/strong><\/p>\n<p>\u041d\u0430\u043d\u0435\u0441\u0456\u0442\u044c \u0442\u043e\u043d\u0443\u044e\u0447\u0443 \u0441\u0443\u043c\u0456\u0448 \u043d\u0430 \u0431\u0440\u043e\u0432\u0438 \u0432\u0456\u0434\u043f\u043e\u0432\u0456\u0434\u043d\u043e \u0434\u043e \u0437\u0430\u0437\u0434\u0430\u043b\u0435\u0433\u0456\u0434\u044c \u0432\u0438\u0437\u043d\u0430\u0447\u0435\u043d\u043e\u0457 \u0444\u043e\u0440\u043c\u0438. \u0417\u0430\u043b\u0438\u0448\u0442\u0435 \u043d\u0430 5-10 \u0445\u0432\u0438\u043b\u0438\u043d, \u0437\u0430\u043b\u0435\u0436\u043d\u043e \u0432\u0456\u0434 \u0431\u0430\u0436\u0430\u043d\u043e\u0457 \u0456\u043d\u0442\u0435\u043d\u0441\u0438\u0432\u043d\u043e\u0441\u0442\u0456 \u043a\u043e\u043b\u044c\u043e\u0440\u0443 \u0431\u0440\u0456\u0432. \u041f\u043e\u0442\u0456\u043c \u043f\u043e\u0432\u043d\u0456\u0441\u0442\u044e \u0432\u0438\u0434\u0430\u043b\u0456\u0442\u044c \u0444\u0430\u0440\u0431\u0443 \u0432\u0430\u0442\u043d\u043e\u044e \u043f\u0430\u043b\u0438\u0447\u043a\u043e\u044e, \u0437\u043c\u043e\u0447\u0435\u043d\u043e\u044e \u0443 \u0432\u043e\u0434\u0456. \u042f\u043a\u0449\u043e \u0444\u0430\u0440\u0431\u0443\u0432\u0430\u043b\u044c\u043d\u0430 \u0441\u0443\u043c\u0456\u0448 \u0432\u0456\u0434\u0445\u0438\u043b\u044f\u0454\u0442\u044c\u0441\u044f \u0432\u0456\u0434 \u0431\u0430\u0436\u0430\u043d\u043e\u0457 \u0444\u043e\u0440\u043c\u0438 \u0431\u0440\u0456\u0432, \u0437\u043c\u043e\u0447\u0456\u0442\u044c \u0442\u0430\u043c\u043f\u043e\u043d \u0437\u0430\u0441\u043e\u0431\u043e\u043c \u0434\u043b\u044f \u0437\u043d\u044f\u0442\u0442\u044f \u043a\u043e\u043b\u044c\u043e\u0440\u0443 \u0448\u043a\u0456\u0440\u0438 \"Skin Colour Remover\" \u0437 \u043f\u0440\u043e\u0444\u0435\u0441\u0456\u0439\u043d\u043e\u0457 \u043b\u0456\u043d\u0456\u0457 TM \u00c9LAN \u0456 \u0432\u0438\u0434\u0430\u043b\u0456\u0442\u044c \u043d\u0430\u0434\u043b\u0438\u0448\u043a\u0438 \u0444\u0430\u0440\u0431\u0438.<\/p>\n<p><strong>\u0417\u0430\u0432\u0435\u0440\u0448\u0435\u043d\u043d\u044f \u043f\u0440\u043e\u0446\u0435\u0434\u0443\u0440\u0438 \u0444\u0430\u0440\u0431\u0443\u0432\u0430\u043d\u043d\u044f \u0431\u0440\u0456\u0432<\/strong><\/p>\n<p>\u0414\u043b\u044f \u043a\u0440\u0430\u0449\u043e\u0433\u043e \u0440\u0435\u0437\u0443\u043b\u044c\u0442\u0430\u0442\u0443 \u0432\u0438\u043a\u043e\u0440\u0438\u0441\u0442\u043e\u0432\u0443\u0439\u0442\u0435 \"COLOUR FIX: \u0440\u0456\u0434\u0438\u043d\u0430 \u0434\u043b\u044f \u0444\u0456\u043a\u0441\u0430\u0446\u0456\u0457 \u043a\u043e\u043b\u044c\u043e\u0440\u0443 \u0431\u0440\u0456\u0432 \u0442\u0430 \u0432\u0456\u0439 \u0437 \u043a\u0435\u0440\u0430\u0442\u0438\u043d\u043e\u043c \u0442\u0430 \u0441\u043e\u043d\u044f\u0448\u043d\u0438\u043a\u043e\u0432\u043e\u044e \u043e\u043b\u0456\u0454\u044e\" \u0437 \u043f\u0440\u043e\u0444\u0435\u0441\u0456\u0439\u043d\u043e\u0457 \u043b\u0456\u043d\u0456\u0457 \u0422\u041c \u00c9LAN. \u0412\u043e\u043d\u0430 \u0437\u0430\u0431\u0435\u0437\u043f\u0435\u0447\u0443\u0454 \u0431\u0456\u043b\u044c\u0448 \u0441\u0442\u0456\u0439\u043a\u0438\u0439 \u0435\u0444\u0435\u043a\u0442 \u043a\u043e\u043b\u044c\u043e\u0440\u0443, \u0441\u0442\u0430\u0431\u0456\u043b\u0456\u0437\u0443\u044e\u0447\u0438 \u043c\u043e\u043b\u0435\u043a\u0443\u043b\u0443 \u0431\u0430\u0440\u0432\u043d\u0438\u043a\u0430 \u043d\u0430 \u0432\u043e\u043b\u043e\u0441\u043a\u0430\u0445.<\/p>\n<p><strong>\u0425\u0406\u041c\u0406\u0427\u041d\u0418\u0419 \u0421\u041a\u041b\u0410\u0414:<\/strong><\/p>\n<p>AQUA, CETEARYL ALCOHOL, GLYCERYL STEARATE SE, ETHOXYDIGLYCOL, ETHANOLAMINE, CETEARETH-20, GLYCERIN, COCAMIDOPROPYLAMINE OXIDE, GLYCERYL STEARATE, PEG-100 STEARATE, \u0421\u0415\u0427\u041e\u0412\u0418\u041d\u0410, \u041d\u0410\u0422\u0420\u0406\u042e \u0421\u0423\u041b\u042c\u0424\u0406\u0422, \u041d\u0410\u0422\u0420\u0406\u042e \u0415\u0420\u0418\u0422\u041e\u0420\u0411\u0410\u0422, DISODIUM EDTA, PARFUM, 1-\u0413\u0406\u0414\u0420\u041e\u041a\u0421\u0418\u0415\u0422\u0418\u041b 4,5-\u0414\u0406\u0410\u041c\u0406\u041d\u041e\u041f\u0406\u0420\u0410\u0417\u041e\u041b\u0421\u0423\u041b\u042c\u0424\u0410\u0422, 4-\u0410\u041c\u0406\u041d\u041e-2-\u0413\u0406\u0414\u0420\u041e\u041a\u0421\u0418\u0422\u041e\u041b\u0423\u041e\u041b<\/p>","protected":false},"excerpt":{"rendered":"<p>\u041f\u0456\u0434\u0441\u0438\u043b\u044e\u0432\u0430\u0447 \u043a\u043e\u043b\u044c\u043e\u0440\u0443 - \u0446\u0435 \u0456\u043d\u043d\u043e\u0432\u0430\u0446\u0456\u0439\u043d\u0438\u0439 \u0437\u0430\u0441\u0456\u0431 \u0434\u043b\u044f \u043f\u0456\u0434\u0441\u0438\u043b\u0435\u043d\u043d\u044f \u043a\u043e\u043b\u044c\u043e\u0440\u0443 \u0444\u0430\u0440\u0431\u0438 \u0434\u043b\u044f \u0431\u0440\u0456\u0432, \u0440\u043e\u0437\u0440\u043e\u0431\u043b\u0435\u043d\u0438\u0439 \u0441\u043f\u0435\u0446\u0456\u0430\u043b\u044c\u043d\u043e \u0434\u043b\u044f \u0446\u044c\u043e\u0433\u043e:<\/p>\n<p>- \u043d\u0430\u0434\u0430\u044e\u0442\u044c \u043a\u043e\u043b\u044c\u043e\u0440\u0430\u043c \u0437 \u043e\u0441\u043d\u043e\u0432\u043d\u043e\u0457 \u043f\u0430\u043b\u0456\u0442\u0440\u0438 \u0432\u0456\u0434\u0442\u0456\u043d\u043a\u0456\u0432 \u0434\u043e\u0434\u0430\u0442\u043a\u043e\u0432\u043e\u0457 \u0433\u043b\u0438\u0431\u0438\u043d\u0438 \u0442\u0430 \u043d\u0430\u0441\u0438\u0447\u0435\u043d\u043e\u0441\u0442\u0456<\/p>\n<p>- \u0440\u043e\u0437\u0448\u0438\u0440\u0438\u0442\u0438 \u0433\u0430\u043c\u0443 \u0432\u0456\u0434\u0442\u0456\u043d\u043a\u0456\u0432;<\/p>\n<p>- \u0432\u0438\u043f\u0440\u0430\u0432\u0438\u0442\u0438 \u0430\u0431\u043e \u0443\u0441\u0443\u043d\u0443\u0442\u0438 \u043d\u0435\u0431\u0430\u0436\u0430\u043d\u0456 \u043a\u043e\u043b\u0456\u0440\u043d\u0456 \u043d\u044e\u0430\u043d\u0441\u0438.<\/p>\n<p>\u041f\u0440\u043e\u0434\u0443\u043a\u0442 \u0441\u043f\u0435\u0446\u0456\u0430\u043b\u044c\u043d\u043e \u0440\u043e\u0437\u0440\u043e\u0431\u043b\u0435\u043d\u0438\u0439 \u0434\u043b\u044f \u0437\u043c\u0456\u0448\u0443\u0432\u0430\u043d\u043d\u044f \u0437 \u043e\u0441\u043d\u043e\u0432\u043d\u043e\u044e \u043f\u0430\u043b\u0456\u0442\u0440\u043e\u044e \u0444\u0430\u0440\u0431 \u0434\u043b\u044f \u0431\u0440\u0456\u0432 \"Deep Brow Tint\" \u0443 \u0432\u0456\u0434\u0442\u0456\u043d\u043a\u0430\u0445 \"04 ICY\" \u0442\u0430 \"05 SPICY\" \u0437 \u043f\u0440\u043e\u0444\u0435\u0441\u0456\u0439\u043d\u043e\u0457 \u043b\u0456\u043d\u0456\u0439\u043a\u0438 TM \u00c9LAN.<\/p>\n<p>\u0407\u0445 \u0442\u0430\u043a\u043e\u0436 \u043c\u043e\u0436\u043d\u0430 \u0432\u0438\u043a\u043e\u0440\u0438\u0441\u0442\u043e\u0432\u0443\u0432\u0430\u0442\u0438 \u0432 \u043f\u043e\u0454\u0434\u043d\u0430\u043d\u043d\u0456 \u0437 \u0444\u0430\u0440\u0431\u0430\u043c\u0438 \u0434\u043b\u044f \u0431\u0440\u0456\u0432 \u0456\u043d\u0448\u0438\u0445 \u0432\u0438\u0440\u043e\u0431\u043d\u0438\u043a\u0456\u0432, \u0437\u0430 \u0443\u043c\u043e\u0432\u0438, \u0449\u043e \u0432\u0438 \u0432\u043e\u043b\u043e\u0434\u0456\u0454\u0442\u0435 \u0431\u0430\u0437\u043e\u0432\u0438\u043c\u0438 \u0437\u043d\u0430\u043d\u043d\u044f\u043c\u0438 \u0437 \u043a\u043e\u043b\u043e\u0440\u0438\u0441\u0442\u0438\u043a\u0438.<\/p>\n<p><strong>\u0422\u0435\u0440\u043c\u0456\u043d \u043f\u0440\u0438\u0434\u0430\u0442\u043d\u043e\u0441\u0442\u0456:<\/strong>\u00a024 \u043c\u0456\u0441\u044f\u0446\u0456<\/p>\n<p><strong>\u041f\u0435\u0440\u0456\u043e\u0434 \u043f\u0456\u0441\u043b\u044f \u0432\u0456\u0434\u043a\u0440\u0438\u0442\u0442\u044f (PAO):<\/strong>\u00a03 \u043c\u0456\u0441\u044f\u0446\u0456<\/p>\n<p><strong>\u041f\u043e\u0442\u0435\u043d\u0446\u0456\u0430\u043b:<\/strong>\u00a010 \u043c\u043b<\/p>","protected":false},"featured_media":26198,"comment_status":"open","ping_status":"closed","template":"","meta":[],"product_brand":[],"product_cat":[85,235,238],"product_tag":[],"class_list":{"0":"post-15010","1":"product","2":"type-product","3":"status-publish","4":"has-post-thumbnail","6":"product_cat-brwi","7":"product_cat-elan","8":"product_cat-farbka-do-brwi","10":"first","11":"instock","12":"shipping-taxable","13":"purchasable","14":"product-type-simple"},"yoast_head":"<!-- This site is optimized with the Yoast SEO plugin v25.4 - https:\/\/yoast.com\/wordpress\/plugins\/seo\/ -->\n<title>Booster do koloryzacji brwi 2.0 07 ORANGE - Lovely Vip<\/title>\n<meta name=\"robots\" content=\"index, follow, max-snippet:-1, max-image-preview:large, max-video-preview:-1\" \/>\n<link rel=\"canonical\" href=\"https:\/\/www.lovely-vip.com\/ua\/product\/booster-koloryzacji-brwi-07-orange-sbts\/\" \/>\n<meta property=\"og:locale\" content=\"uk_UA\" \/>\n<meta property=\"og:type\" content=\"article\" \/>\n<meta property=\"og:title\" content=\"Booster do koloryzacji brwi 2.0 07 ORANGE - Lovely Vip\" \/>\n<meta property=\"og:description\" content=\"Wzmacniacz koloru to innowacyjny produkt wzmacniaj\u0105cy kolor farb do brwi, kt\u00f3ry zosta\u0142y opracowany, aby:  - nada\u0107 kolorom z g\u0142\u00f3wnej palety tint\u00f3w dodatkow\u0105 g\u0142\u0119bi\u0119 i wi\u0119ksze nasycenie  - rozszerzy\u0107 gam\u0119 odcieni;  - korygowa\u0107 lub eliminowa\u0107 niepo\u017c\u0105dane niuanse kolorystyczne.  Produkt zosta\u0142 specjalnie zaprojektowany do mieszania z g\u0142\u00f3wn\u0105 palet\u0105 farb do brwi \u201eDeep Brow Tint\u201d w odcieniach \u201e04 ICY\u201d i \u201e05 SPICY\u201d z profesjonalnej linii TM \u00c9LAN.  Mo\u017cna je r\u00f3wnie\u017c stosowa\u0107 w po\u0142\u0105czeniu z farbami do brwi innego producenta, pod warunkiem posiadania podstawowej wiedzy na temat kolorystyki.  Data wa\u017cno\u015bci:\u00a024 miesi\u0105ce  Okres po otwarciu (PAO):\u00a03 miesi\u0105ce  Pojemno\u015b\u0107:\u00a010 ml\" \/>\n<meta property=\"og:url\" content=\"https:\/\/www.lovely-vip.com\/ua\/product\/booster-koloryzacji-brwi-07-orange-sbts\/\" \/>\n<meta property=\"og:site_name\" content=\"Lovely Vip\" \/>\n<meta property=\"article:modified_time\" content=\"2025-05-29T21:26:59+00:00\" \/>\n<meta property=\"og:image\" content=\"https:\/\/www.lovely-vip.com\/wp-content\/uploads\/2023\/06\/\u0431\u0443\u0441\u0442\u0435\u0440-\u043e\u0440\u0430\u043d\u0434\u0436-2.png\" \/>\n\t<meta property=\"og:image:width\" content=\"900\" \/>\n\t<meta property=\"og:image:height\" content=\"900\" \/>\n\t<meta property=\"og:image:type\" content=\"image\/png\" \/>\n<meta name=\"twitter:card\" content=\"summary_large_image\" \/>\n<meta name=\"twitter:label1\" content=\"\u041f\u0440\u0438\u0431\u043b. \u0447\u0430\u0441 \u0447\u0438\u0442\u0430\u043d\u043d\u044f\" \/>\n\t<meta name=\"twitter:data1\" content=\"2 \u0445\u0432\u0438\u043b\u0438\u043d\u0438\" \/>\n<script type=\"application\/ld+json\" class=\"yoast-schema-graph\">{\"@context\":\"https:\/\/schema.org\",\"@graph\":[{\"@type\":\"WebPage\",\"@id\":\"https:\/\/www.lovely-vip.com\/product\/booster-koloryzacji-brwi-07-orange-sbts\/\",\"url\":\"https:\/\/www.lovely-vip.com\/product\/booster-koloryzacji-brwi-07-orange-sbts\/\",\"name\":\"Booster do koloryzacji brwi 2.0 07 ORANGE - Lovely Vip\",\"isPartOf\":{\"@id\":\"https:\/\/www.lovely-vip.com\/#website\"},\"primaryImageOfPage\":{\"@id\":\"https:\/\/www.lovely-vip.com\/product\/booster-koloryzacji-brwi-07-orange-sbts\/#primaryimage\"},\"image\":{\"@id\":\"https:\/\/www.lovely-vip.com\/product\/booster-koloryzacji-brwi-07-orange-sbts\/#primaryimage\"},\"thumbnailUrl\":\"https:\/\/www.lovely-vip.com\/wp-content\/uploads\/2023\/06\/\u0431\u0443\u0441\u0442\u0435\u0440-\u043e\u0440\u0430\u043d\u0434\u0436-2.png\",\"datePublished\":\"2023-06-27T15:40:58+00:00\",\"dateModified\":\"2025-05-29T21:26:59+00:00\",\"breadcrumb\":{\"@id\":\"https:\/\/www.lovely-vip.com\/product\/booster-koloryzacji-brwi-07-orange-sbts\/#breadcrumb\"},\"inLanguage\":\"uk\",\"potentialAction\":[{\"@type\":\"ReadAction\",\"target\":[\"https:\/\/www.lovely-vip.com\/product\/booster-koloryzacji-brwi-07-orange-sbts\/\"]}]},{\"@type\":\"ImageObject\",\"inLanguage\":\"uk\",\"@id\":\"https:\/\/www.lovely-vip.com\/product\/booster-koloryzacji-brwi-07-orange-sbts\/#primaryimage\",\"url\":\"https:\/\/www.lovely-vip.com\/wp-content\/uploads\/2023\/06\/\u0431\u0443\u0441\u0442\u0435\u0440-\u043e\u0440\u0430\u043d\u0434\u0436-2.png\",\"contentUrl\":\"https:\/\/www.lovely-vip.com\/wp-content\/uploads\/2023\/06\/\u0431\u0443\u0441\u0442\u0435\u0440-\u043e\u0440\u0430\u043d\u0434\u0436-2.png\",\"width\":900,\"height\":900},{\"@type\":\"BreadcrumbList\",\"@id\":\"https:\/\/www.lovely-vip.com\/product\/booster-koloryzacji-brwi-07-orange-sbts\/#breadcrumb\",\"itemListElement\":[{\"@type\":\"ListItem\",\"position\":1,\"name\":\"Strona g\u0142\u00f3wna\",\"item\":\"https:\/\/www.lovely-vip.com\/\"},{\"@type\":\"ListItem\",\"position\":2,\"name\":\"Sklep dla stylistek rz\u0119s i brwi\",\"item\":\"https:\/\/www.lovely-vip.com\/shop\/\"},{\"@type\":\"ListItem\",\"position\":3,\"name\":\"Booster do koloryzacji brwi 2.0 07 ORANGE\"}]},{\"@type\":\"WebSite\",\"@id\":\"https:\/\/www.lovely-vip.com\/#website\",\"url\":\"https:\/\/www.lovely-vip.com\/\",\"name\":\"Lovely Vip\",\"description\":\"Profesjonalne produkty do piel\u0119gnacji rz\u0119s i brwi\",\"potentialAction\":[{\"@type\":\"SearchAction\",\"target\":{\"@type\":\"EntryPoint\",\"urlTemplate\":\"https:\/\/www.lovely-vip.com\/?s={search_term_string}\"},\"query-input\":{\"@type\":\"PropertyValueSpecification\",\"valueRequired\":true,\"valueName\":\"search_term_string\"}}],\"inLanguage\":\"uk\"}]}<\/script>\n<!-- \/ Yoast SEO plugin. -->","yoast_head_json":{"title":"Booster do koloryzacji brwi 2.0 07 ORANGE - Lovely Vip","robots":{"index":"index","follow":"follow","max-snippet":"max-snippet:-1","max-image-preview":"max-image-preview:large","max-video-preview":"max-video-preview:-1"},"canonical":"https:\/\/www.lovely-vip.com\/ua\/product\/booster-koloryzacji-brwi-07-orange-sbts\/","og_locale":"uk_UA","og_type":"article","og_title":"Booster do koloryzacji brwi 2.0 07 ORANGE - Lovely Vip","og_description":"Wzmacniacz koloru to innowacyjny produkt wzmacniaj\u0105cy kolor farb do brwi, kt\u00f3ry zosta\u0142y opracowany, aby:  - nada\u0107 kolorom z g\u0142\u00f3wnej palety tint\u00f3w dodatkow\u0105 g\u0142\u0119bi\u0119 i wi\u0119ksze nasycenie  - rozszerzy\u0107 gam\u0119 odcieni;  - korygowa\u0107 lub eliminowa\u0107 niepo\u017c\u0105dane niuanse kolorystyczne.  Produkt zosta\u0142 specjalnie zaprojektowany do mieszania z g\u0142\u00f3wn\u0105 palet\u0105 farb do brwi \u201eDeep Brow Tint\u201d w odcieniach \u201e04 ICY\u201d i \u201e05 SPICY\u201d z profesjonalnej linii TM \u00c9LAN.  Mo\u017cna je r\u00f3wnie\u017c stosowa\u0107 w po\u0142\u0105czeniu z farbami do brwi innego producenta, pod warunkiem posiadania podstawowej wiedzy na temat kolorystyki.  Data wa\u017cno\u015bci:\u00a024 miesi\u0105ce  Okres po otwarciu (PAO):\u00a03 miesi\u0105ce  Pojemno\u015b\u0107:\u00a010 ml","og_url":"https:\/\/www.lovely-vip.com\/ua\/product\/booster-koloryzacji-brwi-07-orange-sbts\/","og_site_name":"Lovely Vip","article_modified_time":"2025-05-29T21:26:59+00:00","og_image":[{"width":900,"height":900,"url":"https:\/\/www.lovely-vip.com\/wp-content\/uploads\/2023\/06\/\u0431\u0443\u0441\u0442\u0435\u0440-\u043e\u0440\u0430\u043d\u0434\u0436-2.png","type":"image\/png"}],"twitter_card":"summary_large_image","twitter_misc":{"\u041f\u0440\u0438\u0431\u043b. \u0447\u0430\u0441 \u0447\u0438\u0442\u0430\u043d\u043d\u044f":"2 \u0445\u0432\u0438\u043b\u0438\u043d\u0438"},"schema":{"@context":"https:\/\/schema.org","@graph":[{"@type":"WebPage","@id":"https:\/\/www.lovely-vip.com\/product\/booster-koloryzacji-brwi-07-orange-sbts\/","url":"https:\/\/www.lovely-vip.com\/product\/booster-koloryzacji-brwi-07-orange-sbts\/","name":"Booster do koloryzacji brwi 2.0 07 ORANGE - Lovely Vip","isPartOf":{"@id":"https:\/\/www.lovely-vip.com\/#website"},"primaryImageOfPage":{"@id":"https:\/\/www.lovely-vip.com\/product\/booster-koloryzacji-brwi-07-orange-sbts\/#primaryimage"},"image":{"@id":"https:\/\/www.lovely-vip.com\/product\/booster-koloryzacji-brwi-07-orange-sbts\/#primaryimage"},"thumbnailUrl":"https:\/\/www.lovely-vip.com\/wp-content\/uploads\/2023\/06\/\u0431\u0443\u0441\u0442\u0435\u0440-\u043e\u0440\u0430\u043d\u0434\u0436-2.png","datePublished":"2023-06-27T15:40:58+00:00","dateModified":"2025-05-29T21:26:59+00:00","breadcrumb":{"@id":"https:\/\/www.lovely-vip.com\/product\/booster-koloryzacji-brwi-07-orange-sbts\/#breadcrumb"},"inLanguage":"uk","potentialAction":[{"@type":"ReadAction","target":["https:\/\/www.lovely-vip.com\/product\/booster-koloryzacji-brwi-07-orange-sbts\/"]}]},{"@type":"ImageObject","inLanguage":"uk","@id":"https:\/\/www.lovely-vip.com\/product\/booster-koloryzacji-brwi-07-orange-sbts\/#primaryimage","url":"https:\/\/www.lovely-vip.com\/wp-content\/uploads\/2023\/06\/\u0431\u0443\u0441\u0442\u0435\u0440-\u043e\u0440\u0430\u043d\u0434\u0436-2.png","contentUrl":"https:\/\/www.lovely-vip.com\/wp-content\/uploads\/2023\/06\/\u0431\u0443\u0441\u0442\u0435\u0440-\u043e\u0440\u0430\u043d\u0434\u0436-2.png","width":900,"height":900},{"@type":"BreadcrumbList","@id":"https:\/\/www.lovely-vip.com\/product\/booster-koloryzacji-brwi-07-orange-sbts\/#breadcrumb","itemListElement":[{"@type":"ListItem","position":1,"name":"Strona g\u0142\u00f3wna","item":"https:\/\/www.lovely-vip.com\/"},{"@type":"ListItem","position":2,"name":"Sklep dla stylistek rz\u0119s i brwi","item":"https:\/\/www.lovely-vip.com\/shop\/"},{"@type":"ListItem","position":3,"name":"Booster do koloryzacji brwi 2.0 07 ORANGE"}]},{"@type":"WebSite","@id":"https:\/\/www.lovely-vip.com\/#website","url":"https:\/\/www.lovely-vip.com\/","name":"Lovely Vip","description":"\u041f\u0440\u043e\u0444\u0435\u0441\u0456\u0439\u043d\u0456 \u0437\u0430\u0441\u043e\u0431\u0438 \u043f\u043e \u0434\u043e\u0433\u043b\u044f\u0434\u0443 \u0437\u0430 \u0432\u0456\u044f\u043c\u0438 \u0442\u0430 \u0431\u0440\u043e\u0432\u0430\u043c\u0438","potentialAction":[{"@type":"SearchAction","target":{"@type":"EntryPoint","urlTemplate":"https:\/\/www.lovely-vip.com\/?s={search_term_string}"},"query-input":{"@type":"PropertyValueSpecification","valueRequired":true,"valueName":"search_term_string"}}],"inLanguage":"uk"}]}},"_links":{"self":[{"href":"https:\/\/www.lovely-vip.com\/ua\/wp-json\/wp\/v2\/product\/15010","targetHints":{"allow":["GET"]}}],"collection":[{"href":"https:\/\/www.lovely-vip.com\/ua\/wp-json\/wp\/v2\/product"}],"about":[{"href":"https:\/\/www.lovely-vip.com\/ua\/wp-json\/wp\/v2\/types\/product"}],"replies":[{"embeddable":true,"href":"https:\/\/www.lovely-vip.com\/ua\/wp-json\/wp\/v2\/comments?post=15010"}],"wp:featuredmedia":[{"embeddable":true,"href":"https:\/\/www.lovely-vip.com\/ua\/wp-json\/wp\/v2\/media\/26198"}],"wp:attachment":[{"href":"https:\/\/www.lovely-vip.com\/ua\/wp-json\/wp\/v2\/media?parent=15010"}],"wp:term":[{"taxonomy":"product_brand","embeddable":true,"href":"https:\/\/www.lovely-vip.com\/ua\/wp-json\/wp\/v2\/product_brand?post=15010"},{"taxonomy":"product_cat","embeddable":true,"href":"https:\/\/www.lovely-vip.com\/ua\/wp-json\/wp\/v2\/product_cat?post=15010"},{"taxonomy":"product_tag","embeddable":true,"href":"https:\/\/www.lovely-vip.com\/ua\/wp-json\/wp\/v2\/product_tag?post=15010"}],"curies":[{"name":"wp","href":"https:\/\/api.w.org\/{rel}","templated":true}]}}