{"id":20054,"date":"2024-02-16T16:55:25","date_gmt":"2024-02-16T15:55:25","guid":{"rendered":"https:\/\/www.lovely-vip.com\/?post_type=product&#038;p=20054"},"modified":"2024-04-17T23:18:18","modified_gmt":"2024-04-17T21:18:18","slug":"pedzel-silikonowy-skosny-158-cm","status":"publish","type":"product","link":"https:\/\/www.lovely-vip.com\/ua\/product\/pedzel-silikonowy-skosny-158-cm\/","title":{"rendered":"\u041f\u043e\u0445\u0438\u043b\u0438\u0439 \u0441\u0438\u043b\u0456\u043a\u043e\u043d\u043e\u0432\u0438\u0439 \u043f\u0435\u043d\u0437\u043b\u0438\u043a 15,8 \u0441\u043c"},"content":{"rendered":"","protected":false},"excerpt":{"rendered":"<h1>\u0421\u0438\u043b\u0456\u043a\u043e\u043d\u043e\u0432\u0430 \u0449\u0456\u0442\u043a\u0430 \u0437 \u043d\u0430\u0445\u0438\u043b\u043e\u043c<\/h1>\n<p>\u0412\u0456\u043d \u0437\u0430\u0431\u0435\u0437\u043f\u0435\u0447\u0443\u0454 \u043b\u0435\u0433\u043a\u0435 \u043d\u0430\u043d\u0435\u0441\u0435\u043d\u043d\u044f \u043f\u0440\u043e\u0434\u0443\u043a\u0442\u0456\u0432 \u0437\u0430\u0432\u0434\u044f\u043a\u0438 \u0433\u043d\u0443\u0447\u043a\u0456\u0439 \u0441\u0438\u043b\u0456\u043a\u043e\u043d\u043e\u0432\u0456\u0439 \u0433\u043e\u043b\u0456\u0432\u0446\u0456, \u0449\u043e \u043d\u0430\u0445\u0438\u043b\u044f\u0454\u0442\u044c\u0441\u044f \u043f\u0456\u0434 \u043a\u0443\u0442\u043e\u043c.  \u041a\u0440\u0456\u043c \u0442\u043e\u0433\u043e, \u0432\u0456\u043d \u0435\u043a\u043e\u043d\u043e\u043c\u0438\u0442\u044c \u0434\u043e 50% \u043d\u0430\u043d\u0435\u0441\u0435\u043d\u043e\u0433\u043e \u043a\u043e\u0441\u043c\u0435\u0442\u0438\u0447\u043d\u043e\u0433\u043e \u0437\u0430\u0441\u043e\u0431\u0443 \u043f\u043e\u0440\u0456\u0432\u043d\u044f\u043d\u043e \u0437 \u043e\u0434\u043d\u043e\u0440\u0430\u0437\u043e\u0432\u0438\u043c\u0438 \u0430\u043f\u043b\u0456\u043a\u0430\u0442\u043e\u0440\u0430\u043c\u0438.<\/p>\n<p>\u0406\u0434\u0435\u0430\u043b\u044c\u043d\u0435 \u043d\u0430\u043d\u0435\u0441\u0435\u043d\u043d\u044f \u0444\u0430\u0440\u0431\u0438, \u0431\u0430\u043b\u044c\u0437\u0430\u043c\u0443 \u0442\u0430 \u0437\u0430\u0441\u043e\u0431\u0456\u0432 \u0434\u043b\u044f \u043b\u0430\u043c\u0456\u043d\u0443\u0432\u0430\u043d\u043d\u044f \u0431\u0440\u0456\u0432 \u0456 \u0432\u0456\u0439<\/p>\n<p>\u041f\u0456\u0441\u043b\u044f \u0432\u0438\u043a\u043e\u0440\u0438\u0441\u0442\u0430\u043d\u043d\u044f p<span style=\"color: #333333; font-size: 14.4px;\">o \u043f\u0440\u043e\u0441\u0442\u043e \u0437\u043c\u043e\u0447\u0456\u0442\u044c \u043f\u0435\u043d\u0437\u043b\u0438\u043a \u0443 \u0442\u0435\u043f\u043b\u0456\u0439 \u043c\u0438\u043b\u044c\u043d\u0456\u0439 \u0432\u043e\u0434\u0456, \u0430 \u043f\u043e\u0442\u0456\u043c \u043e\u0431\u0435\u0440\u0435\u0436\u043d\u043e \u043f\u0440\u043e\u0442\u0440\u0456\u0442\u044c \u0439\u043e\u0433\u043e \u0432\u0430\u0442\u043d\u0438\u043c \u0442\u0430\u043c\u043f\u043e\u043d\u043e\u043c, \u0437\u043c\u043e\u0447\u0435\u043d\u0438\u043c \u0443 \u0441\u043f\u0438\u0440\u0442\u0456.<\/span><\/p>","protected":false},"featured_media":20056,"comment_status":"open","ping_status":"closed","template":"","meta":[],"product_brand":[],"product_cat":[87,238,237,278,83,277],"product_tag":[],"class_list":{"0":"post-20054","1":"product","2":"type-product","3":"status-publish","4":"has-post-thumbnail","6":"product_cat-akcesoria","7":"product_cat-farbka-do-brwi","8":"product_cat-henna","9":"product_cat-laminacja-brwi","10":"product_cat-lifting-laminacja","11":"product_cat-pedzle-i-pesety","13":"first","14":"outofstock","15":"shipping-taxable","16":"product-type-variable"},"yoast_head":"<!-- This site is optimized with the Yoast SEO plugin v25.4 - https:\/\/yoast.com\/wordpress\/plugins\/seo\/ -->\n<title>P\u0119dzel silikonowy sko\u015bny 15,8 cm - Lovely Vip<\/title>\n<meta name=\"robots\" content=\"index, follow, max-snippet:-1, max-image-preview:large, max-video-preview:-1\" \/>\n<link rel=\"canonical\" href=\"https:\/\/www.lovely-vip.com\/ua\/product\/pedzel-silikonowy-skosny-158-cm\/\" \/>\n<meta property=\"og:locale\" content=\"uk_UA\" \/>\n<meta property=\"og:type\" content=\"article\" \/>\n<meta property=\"og:title\" content=\"P\u0119dzel silikonowy sko\u015bny 15,8 cm - Lovely Vip\" \/>\n<meta property=\"og:description\" content=\"Sko\u015bny SILIKONOWY p\u0119dzel Zapewnia \u0142atw\u0105 aplikacj\u0119 produkt\u00f3w dzi\u0119ki elastycznej, sko\u015bnej silikonowej g\u0142\u00f3wce. \u00a0Do tego zaoszcz\u0119dzi nawet 50% stosowanego kosmetyku w por\u00f3wnaniu z aplikatorami jednorazowymi.  Perfekcyjnie nak\u0142ada farb\u0119, balsam oraz produkty do laminacji brwi i rz\u0119s  Po wykorzystaniu po prostu namocz p\u0119dzel w ciep\u0142ej wodzie z myd\u0142em, a nast\u0119pnie delikatnie przetrzyj je wacikiem nas\u0105czonym alkoholem.\" \/>\n<meta property=\"og:url\" content=\"https:\/\/www.lovely-vip.com\/ua\/product\/pedzel-silikonowy-skosny-158-cm\/\" \/>\n<meta property=\"og:site_name\" content=\"Lovely Vip\" \/>\n<meta property=\"article:modified_time\" content=\"2024-04-17T21:18:18+00:00\" \/>\n<meta property=\"og:image\" content=\"https:\/\/www.lovely-vip.com\/wp-content\/uploads\/2024\/02\/IMG_7566.jpg\" \/>\n\t<meta property=\"og:image:width\" content=\"1284\" \/>\n\t<meta property=\"og:image:height\" content=\"1271\" \/>\n\t<meta property=\"og:image:type\" content=\"image\/jpeg\" \/>\n<meta name=\"twitter:card\" content=\"summary_large_image\" \/>\n<script type=\"application\/ld+json\" class=\"yoast-schema-graph\">{\"@context\":\"https:\/\/schema.org\",\"@graph\":[{\"@type\":\"WebPage\",\"@id\":\"https:\/\/www.lovely-vip.com\/product\/pedzel-silikonowy-skosny-158-cm\/\",\"url\":\"https:\/\/www.lovely-vip.com\/product\/pedzel-silikonowy-skosny-158-cm\/\",\"name\":\"P\u0119dzel silikonowy sko\u015bny 15,8 cm - Lovely Vip\",\"isPartOf\":{\"@id\":\"https:\/\/www.lovely-vip.com\/#website\"},\"primaryImageOfPage\":{\"@id\":\"https:\/\/www.lovely-vip.com\/product\/pedzel-silikonowy-skosny-158-cm\/#primaryimage\"},\"image\":{\"@id\":\"https:\/\/www.lovely-vip.com\/product\/pedzel-silikonowy-skosny-158-cm\/#primaryimage\"},\"thumbnailUrl\":\"https:\/\/www.lovely-vip.com\/wp-content\/uploads\/2024\/02\/IMG_7566.jpg\",\"datePublished\":\"2024-02-16T15:55:25+00:00\",\"dateModified\":\"2024-04-17T21:18:18+00:00\",\"breadcrumb\":{\"@id\":\"https:\/\/www.lovely-vip.com\/product\/pedzel-silikonowy-skosny-158-cm\/#breadcrumb\"},\"inLanguage\":\"uk\",\"potentialAction\":[{\"@type\":\"ReadAction\",\"target\":[\"https:\/\/www.lovely-vip.com\/product\/pedzel-silikonowy-skosny-158-cm\/\"]}]},{\"@type\":\"ImageObject\",\"inLanguage\":\"uk\",\"@id\":\"https:\/\/www.lovely-vip.com\/product\/pedzel-silikonowy-skosny-158-cm\/#primaryimage\",\"url\":\"https:\/\/www.lovely-vip.com\/wp-content\/uploads\/2024\/02\/IMG_7566.jpg\",\"contentUrl\":\"https:\/\/www.lovely-vip.com\/wp-content\/uploads\/2024\/02\/IMG_7566.jpg\",\"width\":1284,\"height\":1271},{\"@type\":\"BreadcrumbList\",\"@id\":\"https:\/\/www.lovely-vip.com\/product\/pedzel-silikonowy-skosny-158-cm\/#breadcrumb\",\"itemListElement\":[{\"@type\":\"ListItem\",\"position\":1,\"name\":\"Strona g\u0142\u00f3wna\",\"item\":\"https:\/\/www.lovely-vip.com\/\"},{\"@type\":\"ListItem\",\"position\":2,\"name\":\"Sklep dla stylistek rz\u0119s i brwi\",\"item\":\"https:\/\/www.lovely-vip.com\/shop\/\"},{\"@type\":\"ListItem\",\"position\":3,\"name\":\"P\u0119dzel silikonowy sko\u015bny 15,8 cm\"}]},{\"@type\":\"WebSite\",\"@id\":\"https:\/\/www.lovely-vip.com\/#website\",\"url\":\"https:\/\/www.lovely-vip.com\/\",\"name\":\"Lovely Vip\",\"description\":\"Profesjonalne produkty do piel\u0119gnacji rz\u0119s i brwi\",\"potentialAction\":[{\"@type\":\"SearchAction\",\"target\":{\"@type\":\"EntryPoint\",\"urlTemplate\":\"https:\/\/www.lovely-vip.com\/?s={search_term_string}\"},\"query-input\":{\"@type\":\"PropertyValueSpecification\",\"valueRequired\":true,\"valueName\":\"search_term_string\"}}],\"inLanguage\":\"uk\"}]}<\/script>\n<!-- \/ Yoast SEO plugin. -->","yoast_head_json":{"title":"P\u0119dzel silikonowy sko\u015bny 15,8 cm - Lovely Vip","robots":{"index":"index","follow":"follow","max-snippet":"max-snippet:-1","max-image-preview":"max-image-preview:large","max-video-preview":"max-video-preview:-1"},"canonical":"https:\/\/www.lovely-vip.com\/ua\/product\/pedzel-silikonowy-skosny-158-cm\/","og_locale":"uk_UA","og_type":"article","og_title":"P\u0119dzel silikonowy sko\u015bny 15,8 cm - Lovely Vip","og_description":"Sko\u015bny SILIKONOWY p\u0119dzel Zapewnia \u0142atw\u0105 aplikacj\u0119 produkt\u00f3w dzi\u0119ki elastycznej, sko\u015bnej silikonowej g\u0142\u00f3wce. \u00a0Do tego zaoszcz\u0119dzi nawet 50% stosowanego kosmetyku w por\u00f3wnaniu z aplikatorami jednorazowymi.  Perfekcyjnie nak\u0142ada farb\u0119, balsam oraz produkty do laminacji brwi i rz\u0119s  Po wykorzystaniu po prostu namocz p\u0119dzel w ciep\u0142ej wodzie z myd\u0142em, a nast\u0119pnie delikatnie przetrzyj je wacikiem nas\u0105czonym alkoholem.","og_url":"https:\/\/www.lovely-vip.com\/ua\/product\/pedzel-silikonowy-skosny-158-cm\/","og_site_name":"Lovely Vip","article_modified_time":"2024-04-17T21:18:18+00:00","og_image":[{"width":1284,"height":1271,"url":"https:\/\/www.lovely-vip.com\/wp-content\/uploads\/2024\/02\/IMG_7566.jpg","type":"image\/jpeg"}],"twitter_card":"summary_large_image","schema":{"@context":"https:\/\/schema.org","@graph":[{"@type":"WebPage","@id":"https:\/\/www.lovely-vip.com\/product\/pedzel-silikonowy-skosny-158-cm\/","url":"https:\/\/www.lovely-vip.com\/product\/pedzel-silikonowy-skosny-158-cm\/","name":"P\u0119dzel silikonowy sko\u015bny 15,8 cm - Lovely Vip","isPartOf":{"@id":"https:\/\/www.lovely-vip.com\/#website"},"primaryImageOfPage":{"@id":"https:\/\/www.lovely-vip.com\/product\/pedzel-silikonowy-skosny-158-cm\/#primaryimage"},"image":{"@id":"https:\/\/www.lovely-vip.com\/product\/pedzel-silikonowy-skosny-158-cm\/#primaryimage"},"thumbnailUrl":"https:\/\/www.lovely-vip.com\/wp-content\/uploads\/2024\/02\/IMG_7566.jpg","datePublished":"2024-02-16T15:55:25+00:00","dateModified":"2024-04-17T21:18:18+00:00","breadcrumb":{"@id":"https:\/\/www.lovely-vip.com\/product\/pedzel-silikonowy-skosny-158-cm\/#breadcrumb"},"inLanguage":"uk","potentialAction":[{"@type":"ReadAction","target":["https:\/\/www.lovely-vip.com\/product\/pedzel-silikonowy-skosny-158-cm\/"]}]},{"@type":"ImageObject","inLanguage":"uk","@id":"https:\/\/www.lovely-vip.com\/product\/pedzel-silikonowy-skosny-158-cm\/#primaryimage","url":"https:\/\/www.lovely-vip.com\/wp-content\/uploads\/2024\/02\/IMG_7566.jpg","contentUrl":"https:\/\/www.lovely-vip.com\/wp-content\/uploads\/2024\/02\/IMG_7566.jpg","width":1284,"height":1271},{"@type":"BreadcrumbList","@id":"https:\/\/www.lovely-vip.com\/product\/pedzel-silikonowy-skosny-158-cm\/#breadcrumb","itemListElement":[{"@type":"ListItem","position":1,"name":"Strona g\u0142\u00f3wna","item":"https:\/\/www.lovely-vip.com\/"},{"@type":"ListItem","position":2,"name":"Sklep dla stylistek rz\u0119s i brwi","item":"https:\/\/www.lovely-vip.com\/shop\/"},{"@type":"ListItem","position":3,"name":"P\u0119dzel silikonowy sko\u015bny 15,8 cm"}]},{"@type":"WebSite","@id":"https:\/\/www.lovely-vip.com\/#website","url":"https:\/\/www.lovely-vip.com\/","name":"Lovely Vip","description":"\u041f\u0440\u043e\u0444\u0435\u0441\u0456\u0439\u043d\u0456 \u0437\u0430\u0441\u043e\u0431\u0438 \u043f\u043e \u0434\u043e\u0433\u043b\u044f\u0434\u0443 \u0437\u0430 \u0432\u0456\u044f\u043c\u0438 \u0442\u0430 \u0431\u0440\u043e\u0432\u0430\u043c\u0438","potentialAction":[{"@type":"SearchAction","target":{"@type":"EntryPoint","urlTemplate":"https:\/\/www.lovely-vip.com\/?s={search_term_string}"},"query-input":{"@type":"PropertyValueSpecification","valueRequired":true,"valueName":"search_term_string"}}],"inLanguage":"uk"}]}},"_links":{"self":[{"href":"https:\/\/www.lovely-vip.com\/ua\/wp-json\/wp\/v2\/product\/20054","targetHints":{"allow":["GET"]}}],"collection":[{"href":"https:\/\/www.lovely-vip.com\/ua\/wp-json\/wp\/v2\/product"}],"about":[{"href":"https:\/\/www.lovely-vip.com\/ua\/wp-json\/wp\/v2\/types\/product"}],"replies":[{"embeddable":true,"href":"https:\/\/www.lovely-vip.com\/ua\/wp-json\/wp\/v2\/comments?post=20054"}],"wp:featuredmedia":[{"embeddable":true,"href":"https:\/\/www.lovely-vip.com\/ua\/wp-json\/wp\/v2\/media\/20056"}],"wp:attachment":[{"href":"https:\/\/www.lovely-vip.com\/ua\/wp-json\/wp\/v2\/media?parent=20054"}],"wp:term":[{"taxonomy":"product_brand","embeddable":true,"href":"https:\/\/www.lovely-vip.com\/ua\/wp-json\/wp\/v2\/product_brand?post=20054"},{"taxonomy":"product_cat","embeddable":true,"href":"https:\/\/www.lovely-vip.com\/ua\/wp-json\/wp\/v2\/product_cat?post=20054"},{"taxonomy":"product_tag","embeddable":true,"href":"https:\/\/www.lovely-vip.com\/ua\/wp-json\/wp\/v2\/product_tag?post=20054"}],"curies":[{"name":"wp","href":"https:\/\/api.w.org\/{rel}","templated":true}]}}