{"id":2046,"date":"2020-08-26T23:55:43","date_gmt":"2020-08-26T21:55:43","guid":{"rendered":"http:\/\/new.lovely-vip.com\/product\/woda-mineralna-do-rozpuszenia-henny-30-ml\/"},"modified":"2025-07-01T12:42:12","modified_gmt":"2025-07-01T10:42:12","slug":"woda-mineralna-do-rozpuszenia-henny-30-ml","status":"publish","type":"product","link":"https:\/\/www.lovely-vip.com\/ua\/product\/woda-mineralna-do-rozpuszenia-henny-30-ml\/","title":{"rendered":"\u0412\u043e\u0434\u0430 \u043c\u0456\u043d\u0435\u0440\u0430\u043b\u044c\u043d\u0430 \u0434\u043b\u044f \u0434\u0438\u0441\u043f\u0435\u0440\u0433\u0443\u0432\u0430\u043d\u043d\u044f \u0445\u043d\u0438, 35 \u043c\u043b"},"content":{"rendered":"<p>\u041c\u0456\u043d\u0435\u0440\u0430\u043b\u044c\u043d\u0430 \u0432\u043e\u0434\u0430 \u0434\u043b\u044f \u0445\u043d\u0438<\/p>\n<p>\u0421\u043f\u0435\u0446\u0456\u0430\u043b\u044c\u043d\u043e \u043f\u0456\u0434\u0433\u043e\u0442\u043e\u0432\u043b\u0435\u043d\u0430 \u0432\u043e\u0434\u0430, \u0437\u0431\u0430\u0433\u0430\u0447\u0435\u043d\u0430 \u043c\u0456\u043d\u0435\u0440\u0430\u043b\u0430\u043c\u0438, \u0456\u0434\u0435\u0430\u043b\u044c\u043d\u043e \u043f\u0456\u0434\u0445\u043e\u0434\u0438\u0442\u044c \u0434\u043b\u044f \u0440\u043e\u0437\u0432\u0435\u0434\u0435\u043d\u043d\u044f \u0445\u043d\u0438 \u0434\u043b\u044f \u0431\u0440\u0456\u0432 \u0456 \u0437\u0430\u0431\u0435\u0437\u043f\u0435\u0447\u0443\u0454 \u043d\u0430\u0439\u043a\u0440\u0430\u0449\u0438\u0439 \u0440\u0435\u0437\u0443\u043b\u044c\u0442\u0430\u0442 \u0444\u0430\u0440\u0431\u0443\u0432\u0430\u043d\u043d\u044f. \u0412\u043e\u043d\u0430 \u043d\u0435 \u043c\u0456\u0441\u0442\u0438\u0442\u044c \u0434\u043e\u043c\u0456\u0448\u043e\u043a \u0456 \u043c\u0435\u0442\u0430\u043b\u0456\u0432, \u044f\u043a\u0456 \u043f\u0435\u0440\u0435\u0448\u043a\u043e\u0434\u0436\u0430\u044e\u0442\u044c \u043f\u0440\u043e\u043d\u0438\u043a\u043d\u0435\u043d\u043d\u044e \u0445\u043d\u0438 \u0432 \u0441\u0442\u0440\u0443\u043a\u0442\u0443\u0440\u0443 \u0432\u043e\u043b\u043e\u0441\u0441\u044f.<br \/>\n\u0421\u043f\u043e\u0441\u0456\u0431 \u0437\u0430\u0441\u0442\u043e\u0441\u0443\u0432\u0430\u043d\u043d\u044f: \u0434\u043e\u0434\u0430\u0439\u0442\u0435 \u043a\u0456\u043b\u044c\u043a\u0430 \u043a\u0440\u0430\u043f\u0435\u043b\u044c \u0434\u043e \u0445\u043d\u0438, \u0449\u043e\u0431 \u0434\u043e\u0441\u044f\u0433\u0442\u0438 \u043d\u0435\u043e\u0431\u0445\u0456\u0434\u043d\u043e\u0457 \u043a\u043e\u043d\u0441\u0438\u0441\u0442\u0435\u043d\u0446\u0456\u0457 \u043f\u0440\u043e\u0434\u0443\u043a\u0442\u0443.<\/p>\n<p>\u0417\u0431\u0435\u0440\u0456\u0433\u0430\u043d\u043d\u044f: \u0437\u0431\u0435\u0440\u0456\u0433\u0430\u0442\u0438 \u0432 \u0441\u0443\u0445\u043e\u043c\u0443, \u043f\u0440\u043e\u0445\u043e\u043b\u043e\u0434\u043d\u043e\u043c\u0443 \u0442\u0430 \u043d\u0435\u0434\u043e\u0441\u0442\u0443\u043f\u043d\u043e\u043c\u0443 \u0434\u043b\u044f \u0434\u0456\u0442\u0435\u0439 \u043c\u0456\u0441\u0446\u0456. \u041e\u0431\u0435\u0440\u0456\u0433\u0430\u0442\u0438 \u0432\u0456\u0434 \u043f\u0440\u044f\u043c\u0438\u0445 \u0441\u043e\u043d\u044f\u0447\u043d\u0438\u0445 \u043f\u0440\u043e\u043c\u0435\u043d\u0456\u0432, \u0434\u0436\u0435\u0440\u0435\u043b \u0432\u043e\u0433\u043d\u044e, \u0441\u0432\u0456\u0442\u043b\u0430.<\/p>","protected":false},"excerpt":{"rendered":"<p>Woda mineralna do henny Specjalnie przygotowana woda, wzbogacona minera\u0142ami, idealnie nadaje si\u0119 do rozcie\u0144czania henny do brwi i zapewnia najlepsze efekty koloryzacji. Nie zawiera zanieczyszcze\u0144 i metali, kt\u00f3re przeszkadzaj\u0105 wnikaniu henny w struktur\u0119 w\u0142osa. Spos\u00f3b u\u017cycia: doda\u0107 kilka kropli do henny, aby uzyska\u0107 wymagan\u0105 konsystencj\u0119 produktu. Przechowywanie: przechowywa\u0107 w ch\u0142odnym, suchym miejscu niedost\u0119pnym dla dzieci. [&#8230;]\n","protected":false},"featured_media":3873,"comment_status":"closed","ping_status":"closed","template":"","meta":[],"product_brand":[],"product_cat":[85,237,293,70],"product_tag":[],"class_list":{"0":"post-2046","1":"product","2":"type-product","3":"status-publish","4":"has-post-thumbnail","6":"product_cat-brwi","7":"product_cat-henna","8":"product_cat-lovely","9":"product_cat-promocja","11":"first","12":"outofstock","13":"sale","14":"purchasable","15":"product-type-simple"},"yoast_head":"<!-- This site is optimized with the Yoast SEO plugin v25.4 - https:\/\/yoast.com\/wordpress\/plugins\/seo\/ -->\n<title>Woda mineralna do rozpuszenia henny, 35 ml - Lovely Vip<\/title>\n<meta name=\"robots\" content=\"index, follow, max-snippet:-1, max-image-preview:large, max-video-preview:-1\" \/>\n<link rel=\"canonical\" href=\"https:\/\/www.lovely-vip.com\/ua\/product\/woda-mineralna-do-rozpuszenia-henny-30-ml\/\" \/>\n<meta property=\"og:locale\" content=\"uk_UA\" \/>\n<meta property=\"og:type\" content=\"article\" \/>\n<meta property=\"og:title\" content=\"Woda mineralna do rozpuszenia henny, 35 ml - Lovely Vip\" \/>\n<meta property=\"og:description\" content=\"Woda mineralna do henny Specjalnie przygotowana woda, wzbogacona minera\u0142ami, idealnie nadaje si\u0119 do rozcie\u0144czania henny do brwi i zapewnia najlepsze efekty koloryzacji. Nie zawiera zanieczyszcze\u0144 i metali, kt\u00f3re przeszkadzaj\u0105 wnikaniu henny w struktur\u0119 w\u0142osa. Spos\u00f3b u\u017cycia: doda\u0107 kilka kropli do henny, aby uzyska\u0107 wymagan\u0105 konsystencj\u0119 produktu. Przechowywanie: przechowywa\u0107 w ch\u0142odnym, suchym miejscu niedost\u0119pnym dla dzieci. [...]\" \/>\n<meta property=\"og:url\" content=\"https:\/\/www.lovely-vip.com\/ua\/product\/woda-mineralna-do-rozpuszenia-henny-30-ml\/\" \/>\n<meta property=\"og:site_name\" content=\"Lovely Vip\" \/>\n<meta property=\"article:modified_time\" content=\"2025-07-01T10:42:12+00:00\" \/>\n<meta property=\"og:image\" content=\"https:\/\/www.lovely-vip.com\/wp-content\/uploads\/2020\/08\/22235cd5808d8b585eab0e890de420cc.jpg\" \/>\n\t<meta property=\"og:image:width\" content=\"1024\" \/>\n\t<meta property=\"og:image:height\" content=\"1024\" \/>\n\t<meta property=\"og:image:type\" content=\"image\/jpeg\" \/>\n<meta name=\"twitter:card\" content=\"summary_large_image\" \/>\n<meta name=\"twitter:label1\" content=\"\u041f\u0440\u0438\u0431\u043b. \u0447\u0430\u0441 \u0447\u0438\u0442\u0430\u043d\u043d\u044f\" \/>\n\t<meta name=\"twitter:data1\" content=\"1 \u0445\u0432\u0438\u043b\u0438\u043d\u0430\" \/>\n<script type=\"application\/ld+json\" class=\"yoast-schema-graph\">{\"@context\":\"https:\/\/schema.org\",\"@graph\":[{\"@type\":\"WebPage\",\"@id\":\"https:\/\/www.lovely-vip.com\/product\/woda-mineralna-do-rozpuszenia-henny-30-ml\/\",\"url\":\"https:\/\/www.lovely-vip.com\/product\/woda-mineralna-do-rozpuszenia-henny-30-ml\/\",\"name\":\"Woda mineralna do rozpuszenia henny, 35 ml - Lovely Vip\",\"isPartOf\":{\"@id\":\"https:\/\/www.lovely-vip.com\/#website\"},\"primaryImageOfPage\":{\"@id\":\"https:\/\/www.lovely-vip.com\/product\/woda-mineralna-do-rozpuszenia-henny-30-ml\/#primaryimage\"},\"image\":{\"@id\":\"https:\/\/www.lovely-vip.com\/product\/woda-mineralna-do-rozpuszenia-henny-30-ml\/#primaryimage\"},\"thumbnailUrl\":\"https:\/\/www.lovely-vip.com\/wp-content\/uploads\/2020\/08\/22235cd5808d8b585eab0e890de420cc.jpg\",\"datePublished\":\"2020-08-26T21:55:43+00:00\",\"dateModified\":\"2025-07-01T10:42:12+00:00\",\"breadcrumb\":{\"@id\":\"https:\/\/www.lovely-vip.com\/product\/woda-mineralna-do-rozpuszenia-henny-30-ml\/#breadcrumb\"},\"inLanguage\":\"uk\",\"potentialAction\":[{\"@type\":\"ReadAction\",\"target\":[\"https:\/\/www.lovely-vip.com\/product\/woda-mineralna-do-rozpuszenia-henny-30-ml\/\"]}]},{\"@type\":\"ImageObject\",\"inLanguage\":\"uk\",\"@id\":\"https:\/\/www.lovely-vip.com\/product\/woda-mineralna-do-rozpuszenia-henny-30-ml\/#primaryimage\",\"url\":\"https:\/\/www.lovely-vip.com\/wp-content\/uploads\/2020\/08\/22235cd5808d8b585eab0e890de420cc.jpg\",\"contentUrl\":\"https:\/\/www.lovely-vip.com\/wp-content\/uploads\/2020\/08\/22235cd5808d8b585eab0e890de420cc.jpg\",\"width\":1024,\"height\":1024},{\"@type\":\"BreadcrumbList\",\"@id\":\"https:\/\/www.lovely-vip.com\/product\/woda-mineralna-do-rozpuszenia-henny-30-ml\/#breadcrumb\",\"itemListElement\":[{\"@type\":\"ListItem\",\"position\":1,\"name\":\"Strona g\u0142\u00f3wna\",\"item\":\"https:\/\/www.lovely-vip.com\/\"},{\"@type\":\"ListItem\",\"position\":2,\"name\":\"Sklep dla stylistek rz\u0119s i brwi\",\"item\":\"https:\/\/www.lovely-vip.com\/shop\/\"},{\"@type\":\"ListItem\",\"position\":3,\"name\":\"Woda mineralna do rozpuszenia henny, 35 ml\"}]},{\"@type\":\"WebSite\",\"@id\":\"https:\/\/www.lovely-vip.com\/#website\",\"url\":\"https:\/\/www.lovely-vip.com\/\",\"name\":\"Lovely Vip\",\"description\":\"Profesjonalne produkty do piel\u0119gnacji rz\u0119s i brwi\",\"potentialAction\":[{\"@type\":\"SearchAction\",\"target\":{\"@type\":\"EntryPoint\",\"urlTemplate\":\"https:\/\/www.lovely-vip.com\/?s={search_term_string}\"},\"query-input\":{\"@type\":\"PropertyValueSpecification\",\"valueRequired\":true,\"valueName\":\"search_term_string\"}}],\"inLanguage\":\"uk\"}]}<\/script>\n<!-- \/ Yoast SEO plugin. -->","yoast_head_json":{"title":"Woda mineralna do rozpuszenia henny, 35 ml - Lovely Vip","robots":{"index":"index","follow":"follow","max-snippet":"max-snippet:-1","max-image-preview":"max-image-preview:large","max-video-preview":"max-video-preview:-1"},"canonical":"https:\/\/www.lovely-vip.com\/ua\/product\/woda-mineralna-do-rozpuszenia-henny-30-ml\/","og_locale":"uk_UA","og_type":"article","og_title":"Woda mineralna do rozpuszenia henny, 35 ml - Lovely Vip","og_description":"Woda mineralna do henny Specjalnie przygotowana woda, wzbogacona minera\u0142ami, idealnie nadaje si\u0119 do rozcie\u0144czania henny do brwi i zapewnia najlepsze efekty koloryzacji. Nie zawiera zanieczyszcze\u0144 i metali, kt\u00f3re przeszkadzaj\u0105 wnikaniu henny w struktur\u0119 w\u0142osa. Spos\u00f3b u\u017cycia: doda\u0107 kilka kropli do henny, aby uzyska\u0107 wymagan\u0105 konsystencj\u0119 produktu. Przechowywanie: przechowywa\u0107 w ch\u0142odnym, suchym miejscu niedost\u0119pnym dla dzieci. [...]","og_url":"https:\/\/www.lovely-vip.com\/ua\/product\/woda-mineralna-do-rozpuszenia-henny-30-ml\/","og_site_name":"Lovely Vip","article_modified_time":"2025-07-01T10:42:12+00:00","og_image":[{"width":1024,"height":1024,"url":"https:\/\/www.lovely-vip.com\/wp-content\/uploads\/2020\/08\/22235cd5808d8b585eab0e890de420cc.jpg","type":"image\/jpeg"}],"twitter_card":"summary_large_image","twitter_misc":{"\u041f\u0440\u0438\u0431\u043b. \u0447\u0430\u0441 \u0447\u0438\u0442\u0430\u043d\u043d\u044f":"1 \u0445\u0432\u0438\u043b\u0438\u043d\u0430"},"schema":{"@context":"https:\/\/schema.org","@graph":[{"@type":"WebPage","@id":"https:\/\/www.lovely-vip.com\/product\/woda-mineralna-do-rozpuszenia-henny-30-ml\/","url":"https:\/\/www.lovely-vip.com\/product\/woda-mineralna-do-rozpuszenia-henny-30-ml\/","name":"Woda mineralna do rozpuszenia henny, 35 ml - Lovely Vip","isPartOf":{"@id":"https:\/\/www.lovely-vip.com\/#website"},"primaryImageOfPage":{"@id":"https:\/\/www.lovely-vip.com\/product\/woda-mineralna-do-rozpuszenia-henny-30-ml\/#primaryimage"},"image":{"@id":"https:\/\/www.lovely-vip.com\/product\/woda-mineralna-do-rozpuszenia-henny-30-ml\/#primaryimage"},"thumbnailUrl":"https:\/\/www.lovely-vip.com\/wp-content\/uploads\/2020\/08\/22235cd5808d8b585eab0e890de420cc.jpg","datePublished":"2020-08-26T21:55:43+00:00","dateModified":"2025-07-01T10:42:12+00:00","breadcrumb":{"@id":"https:\/\/www.lovely-vip.com\/product\/woda-mineralna-do-rozpuszenia-henny-30-ml\/#breadcrumb"},"inLanguage":"uk","potentialAction":[{"@type":"ReadAction","target":["https:\/\/www.lovely-vip.com\/product\/woda-mineralna-do-rozpuszenia-henny-30-ml\/"]}]},{"@type":"ImageObject","inLanguage":"uk","@id":"https:\/\/www.lovely-vip.com\/product\/woda-mineralna-do-rozpuszenia-henny-30-ml\/#primaryimage","url":"https:\/\/www.lovely-vip.com\/wp-content\/uploads\/2020\/08\/22235cd5808d8b585eab0e890de420cc.jpg","contentUrl":"https:\/\/www.lovely-vip.com\/wp-content\/uploads\/2020\/08\/22235cd5808d8b585eab0e890de420cc.jpg","width":1024,"height":1024},{"@type":"BreadcrumbList","@id":"https:\/\/www.lovely-vip.com\/product\/woda-mineralna-do-rozpuszenia-henny-30-ml\/#breadcrumb","itemListElement":[{"@type":"ListItem","position":1,"name":"Strona g\u0142\u00f3wna","item":"https:\/\/www.lovely-vip.com\/"},{"@type":"ListItem","position":2,"name":"Sklep dla stylistek rz\u0119s i brwi","item":"https:\/\/www.lovely-vip.com\/shop\/"},{"@type":"ListItem","position":3,"name":"Woda mineralna do rozpuszenia henny, 35 ml"}]},{"@type":"WebSite","@id":"https:\/\/www.lovely-vip.com\/#website","url":"https:\/\/www.lovely-vip.com\/","name":"Lovely Vip","description":"\u041f\u0440\u043e\u0444\u0435\u0441\u0456\u0439\u043d\u0456 \u0437\u0430\u0441\u043e\u0431\u0438 \u043f\u043e \u0434\u043e\u0433\u043b\u044f\u0434\u0443 \u0437\u0430 \u0432\u0456\u044f\u043c\u0438 \u0442\u0430 \u0431\u0440\u043e\u0432\u0430\u043c\u0438","potentialAction":[{"@type":"SearchAction","target":{"@type":"EntryPoint","urlTemplate":"https:\/\/www.lovely-vip.com\/?s={search_term_string}"},"query-input":{"@type":"PropertyValueSpecification","valueRequired":true,"valueName":"search_term_string"}}],"inLanguage":"uk"}]}},"_links":{"self":[{"href":"https:\/\/www.lovely-vip.com\/ua\/wp-json\/wp\/v2\/product\/2046","targetHints":{"allow":["GET"]}}],"collection":[{"href":"https:\/\/www.lovely-vip.com\/ua\/wp-json\/wp\/v2\/product"}],"about":[{"href":"https:\/\/www.lovely-vip.com\/ua\/wp-json\/wp\/v2\/types\/product"}],"replies":[{"embeddable":true,"href":"https:\/\/www.lovely-vip.com\/ua\/wp-json\/wp\/v2\/comments?post=2046"}],"wp:featuredmedia":[{"embeddable":true,"href":"https:\/\/www.lovely-vip.com\/ua\/wp-json\/wp\/v2\/media\/3873"}],"wp:attachment":[{"href":"https:\/\/www.lovely-vip.com\/ua\/wp-json\/wp\/v2\/media?parent=2046"}],"wp:term":[{"taxonomy":"product_brand","embeddable":true,"href":"https:\/\/www.lovely-vip.com\/ua\/wp-json\/wp\/v2\/product_brand?post=2046"},{"taxonomy":"product_cat","embeddable":true,"href":"https:\/\/www.lovely-vip.com\/ua\/wp-json\/wp\/v2\/product_cat?post=2046"},{"taxonomy":"product_tag","embeddable":true,"href":"https:\/\/www.lovely-vip.com\/ua\/wp-json\/wp\/v2\/product_tag?post=2046"}],"curies":[{"name":"wp","href":"https:\/\/api.w.org\/{rel}","templated":true}]}}