{"id":2133,"date":"2020-08-27T16:40:24","date_gmt":"2020-08-27T14:40:24","guid":{"rendered":"http:\/\/new.lovely-vip.com\/?post_type=product&#038;p=2133"},"modified":"2026-04-27T19:00:55","modified_gmt":"2026-04-27T17:00:55","slug":"cleaner-do-rzes-o-zapachu-mango-15-ml","status":"publish","type":"product","link":"https:\/\/www.lovely-vip.com\/ua\/product\/cleaner-do-rzes-o-zapachu-mango-15-ml\/","title":{"rendered":"\u041e\u0447\u0438\u0449\u0443\u0432\u0430\u0447 \u0434\u043b\u044f \u0432\u0456\u0439 \u0437 \u0430\u0440\u043e\u043c\u0430\u0442\u043e\u043c \u043c\u0430\u043d\u0433\u043e, 15 \u043c\u043b"},"content":{"rendered":"<p>Lovely Cleaner, 15 \u043c\u043b<\/p>\n<p>\u041f\u0440\u043e\u0444\u0435\u0441\u0456\u0439\u043d\u0438\u0439 \u0437\u0430\u0441\u0456\u0431 \u0434\u043b\u044f \u0437\u043d\u0435\u0436\u0438\u0440\u0435\u043d\u043d\u044f \u0432\u0456\u0439 \u043f\u0435\u0440\u0435\u0434 \u043f\u0440\u043e\u0446\u0435\u0434\u0443\u0440\u043e\u044e<br \/>\n\u041f\u043e\u043f\u0435\u0440\u0435\u0434\u043d\u044f \u043e\u0431\u0440\u043e\u0431\u043a\u0430 \u0437 \u0430\u043f\u0435\u0442\u0438\u0442\u043d\u0438\u043c \u0430\u0440\u043e\u043c\u0430\u0442\u043e\u043c! \u0426\u0435 \u043f\u0440\u0435\u043f\u0430\u0440\u0430\u0442, \u044f\u043a\u0438\u0439 \u0447\u0443\u0434\u043e\u0432\u043e \u0441\u043f\u0440\u0430\u0432\u043b\u044f\u0454\u0442\u044c\u0441\u044f \u0437 \u043e\u0441\u043d\u043e\u0432\u043d\u0438\u043c\u0438 \u0444\u0443\u043d\u043a\u0446\u0456\u044f\u043c\u0438 - \u0437\u043d\u0435\u0436\u0438\u0440\u0435\u043d\u043d\u044f\u043c \u0442\u0430 \u043e\u0447\u0438\u0449\u0435\u043d\u043d\u044f\u043c - \u0456 \u043c\u0430\u0454 \u043d\u0456\u0436\u043d\u0438\u0439 \u0430\u0440\u043e\u043c\u0430\u0442.<br \/>\n\u0417\u0430\u0432\u0434\u044f\u043a\u0438 \u0446\u0456\u0439 \u043f\u043e\u043f\u0435\u0440\u0435\u0434\u043d\u0456\u0439 \u043e\u0431\u0440\u043e\u0431\u0446\u0456 \u0432\u0430\u043c \u043d\u0435 \u0434\u043e\u0432\u0435\u0434\u0435\u0442\u044c\u0441\u044f \u0442\u0443\u0440\u0431\u0443\u0432\u0430\u0442\u0438\u0441\u044f \u043f\u0440\u043e \u0456\u0434\u0435\u0430\u043b\u044c\u043d\u0443 \u043f\u0456\u0434\u0433\u043e\u0442\u043e\u0432\u043a\u0443 \u0432\u0456\u0439 \u0434\u043e \u043d\u0430\u0440\u043e\u0449\u0443\u0432\u0430\u043d\u043d\u044f.<br \/>\n\u0414\u043b\u044f \u043e\u0447\u0438\u0449\u0435\u043d\u043d\u044f \u0432\u0456\u0439 \u043d\u0430\u043d\u0435\u0441\u0456\u0442\u044c \u043d\u0435\u0432\u0435\u043b\u0438\u043a\u0443 \u043a\u0456\u043b\u044c\u043a\u0456\u0441\u0442\u044c \u0437\u0430\u0441\u043e\u0431\u0443 \u043d\u0430 \u0441\u043f\u0435\u0446\u0456\u0430\u043b\u044c\u043d\u0456 \u043f\u0430\u043b\u0438\u0447\u043a\u0438, \u043c\u0456\u043a\u0440\u043e\u0449\u0456\u0442\u043e\u0447\u043a\u0438 \u0456 \u043f\u0440\u043e\u0442\u0440\u0456\u0442\u044c \u0432\u0456\u0457, \u043f\u0440\u0438\u0434\u0456\u043b\u044f\u044e\u0447\u0438 \u043e\u0441\u043e\u0431\u043b\u0438\u0432\u0443 \u0443\u0432\u0430\u0433\u0443 \u043e\u0441\u043d\u043e\u0432\u0456 \u0432\u0456\u0439 \u0456 \u0434\u0456\u043b\u044f\u043d\u0446\u0456, \u0434\u0435 \u043d\u0430\u0442\u0443\u0440\u0430\u043b\u044c\u043d\u0456 \u0456 \u043d\u0430\u043a\u043b\u0430\u0434\u043d\u0456 \u0432\u0456\u0457 \u0441\u043a\u043b\u0435\u044e\u044e\u0442\u044c\u0441\u044f \u043c\u0456\u0436 \u0441\u043e\u0431\u043e\u044e.<br \/>\n\u0427\u0443\u0434\u043e\u0432\u0438\u0439 \u0430\u0440\u043e\u043c\u0430\u0442 \u043f\u0435\u0440\u0435\u0434 \u043f\u0440\u043e\u0446\u0435\u0434\u0443\u0440\u043e\u044e \u0441\u0442\u0432\u043e\u0440\u044e\u0454 \u0430\u0442\u043c\u043e\u0441\u0444\u0435\u0440\u0443 \u0441\u043f\u043e\u043a\u043e\u044e \u0456 \u0440\u043e\u0437\u0441\u043b\u0430\u0431\u043b\u0435\u043d\u043d\u044f, \u0437\u0430\u043b\u0438\u0448\u0430\u044e\u0447\u0438 \u0442\u0456\u043b\u044c\u043a\u0438 \u043f\u0440\u0438\u0454\u043c\u043d\u0456 \u0432\u0440\u0430\u0436\u0435\u043d\u043d\u044f \u0432\u0456\u0434 \u043b\u0456\u043a\u0443\u0432\u0430\u043d\u043d\u044f.<br \/>\n\u0417\u0430\u043b\u0435\u0436\u043d\u043e \u0432\u0456\u0434 \u0432\u0438\u043a\u043e\u0440\u0438\u0441\u0442\u0430\u043d\u043d\u044f \u043c\u0456\u043a\u0440\u043e\u0431\u0440\u0430\u0448\u0443, \u043f\u0440\u043e\u0434\u0443\u043a\u0442\u0443 \u0432\u0438\u0441\u0442\u0430\u0447\u0438\u0442\u044c \u043d\u0430 150 \u043f\u0440\u043e\u0446\u0435\u0434\u0443\u0440!<br \/>\n\u041f\u0440\u0435\u043f\u0430\u0440\u0430\u0442 \u0441\u043b\u0456\u0434 \u0437\u0431\u0435\u0440\u0456\u0433\u0430\u0442\u0438 \u0432 \u0437\u0430\u043a\u0440\u0438\u0442\u043e\u043c\u0443 \u0432\u0438\u0433\u043b\u044f\u0434\u0456 \u0432 \u043f\u0440\u043e\u0445\u043e\u043b\u043e\u0434\u043d\u043e\u043c\u0443 \u043c\u0456\u0441\u0446\u0456.<\/p>","protected":false},"excerpt":{"rendered":"<p>Cleaner Lovely, 15 ml Profesjonalny preparat do odt\u0142uszczania rz\u0119s przed zabiegiem Obr\u00f3bka wst\u0119pna z apetycznym aromatem! To preparat, kt\u00f3ry doskonale radzi sobie z g\u0142\u00f3wnymi funkcjami \u2013 odt\u0142uszczaniem i czyszczeniem oraz ma dyskretny aromat. Dzi\u0119ki tej wst\u0119pnej obr\u00f3bce nie musisz si\u0119 martwi\u0107 o idealne przygotowanie rz\u0119s do przed\u0142u\u017cania. Aby oczy\u015bci\u0107 rz\u0119sy, na\u0142\u00f3\u017c niewielk\u0105 ilo\u015b\u0107 wst\u0119pnej obr\u00f3bki [&#8230;]\n","protected":false},"featured_media":26406,"comment_status":"closed","ping_status":"closed","template":"","meta":[],"product_brand":[],"product_cat":[73,293],"product_tag":[],"class_list":{"0":"post-2133","1":"product","2":"type-product","3":"status-publish","4":"has-post-thumbnail","6":"product_cat-cleanery","7":"product_cat-lovely","9":"first","10":"instock","11":"purchasable","12":"product-type-simple"},"yoast_head":"<!-- This site is optimized with the Yoast SEO plugin v25.4 - https:\/\/yoast.com\/wordpress\/plugins\/seo\/ -->\n<title>Cleaner do rz\u0119s o zapachu mango, 15 ml - Lovely Vip<\/title>\n<meta name=\"robots\" content=\"index, follow, max-snippet:-1, max-image-preview:large, max-video-preview:-1\" \/>\n<link rel=\"canonical\" href=\"https:\/\/www.lovely-vip.com\/ua\/product\/cleaner-do-rzes-o-zapachu-mango-15-ml\/\" \/>\n<meta property=\"og:locale\" content=\"uk_UA\" \/>\n<meta property=\"og:type\" content=\"article\" \/>\n<meta property=\"og:title\" content=\"Cleaner do rz\u0119s o zapachu mango, 15 ml - Lovely Vip\" \/>\n<meta property=\"og:description\" content=\"Cleaner Lovely, 15 ml Profesjonalny preparat do odt\u0142uszczania rz\u0119s przed zabiegiem Obr\u00f3bka wst\u0119pna z apetycznym aromatem! To preparat, kt\u00f3ry doskonale radzi sobie z g\u0142\u00f3wnymi funkcjami \u2013 odt\u0142uszczaniem i czyszczeniem oraz ma dyskretny aromat. Dzi\u0119ki tej wst\u0119pnej obr\u00f3bce nie musisz si\u0119 martwi\u0107 o idealne przygotowanie rz\u0119s do przed\u0142u\u017cania. Aby oczy\u015bci\u0107 rz\u0119sy, na\u0142\u00f3\u017c niewielk\u0105 ilo\u015b\u0107 wst\u0119pnej obr\u00f3bki [...]\" \/>\n<meta property=\"og:url\" content=\"https:\/\/www.lovely-vip.com\/ua\/product\/cleaner-do-rzes-o-zapachu-mango-15-ml\/\" \/>\n<meta property=\"og:site_name\" content=\"Lovely Vip\" \/>\n<meta property=\"article:modified_time\" content=\"2026-04-27T17:00:55+00:00\" \/>\n<meta property=\"og:image\" content=\"https:\/\/www.lovely-vip.com\/wp-content\/uploads\/2020\/08\/6e7e3f9975bf192c5bed4eb201cc838b.png\" \/>\n\t<meta property=\"og:image:width\" content=\"1080\" \/>\n\t<meta property=\"og:image:height\" content=\"1080\" \/>\n\t<meta property=\"og:image:type\" content=\"image\/png\" \/>\n<meta name=\"twitter:card\" content=\"summary_large_image\" \/>\n<meta name=\"twitter:label1\" content=\"\u041f\u0440\u0438\u0431\u043b. \u0447\u0430\u0441 \u0447\u0438\u0442\u0430\u043d\u043d\u044f\" \/>\n\t<meta name=\"twitter:data1\" content=\"1 \u0445\u0432\u0438\u043b\u0438\u043d\u0430\" \/>\n<script type=\"application\/ld+json\" class=\"yoast-schema-graph\">{\"@context\":\"https:\/\/schema.org\",\"@graph\":[{\"@type\":\"WebPage\",\"@id\":\"https:\/\/www.lovely-vip.com\/product\/cleaner-do-rzes-o-zapachu-mango-15-ml\/\",\"url\":\"https:\/\/www.lovely-vip.com\/product\/cleaner-do-rzes-o-zapachu-mango-15-ml\/\",\"name\":\"Cleaner do rz\u0119s o zapachu mango, 15 ml - Lovely Vip\",\"isPartOf\":{\"@id\":\"https:\/\/www.lovely-vip.com\/#website\"},\"primaryImageOfPage\":{\"@id\":\"https:\/\/www.lovely-vip.com\/product\/cleaner-do-rzes-o-zapachu-mango-15-ml\/#primaryimage\"},\"image\":{\"@id\":\"https:\/\/www.lovely-vip.com\/product\/cleaner-do-rzes-o-zapachu-mango-15-ml\/#primaryimage\"},\"thumbnailUrl\":\"https:\/\/www.lovely-vip.com\/wp-content\/uploads\/2020\/08\/6e7e3f9975bf192c5bed4eb201cc838b.png\",\"datePublished\":\"2020-08-27T14:40:24+00:00\",\"dateModified\":\"2026-04-27T17:00:55+00:00\",\"breadcrumb\":{\"@id\":\"https:\/\/www.lovely-vip.com\/product\/cleaner-do-rzes-o-zapachu-mango-15-ml\/#breadcrumb\"},\"inLanguage\":\"uk\",\"potentialAction\":[{\"@type\":\"ReadAction\",\"target\":[\"https:\/\/www.lovely-vip.com\/product\/cleaner-do-rzes-o-zapachu-mango-15-ml\/\"]}]},{\"@type\":\"ImageObject\",\"inLanguage\":\"uk\",\"@id\":\"https:\/\/www.lovely-vip.com\/product\/cleaner-do-rzes-o-zapachu-mango-15-ml\/#primaryimage\",\"url\":\"https:\/\/www.lovely-vip.com\/wp-content\/uploads\/2020\/08\/6e7e3f9975bf192c5bed4eb201cc838b.png\",\"contentUrl\":\"https:\/\/www.lovely-vip.com\/wp-content\/uploads\/2020\/08\/6e7e3f9975bf192c5bed4eb201cc838b.png\",\"width\":1080,\"height\":1080},{\"@type\":\"BreadcrumbList\",\"@id\":\"https:\/\/www.lovely-vip.com\/product\/cleaner-do-rzes-o-zapachu-mango-15-ml\/#breadcrumb\",\"itemListElement\":[{\"@type\":\"ListItem\",\"position\":1,\"name\":\"Strona g\u0142\u00f3wna\",\"item\":\"https:\/\/www.lovely-vip.com\/\"},{\"@type\":\"ListItem\",\"position\":2,\"name\":\"Sklep dla stylistek rz\u0119s i brwi\",\"item\":\"https:\/\/www.lovely-vip.com\/shop\/\"},{\"@type\":\"ListItem\",\"position\":3,\"name\":\"Cleaner do rz\u0119s o zapachu mango, 15 ml\"}]},{\"@type\":\"WebSite\",\"@id\":\"https:\/\/www.lovely-vip.com\/#website\",\"url\":\"https:\/\/www.lovely-vip.com\/\",\"name\":\"Lovely Vip\",\"description\":\"Profesjonalne produkty do piel\u0119gnacji rz\u0119s i brwi\",\"potentialAction\":[{\"@type\":\"SearchAction\",\"target\":{\"@type\":\"EntryPoint\",\"urlTemplate\":\"https:\/\/www.lovely-vip.com\/?s={search_term_string}\"},\"query-input\":{\"@type\":\"PropertyValueSpecification\",\"valueRequired\":true,\"valueName\":\"search_term_string\"}}],\"inLanguage\":\"uk\"}]}<\/script>\n<!-- \/ Yoast SEO plugin. -->","yoast_head_json":{"title":"Cleaner do rz\u0119s o zapachu mango, 15 ml - Lovely Vip","robots":{"index":"index","follow":"follow","max-snippet":"max-snippet:-1","max-image-preview":"max-image-preview:large","max-video-preview":"max-video-preview:-1"},"canonical":"https:\/\/www.lovely-vip.com\/ua\/product\/cleaner-do-rzes-o-zapachu-mango-15-ml\/","og_locale":"uk_UA","og_type":"article","og_title":"Cleaner do rz\u0119s o zapachu mango, 15 ml - Lovely Vip","og_description":"Cleaner Lovely, 15 ml Profesjonalny preparat do odt\u0142uszczania rz\u0119s przed zabiegiem Obr\u00f3bka wst\u0119pna z apetycznym aromatem! To preparat, kt\u00f3ry doskonale radzi sobie z g\u0142\u00f3wnymi funkcjami \u2013 odt\u0142uszczaniem i czyszczeniem oraz ma dyskretny aromat. Dzi\u0119ki tej wst\u0119pnej obr\u00f3bce nie musisz si\u0119 martwi\u0107 o idealne przygotowanie rz\u0119s do przed\u0142u\u017cania. Aby oczy\u015bci\u0107 rz\u0119sy, na\u0142\u00f3\u017c niewielk\u0105 ilo\u015b\u0107 wst\u0119pnej obr\u00f3bki [...]","og_url":"https:\/\/www.lovely-vip.com\/ua\/product\/cleaner-do-rzes-o-zapachu-mango-15-ml\/","og_site_name":"Lovely Vip","article_modified_time":"2026-04-27T17:00:55+00:00","og_image":[{"width":1080,"height":1080,"url":"https:\/\/www.lovely-vip.com\/wp-content\/uploads\/2020\/08\/6e7e3f9975bf192c5bed4eb201cc838b.png","type":"image\/png"}],"twitter_card":"summary_large_image","twitter_misc":{"\u041f\u0440\u0438\u0431\u043b. \u0447\u0430\u0441 \u0447\u0438\u0442\u0430\u043d\u043d\u044f":"1 \u0445\u0432\u0438\u043b\u0438\u043d\u0430"},"schema":{"@context":"https:\/\/schema.org","@graph":[{"@type":"WebPage","@id":"https:\/\/www.lovely-vip.com\/product\/cleaner-do-rzes-o-zapachu-mango-15-ml\/","url":"https:\/\/www.lovely-vip.com\/product\/cleaner-do-rzes-o-zapachu-mango-15-ml\/","name":"Cleaner do rz\u0119s o zapachu mango, 15 ml - Lovely Vip","isPartOf":{"@id":"https:\/\/www.lovely-vip.com\/#website"},"primaryImageOfPage":{"@id":"https:\/\/www.lovely-vip.com\/product\/cleaner-do-rzes-o-zapachu-mango-15-ml\/#primaryimage"},"image":{"@id":"https:\/\/www.lovely-vip.com\/product\/cleaner-do-rzes-o-zapachu-mango-15-ml\/#primaryimage"},"thumbnailUrl":"https:\/\/www.lovely-vip.com\/wp-content\/uploads\/2020\/08\/6e7e3f9975bf192c5bed4eb201cc838b.png","datePublished":"2020-08-27T14:40:24+00:00","dateModified":"2026-04-27T17:00:55+00:00","breadcrumb":{"@id":"https:\/\/www.lovely-vip.com\/product\/cleaner-do-rzes-o-zapachu-mango-15-ml\/#breadcrumb"},"inLanguage":"uk","potentialAction":[{"@type":"ReadAction","target":["https:\/\/www.lovely-vip.com\/product\/cleaner-do-rzes-o-zapachu-mango-15-ml\/"]}]},{"@type":"ImageObject","inLanguage":"uk","@id":"https:\/\/www.lovely-vip.com\/product\/cleaner-do-rzes-o-zapachu-mango-15-ml\/#primaryimage","url":"https:\/\/www.lovely-vip.com\/wp-content\/uploads\/2020\/08\/6e7e3f9975bf192c5bed4eb201cc838b.png","contentUrl":"https:\/\/www.lovely-vip.com\/wp-content\/uploads\/2020\/08\/6e7e3f9975bf192c5bed4eb201cc838b.png","width":1080,"height":1080},{"@type":"BreadcrumbList","@id":"https:\/\/www.lovely-vip.com\/product\/cleaner-do-rzes-o-zapachu-mango-15-ml\/#breadcrumb","itemListElement":[{"@type":"ListItem","position":1,"name":"Strona g\u0142\u00f3wna","item":"https:\/\/www.lovely-vip.com\/"},{"@type":"ListItem","position":2,"name":"Sklep dla stylistek rz\u0119s i brwi","item":"https:\/\/www.lovely-vip.com\/shop\/"},{"@type":"ListItem","position":3,"name":"Cleaner do rz\u0119s o zapachu mango, 15 ml"}]},{"@type":"WebSite","@id":"https:\/\/www.lovely-vip.com\/#website","url":"https:\/\/www.lovely-vip.com\/","name":"Lovely Vip","description":"\u041f\u0440\u043e\u0444\u0435\u0441\u0456\u0439\u043d\u0456 \u0437\u0430\u0441\u043e\u0431\u0438 \u043f\u043e \u0434\u043e\u0433\u043b\u044f\u0434\u0443 \u0437\u0430 \u0432\u0456\u044f\u043c\u0438 \u0442\u0430 \u0431\u0440\u043e\u0432\u0430\u043c\u0438","potentialAction":[{"@type":"SearchAction","target":{"@type":"EntryPoint","urlTemplate":"https:\/\/www.lovely-vip.com\/?s={search_term_string}"},"query-input":{"@type":"PropertyValueSpecification","valueRequired":true,"valueName":"search_term_string"}}],"inLanguage":"uk"}]}},"_links":{"self":[{"href":"https:\/\/www.lovely-vip.com\/ua\/wp-json\/wp\/v2\/product\/2133","targetHints":{"allow":["GET"]}}],"collection":[{"href":"https:\/\/www.lovely-vip.com\/ua\/wp-json\/wp\/v2\/product"}],"about":[{"href":"https:\/\/www.lovely-vip.com\/ua\/wp-json\/wp\/v2\/types\/product"}],"replies":[{"embeddable":true,"href":"https:\/\/www.lovely-vip.com\/ua\/wp-json\/wp\/v2\/comments?post=2133"}],"wp:featuredmedia":[{"embeddable":true,"href":"https:\/\/www.lovely-vip.com\/ua\/wp-json\/wp\/v2\/media\/26406"}],"wp:attachment":[{"href":"https:\/\/www.lovely-vip.com\/ua\/wp-json\/wp\/v2\/media?parent=2133"}],"wp:term":[{"taxonomy":"product_brand","embeddable":true,"href":"https:\/\/www.lovely-vip.com\/ua\/wp-json\/wp\/v2\/product_brand?post=2133"},{"taxonomy":"product_cat","embeddable":true,"href":"https:\/\/www.lovely-vip.com\/ua\/wp-json\/wp\/v2\/product_cat?post=2133"},{"taxonomy":"product_tag","embeddable":true,"href":"https:\/\/www.lovely-vip.com\/ua\/wp-json\/wp\/v2\/product_tag?post=2133"}],"curies":[{"name":"wp","href":"https:\/\/api.w.org\/{rel}","templated":true}]}}