{"id":25044,"date":"2024-12-10T12:42:41","date_gmt":"2024-12-10T11:42:41","guid":{"rendered":"https:\/\/www.lovely-vip.com\/?post_type=product&#038;p=25044"},"modified":"2026-03-05T12:59:20","modified_gmt":"2026-03-05T11:59:20","slug":"darck-brown-monaco-pojedyncze","status":"publish","type":"product","link":"https:\/\/www.lovely-vip.com\/ua\/product\/darck-brown-monaco-pojedyncze\/","title":{"rendered":"\u041f\u0440\u0435\u043a\u0440\u0430\u0441\u043d\u0456 \u043a\u043e\u0440\u0438\u0447\u043d\u0435\u0432\u0456 \u0432\u0456\u0457 \u041c\u043e\u043d\u0430\u043a\u043e \u043e\u0434\u0438\u043d\u0430\u0440\u043d\u0456"},"content":{"rendered":"","protected":false},"excerpt":{"rendered":"<p>\u0411\u0440\u0435\u043d\u0434 LOVELY \u0441\u0442\u0432\u043e\u0440\u0438\u0432 \u0434\u043b\u044f \u0432\u0430\u0441 \u043d\u043e\u0432\u0443 \u043b\u0456\u043d\u0456\u0439\u043a\u0443 \u0442\u0435\u043c\u043d\u043e-\u043a\u043e\u0440\u0438\u0447\u043d\u0435\u0432\u0438\u0445 \u0432\u0456\u0439 MONACO!<\/p>\n<p>\u0413\u043b\u0438\u0431\u043e\u043a\u0438\u0439 \u0432\u0456\u0434\u0442\u0456\u043d\u043e\u043a \u043a\u043e\u043b\u044c\u043e\u0440\u0443 \u0437\u0430\u0431\u0435\u0437\u043f\u0435\u0447\u0443\u0454 \u043f\u0440\u0438\u0432\u0430\u0431\u043b\u0438\u0432\u0438\u0439 \u0456 \u0440\u043e\u0437\u043a\u0456\u0448\u043d\u0438\u0439 \u0432\u0438\u0433\u043b\u044f\u0434.<\/p>\n<p>\u0412\u0456\u0457 LOVELY MONACO \u0432\u0438\u0433\u043e\u0442\u043e\u0432\u043b\u0435\u043d\u0456 \u0437 \u043d\u043e\u0432\u043e\u0457 \u0441\u0435\u0440\u0456\u0457 \u043a\u043e\u0440\u0435\u0439\u0441\u044c\u043a\u0438\u0445 \u0442\u043e\u0442\u0430\u043b\u044c\u043d\u0438\u0445 \u043a\u043e\u0440\u0438\u0447\u043d\u0435\u0432\u0438\u0445 \u0432\u043e\u043b\u043e\u043a\u043e\u043d.<\/p>\n<p>Total Brown - \u0446\u0435 \u043f\u043e\u043a\u0440\u0430\u0449\u0435\u043d\u0430 \u0432\u0435\u0440\u0441\u0456\u044f \u043a\u043b\u0430\u0441\u0438\u0447\u043d\u043e\u0433\u043e \u043a\u043e\u0440\u0438\u0447\u043d\u0435\u0432\u043e\u0433\u043e \u0432\u043e\u043b\u043e\u043a\u043d\u0430:<\/p>\n<p>\u0431\u0456\u043b\u044c\u0448 \u0433\u043b\u0438\u0431\u043e\u043a\u0438\u0439 \u0456 \u043c'\u044f\u043a\u0438\u0439 \u0432\u0456\u0434\u0442\u0456\u043d\u043e\u043a \u0448\u043e\u043a\u043e\u043b\u0430\u0434\u043d\u043e\u0433\u043e \u043f\u0456\u0433\u043c\u0435\u043d\u0442\u0443, \u043d\u0430\u0441\u0438\u0447\u0435\u043d\u0438\u0439 \u0456 \u043d\u0435 \u043d\u0430\u0434\u0442\u043e \u0442\u0435\u043c\u043d\u0438\u0439 \u0442\u0435\u043f\u043b\u0438\u0439 \u0431\u043b\u0430\u0433\u043e\u0440\u043e\u0434\u043d\u0438\u0439 \u043a\u043e\u0440\u0438\u0447\u043d\u0435\u0432\u0438\u0439 \u0432\u0456\u0434\u0442\u0456\u043d\u043e\u043a.<\/p>","protected":false},"featured_media":25077,"comment_status":"open","ping_status":"closed","template":"","meta":[],"product_brand":[],"product_cat":[80,293,78],"product_tag":[],"class_list":{"0":"post-25044","1":"product","2":"type-product","3":"status-publish","4":"has-post-thumbnail","6":"product_cat-brazowe-rzesy","7":"product_cat-lovely","8":"product_cat-rzesy","10":"first","11":"instock","12":"sale","13":"shipping-taxable","14":"purchasable","15":"product-type-variable"},"yoast_head":"<!-- This site is optimized with the Yoast SEO plugin v25.4 - https:\/\/yoast.com\/wordpress\/plugins\/seo\/ -->\n<title>Rz\u0119sy br\u0105zowe Lovely Monaco pojedyncze - Lovely Vip<\/title>\n<meta name=\"robots\" content=\"index, follow, max-snippet:-1, max-image-preview:large, max-video-preview:-1\" \/>\n<link rel=\"canonical\" href=\"https:\/\/www.lovely-vip.com\/ua\/product\/darck-brown-monaco-pojedyncze\/\" \/>\n<meta property=\"og:locale\" content=\"uk_UA\" \/>\n<meta property=\"og:type\" content=\"article\" \/>\n<meta property=\"og:title\" content=\"Rz\u0119sy br\u0105zowe Lovely Monaco pojedyncze - Lovely Vip\" \/>\n<meta property=\"og:description\" content=\"Marka LOVELY stworzy\u0142a dla Ciebie now\u0105 lini\u0119 ciemnobr\u0105zowych rz\u0119s MONACO!  G\u0142\u0119boki odcie\u0144 koloru zapewnia atrakcyjny i luksusowy wygl\u0105d.  Rz\u0119sy LOVELY MONACO wykonane s\u0105 z nowej serii korea\u0144skich w\u0142\u00f3kien total brown.  Total Brown to ulepszona wersja klasycznego br\u0105zowego w\u0142\u00f3kna:  g\u0142\u0119bszy i bardziej mi\u0119kki odcie\u0144 czekoladowego pigmentu, bogaty i niezbyt ciemny ciep\u0142y szlachetny odcie\u0144 br\u0105zu.\" \/>\n<meta property=\"og:url\" content=\"https:\/\/www.lovely-vip.com\/ua\/product\/darck-brown-monaco-pojedyncze\/\" \/>\n<meta property=\"og:site_name\" content=\"Lovely Vip\" \/>\n<meta property=\"article:modified_time\" content=\"2026-03-05T11:59:20+00:00\" \/>\n<meta property=\"og:image\" content=\"https:\/\/www.lovely-vip.com\/wp-content\/uploads\/2024\/12\/e41eddc92106c7e0b96f629fc2c87da4.jpg\" \/>\n\t<meta property=\"og:image:width\" content=\"1080\" \/>\n\t<meta property=\"og:image:height\" content=\"1080\" \/>\n\t<meta property=\"og:image:type\" content=\"image\/jpeg\" \/>\n<meta name=\"twitter:card\" content=\"summary_large_image\" \/>\n<meta name=\"twitter:label1\" content=\"\u041f\u0440\u0438\u0431\u043b. \u0447\u0430\u0441 \u0447\u0438\u0442\u0430\u043d\u043d\u044f\" \/>\n\t<meta name=\"twitter:data1\" content=\"1 \u0445\u0432\u0438\u043b\u0438\u043d\u0430\" \/>\n<script type=\"application\/ld+json\" class=\"yoast-schema-graph\">{\"@context\":\"https:\/\/schema.org\",\"@graph\":[{\"@type\":\"WebPage\",\"@id\":\"https:\/\/www.lovely-vip.com\/product\/darck-brown-monaco-pojedyncze\/\",\"url\":\"https:\/\/www.lovely-vip.com\/product\/darck-brown-monaco-pojedyncze\/\",\"name\":\"Rz\u0119sy br\u0105zowe Lovely Monaco pojedyncze - Lovely Vip\",\"isPartOf\":{\"@id\":\"https:\/\/www.lovely-vip.com\/#website\"},\"primaryImageOfPage\":{\"@id\":\"https:\/\/www.lovely-vip.com\/product\/darck-brown-monaco-pojedyncze\/#primaryimage\"},\"image\":{\"@id\":\"https:\/\/www.lovely-vip.com\/product\/darck-brown-monaco-pojedyncze\/#primaryimage\"},\"thumbnailUrl\":\"https:\/\/www.lovely-vip.com\/wp-content\/uploads\/2024\/12\/e41eddc92106c7e0b96f629fc2c87da4.jpg\",\"datePublished\":\"2024-12-10T11:42:41+00:00\",\"dateModified\":\"2026-03-05T11:59:20+00:00\",\"breadcrumb\":{\"@id\":\"https:\/\/www.lovely-vip.com\/product\/darck-brown-monaco-pojedyncze\/#breadcrumb\"},\"inLanguage\":\"uk\",\"potentialAction\":[{\"@type\":\"ReadAction\",\"target\":[\"https:\/\/www.lovely-vip.com\/product\/darck-brown-monaco-pojedyncze\/\"]}]},{\"@type\":\"ImageObject\",\"inLanguage\":\"uk\",\"@id\":\"https:\/\/www.lovely-vip.com\/product\/darck-brown-monaco-pojedyncze\/#primaryimage\",\"url\":\"https:\/\/www.lovely-vip.com\/wp-content\/uploads\/2024\/12\/e41eddc92106c7e0b96f629fc2c87da4.jpg\",\"contentUrl\":\"https:\/\/www.lovely-vip.com\/wp-content\/uploads\/2024\/12\/e41eddc92106c7e0b96f629fc2c87da4.jpg\",\"width\":1080,\"height\":1080},{\"@type\":\"BreadcrumbList\",\"@id\":\"https:\/\/www.lovely-vip.com\/product\/darck-brown-monaco-pojedyncze\/#breadcrumb\",\"itemListElement\":[{\"@type\":\"ListItem\",\"position\":1,\"name\":\"Strona g\u0142\u00f3wna\",\"item\":\"https:\/\/www.lovely-vip.com\/\"},{\"@type\":\"ListItem\",\"position\":2,\"name\":\"Sklep dla stylistek rz\u0119s i brwi\",\"item\":\"https:\/\/www.lovely-vip.com\/shop\/\"},{\"@type\":\"ListItem\",\"position\":3,\"name\":\"Rz\u0119sy br\u0105zowe Lovely Monaco pojedyncze\"}]},{\"@type\":\"WebSite\",\"@id\":\"https:\/\/www.lovely-vip.com\/#website\",\"url\":\"https:\/\/www.lovely-vip.com\/\",\"name\":\"Lovely Vip\",\"description\":\"Profesjonalne produkty do piel\u0119gnacji rz\u0119s i brwi\",\"potentialAction\":[{\"@type\":\"SearchAction\",\"target\":{\"@type\":\"EntryPoint\",\"urlTemplate\":\"https:\/\/www.lovely-vip.com\/?s={search_term_string}\"},\"query-input\":{\"@type\":\"PropertyValueSpecification\",\"valueRequired\":true,\"valueName\":\"search_term_string\"}}],\"inLanguage\":\"uk\"}]}<\/script>\n<!-- \/ Yoast SEO plugin. -->","yoast_head_json":{"title":"Rz\u0119sy br\u0105zowe Lovely Monaco pojedyncze - Lovely Vip","robots":{"index":"index","follow":"follow","max-snippet":"max-snippet:-1","max-image-preview":"max-image-preview:large","max-video-preview":"max-video-preview:-1"},"canonical":"https:\/\/www.lovely-vip.com\/ua\/product\/darck-brown-monaco-pojedyncze\/","og_locale":"uk_UA","og_type":"article","og_title":"Rz\u0119sy br\u0105zowe Lovely Monaco pojedyncze - Lovely Vip","og_description":"Marka LOVELY stworzy\u0142a dla Ciebie now\u0105 lini\u0119 ciemnobr\u0105zowych rz\u0119s MONACO!  G\u0142\u0119boki odcie\u0144 koloru zapewnia atrakcyjny i luksusowy wygl\u0105d.  Rz\u0119sy LOVELY MONACO wykonane s\u0105 z nowej serii korea\u0144skich w\u0142\u00f3kien total brown.  Total Brown to ulepszona wersja klasycznego br\u0105zowego w\u0142\u00f3kna:  g\u0142\u0119bszy i bardziej mi\u0119kki odcie\u0144 czekoladowego pigmentu, bogaty i niezbyt ciemny ciep\u0142y szlachetny odcie\u0144 br\u0105zu.","og_url":"https:\/\/www.lovely-vip.com\/ua\/product\/darck-brown-monaco-pojedyncze\/","og_site_name":"Lovely Vip","article_modified_time":"2026-03-05T11:59:20+00:00","og_image":[{"width":1080,"height":1080,"url":"https:\/\/www.lovely-vip.com\/wp-content\/uploads\/2024\/12\/e41eddc92106c7e0b96f629fc2c87da4.jpg","type":"image\/jpeg"}],"twitter_card":"summary_large_image","twitter_misc":{"\u041f\u0440\u0438\u0431\u043b. \u0447\u0430\u0441 \u0447\u0438\u0442\u0430\u043d\u043d\u044f":"1 \u0445\u0432\u0438\u043b\u0438\u043d\u0430"},"schema":{"@context":"https:\/\/schema.org","@graph":[{"@type":"WebPage","@id":"https:\/\/www.lovely-vip.com\/product\/darck-brown-monaco-pojedyncze\/","url":"https:\/\/www.lovely-vip.com\/product\/darck-brown-monaco-pojedyncze\/","name":"Rz\u0119sy br\u0105zowe Lovely Monaco pojedyncze - Lovely Vip","isPartOf":{"@id":"https:\/\/www.lovely-vip.com\/#website"},"primaryImageOfPage":{"@id":"https:\/\/www.lovely-vip.com\/product\/darck-brown-monaco-pojedyncze\/#primaryimage"},"image":{"@id":"https:\/\/www.lovely-vip.com\/product\/darck-brown-monaco-pojedyncze\/#primaryimage"},"thumbnailUrl":"https:\/\/www.lovely-vip.com\/wp-content\/uploads\/2024\/12\/e41eddc92106c7e0b96f629fc2c87da4.jpg","datePublished":"2024-12-10T11:42:41+00:00","dateModified":"2026-03-05T11:59:20+00:00","breadcrumb":{"@id":"https:\/\/www.lovely-vip.com\/product\/darck-brown-monaco-pojedyncze\/#breadcrumb"},"inLanguage":"uk","potentialAction":[{"@type":"ReadAction","target":["https:\/\/www.lovely-vip.com\/product\/darck-brown-monaco-pojedyncze\/"]}]},{"@type":"ImageObject","inLanguage":"uk","@id":"https:\/\/www.lovely-vip.com\/product\/darck-brown-monaco-pojedyncze\/#primaryimage","url":"https:\/\/www.lovely-vip.com\/wp-content\/uploads\/2024\/12\/e41eddc92106c7e0b96f629fc2c87da4.jpg","contentUrl":"https:\/\/www.lovely-vip.com\/wp-content\/uploads\/2024\/12\/e41eddc92106c7e0b96f629fc2c87da4.jpg","width":1080,"height":1080},{"@type":"BreadcrumbList","@id":"https:\/\/www.lovely-vip.com\/product\/darck-brown-monaco-pojedyncze\/#breadcrumb","itemListElement":[{"@type":"ListItem","position":1,"name":"Strona g\u0142\u00f3wna","item":"https:\/\/www.lovely-vip.com\/"},{"@type":"ListItem","position":2,"name":"Sklep dla stylistek rz\u0119s i brwi","item":"https:\/\/www.lovely-vip.com\/shop\/"},{"@type":"ListItem","position":3,"name":"Rz\u0119sy br\u0105zowe Lovely Monaco pojedyncze"}]},{"@type":"WebSite","@id":"https:\/\/www.lovely-vip.com\/#website","url":"https:\/\/www.lovely-vip.com\/","name":"Lovely Vip","description":"\u041f\u0440\u043e\u0444\u0435\u0441\u0456\u0439\u043d\u0456 \u0437\u0430\u0441\u043e\u0431\u0438 \u043f\u043e \u0434\u043e\u0433\u043b\u044f\u0434\u0443 \u0437\u0430 \u0432\u0456\u044f\u043c\u0438 \u0442\u0430 \u0431\u0440\u043e\u0432\u0430\u043c\u0438","potentialAction":[{"@type":"SearchAction","target":{"@type":"EntryPoint","urlTemplate":"https:\/\/www.lovely-vip.com\/?s={search_term_string}"},"query-input":{"@type":"PropertyValueSpecification","valueRequired":true,"valueName":"search_term_string"}}],"inLanguage":"uk"}]}},"_links":{"self":[{"href":"https:\/\/www.lovely-vip.com\/ua\/wp-json\/wp\/v2\/product\/25044","targetHints":{"allow":["GET"]}}],"collection":[{"href":"https:\/\/www.lovely-vip.com\/ua\/wp-json\/wp\/v2\/product"}],"about":[{"href":"https:\/\/www.lovely-vip.com\/ua\/wp-json\/wp\/v2\/types\/product"}],"replies":[{"embeddable":true,"href":"https:\/\/www.lovely-vip.com\/ua\/wp-json\/wp\/v2\/comments?post=25044"}],"wp:featuredmedia":[{"embeddable":true,"href":"https:\/\/www.lovely-vip.com\/ua\/wp-json\/wp\/v2\/media\/25077"}],"wp:attachment":[{"href":"https:\/\/www.lovely-vip.com\/ua\/wp-json\/wp\/v2\/media?parent=25044"}],"wp:term":[{"taxonomy":"product_brand","embeddable":true,"href":"https:\/\/www.lovely-vip.com\/ua\/wp-json\/wp\/v2\/product_brand?post=25044"},{"taxonomy":"product_cat","embeddable":true,"href":"https:\/\/www.lovely-vip.com\/ua\/wp-json\/wp\/v2\/product_cat?post=25044"},{"taxonomy":"product_tag","embeddable":true,"href":"https:\/\/www.lovely-vip.com\/ua\/wp-json\/wp\/v2\/product_tag?post=25044"}],"curies":[{"name":"wp","href":"https:\/\/api.w.org\/{rel}","templated":true}]}}