{"id":25380,"date":"2025-01-20T11:38:59","date_gmt":"2025-01-20T10:38:59","guid":{"rendered":"https:\/\/www.lovely-vip.com\/?post_type=product&#038;p=25380"},"modified":"2025-10-21T11:38:57","modified_gmt":"2025-10-21T09:38:57","slug":"peseta-do-rzes-staleks-expert-40-type-8","status":"publish","type":"product","link":"https:\/\/www.lovely-vip.com\/ua\/product\/peseta-do-rzes-staleks-expert-40-type-8\/","title":{"rendered":"\u041f\u0456\u043d\u0446\u0435\u0442 \u0434\u043b\u044f \u0432\u0456\u0439 Stalex EXPERT 40 TYPE 8"},"content":{"rendered":"","protected":false},"excerpt":{"rendered":"<ul>\n<li>\u041f\u0440\u043e\u0444\u0435\u0441\u0456\u0439\u043d\u0438\u0439 \u043f\u0456\u043d\u0446\u0435\u0442 \u0434\u043b\u044f \u0432\u0456\u0439 (\u0431\u0443\u043a\u0435\u0442, 85\u2032).<\/li>\n<li>\u041f\u0456\u0434\u0445\u043e\u0434\u0438\u0442\u044c \u0434\u043b\u044f \u0432\u0441\u0456\u0445 \u0442\u0438\u043f\u0456\u0432 \u043e\u0431'\u0454\u043c\u043d\u043e\u0433\u043e \u043c\u043e\u0434\u0435\u043b\u044e\u0432\u0430\u043d\u043d\u044f 2D - 8D.<\/li>\n<li>\u0406\u0434\u0435\u0430\u043b\u044c\u043d\u043e \u043f\u0456\u0434\u0445\u043e\u0434\u0438\u0442\u044c \u0434\u043b\u044f \u0432\u0438\u043a\u043e\u0440\u0438\u0441\u0442\u0430\u043d\u043d\u044f \u0432 \u0442\u0430\u043a\u0438\u0445 \u0442\u0435\u0445\u043d\u0456\u043a\u0430\u0445, \u044f\u043a \u0437\u0430\u0445\u043e\u043f\u043b\u0435\u043d\u043d\u044f \u0432\u0456\u0439 \u043f\u0430\u0440\u0430\u043b\u0435\u043b\u044c\u043d\u043e \u0441\u0442\u0440\u0456\u0447\u0446\u0456 \u0430\u0431\u043e \u0437\u0431\u0438\u0440\u0430\u043d\u043d\u044f \u0441\u043a\u0440\u0443\u0447\u0435\u043d\u043e\u0433\u043e \u043f\u0443\u0447\u043a\u0430 \u0432 \u0440\u0443\u0446\u0456.<\/li>\n<li>\u041c\u0456\u0446\u043d\u0435 \u0443\u0442\u0440\u0438\u043c\u0430\u043d\u043d\u044f \u043c\u0430\u0442\u0435\u0440\u0456\u0430\u043b\u0443 \u0437\u0430\u0432\u0434\u044f\u043a\u0438 \u0440\u0456\u0432\u043d\u043e\u043c\u0456\u0440\u043d\u043e\u043c\u0443 \u0437\u0447\u0435\u043f\u043b\u0435\u043d\u043d\u044e \u0440\u043e\u0431\u043e\u0447\u0438\u0445 \u043a\u0440\u043e\u043c\u043e\u043a \u043f\u043e \u0432\u0441\u0456\u0439 \u043f\u043e\u0432\u0435\u0440\u0445\u043d\u0456, \u0440\u043e\u0431\u043e\u0447\u043e\u043c\u0443 \u043d\u043e\u0441\u0438\u043a\u0443.<\/li>\n<li>\u041c'\u044f\u043a\u0438\u0439, \u043f\u043b\u0430\u0432\u043d\u0438\u0439 \u043c\u0435\u0445\u0430\u043d\u0456\u0437\u043c \u0437\u0430\u043a\u0440\u0438\u0442\u0442\u044f, \u044f\u043a\u0438\u0439 \u0437\u043c\u0435\u043d\u0448\u0443\u0454 \u0432\u0442\u043e\u043c\u0443 \u0440\u0443\u043a \u043f\u0456\u0434 \u0447\u0430\u0441 \u0432\u0438\u043a\u043e\u0440\u0438\u0441\u0442\u0430\u043d\u043d\u044f, \u0437\u0430\u0432\u0434\u044f\u043a\u0438 \u0442\u0440\u044c\u043e\u043c \u0440\u0430\u0434\u0456\u0430\u043b\u044c\u043d\u0438\u043c \u043a\u0430\u043d\u0430\u0432\u043a\u0430\u043c \u0432 \u043f\u0456\u043d\u0446\u0435\u0442\u0456.<\/li>\n<li>\u041f\u0440\u043e\u0444\u0435\u0441\u0456\u0439\u043d\u0430 \u0440\u0443\u0447\u043d\u0430 \u0437\u0430\u0442\u043e\u0447\u043a\u0430 \u0440\u043e\u0431\u043e\u0447\u0438\u0445 \u043f\u043e\u0432\u0435\u0440\u0445\u043e\u043d\u044c \u0437\u0430\u043f\u043e\u0431\u0456\u0433\u0430\u0454 \u0440\u0438\u0437\u0438\u043a\u0443 \u043f\u043e\u043b\u043e\u043c\u043a\u0438 \u0442\u0430 \u0434\u0435\u0444\u043e\u0440\u043c\u0430\u0446\u0456\u0457 \u0432\u0456\u0439.<\/li>\n<li>\u0417\u0440\u0443\u0447\u043d\u0430 \u0440\u043e\u0431\u043e\u0447\u0430 \u0447\u0430\u0441\u0442\u0438\u043d\u0430 \u043f\u0456\u043d\u0446\u0435\u0442\u0430, \u0432\u0443\u0437\u044c\u043a\u0456 \u043a\u0440\u0430\u0457 \u0434\u043e\u0437\u0432\u043e\u043b\u044f\u044e\u0442\u044c \u043f\u0440\u0430\u0446\u044e\u0432\u0430\u0442\u0438 \u0443 \u0432\u043d\u0443\u0442\u0440\u0456\u0448\u043d\u0456\u0445 \u0456 \u0437\u043e\u0432\u043d\u0456\u0448\u043d\u0456\u0445 \u043a\u0443\u0442\u043e\u0447\u043a\u0430\u0445 \u043e\u043a\u0430.<\/li>\n<li>\u041f\u0440\u043e\u0444\u0435\u0441\u0456\u0439\u043d\u0435 \u0448\u043b\u0456\u0444\u0443\u0432\u0430\u043d\u043d\u044f \u0442\u0430 \u043f\u043e\u043b\u0456\u0440\u0443\u0432\u0430\u043d\u043d\u044f \u0437\u043d\u0430\u0447\u043d\u043e \u043f\u043e\u0434\u043e\u0432\u0436\u0443\u0454 \u0442\u0435\u0440\u043c\u0456\u043d \u0441\u043b\u0443\u0436\u0431\u0438 \u043f\u0456\u043d\u0446\u0435\u0442\u0430 \u0456 \u0437\u0430\u043f\u043e\u0431\u0456\u0433\u0430\u0454 \u043d\u0430\u043b\u0438\u043f\u0430\u043d\u043d\u044e \u043a\u043b\u0435\u044e.<\/li>\n<li>\u0421\u0430\u0442\u0438\u043d\u043e\u0432\u0430\u043d\u043e-\u043c\u0430\u0442\u043e\u0432\u0435 \u043f\u043e\u043a\u0440\u0438\u0442\u0442\u044f \u0437 \u043d\u0438\u0437\u044c\u043a\u0438\u043c \u0432\u0456\u0434\u0431\u043b\u0438\u0441\u043a\u043e\u043c \u0437\u0430\u043f\u043e\u0431\u0456\u0433\u0430\u0454 \u043a\u043e\u0432\u0437\u0430\u043d\u043d\u044e \u0432 \u0440\u0443\u0446\u0456.<\/li>\n<li>\u0412\u0438\u0433\u043e\u0442\u043e\u0432\u043b\u0435\u043d\u0438\u0439 \u0437 \u0432\u0438\u0441\u043e\u043a\u043e\u044f\u043a\u0456\u0441\u043d\u043e\u0457 \u043d\u0435\u0440\u0436\u0430\u0432\u0456\u044e\u0447\u043e\u0457 \u0441\u0442\u0430\u043b\u0456 \u0434\u043b\u044f \u0441\u0442\u0456\u0439\u043a\u043e\u0441\u0442\u0456 \u0434\u043e \u043a\u043e\u0440\u043e\u0437\u0456\u0457 \u0442\u0430 \u0442\u0440\u0438\u0432\u0430\u043b\u043e\u0433\u043e \u0442\u0435\u0440\u043c\u0456\u043d\u0443 \u0441\u043b\u0443\u0436\u0431\u0438.<\/li>\n<li>\u0412\u0441\u0456 \u0434\u043e\u0441\u0442\u0443\u043f\u043d\u0456 \u043c\u0435\u0442\u043e\u0434\u0438 \u0434\u0435\u0437\u0456\u043d\u0444\u0435\u043a\u0446\u0456\u0457 \u0442\u0430 \u0441\u0442\u0435\u0440\u0438\u043b\u0456\u0437\u0430\u0446\u0456\u0457.<\/li>\n<\/ul>","protected":false},"featured_media":25382,"comment_status":"open","ping_status":"closed","template":"","meta":[],"product_brand":[],"product_cat":[88],"product_tag":[],"class_list":{"0":"post-25380","1":"product","2":"type-product","3":"status-publish","4":"has-post-thumbnail","6":"product_cat-pesety","8":"first","9":"outofstock","10":"shipping-taxable","11":"purchasable","12":"product-type-simple"},"yoast_head":"<!-- This site is optimized with the Yoast SEO plugin v25.4 - https:\/\/yoast.com\/wordpress\/plugins\/seo\/ -->\n<title>P\u0119seta Do Rz\u0119s Staleks EXPERT 40 TYPE 8 - Lovely Vip<\/title>\n<meta name=\"robots\" content=\"index, follow, max-snippet:-1, max-image-preview:large, max-video-preview:-1\" \/>\n<link rel=\"canonical\" href=\"https:\/\/www.lovely-vip.com\/ua\/product\/peseta-do-rzes-staleks-expert-40-type-8\/\" \/>\n<meta property=\"og:locale\" content=\"uk_UA\" \/>\n<meta property=\"og:type\" content=\"article\" \/>\n<meta property=\"og:title\" content=\"P\u0119seta Do Rz\u0119s Staleks EXPERT 40 TYPE 8 - Lovely Vip\" \/>\n<meta property=\"og:description\" content=\"Profesjonalna p\u0119seta do rz\u0119s (bucik, 85&#039;).  Nadaje si\u0119 do wszystkich rodzaj\u00f3w modelowania obj\u0119to\u015bciowego 2D - 8D.  Idealny do zastosowania w technikach takich jak chwytanie rz\u0119s r\u00f3wnolegle do ta\u015bmy lub zbieranie w d\u0142oni zwini\u0119tego p\u0119ku.  Mocne trzymanie materia\u0142u dzi\u0119ki r\u00f3wnomiernie zaz\u0119biaj\u0105cym si\u0119 kraw\u0119dziom roboczym na ca\u0142ej powierzchni, nosek roboczy.  Mi\u0119kki, g\u0142adki mechanizm zamykania, kt\u00f3ry zmniejsza zm\u0119czenie d\u0142oni podczas u\u017cytkowania, dzi\u0119ki trzem radialnym rowkom w p\u0119secie.  Profesjonalnie r\u0119cznie ostrzenie powierzchni roboczych zapobiega ryzyku \u0142amania i deformacji rz\u0119s.  Wygodna cz\u0119\u015b\u0107 robocza p\u0119sety, w\u0105skie kraw\u0119dzie pozwalaj\u0105 na prac\u0119 w wewn\u0119trznych i zewn\u0119trznych k\u0105cikach oka.  Profesjonalne szlifowanie i polerowanie znacznie wyd\u0142u\u017ca \u017cywotno\u015b\u0107 p\u0119sety i zapobiega przywieraniu kleju.  Satynowo-matowe wyko\u0144czenie z efektem niskiego odblasku zapobiega \u015blizganiu si\u0119 w d\u0142oni.  Wykonana z wysokiej jako\u015bci stali nierdzewnej dla zwi\u0119kszenia odporno\u015bci na korozj\u0119, d\u0142ugiej \u017cywotno\u015bci.  Wszystkie dost\u0119pne metody dezynfekcji i sterylizacji.\" \/>\n<meta property=\"og:url\" content=\"https:\/\/www.lovely-vip.com\/ua\/product\/peseta-do-rzes-staleks-expert-40-type-8\/\" \/>\n<meta property=\"og:site_name\" content=\"Lovely Vip\" \/>\n<meta property=\"article:modified_time\" content=\"2025-10-21T09:38:57+00:00\" \/>\n<meta property=\"og:image\" content=\"https:\/\/www.lovely-vip.com\/wp-content\/uploads\/2025\/01\/pinczet-professionalnyj-dlya-resnicz-te-40-8_3-2.jpg.webp\" \/>\n\t<meta property=\"og:image:width\" content=\"2000\" \/>\n\t<meta property=\"og:image:height\" content=\"2000\" \/>\n\t<meta property=\"og:image:type\" content=\"image\/webp\" \/>\n<meta name=\"twitter:card\" content=\"summary_large_image\" \/>\n<meta name=\"twitter:label1\" content=\"\u041f\u0440\u0438\u0431\u043b. \u0447\u0430\u0441 \u0447\u0438\u0442\u0430\u043d\u043d\u044f\" \/>\n\t<meta name=\"twitter:data1\" content=\"1 \u0445\u0432\u0438\u043b\u0438\u043d\u0430\" \/>\n<script type=\"application\/ld+json\" class=\"yoast-schema-graph\">{\"@context\":\"https:\/\/schema.org\",\"@graph\":[{\"@type\":\"WebPage\",\"@id\":\"https:\/\/www.lovely-vip.com\/product\/peseta-do-rzes-staleks-expert-40-type-8\/\",\"url\":\"https:\/\/www.lovely-vip.com\/product\/peseta-do-rzes-staleks-expert-40-type-8\/\",\"name\":\"P\u0119seta Do Rz\u0119s Staleks EXPERT 40 TYPE 8 - Lovely Vip\",\"isPartOf\":{\"@id\":\"https:\/\/www.lovely-vip.com\/#website\"},\"primaryImageOfPage\":{\"@id\":\"https:\/\/www.lovely-vip.com\/product\/peseta-do-rzes-staleks-expert-40-type-8\/#primaryimage\"},\"image\":{\"@id\":\"https:\/\/www.lovely-vip.com\/product\/peseta-do-rzes-staleks-expert-40-type-8\/#primaryimage\"},\"thumbnailUrl\":\"https:\/\/www.lovely-vip.com\/wp-content\/uploads\/2025\/01\/pinczet-professionalnyj-dlya-resnicz-te-40-8_3-2.jpg.webp\",\"datePublished\":\"2025-01-20T10:38:59+00:00\",\"dateModified\":\"2025-10-21T09:38:57+00:00\",\"breadcrumb\":{\"@id\":\"https:\/\/www.lovely-vip.com\/product\/peseta-do-rzes-staleks-expert-40-type-8\/#breadcrumb\"},\"inLanguage\":\"uk\",\"potentialAction\":[{\"@type\":\"ReadAction\",\"target\":[\"https:\/\/www.lovely-vip.com\/product\/peseta-do-rzes-staleks-expert-40-type-8\/\"]}]},{\"@type\":\"ImageObject\",\"inLanguage\":\"uk\",\"@id\":\"https:\/\/www.lovely-vip.com\/product\/peseta-do-rzes-staleks-expert-40-type-8\/#primaryimage\",\"url\":\"https:\/\/www.lovely-vip.com\/wp-content\/uploads\/2025\/01\/pinczet-professionalnyj-dlya-resnicz-te-40-8_3-2.jpg.webp\",\"contentUrl\":\"https:\/\/www.lovely-vip.com\/wp-content\/uploads\/2025\/01\/pinczet-professionalnyj-dlya-resnicz-te-40-8_3-2.jpg.webp\",\"width\":2000,\"height\":2000},{\"@type\":\"BreadcrumbList\",\"@id\":\"https:\/\/www.lovely-vip.com\/product\/peseta-do-rzes-staleks-expert-40-type-8\/#breadcrumb\",\"itemListElement\":[{\"@type\":\"ListItem\",\"position\":1,\"name\":\"Strona g\u0142\u00f3wna\",\"item\":\"https:\/\/www.lovely-vip.com\/\"},{\"@type\":\"ListItem\",\"position\":2,\"name\":\"Sklep dla stylistek rz\u0119s i brwi\",\"item\":\"https:\/\/www.lovely-vip.com\/shop\/\"},{\"@type\":\"ListItem\",\"position\":3,\"name\":\"P\u0119seta Do Rz\u0119s Staleks EXPERT 40 TYPE 8\"}]},{\"@type\":\"WebSite\",\"@id\":\"https:\/\/www.lovely-vip.com\/#website\",\"url\":\"https:\/\/www.lovely-vip.com\/\",\"name\":\"Lovely Vip\",\"description\":\"Profesjonalne produkty do piel\u0119gnacji rz\u0119s i brwi\",\"potentialAction\":[{\"@type\":\"SearchAction\",\"target\":{\"@type\":\"EntryPoint\",\"urlTemplate\":\"https:\/\/www.lovely-vip.com\/?s={search_term_string}\"},\"query-input\":{\"@type\":\"PropertyValueSpecification\",\"valueRequired\":true,\"valueName\":\"search_term_string\"}}],\"inLanguage\":\"uk\"}]}<\/script>\n<!-- \/ Yoast SEO plugin. -->","yoast_head_json":{"title":"P\u0119seta Do Rz\u0119s Staleks EXPERT 40 TYPE 8 - Lovely Vip","robots":{"index":"index","follow":"follow","max-snippet":"max-snippet:-1","max-image-preview":"max-image-preview:large","max-video-preview":"max-video-preview:-1"},"canonical":"https:\/\/www.lovely-vip.com\/ua\/product\/peseta-do-rzes-staleks-expert-40-type-8\/","og_locale":"uk_UA","og_type":"article","og_title":"P\u0119seta Do Rz\u0119s Staleks EXPERT 40 TYPE 8 - Lovely Vip","og_description":"Profesjonalna p\u0119seta do rz\u0119s (bucik, 85').  Nadaje si\u0119 do wszystkich rodzaj\u00f3w modelowania obj\u0119to\u015bciowego 2D - 8D.  Idealny do zastosowania w technikach takich jak chwytanie rz\u0119s r\u00f3wnolegle do ta\u015bmy lub zbieranie w d\u0142oni zwini\u0119tego p\u0119ku.  Mocne trzymanie materia\u0142u dzi\u0119ki r\u00f3wnomiernie zaz\u0119biaj\u0105cym si\u0119 kraw\u0119dziom roboczym na ca\u0142ej powierzchni, nosek roboczy.  Mi\u0119kki, g\u0142adki mechanizm zamykania, kt\u00f3ry zmniejsza zm\u0119czenie d\u0142oni podczas u\u017cytkowania, dzi\u0119ki trzem radialnym rowkom w p\u0119secie.  Profesjonalnie r\u0119cznie ostrzenie powierzchni roboczych zapobiega ryzyku \u0142amania i deformacji rz\u0119s.  Wygodna cz\u0119\u015b\u0107 robocza p\u0119sety, w\u0105skie kraw\u0119dzie pozwalaj\u0105 na prac\u0119 w wewn\u0119trznych i zewn\u0119trznych k\u0105cikach oka.  Profesjonalne szlifowanie i polerowanie znacznie wyd\u0142u\u017ca \u017cywotno\u015b\u0107 p\u0119sety i zapobiega przywieraniu kleju.  Satynowo-matowe wyko\u0144czenie z efektem niskiego odblasku zapobiega \u015blizganiu si\u0119 w d\u0142oni.  Wykonana z wysokiej jako\u015bci stali nierdzewnej dla zwi\u0119kszenia odporno\u015bci na korozj\u0119, d\u0142ugiej \u017cywotno\u015bci.  Wszystkie dost\u0119pne metody dezynfekcji i sterylizacji.","og_url":"https:\/\/www.lovely-vip.com\/ua\/product\/peseta-do-rzes-staleks-expert-40-type-8\/","og_site_name":"Lovely Vip","article_modified_time":"2025-10-21T09:38:57+00:00","og_image":[{"width":2000,"height":2000,"url":"https:\/\/www.lovely-vip.com\/wp-content\/uploads\/2025\/01\/pinczet-professionalnyj-dlya-resnicz-te-40-8_3-2.jpg.webp","type":"image\/webp"}],"twitter_card":"summary_large_image","twitter_misc":{"\u041f\u0440\u0438\u0431\u043b. \u0447\u0430\u0441 \u0447\u0438\u0442\u0430\u043d\u043d\u044f":"1 \u0445\u0432\u0438\u043b\u0438\u043d\u0430"},"schema":{"@context":"https:\/\/schema.org","@graph":[{"@type":"WebPage","@id":"https:\/\/www.lovely-vip.com\/product\/peseta-do-rzes-staleks-expert-40-type-8\/","url":"https:\/\/www.lovely-vip.com\/product\/peseta-do-rzes-staleks-expert-40-type-8\/","name":"P\u0119seta Do Rz\u0119s Staleks EXPERT 40 TYPE 8 - Lovely Vip","isPartOf":{"@id":"https:\/\/www.lovely-vip.com\/#website"},"primaryImageOfPage":{"@id":"https:\/\/www.lovely-vip.com\/product\/peseta-do-rzes-staleks-expert-40-type-8\/#primaryimage"},"image":{"@id":"https:\/\/www.lovely-vip.com\/product\/peseta-do-rzes-staleks-expert-40-type-8\/#primaryimage"},"thumbnailUrl":"https:\/\/www.lovely-vip.com\/wp-content\/uploads\/2025\/01\/pinczet-professionalnyj-dlya-resnicz-te-40-8_3-2.jpg.webp","datePublished":"2025-01-20T10:38:59+00:00","dateModified":"2025-10-21T09:38:57+00:00","breadcrumb":{"@id":"https:\/\/www.lovely-vip.com\/product\/peseta-do-rzes-staleks-expert-40-type-8\/#breadcrumb"},"inLanguage":"uk","potentialAction":[{"@type":"ReadAction","target":["https:\/\/www.lovely-vip.com\/product\/peseta-do-rzes-staleks-expert-40-type-8\/"]}]},{"@type":"ImageObject","inLanguage":"uk","@id":"https:\/\/www.lovely-vip.com\/product\/peseta-do-rzes-staleks-expert-40-type-8\/#primaryimage","url":"https:\/\/www.lovely-vip.com\/wp-content\/uploads\/2025\/01\/pinczet-professionalnyj-dlya-resnicz-te-40-8_3-2.jpg.webp","contentUrl":"https:\/\/www.lovely-vip.com\/wp-content\/uploads\/2025\/01\/pinczet-professionalnyj-dlya-resnicz-te-40-8_3-2.jpg.webp","width":2000,"height":2000},{"@type":"BreadcrumbList","@id":"https:\/\/www.lovely-vip.com\/product\/peseta-do-rzes-staleks-expert-40-type-8\/#breadcrumb","itemListElement":[{"@type":"ListItem","position":1,"name":"Strona g\u0142\u00f3wna","item":"https:\/\/www.lovely-vip.com\/"},{"@type":"ListItem","position":2,"name":"Sklep dla stylistek rz\u0119s i brwi","item":"https:\/\/www.lovely-vip.com\/shop\/"},{"@type":"ListItem","position":3,"name":"P\u0119seta Do Rz\u0119s Staleks EXPERT 40 TYPE 8"}]},{"@type":"WebSite","@id":"https:\/\/www.lovely-vip.com\/#website","url":"https:\/\/www.lovely-vip.com\/","name":"Lovely Vip","description":"\u041f\u0440\u043e\u0444\u0435\u0441\u0456\u0439\u043d\u0456 \u0437\u0430\u0441\u043e\u0431\u0438 \u043f\u043e \u0434\u043e\u0433\u043b\u044f\u0434\u0443 \u0437\u0430 \u0432\u0456\u044f\u043c\u0438 \u0442\u0430 \u0431\u0440\u043e\u0432\u0430\u043c\u0438","potentialAction":[{"@type":"SearchAction","target":{"@type":"EntryPoint","urlTemplate":"https:\/\/www.lovely-vip.com\/?s={search_term_string}"},"query-input":{"@type":"PropertyValueSpecification","valueRequired":true,"valueName":"search_term_string"}}],"inLanguage":"uk"}]}},"_links":{"self":[{"href":"https:\/\/www.lovely-vip.com\/ua\/wp-json\/wp\/v2\/product\/25380","targetHints":{"allow":["GET"]}}],"collection":[{"href":"https:\/\/www.lovely-vip.com\/ua\/wp-json\/wp\/v2\/product"}],"about":[{"href":"https:\/\/www.lovely-vip.com\/ua\/wp-json\/wp\/v2\/types\/product"}],"replies":[{"embeddable":true,"href":"https:\/\/www.lovely-vip.com\/ua\/wp-json\/wp\/v2\/comments?post=25380"}],"wp:featuredmedia":[{"embeddable":true,"href":"https:\/\/www.lovely-vip.com\/ua\/wp-json\/wp\/v2\/media\/25382"}],"wp:attachment":[{"href":"https:\/\/www.lovely-vip.com\/ua\/wp-json\/wp\/v2\/media?parent=25380"}],"wp:term":[{"taxonomy":"product_brand","embeddable":true,"href":"https:\/\/www.lovely-vip.com\/ua\/wp-json\/wp\/v2\/product_brand?post=25380"},{"taxonomy":"product_cat","embeddable":true,"href":"https:\/\/www.lovely-vip.com\/ua\/wp-json\/wp\/v2\/product_cat?post=25380"},{"taxonomy":"product_tag","embeddable":true,"href":"https:\/\/www.lovely-vip.com\/ua\/wp-json\/wp\/v2\/product_tag?post=25380"}],"curies":[{"name":"wp","href":"https:\/\/api.w.org\/{rel}","templated":true}]}}