{"id":25393,"date":"2025-01-20T11:59:18","date_gmt":"2025-01-20T10:59:18","guid":{"rendered":"https:\/\/www.lovely-vip.com\/?post_type=product&#038;p=25393"},"modified":"2025-01-20T12:06:20","modified_gmt":"2025-01-20T11:06:20","slug":"peseta-do-brwi-expert-10-type-2","status":"publish","type":"product","link":"https:\/\/www.lovely-vip.com\/ua\/product\/peseta-do-brwi-expert-10-type-2\/","title":{"rendered":"\u041f\u0456\u043d\u0446\u0435\u0442 \u0434\u043b\u044f \u0431\u0440\u0456\u0432 Stalex EXPERT 10 TYPE 2"},"content":{"rendered":"","protected":false},"excerpt":{"rendered":"<ul>\n<li>\u0412\u0443\u0437\u044c\u043a\u0456, \u043f\u0440\u044f\u043c\u0456 \u043a\u0440\u0430\u0457.<\/li>\n<li>\u0420\u0435\u043a\u043e\u043c\u0435\u043d\u0434\u0443\u0454\u0442\u044c\u0441\u044f \u0434\u043b\u044f \u043a\u043e\u0440\u0435\u043a\u0446\u0456\u0457 \u0440\u0456\u0434\u043a\u0438\u0445, \u0442\u043e\u043d\u043a\u0438\u0445 \u0431\u0440\u0456\u0432.<\/li>\n<li>\u0415\u0444\u0435\u043a\u0442\u0438\u0432\u043d\u0435 \u0432\u0438\u0434\u0430\u043b\u0435\u043d\u043d\u044f \u043a\u043e\u0440\u0435\u043d\u0456\u0432 \u0431\u0435\u0437 \u0440\u0438\u0437\u0438\u043a\u0443 \u0437\u043b\u0430\u043c\u0443 \u043a\u043e\u0440\u0435\u043d\u0456\u0432 \u0437\u0430\u0432\u0434\u044f\u043a\u0438 \u0432\u0435\u043b\u0438\u043a\u0456\u0439 \u0440\u043e\u0431\u043e\u0447\u0456\u0439 \u043f\u043e\u0432\u0435\u0440\u0445\u043d\u0456, \u044f\u043a\u0430 \u0437\u0430\u0445\u043e\u043f\u043b\u044e\u0454 \u0432\u043e\u043b\u043e\u0441\u0441\u044f \u043f\u043e \u0432\u0441\u0456\u0439 \u0434\u043e\u0432\u0436\u0438\u043d\u0456.<\/li>\n<li>\u0417\u0440\u0443\u0447\u043d\u0438\u0439, \u043b\u0435\u0433\u043a\u0438\u0439 \u0437\u0430\u0445\u0432\u0430\u0442 \u043d\u0430\u0432\u0456\u0442\u044c \u043d\u0430\u0439\u043a\u043e\u0440\u043e\u0442\u0448\u0438\u0445, \u043d\u0430\u0439\u0434\u0435\u043b\u0456\u043a\u0430\u0442\u043d\u0456\u0448\u0438\u0445 \u0432\u043e\u043b\u043e\u0441\u043a\u0456\u0432 \u0437\u0430\u0432\u0434\u044f\u043a\u0438 \u0432\u0443\u0437\u044c\u043a\u0438\u043c \u043a\u0440\u0430\u044f\u043c \u0456\u043d\u0441\u0442\u0440\u0443\u043c\u0435\u043d\u0442\u0443.<\/li>\n<li>\u041f\u043e\u043b\u0456\u0440\u043e\u0432\u0430\u043d\u0430 \u0437\u043e\u0432\u043d\u0456\u0448\u043d\u044f \u043f\u043e\u0432\u0435\u0440\u0445\u043d\u044f \u0456\u043d\u0441\u0442\u0440\u0443\u043c\u0435\u043d\u0442\u0443 \u043d\u0435 \u043f\u043e\u0448\u043a\u043e\u0434\u0436\u0443\u0454 \u0448\u043a\u0456\u0440\u0443 \u043f\u0456\u0434 \u0447\u0430\u0441 \u043a\u043e\u0440\u0435\u043a\u0446\u0456\u0457.<\/li>\n<li>\u041f\u0440\u043e\u0444\u0435\u0441\u0456\u0439\u043d\u0430 \u0440\u0443\u0447\u043d\u0430 \u0437\u0430\u0442\u043e\u0447\u043a\u0430.<\/li>\n<li>\u041f\u043b\u0430\u0432\u043d\u0430, \u043c'\u044f\u043a\u0430 \u0434\u0456\u044f \u0437\u043c\u0435\u043d\u0448\u0443\u0454 \u0432\u0442\u043e\u043c\u0443 \u0440\u0443\u043a \u043f\u0456\u0434 \u0447\u0430\u0441 \u0440\u043e\u0431\u043e\u0442\u0438.<\/li>\n<li>\u0421\u0442\u0438\u043b\u044c\u043d\u0430, \u043f\u0440\u0438\u0454\u043c\u043d\u0430 \u043c\u0430\u0442\u043e\u0432\u0430 \u043f\u043e\u0432\u0435\u0440\u0445\u043d\u044f \u0431\u0435\u0437 \u0441\u0432\u0456\u0442\u043b\u043e\u0432\u0456\u0434\u0431\u0438\u0432\u0430\u044e\u0447\u043e\u0433\u043e \u0435\u0444\u0435\u043a\u0442\u0443.<\/li>\n<li>\u041c\u0430\u0442\u0435\u0440\u0456\u0430\u043b: \u043d\u0435\u0440\u0436\u0430\u0432\u0456\u044e\u0447\u0430 \u0441\u0442\u0430\u043b\u044c AISI 420, \u0434\u0443\u0436\u0435 \u0441\u0442\u0456\u0439\u043a\u0430 \u0434\u043e \u043a\u043e\u0440\u043e\u0437\u0456\u0457.<\/li>\n<li>\u0412\u0441\u0456 \u0434\u043e\u0441\u0442\u0443\u043f\u043d\u0456 \u043c\u0435\u0442\u043e\u0434\u0438 \u0434\u0435\u0437\u0456\u043d\u0444\u0435\u043a\u0446\u0456\u0457 \u0442\u0430 \u0441\u0442\u0435\u0440\u0438\u043b\u0456\u0437\u0430\u0446\u0456\u0457.<\/li>\n<\/ul>","protected":false},"featured_media":25395,"comment_status":"open","ping_status":"closed","template":"","meta":[],"product_brand":[],"product_cat":[277,88],"product_tag":[],"class_list":{"0":"post-25393","1":"product","2":"type-product","3":"status-publish","4":"has-post-thumbnail","6":"product_cat-pedzle-i-pesety","7":"product_cat-pesety","9":"first","10":"instock","11":"shipping-taxable","12":"purchasable","13":"product-type-simple"},"yoast_head":"<!-- This site is optimized with the Yoast SEO plugin v25.4 - https:\/\/yoast.com\/wordpress\/plugins\/seo\/ -->\n<title>P\u0119seta Do Brwi Staleks EXPERT 10 TYPE 2 - Lovely Vip<\/title>\n<meta name=\"robots\" content=\"index, follow, max-snippet:-1, max-image-preview:large, max-video-preview:-1\" \/>\n<link rel=\"canonical\" href=\"https:\/\/www.lovely-vip.com\/ua\/product\/peseta-do-brwi-expert-10-type-2\/\" \/>\n<meta property=\"og:locale\" content=\"uk_UA\" \/>\n<meta property=\"og:type\" content=\"article\" \/>\n<meta property=\"og:title\" content=\"P\u0119seta Do Brwi Staleks EXPERT 10 TYPE 2 - Lovely Vip\" \/>\n<meta property=\"og:description\" content=\"W\u0105skie, proste kraw\u0119dzie.  Polecany do korekcji rzadkich, cienkich brwi.  Skuteczne usuwanie korzeni bez ryzyka ich z\u0142amania dzi\u0119ki du\u017cej powierzchni roboczej chwytaj\u0105cej w\u0142os na ca\u0142ej d\u0142ugo\u015bci..  Wygodny, \u0142atwy chwyt nawet najkr\u00f3tszych, najdelikatniejszych w\u0142osk\u00f3w dzi\u0119ki w\u0105skim kraw\u0119dziom instrumentu.  Polerowana powierzchnia zewn\u0119trzna instrumentu nie powoduje uszkodze\u0144 sk\u00f3ry podczas korekcji.  Profesjonalne ostrzenie r\u0119czne.  P\u0142ynne, delikatne dzia\u0142anie zmniejsza zm\u0119czenie d\u0142oni podczas pracy.  Stylowa, przyjemna matowa powierzchnia, bez efektu odbicia.  Materia\u0142: stal nierdzewna AISI 420, bardzo odporna na korozj\u0119.  Wszystkie dost\u0119pne metody dezynfekcji i sterylizacji.\" \/>\n<meta property=\"og:url\" content=\"https:\/\/www.lovely-vip.com\/ua\/product\/peseta-do-brwi-expert-10-type-2\/\" \/>\n<meta property=\"og:site_name\" content=\"Lovely Vip\" \/>\n<meta property=\"article:modified_time\" content=\"2025-01-20T11:06:20+00:00\" \/>\n<meta property=\"og:image\" content=\"https:\/\/www.lovely-vip.com\/wp-content\/uploads\/2025\/01\/pinczet-dlya-brovej-te-10-2_2.jpg.webp\" \/>\n\t<meta property=\"og:image:width\" content=\"2000\" \/>\n\t<meta property=\"og:image:height\" content=\"2000\" \/>\n\t<meta property=\"og:image:type\" content=\"image\/webp\" \/>\n<meta name=\"twitter:card\" content=\"summary_large_image\" \/>\n<meta name=\"twitter:label1\" content=\"\u041f\u0440\u0438\u0431\u043b. \u0447\u0430\u0441 \u0447\u0438\u0442\u0430\u043d\u043d\u044f\" \/>\n\t<meta name=\"twitter:data1\" content=\"1 \u0445\u0432\u0438\u043b\u0438\u043d\u0430\" \/>\n<script type=\"application\/ld+json\" class=\"yoast-schema-graph\">{\"@context\":\"https:\/\/schema.org\",\"@graph\":[{\"@type\":\"WebPage\",\"@id\":\"https:\/\/www.lovely-vip.com\/product\/peseta-do-brwi-expert-10-type-2\/\",\"url\":\"https:\/\/www.lovely-vip.com\/product\/peseta-do-brwi-expert-10-type-2\/\",\"name\":\"P\u0119seta Do Brwi Staleks EXPERT 10 TYPE 2 - Lovely Vip\",\"isPartOf\":{\"@id\":\"https:\/\/www.lovely-vip.com\/#website\"},\"primaryImageOfPage\":{\"@id\":\"https:\/\/www.lovely-vip.com\/product\/peseta-do-brwi-expert-10-type-2\/#primaryimage\"},\"image\":{\"@id\":\"https:\/\/www.lovely-vip.com\/product\/peseta-do-brwi-expert-10-type-2\/#primaryimage\"},\"thumbnailUrl\":\"https:\/\/www.lovely-vip.com\/wp-content\/uploads\/2025\/01\/pinczet-dlya-brovej-te-10-2_2.jpg.webp\",\"datePublished\":\"2025-01-20T10:59:18+00:00\",\"dateModified\":\"2025-01-20T11:06:20+00:00\",\"breadcrumb\":{\"@id\":\"https:\/\/www.lovely-vip.com\/product\/peseta-do-brwi-expert-10-type-2\/#breadcrumb\"},\"inLanguage\":\"uk\",\"potentialAction\":[{\"@type\":\"ReadAction\",\"target\":[\"https:\/\/www.lovely-vip.com\/product\/peseta-do-brwi-expert-10-type-2\/\"]}]},{\"@type\":\"ImageObject\",\"inLanguage\":\"uk\",\"@id\":\"https:\/\/www.lovely-vip.com\/product\/peseta-do-brwi-expert-10-type-2\/#primaryimage\",\"url\":\"https:\/\/www.lovely-vip.com\/wp-content\/uploads\/2025\/01\/pinczet-dlya-brovej-te-10-2_2.jpg.webp\",\"contentUrl\":\"https:\/\/www.lovely-vip.com\/wp-content\/uploads\/2025\/01\/pinczet-dlya-brovej-te-10-2_2.jpg.webp\",\"width\":2000,\"height\":2000},{\"@type\":\"BreadcrumbList\",\"@id\":\"https:\/\/www.lovely-vip.com\/product\/peseta-do-brwi-expert-10-type-2\/#breadcrumb\",\"itemListElement\":[{\"@type\":\"ListItem\",\"position\":1,\"name\":\"Strona g\u0142\u00f3wna\",\"item\":\"https:\/\/www.lovely-vip.com\/\"},{\"@type\":\"ListItem\",\"position\":2,\"name\":\"Sklep dla stylistek rz\u0119s i brwi\",\"item\":\"https:\/\/www.lovely-vip.com\/shop\/\"},{\"@type\":\"ListItem\",\"position\":3,\"name\":\"P\u0119seta Do Brwi Staleks EXPERT 10 TYPE 2\"}]},{\"@type\":\"WebSite\",\"@id\":\"https:\/\/www.lovely-vip.com\/#website\",\"url\":\"https:\/\/www.lovely-vip.com\/\",\"name\":\"Lovely Vip\",\"description\":\"Profesjonalne produkty do piel\u0119gnacji rz\u0119s i brwi\",\"potentialAction\":[{\"@type\":\"SearchAction\",\"target\":{\"@type\":\"EntryPoint\",\"urlTemplate\":\"https:\/\/www.lovely-vip.com\/?s={search_term_string}\"},\"query-input\":{\"@type\":\"PropertyValueSpecification\",\"valueRequired\":true,\"valueName\":\"search_term_string\"}}],\"inLanguage\":\"uk\"}]}<\/script>\n<!-- \/ Yoast SEO plugin. -->","yoast_head_json":{"title":"P\u0119seta Do Brwi Staleks EXPERT 10 TYPE 2 - Lovely Vip","robots":{"index":"index","follow":"follow","max-snippet":"max-snippet:-1","max-image-preview":"max-image-preview:large","max-video-preview":"max-video-preview:-1"},"canonical":"https:\/\/www.lovely-vip.com\/ua\/product\/peseta-do-brwi-expert-10-type-2\/","og_locale":"uk_UA","og_type":"article","og_title":"P\u0119seta Do Brwi Staleks EXPERT 10 TYPE 2 - Lovely Vip","og_description":"W\u0105skie, proste kraw\u0119dzie.  Polecany do korekcji rzadkich, cienkich brwi.  Skuteczne usuwanie korzeni bez ryzyka ich z\u0142amania dzi\u0119ki du\u017cej powierzchni roboczej chwytaj\u0105cej w\u0142os na ca\u0142ej d\u0142ugo\u015bci..  Wygodny, \u0142atwy chwyt nawet najkr\u00f3tszych, najdelikatniejszych w\u0142osk\u00f3w dzi\u0119ki w\u0105skim kraw\u0119dziom instrumentu.  Polerowana powierzchnia zewn\u0119trzna instrumentu nie powoduje uszkodze\u0144 sk\u00f3ry podczas korekcji.  Profesjonalne ostrzenie r\u0119czne.  P\u0142ynne, delikatne dzia\u0142anie zmniejsza zm\u0119czenie d\u0142oni podczas pracy.  Stylowa, przyjemna matowa powierzchnia, bez efektu odbicia.  Materia\u0142: stal nierdzewna AISI 420, bardzo odporna na korozj\u0119.  Wszystkie dost\u0119pne metody dezynfekcji i sterylizacji.","og_url":"https:\/\/www.lovely-vip.com\/ua\/product\/peseta-do-brwi-expert-10-type-2\/","og_site_name":"Lovely Vip","article_modified_time":"2025-01-20T11:06:20+00:00","og_image":[{"width":2000,"height":2000,"url":"https:\/\/www.lovely-vip.com\/wp-content\/uploads\/2025\/01\/pinczet-dlya-brovej-te-10-2_2.jpg.webp","type":"image\/webp"}],"twitter_card":"summary_large_image","twitter_misc":{"\u041f\u0440\u0438\u0431\u043b. \u0447\u0430\u0441 \u0447\u0438\u0442\u0430\u043d\u043d\u044f":"1 \u0445\u0432\u0438\u043b\u0438\u043d\u0430"},"schema":{"@context":"https:\/\/schema.org","@graph":[{"@type":"WebPage","@id":"https:\/\/www.lovely-vip.com\/product\/peseta-do-brwi-expert-10-type-2\/","url":"https:\/\/www.lovely-vip.com\/product\/peseta-do-brwi-expert-10-type-2\/","name":"P\u0119seta Do Brwi Staleks EXPERT 10 TYPE 2 - Lovely Vip","isPartOf":{"@id":"https:\/\/www.lovely-vip.com\/#website"},"primaryImageOfPage":{"@id":"https:\/\/www.lovely-vip.com\/product\/peseta-do-brwi-expert-10-type-2\/#primaryimage"},"image":{"@id":"https:\/\/www.lovely-vip.com\/product\/peseta-do-brwi-expert-10-type-2\/#primaryimage"},"thumbnailUrl":"https:\/\/www.lovely-vip.com\/wp-content\/uploads\/2025\/01\/pinczet-dlya-brovej-te-10-2_2.jpg.webp","datePublished":"2025-01-20T10:59:18+00:00","dateModified":"2025-01-20T11:06:20+00:00","breadcrumb":{"@id":"https:\/\/www.lovely-vip.com\/product\/peseta-do-brwi-expert-10-type-2\/#breadcrumb"},"inLanguage":"uk","potentialAction":[{"@type":"ReadAction","target":["https:\/\/www.lovely-vip.com\/product\/peseta-do-brwi-expert-10-type-2\/"]}]},{"@type":"ImageObject","inLanguage":"uk","@id":"https:\/\/www.lovely-vip.com\/product\/peseta-do-brwi-expert-10-type-2\/#primaryimage","url":"https:\/\/www.lovely-vip.com\/wp-content\/uploads\/2025\/01\/pinczet-dlya-brovej-te-10-2_2.jpg.webp","contentUrl":"https:\/\/www.lovely-vip.com\/wp-content\/uploads\/2025\/01\/pinczet-dlya-brovej-te-10-2_2.jpg.webp","width":2000,"height":2000},{"@type":"BreadcrumbList","@id":"https:\/\/www.lovely-vip.com\/product\/peseta-do-brwi-expert-10-type-2\/#breadcrumb","itemListElement":[{"@type":"ListItem","position":1,"name":"Strona g\u0142\u00f3wna","item":"https:\/\/www.lovely-vip.com\/"},{"@type":"ListItem","position":2,"name":"Sklep dla stylistek rz\u0119s i brwi","item":"https:\/\/www.lovely-vip.com\/shop\/"},{"@type":"ListItem","position":3,"name":"P\u0119seta Do Brwi Staleks EXPERT 10 TYPE 2"}]},{"@type":"WebSite","@id":"https:\/\/www.lovely-vip.com\/#website","url":"https:\/\/www.lovely-vip.com\/","name":"Lovely Vip","description":"\u041f\u0440\u043e\u0444\u0435\u0441\u0456\u0439\u043d\u0456 \u0437\u0430\u0441\u043e\u0431\u0438 \u043f\u043e \u0434\u043e\u0433\u043b\u044f\u0434\u0443 \u0437\u0430 \u0432\u0456\u044f\u043c\u0438 \u0442\u0430 \u0431\u0440\u043e\u0432\u0430\u043c\u0438","potentialAction":[{"@type":"SearchAction","target":{"@type":"EntryPoint","urlTemplate":"https:\/\/www.lovely-vip.com\/?s={search_term_string}"},"query-input":{"@type":"PropertyValueSpecification","valueRequired":true,"valueName":"search_term_string"}}],"inLanguage":"uk"}]}},"_links":{"self":[{"href":"https:\/\/www.lovely-vip.com\/ua\/wp-json\/wp\/v2\/product\/25393","targetHints":{"allow":["GET"]}}],"collection":[{"href":"https:\/\/www.lovely-vip.com\/ua\/wp-json\/wp\/v2\/product"}],"about":[{"href":"https:\/\/www.lovely-vip.com\/ua\/wp-json\/wp\/v2\/types\/product"}],"replies":[{"embeddable":true,"href":"https:\/\/www.lovely-vip.com\/ua\/wp-json\/wp\/v2\/comments?post=25393"}],"wp:featuredmedia":[{"embeddable":true,"href":"https:\/\/www.lovely-vip.com\/ua\/wp-json\/wp\/v2\/media\/25395"}],"wp:attachment":[{"href":"https:\/\/www.lovely-vip.com\/ua\/wp-json\/wp\/v2\/media?parent=25393"}],"wp:term":[{"taxonomy":"product_brand","embeddable":true,"href":"https:\/\/www.lovely-vip.com\/ua\/wp-json\/wp\/v2\/product_brand?post=25393"},{"taxonomy":"product_cat","embeddable":true,"href":"https:\/\/www.lovely-vip.com\/ua\/wp-json\/wp\/v2\/product_cat?post=25393"},{"taxonomy":"product_tag","embeddable":true,"href":"https:\/\/www.lovely-vip.com\/ua\/wp-json\/wp\/v2\/product_tag?post=25393"}],"curies":[{"name":"wp","href":"https:\/\/api.w.org\/{rel}","templated":true}]}}