{"id":25397,"date":"2025-01-20T12:02:58","date_gmt":"2025-01-20T11:02:58","guid":{"rendered":"https:\/\/www.lovely-vip.com\/?post_type=product&#038;p=25397"},"modified":"2026-04-10T12:57:12","modified_gmt":"2026-04-10T10:57:12","slug":"peseta-do-brwi-classic-15-type-3","status":"publish","type":"product","link":"https:\/\/www.lovely-vip.com\/ua\/product\/peseta-do-brwi-classic-15-type-3\/","title":{"rendered":"\u041f\u0456\u043d\u0446\u0435\u0442 \u0434\u043b\u044f \u0431\u0440\u0456\u0432 STALEX CLASSIC 15 TYPE 3"},"content":{"rendered":"","protected":false},"excerpt":{"rendered":"<ul>\n<li>\u041f\u0456\u043d\u0446\u0435\u0442 \u0434\u043b\u044f \u0431\u0440\u0456\u0432.<\/li>\n<li>\u0428\u0438\u0440\u043e\u043a\u0456 \u0441\u043a\u043e\u0448\u0435\u043d\u0456 \u043a\u0440\u0430\u0457.<\/li>\n<li>\u0420\u0435\u043a\u043e\u043c\u0435\u043d\u0434\u0443\u0454\u0442\u044c\u0441\u044f \u0434\u043b\u044f \u043a\u043e\u0440\u0435\u043a\u0446\u0456\u0457 \u0433\u0443\u0441\u0442\u0438\u0445, \u0448\u0438\u0440\u043e\u043a\u0438\u0445 \u0431\u0440\u0456\u0432.<\/li>\n<li>\u0413\u0430\u0440\u043d\u0435 \u0437\u0447\u0435\u043f\u043b\u0435\u043d\u043d\u044f \u0456\u043d\u0441\u0442\u0440\u0443\u043c\u0435\u043d\u0442\u0443 \u0432 \u0440\u0443\u0446\u0456, \u0437\u0430\u0432\u0434\u044f\u043a\u0438 \u0441\u043f\u0435\u0446\u0456\u0430\u043b\u044c\u043d\u0438\u043c \u043d\u0430\u0441\u0456\u0447\u043a\u0430\u043c \u043d\u0430 \u0440\u0443\u0447\u043a\u0430\u0445.<\/li>\n<li>\u0417\u0440\u0443\u0447\u043d\u0435 \u043f\u043e\u043b\u043e\u0436\u0435\u043d\u043d\u044f \u0440\u0443\u043a\u0438 \u0437\u0430\u0432\u0434\u044f\u043a\u0438 \u0437\u043b\u0435\u0433\u043a\u0430 \u0441\u043a\u043e\u0448\u0435\u043d\u043e\u043c\u0443 \u043a\u0440\u0430\u044e.<\/li>\n<li>\u0417\u0430\u0445\u043e\u043f\u043b\u044e\u0454 \u0432\u043e\u043b\u043e\u0441\u0441\u044f \u0431\u0443\u0434\u044c-\u044f\u043a\u043e\u0457 \u0442\u043e\u0432\u0449\u0438\u043d\u0438 \u0437\u0430\u0432\u0434\u044f\u043a\u0438 \u0442\u043e\u043d\u043a\u0438\u043c \u043a\u0440\u0430\u044f\u043c.<\/li>\n<li>\u0417\u043c\u0435\u043d\u0448\u0435\u043d\u0438\u0439 \u0440\u0438\u0437\u0438\u043a \u043f\u043e\u043b\u043e\u043c\u043a\u0438 \u0432\u043e\u043b\u043e\u0441\u0441\u044f \u0437\u0430\u0432\u0434\u044f\u043a\u0438 \u0449\u0456\u043b\u044c\u043d\u043e \u0443\u0449\u0456\u043b\u044c\u043d\u0435\u043d\u0438\u043c \u0440\u043e\u0431\u043e\u0447\u0438\u043c \u043f\u043e\u0432\u0435\u0440\u0445\u043d\u044f\u043c.<\/li>\n<li>\u041f\u043e\u043b\u0456\u0440\u043e\u0432\u0430\u043d\u0430 \u0437\u043e\u0432\u043d\u0456\u0448\u043d\u044f \u043f\u043e\u0432\u0435\u0440\u0445\u043d\u044f \u0456\u043d\u0441\u0442\u0440\u0443\u043c\u0435\u043d\u0442\u0443 \u043d\u0435 \u043f\u043e\u0448\u043a\u043e\u0434\u0436\u0443\u0454 \u0448\u043a\u0456\u0440\u0443 \u043f\u0456\u0434 \u0447\u0430\u0441 \u043a\u043e\u0440\u0435\u043a\u0446\u0456\u0457.<\/li>\n<li>\u0420\u0443\u0447\u043d\u0435 \u0437\u0430\u0442\u043e\u0447\u0443\u0432\u0430\u043d\u043d\u044f \u0440\u043e\u0431\u043e\u0447\u0438\u0445 \u043a\u0440\u043e\u043c\u043e\u043a.<\/li>\n<li>\u041c\u0430\u0442\u0435\u0440\u0456\u0430\u043b: \u043d\u0435\u0440\u0436\u0430\u0432\u0456\u044e\u0447\u0430 \u0441\u0442\u0430\u043b\u044c AISI 420, \u0441\u0442\u0456\u0439\u043a\u0430 \u0434\u043e \u043a\u043e\u0440\u043e\u0437\u0456\u0457.<\/li>\n<li>\u041f\u0440\u0438\u0437\u043d\u0430\u0447\u0435\u043d\u0438\u0439 \u0434\u043b\u044f \u043f\u043e\u0431\u0443\u0442\u043e\u0432\u043e\u0433\u043e \u0432\u0438\u043a\u043e\u0440\u0438\u0441\u0442\u0430\u043d\u043d\u044f.<\/li>\n<\/ul>","protected":false},"featured_media":25399,"comment_status":"open","ping_status":"closed","template":"","meta":[],"product_brand":[],"product_cat":[277,88],"product_tag":[],"class_list":{"0":"post-25397","1":"product","2":"type-product","3":"status-publish","4":"has-post-thumbnail","6":"product_cat-pedzle-i-pesety","7":"product_cat-pesety","9":"first","10":"outofstock","11":"shipping-taxable","12":"purchasable","13":"product-type-simple"},"yoast_head":"<!-- This site is optimized with the Yoast SEO plugin v25.4 - https:\/\/yoast.com\/wordpress\/plugins\/seo\/ -->\n<title>P\u0119seta Do Brwi Staleks CLASSIC 15 TYPE 3 - Lovely Vip<\/title>\n<meta name=\"robots\" content=\"index, follow, max-snippet:-1, max-image-preview:large, max-video-preview:-1\" \/>\n<link rel=\"canonical\" href=\"https:\/\/www.lovely-vip.com\/ua\/product\/peseta-do-brwi-classic-15-type-3\/\" \/>\n<meta property=\"og:locale\" content=\"uk_UA\" \/>\n<meta property=\"og:type\" content=\"article\" \/>\n<meta property=\"og:title\" content=\"P\u0119seta Do Brwi Staleks CLASSIC 15 TYPE 3 - Lovely Vip\" \/>\n<meta property=\"og:description\" content=\"P\u0119seta do brwi.  Szerokie sko\u015bne kraw\u0119dzie.  Polecany do korekty grubych, szerokich brwi.  Dobre trzymanie narz\u0119dzia w d\u0142oni, dzi\u0119ki specjalnym naci\u0119ciom na uchwytach.  Wygodne u\u0142o\u017cenie d\u0142oni dzi\u0119ki lekkiemu skosowi kraw\u0119d\u017a.  Chwyta ka\u017cd\u0105 grubo\u015b\u0107 w\u0142os\u00f3w, dzi\u0119ki cienkim kraw\u0119dziom .  Zmniejszenie ryzyka z\u0142amania w\u0142os\u00f3w, dzi\u0119ki szczelnemu zamkni\u0119ciu powierzchni roboczych.  Polerowana powierzchnia zewn\u0119trzna instrumentu nie powoduje uszkodze\u0144 sk\u00f3ry podczas korekcji.  R\u0119czne ostrzenie kraw\u0119dzie roboczych.  Materia\u0142: stal nierdzewna AISI 420, odporna na korozj\u0119.  Przeznaczony do u\u017cytku domowego.\" \/>\n<meta property=\"og:url\" content=\"https:\/\/www.lovely-vip.com\/ua\/product\/peseta-do-brwi-classic-15-type-3\/\" \/>\n<meta property=\"og:site_name\" content=\"Lovely Vip\" \/>\n<meta property=\"article:modified_time\" content=\"2026-04-10T10:57:12+00:00\" \/>\n<meta property=\"og:image\" content=\"https:\/\/www.lovely-vip.com\/wp-content\/uploads\/2025\/01\/pinczet-dlya-brovej-tc-15_3.jpg.webp\" \/>\n\t<meta property=\"og:image:width\" content=\"2000\" \/>\n\t<meta property=\"og:image:height\" content=\"2000\" \/>\n\t<meta property=\"og:image:type\" content=\"image\/webp\" \/>\n<meta name=\"twitter:card\" content=\"summary_large_image\" \/>\n<meta name=\"twitter:label1\" content=\"\u041f\u0440\u0438\u0431\u043b. \u0447\u0430\u0441 \u0447\u0438\u0442\u0430\u043d\u043d\u044f\" \/>\n\t<meta name=\"twitter:data1\" content=\"1 \u0445\u0432\u0438\u043b\u0438\u043d\u0430\" \/>\n<script type=\"application\/ld+json\" class=\"yoast-schema-graph\">{\"@context\":\"https:\/\/schema.org\",\"@graph\":[{\"@type\":\"WebPage\",\"@id\":\"https:\/\/www.lovely-vip.com\/product\/peseta-do-brwi-classic-15-type-3\/\",\"url\":\"https:\/\/www.lovely-vip.com\/product\/peseta-do-brwi-classic-15-type-3\/\",\"name\":\"P\u0119seta Do Brwi Staleks CLASSIC 15 TYPE 3 - Lovely Vip\",\"isPartOf\":{\"@id\":\"https:\/\/www.lovely-vip.com\/#website\"},\"primaryImageOfPage\":{\"@id\":\"https:\/\/www.lovely-vip.com\/product\/peseta-do-brwi-classic-15-type-3\/#primaryimage\"},\"image\":{\"@id\":\"https:\/\/www.lovely-vip.com\/product\/peseta-do-brwi-classic-15-type-3\/#primaryimage\"},\"thumbnailUrl\":\"https:\/\/www.lovely-vip.com\/wp-content\/uploads\/2025\/01\/pinczet-dlya-brovej-tc-15_3.jpg.webp\",\"datePublished\":\"2025-01-20T11:02:58+00:00\",\"dateModified\":\"2026-04-10T10:57:12+00:00\",\"breadcrumb\":{\"@id\":\"https:\/\/www.lovely-vip.com\/product\/peseta-do-brwi-classic-15-type-3\/#breadcrumb\"},\"inLanguage\":\"uk\",\"potentialAction\":[{\"@type\":\"ReadAction\",\"target\":[\"https:\/\/www.lovely-vip.com\/product\/peseta-do-brwi-classic-15-type-3\/\"]}]},{\"@type\":\"ImageObject\",\"inLanguage\":\"uk\",\"@id\":\"https:\/\/www.lovely-vip.com\/product\/peseta-do-brwi-classic-15-type-3\/#primaryimage\",\"url\":\"https:\/\/www.lovely-vip.com\/wp-content\/uploads\/2025\/01\/pinczet-dlya-brovej-tc-15_3.jpg.webp\",\"contentUrl\":\"https:\/\/www.lovely-vip.com\/wp-content\/uploads\/2025\/01\/pinczet-dlya-brovej-tc-15_3.jpg.webp\",\"width\":2000,\"height\":2000},{\"@type\":\"BreadcrumbList\",\"@id\":\"https:\/\/www.lovely-vip.com\/product\/peseta-do-brwi-classic-15-type-3\/#breadcrumb\",\"itemListElement\":[{\"@type\":\"ListItem\",\"position\":1,\"name\":\"Strona g\u0142\u00f3wna\",\"item\":\"https:\/\/www.lovely-vip.com\/\"},{\"@type\":\"ListItem\",\"position\":2,\"name\":\"Sklep dla stylistek rz\u0119s i brwi\",\"item\":\"https:\/\/www.lovely-vip.com\/shop\/\"},{\"@type\":\"ListItem\",\"position\":3,\"name\":\"P\u0119seta Do Brwi Staleks CLASSIC 15 TYPE 3\"}]},{\"@type\":\"WebSite\",\"@id\":\"https:\/\/www.lovely-vip.com\/#website\",\"url\":\"https:\/\/www.lovely-vip.com\/\",\"name\":\"Lovely Vip\",\"description\":\"Profesjonalne produkty do piel\u0119gnacji rz\u0119s i brwi\",\"potentialAction\":[{\"@type\":\"SearchAction\",\"target\":{\"@type\":\"EntryPoint\",\"urlTemplate\":\"https:\/\/www.lovely-vip.com\/?s={search_term_string}\"},\"query-input\":{\"@type\":\"PropertyValueSpecification\",\"valueRequired\":true,\"valueName\":\"search_term_string\"}}],\"inLanguage\":\"uk\"}]}<\/script>\n<!-- \/ Yoast SEO plugin. -->","yoast_head_json":{"title":"P\u0119seta Do Brwi Staleks CLASSIC 15 TYPE 3 - Lovely Vip","robots":{"index":"index","follow":"follow","max-snippet":"max-snippet:-1","max-image-preview":"max-image-preview:large","max-video-preview":"max-video-preview:-1"},"canonical":"https:\/\/www.lovely-vip.com\/ua\/product\/peseta-do-brwi-classic-15-type-3\/","og_locale":"uk_UA","og_type":"article","og_title":"P\u0119seta Do Brwi Staleks CLASSIC 15 TYPE 3 - Lovely Vip","og_description":"P\u0119seta do brwi.  Szerokie sko\u015bne kraw\u0119dzie.  Polecany do korekty grubych, szerokich brwi.  Dobre trzymanie narz\u0119dzia w d\u0142oni, dzi\u0119ki specjalnym naci\u0119ciom na uchwytach.  Wygodne u\u0142o\u017cenie d\u0142oni dzi\u0119ki lekkiemu skosowi kraw\u0119d\u017a.  Chwyta ka\u017cd\u0105 grubo\u015b\u0107 w\u0142os\u00f3w, dzi\u0119ki cienkim kraw\u0119dziom .  Zmniejszenie ryzyka z\u0142amania w\u0142os\u00f3w, dzi\u0119ki szczelnemu zamkni\u0119ciu powierzchni roboczych.  Polerowana powierzchnia zewn\u0119trzna instrumentu nie powoduje uszkodze\u0144 sk\u00f3ry podczas korekcji.  R\u0119czne ostrzenie kraw\u0119dzie roboczych.  Materia\u0142: stal nierdzewna AISI 420, odporna na korozj\u0119.  Przeznaczony do u\u017cytku domowego.","og_url":"https:\/\/www.lovely-vip.com\/ua\/product\/peseta-do-brwi-classic-15-type-3\/","og_site_name":"Lovely Vip","article_modified_time":"2026-04-10T10:57:12+00:00","og_image":[{"width":2000,"height":2000,"url":"https:\/\/www.lovely-vip.com\/wp-content\/uploads\/2025\/01\/pinczet-dlya-brovej-tc-15_3.jpg.webp","type":"image\/webp"}],"twitter_card":"summary_large_image","twitter_misc":{"\u041f\u0440\u0438\u0431\u043b. \u0447\u0430\u0441 \u0447\u0438\u0442\u0430\u043d\u043d\u044f":"1 \u0445\u0432\u0438\u043b\u0438\u043d\u0430"},"schema":{"@context":"https:\/\/schema.org","@graph":[{"@type":"WebPage","@id":"https:\/\/www.lovely-vip.com\/product\/peseta-do-brwi-classic-15-type-3\/","url":"https:\/\/www.lovely-vip.com\/product\/peseta-do-brwi-classic-15-type-3\/","name":"P\u0119seta Do Brwi Staleks CLASSIC 15 TYPE 3 - Lovely Vip","isPartOf":{"@id":"https:\/\/www.lovely-vip.com\/#website"},"primaryImageOfPage":{"@id":"https:\/\/www.lovely-vip.com\/product\/peseta-do-brwi-classic-15-type-3\/#primaryimage"},"image":{"@id":"https:\/\/www.lovely-vip.com\/product\/peseta-do-brwi-classic-15-type-3\/#primaryimage"},"thumbnailUrl":"https:\/\/www.lovely-vip.com\/wp-content\/uploads\/2025\/01\/pinczet-dlya-brovej-tc-15_3.jpg.webp","datePublished":"2025-01-20T11:02:58+00:00","dateModified":"2026-04-10T10:57:12+00:00","breadcrumb":{"@id":"https:\/\/www.lovely-vip.com\/product\/peseta-do-brwi-classic-15-type-3\/#breadcrumb"},"inLanguage":"uk","potentialAction":[{"@type":"ReadAction","target":["https:\/\/www.lovely-vip.com\/product\/peseta-do-brwi-classic-15-type-3\/"]}]},{"@type":"ImageObject","inLanguage":"uk","@id":"https:\/\/www.lovely-vip.com\/product\/peseta-do-brwi-classic-15-type-3\/#primaryimage","url":"https:\/\/www.lovely-vip.com\/wp-content\/uploads\/2025\/01\/pinczet-dlya-brovej-tc-15_3.jpg.webp","contentUrl":"https:\/\/www.lovely-vip.com\/wp-content\/uploads\/2025\/01\/pinczet-dlya-brovej-tc-15_3.jpg.webp","width":2000,"height":2000},{"@type":"BreadcrumbList","@id":"https:\/\/www.lovely-vip.com\/product\/peseta-do-brwi-classic-15-type-3\/#breadcrumb","itemListElement":[{"@type":"ListItem","position":1,"name":"Strona g\u0142\u00f3wna","item":"https:\/\/www.lovely-vip.com\/"},{"@type":"ListItem","position":2,"name":"Sklep dla stylistek rz\u0119s i brwi","item":"https:\/\/www.lovely-vip.com\/shop\/"},{"@type":"ListItem","position":3,"name":"P\u0119seta Do Brwi Staleks CLASSIC 15 TYPE 3"}]},{"@type":"WebSite","@id":"https:\/\/www.lovely-vip.com\/#website","url":"https:\/\/www.lovely-vip.com\/","name":"Lovely Vip","description":"\u041f\u0440\u043e\u0444\u0435\u0441\u0456\u0439\u043d\u0456 \u0437\u0430\u0441\u043e\u0431\u0438 \u043f\u043e \u0434\u043e\u0433\u043b\u044f\u0434\u0443 \u0437\u0430 \u0432\u0456\u044f\u043c\u0438 \u0442\u0430 \u0431\u0440\u043e\u0432\u0430\u043c\u0438","potentialAction":[{"@type":"SearchAction","target":{"@type":"EntryPoint","urlTemplate":"https:\/\/www.lovely-vip.com\/?s={search_term_string}"},"query-input":{"@type":"PropertyValueSpecification","valueRequired":true,"valueName":"search_term_string"}}],"inLanguage":"uk"}]}},"_links":{"self":[{"href":"https:\/\/www.lovely-vip.com\/ua\/wp-json\/wp\/v2\/product\/25397","targetHints":{"allow":["GET"]}}],"collection":[{"href":"https:\/\/www.lovely-vip.com\/ua\/wp-json\/wp\/v2\/product"}],"about":[{"href":"https:\/\/www.lovely-vip.com\/ua\/wp-json\/wp\/v2\/types\/product"}],"replies":[{"embeddable":true,"href":"https:\/\/www.lovely-vip.com\/ua\/wp-json\/wp\/v2\/comments?post=25397"}],"wp:featuredmedia":[{"embeddable":true,"href":"https:\/\/www.lovely-vip.com\/ua\/wp-json\/wp\/v2\/media\/25399"}],"wp:attachment":[{"href":"https:\/\/www.lovely-vip.com\/ua\/wp-json\/wp\/v2\/media?parent=25397"}],"wp:term":[{"taxonomy":"product_brand","embeddable":true,"href":"https:\/\/www.lovely-vip.com\/ua\/wp-json\/wp\/v2\/product_brand?post=25397"},{"taxonomy":"product_cat","embeddable":true,"href":"https:\/\/www.lovely-vip.com\/ua\/wp-json\/wp\/v2\/product_cat?post=25397"},{"taxonomy":"product_tag","embeddable":true,"href":"https:\/\/www.lovely-vip.com\/ua\/wp-json\/wp\/v2\/product_tag?post=25397"}],"curies":[{"name":"wp","href":"https:\/\/api.w.org\/{rel}","templated":true}]}}