{"id":26333,"date":"2025-06-30T10:53:07","date_gmt":"2025-06-30T08:53:07","guid":{"rendered":"https:\/\/www.lovely-vip.com\/?post_type=product&#038;p=26333"},"modified":"2026-05-04T11:51:58","modified_gmt":"2026-05-04T09:51:58","slug":"cream-remover-lashy-lollipop-candy-10-g","status":"publish","type":"product","link":"https:\/\/www.lovely-vip.com\/ua\/product\/cream-remover-lashy-lollipop-candy-10-g\/","title":{"rendered":"Cream-remover LASHY &#8222;Lollipop candy&#8221;, 10 g"},"content":{"rendered":"","protected":false},"excerpt":{"rendered":"<div>\u041c'\u044f\u043a\u0438\u0439 \u043a\u0440\u0435\u043c-\u0440\u0435\u043c\u0443\u0432\u0435\u0440, \u0440\u043e\u0437\u0440\u043e\u0431\u043b\u0435\u043d\u0438\u0439 \u0434\u043b\u044f \u0431\u0435\u0437\u043f\u0435\u0447\u043d\u043e\u0433\u043e \u0442\u0430 \u0437\u0440\u0443\u0447\u043d\u043e\u0433\u043e \u0437\u043d\u044f\u0442\u0442\u044f \u043d\u0430\u043a\u043b\u0430\u0434\u043d\u0438\u0445 \u0432\u0456\u0439.<\/div>\n<div>\u041a\u0440\u0435\u043c\u043e\u0432\u043e-\u043c\u0443\u0441\u043e\u0432\u0430 \u0442\u0435\u043a\u0441\u0442\u0443\u0440\u0430 \u0437\u0430\u0431\u0435\u0437\u043f\u0435\u0447\u0443\u0454 \u043f\u043b\u0430\u0432\u043d\u0435 \u043d\u0430\u043d\u0435\u0441\u0435\u043d\u043d\u044f, \u0430 \u043f\u0440\u043e\u0446\u0435\u0441 \u0437\u043d\u044f\u0442\u0442\u044f \u0437\u0430\u0439\u043c\u0430\u0454 \u0434\u043e 7 \u0445\u0432\u0438\u043b\u0438\u043d \u0456 \u043d\u0435 \u0432\u0438\u043a\u043b\u0438\u043a\u0430\u0454 \u043f\u043e\u0434\u0440\u0430\u0437\u043d\u0435\u043d\u044c.<\/div>\n<div>\u041d\u0430\u043f\u043e\u0432\u043d\u0435\u043d\u0438\u0439 \u043f\u0440\u0438\u0454\u043c\u043d\u0438\u043c\u0438 \u0430\u0440\u043e\u043c\u0430\u0442\u0430\u043c\u0438, \u0432\u0456\u043d \u0437\u0430\u0441\u043f\u043e\u043a\u043e\u044e\u0454 \u044f\u043a \u0441\u0442\u0438\u043b\u0456\u0441\u0442\u0430, \u0442\u0430\u043a \u0456 \u043a\u043b\u0456\u0454\u043d\u0442\u0430.<\/div>\n<div>\u0420\u043e\u0437\u0440\u043e\u0431\u043b\u0435\u043d\u043e \u0434\u043b\u044f \u0437\u0430\u043f\u043e\u0431\u0456\u0433\u0430\u043d\u043d\u044f:<\/div>\n<div>- \u043f\u043e\u0447\u0435\u0440\u0432\u043e\u043d\u0456\u043d\u043d\u044f, \u0441\u0432\u0435\u0440\u0431\u0456\u0436 \u0430\u0431\u043e \u043f\u0435\u0447\u0456\u043d\u043d\u044f<\/div>\n<div>- \u043f\u043e\u0442\u0440\u0430\u043f\u043b\u044f\u043d\u043d\u044f \u043f\u0440\u043e\u0434\u0443\u043a\u0442\u0443 \u0432 \u043e\u0447\u0456<\/div>\n<div>- \u0431\u0456\u043b\u0456 \u0437\u0430\u043b\u0438\u0448\u043a\u0438 \u043f\u0456\u0441\u043b\u044f \u0432\u0438\u0434\u0430\u043b\u0435\u043d\u043d\u044f<\/div>\n<div>- \u043f\u043e\u0448\u043a\u043e\u0434\u0436\u0435\u043d\u043d\u044f \u0443\u043f\u0430\u043a\u043e\u0432\u043a\u0438<\/div>\n<div><\/div>\n<div>\u0427\u0430\u0441 \u0435\u043a\u0441\u043f\u043e\u0437\u0438\u0446\u0456\u0457: 4-7 \u0445\u0432<\/div>\n<div><\/div>\n<div>\u0410\u0440\u043e\u043c\u0430\u0442: \u0426\u0443\u043a\u0435\u0440\u043a\u0438<\/div>\n<div><\/div>\n<div>\u041a\u043e\u043b\u0456\u0440: \u043f\u0430\u0441\u0442\u0435\u043b\u044c\u043d\u043e-\u0440\u043e\u0436\u0435\u0432\u0438\u0439<\/div>\n<div><\/div>\n<div>\u041a\u043e\u043d\u0441\u0438\u0441\u0442\u0435\u043d\u0446\u0456\u044f: \u0432\u0435\u0440\u0448\u043a\u043e\u0432\u0438\u0439 \u043c\u0443\u0441<\/div>\n<div><\/div>\n<div>\u0421\u043a\u043b\u0430\u0434: \u041f\u0440\u043e\u043f\u0456\u043b\u0435\u043d\u043a\u0430\u0440\u0431\u043e\u043d\u0430\u0442, \u0433\u0456\u0434\u0440\u043e\u043a\u0441\u0438\u0435\u0442\u0438\u043b\u0446\u0435\u043b\u044e\u043b\u043e\u0437\u0430, \u0432\u0456\u0434\u0434\u0443\u0448\u043a\u0430.<\/div>\n<div><\/div>\n<div>\u0423\u043c\u043e\u0432\u0438 \u0437\u0431\u0435\u0440\u0456\u0433\u0430\u043d\u043d\u044f: \u0417\u0431\u0435\u0440\u0456\u0433\u0430\u0442\u0438 \u043f\u0440\u0438 \u0442\u0435\u043c\u043f\u0435\u0440\u0430\u0442\u0443\u0440\u0456 \u0432\u0456\u0434 5\u00b0C \u0434\u043e 25\u00b0C \u0432 \u0441\u0443\u0445\u043e\u043c\u0443 \u043c\u0456\u0441\u0446\u0456, \u0443\u043d\u0438\u043a\u0430\u0442\u0438 \u043f\u043e\u0442\u0440\u0430\u043f\u043b\u044f\u043d\u043d\u044f \u043f\u0440\u044f\u043c\u0438\u0445 \u0441\u043e\u043d\u044f\u0447\u043d\u0438\u0445 \u043f\u0440\u043e\u043c\u0435\u043d\u0456\u0432.<\/div>\n<div><\/div>\n<div>\u0417\u0430\u043f\u043e\u0431\u0456\u0436\u043d\u0456 \u0437\u0430\u0445\u043e\u0434\u0438: \u041d\u0430\u043d\u043e\u0441\u0438\u0442\u0438 \u0442\u0456\u043b\u044c\u043a\u0438 \u043d\u0430 \u043c\u0456\u0441\u0446\u044f \u0437'\u0454\u0434\u043d\u0430\u043d\u043d\u044f \u0432\u0456\u0439, \u043d\u0435 \u043d\u0430 \u0448\u043a\u0456\u0440\u0443. \u041f\u0440\u0430\u0446\u044e\u0432\u0430\u0442\u0438 \u0442\u0456\u043b\u044c\u043a\u0438 \u043d\u0430 \u0437\u0430\u043a\u0440\u0438\u0442\u0438\u0445 \u043e\u0447\u0430\u0445. \u0423 \u0440\u0430\u0437\u0456 \u043f\u043e\u0442\u0440\u0430\u043f\u043b\u044f\u043d\u043d\u044f \u0432 \u043e\u0447\u0456 \u043d\u0435\u0433\u0430\u0439\u043d\u043e \u043f\u0440\u043e\u043c\u0438\u0442\u0438 \u0432\u043e\u0434\u043e\u044e \u0456 \u0437\u0432\u0435\u0440\u043d\u0443\u0442\u0438\u0441\u044f \u0434\u043e \u043b\u0456\u043a\u0430\u0440\u044f. \u0417\u0431\u0435\u0440\u0456\u0433\u0430\u0442\u0438 \u0432 \u043d\u0435\u0434\u043e\u0441\u0442\u0443\u043f\u043d\u043e\u043c\u0443 \u0434\u043b\u044f \u0434\u0456\u0442\u0435\u0439 \u043c\u0456\u0441\u0446\u0456. \u0422\u0456\u043b\u044c\u043a\u0438 \u0434\u043b\u044f \u0437\u043e\u0432\u043d\u0456\u0448\u043d\u044c\u043e\u0433\u043e \u0437\u0430\u0441\u0442\u043e\u0441\u0443\u0432\u0430\u043d\u043d\u044f.<\/div>\n<div><\/div>\n<div>\u0422\u0435\u0440\u043c\u0456\u043d \u043f\u0440\u0438\u0434\u0430\u0442\u043d\u043e\u0441\u0442\u0456: 24 \u043c\u0456\u0441\u044f\u0446\u0456.<\/div>\n<div>\u0422\u0435\u0440\u043c\u0456\u043d \u043f\u0440\u0438\u0434\u0430\u0442\u043d\u043e\u0441\u0442\u0456 \u043f\u0456\u0441\u043b\u044f \u0432\u0456\u0434\u043a\u0440\u0438\u0442\u0442\u044f: 6 \u043c\u0456\u0441\u044f\u0446\u0456\u0432.<\/div>\n<div><\/div>\n<div>\u0412\u0438\u0440\u043e\u0431\u043b\u0435\u043d\u043e \u0432 \u041f\u0456\u0432\u0434\u0435\u043d\u043d\u0456\u0439 \u041a\u043e\u0440\u0435\u0457<\/div>","protected":false},"featured_media":26335,"comment_status":"open","ping_status":"closed","template":"","meta":[],"product_brand":[],"product_cat":[72,75],"product_tag":[],"class_list":{"0":"post-26333","1":"product","2":"type-product","3":"status-publish","4":"has-post-thumbnail","6":"product_cat-preparaty-do-rzes","7":"product_cat-remowery","9":"first","10":"instock","11":"shipping-taxable","12":"purchasable","13":"product-type-simple"},"yoast_head":"<!-- This site is optimized with the Yoast SEO plugin v25.4 - https:\/\/yoast.com\/wordpress\/plugins\/seo\/ -->\n<title>Cream-remover LASHY &quot;Lollipop candy&quot;, 10 g - Lovely Vip<\/title>\n<meta name=\"robots\" content=\"index, follow, max-snippet:-1, max-image-preview:large, max-video-preview:-1\" \/>\n<link rel=\"canonical\" href=\"https:\/\/www.lovely-vip.com\/ua\/product\/cream-remover-lashy-lollipop-candy-10-g\/\" \/>\n<meta property=\"og:locale\" content=\"uk_UA\" \/>\n<meta property=\"og:type\" content=\"article\" \/>\n<meta property=\"og:title\" content=\"Cream-remover LASHY &quot;Lollipop candy&quot;, 10 g - Lovely Vip\" \/>\n<meta property=\"og:description\" content=\"Delikatny remower w kremie przeznaczony do bezpiecznego i wygodnego usuwania sztucznych rz\u0119s. Kremowo-musowa konsystencja zapewnia g\u0142adk\u0105 aplikacj\u0119, a proces usuwania trwa do 7 minut i nie powoduje podra\u017cnie\u0144. Nas\u0105czony przyjemnymi zapachami zapewnia koj\u0105ce doznania zar\u00f3wno dla stylistki rz\u0119s, jak i klientki. Opracowany, aby zapobiega\u0107: - zaczerwienieniom, sw\u0119dzeniu lub pieczeniu - wyciekaniu produktu do oczu - bia\u0142ym pozosta\u0142o\u015bciom po usuni\u0119ciu - uszkodzeniom opakowania  Czas ekspozycji: 4-7 min  Zapach: Candies  Kolor: Pastelowy r\u00f3\u017c  Konsystencja: Kremowy mus  Sk\u0142adniki: W\u0119glan propylenu, hydroksyetyloceluloza, Parfum.  Warunki przechowywania: Przechowywa\u0107 w temperaturze od 5 \u00b0C do 25 \u00b0C w suchym miejscu, unika\u0107 bezpo\u015bredniego \u015bwiat\u0142a s\u0142onecznego.  \u015arodki ostro\u017cno\u015bci: Nak\u0142ada\u0107 tylko na miejsca l\u0105czenia rz\u0119s, a nie na sk\u00f3r\u0119. Pracowa\u0107 tylko na zamkni\u0119tych oczach. W przypadku kontaktu z oczami natychmiast przemy\u0107 je wod\u0105 i skonsultowa\u0107 si\u0119 z lekarzem. Przechowywa\u0107 w miejscu niedost\u0119pnym dla dzieci. Tylko do u\u017cytku zewn\u0119trznego.  Okres przydatno\u015bci produktu: 24 miesi\u0105ce. Data wa\u017cno\u015bci po otwarciu: 6 miesi\u0119cy.  Wyprodukowano w Korei Po\u0142udniowej\" \/>\n<meta property=\"og:url\" content=\"https:\/\/www.lovely-vip.com\/ua\/product\/cream-remover-lashy-lollipop-candy-10-g\/\" \/>\n<meta property=\"og:site_name\" content=\"Lovely Vip\" \/>\n<meta property=\"article:modified_time\" content=\"2026-05-04T09:51:58+00:00\" \/>\n<meta property=\"og:image\" content=\"https:\/\/www.lovely-vip.com\/wp-content\/uploads\/2025\/06\/3.jpg\" \/>\n\t<meta property=\"og:image:width\" content=\"2100\" \/>\n\t<meta property=\"og:image:height\" content=\"2100\" \/>\n\t<meta property=\"og:image:type\" content=\"image\/jpeg\" \/>\n<meta name=\"twitter:card\" content=\"summary_large_image\" \/>\n<meta name=\"twitter:label1\" content=\"\u041f\u0440\u0438\u0431\u043b. \u0447\u0430\u0441 \u0447\u0438\u0442\u0430\u043d\u043d\u044f\" \/>\n\t<meta name=\"twitter:data1\" content=\"1 \u0445\u0432\u0438\u043b\u0438\u043d\u0430\" \/>\n<script type=\"application\/ld+json\" class=\"yoast-schema-graph\">{\"@context\":\"https:\/\/schema.org\",\"@graph\":[{\"@type\":\"WebPage\",\"@id\":\"https:\/\/www.lovely-vip.com\/product\/cream-remover-lashy-lollipop-candy-10-g\/\",\"url\":\"https:\/\/www.lovely-vip.com\/product\/cream-remover-lashy-lollipop-candy-10-g\/\",\"name\":\"Cream-remover LASHY \\\"Lollipop candy\\\", 10 g - Lovely Vip\",\"isPartOf\":{\"@id\":\"https:\/\/www.lovely-vip.com\/#website\"},\"primaryImageOfPage\":{\"@id\":\"https:\/\/www.lovely-vip.com\/product\/cream-remover-lashy-lollipop-candy-10-g\/#primaryimage\"},\"image\":{\"@id\":\"https:\/\/www.lovely-vip.com\/product\/cream-remover-lashy-lollipop-candy-10-g\/#primaryimage\"},\"thumbnailUrl\":\"https:\/\/www.lovely-vip.com\/wp-content\/uploads\/2025\/06\/3.jpg\",\"datePublished\":\"2025-06-30T08:53:07+00:00\",\"dateModified\":\"2026-05-04T09:51:58+00:00\",\"breadcrumb\":{\"@id\":\"https:\/\/www.lovely-vip.com\/product\/cream-remover-lashy-lollipop-candy-10-g\/#breadcrumb\"},\"inLanguage\":\"uk\",\"potentialAction\":[{\"@type\":\"ReadAction\",\"target\":[\"https:\/\/www.lovely-vip.com\/product\/cream-remover-lashy-lollipop-candy-10-g\/\"]}]},{\"@type\":\"ImageObject\",\"inLanguage\":\"uk\",\"@id\":\"https:\/\/www.lovely-vip.com\/product\/cream-remover-lashy-lollipop-candy-10-g\/#primaryimage\",\"url\":\"https:\/\/www.lovely-vip.com\/wp-content\/uploads\/2025\/06\/3.jpg\",\"contentUrl\":\"https:\/\/www.lovely-vip.com\/wp-content\/uploads\/2025\/06\/3.jpg\",\"width\":2100,\"height\":2100},{\"@type\":\"BreadcrumbList\",\"@id\":\"https:\/\/www.lovely-vip.com\/product\/cream-remover-lashy-lollipop-candy-10-g\/#breadcrumb\",\"itemListElement\":[{\"@type\":\"ListItem\",\"position\":1,\"name\":\"Strona g\u0142\u00f3wna\",\"item\":\"https:\/\/www.lovely-vip.com\/\"},{\"@type\":\"ListItem\",\"position\":2,\"name\":\"Sklep dla stylistek rz\u0119s i brwi\",\"item\":\"https:\/\/www.lovely-vip.com\/shop\/\"},{\"@type\":\"ListItem\",\"position\":3,\"name\":\"Cream-remover LASHY &#8222;Lollipop candy&#8221;, 10 g\"}]},{\"@type\":\"WebSite\",\"@id\":\"https:\/\/www.lovely-vip.com\/#website\",\"url\":\"https:\/\/www.lovely-vip.com\/\",\"name\":\"Lovely Vip\",\"description\":\"Profesjonalne produkty do piel\u0119gnacji rz\u0119s i brwi\",\"potentialAction\":[{\"@type\":\"SearchAction\",\"target\":{\"@type\":\"EntryPoint\",\"urlTemplate\":\"https:\/\/www.lovely-vip.com\/?s={search_term_string}\"},\"query-input\":{\"@type\":\"PropertyValueSpecification\",\"valueRequired\":true,\"valueName\":\"search_term_string\"}}],\"inLanguage\":\"uk\"}]}<\/script>\n<!-- \/ Yoast SEO plugin. -->","yoast_head_json":{"title":"Cream-remover LASHY \"Lollipop candy\", 10 g - Lovely Vip","robots":{"index":"index","follow":"follow","max-snippet":"max-snippet:-1","max-image-preview":"max-image-preview:large","max-video-preview":"max-video-preview:-1"},"canonical":"https:\/\/www.lovely-vip.com\/ua\/product\/cream-remover-lashy-lollipop-candy-10-g\/","og_locale":"uk_UA","og_type":"article","og_title":"Cream-remover LASHY \"Lollipop candy\", 10 g - Lovely Vip","og_description":"Delikatny remower w kremie przeznaczony do bezpiecznego i wygodnego usuwania sztucznych rz\u0119s. Kremowo-musowa konsystencja zapewnia g\u0142adk\u0105 aplikacj\u0119, a proces usuwania trwa do 7 minut i nie powoduje podra\u017cnie\u0144. Nas\u0105czony przyjemnymi zapachami zapewnia koj\u0105ce doznania zar\u00f3wno dla stylistki rz\u0119s, jak i klientki. Opracowany, aby zapobiega\u0107: - zaczerwienieniom, sw\u0119dzeniu lub pieczeniu - wyciekaniu produktu do oczu - bia\u0142ym pozosta\u0142o\u015bciom po usuni\u0119ciu - uszkodzeniom opakowania  Czas ekspozycji: 4-7 min  Zapach: Candies  Kolor: Pastelowy r\u00f3\u017c  Konsystencja: Kremowy mus  Sk\u0142adniki: W\u0119glan propylenu, hydroksyetyloceluloza, Parfum.  Warunki przechowywania: Przechowywa\u0107 w temperaturze od 5 \u00b0C do 25 \u00b0C w suchym miejscu, unika\u0107 bezpo\u015bredniego \u015bwiat\u0142a s\u0142onecznego.  \u015arodki ostro\u017cno\u015bci: Nak\u0142ada\u0107 tylko na miejsca l\u0105czenia rz\u0119s, a nie na sk\u00f3r\u0119. Pracowa\u0107 tylko na zamkni\u0119tych oczach. W przypadku kontaktu z oczami natychmiast przemy\u0107 je wod\u0105 i skonsultowa\u0107 si\u0119 z lekarzem. Przechowywa\u0107 w miejscu niedost\u0119pnym dla dzieci. Tylko do u\u017cytku zewn\u0119trznego.  Okres przydatno\u015bci produktu: 24 miesi\u0105ce. Data wa\u017cno\u015bci po otwarciu: 6 miesi\u0119cy.  Wyprodukowano w Korei Po\u0142udniowej","og_url":"https:\/\/www.lovely-vip.com\/ua\/product\/cream-remover-lashy-lollipop-candy-10-g\/","og_site_name":"Lovely Vip","article_modified_time":"2026-05-04T09:51:58+00:00","og_image":[{"width":2100,"height":2100,"url":"https:\/\/www.lovely-vip.com\/wp-content\/uploads\/2025\/06\/3.jpg","type":"image\/jpeg"}],"twitter_card":"summary_large_image","twitter_misc":{"\u041f\u0440\u0438\u0431\u043b. \u0447\u0430\u0441 \u0447\u0438\u0442\u0430\u043d\u043d\u044f":"1 \u0445\u0432\u0438\u043b\u0438\u043d\u0430"},"schema":{"@context":"https:\/\/schema.org","@graph":[{"@type":"WebPage","@id":"https:\/\/www.lovely-vip.com\/product\/cream-remover-lashy-lollipop-candy-10-g\/","url":"https:\/\/www.lovely-vip.com\/product\/cream-remover-lashy-lollipop-candy-10-g\/","name":"Cream-remover LASHY \"Lollipop candy\", 10 g - Lovely Vip","isPartOf":{"@id":"https:\/\/www.lovely-vip.com\/#website"},"primaryImageOfPage":{"@id":"https:\/\/www.lovely-vip.com\/product\/cream-remover-lashy-lollipop-candy-10-g\/#primaryimage"},"image":{"@id":"https:\/\/www.lovely-vip.com\/product\/cream-remover-lashy-lollipop-candy-10-g\/#primaryimage"},"thumbnailUrl":"https:\/\/www.lovely-vip.com\/wp-content\/uploads\/2025\/06\/3.jpg","datePublished":"2025-06-30T08:53:07+00:00","dateModified":"2026-05-04T09:51:58+00:00","breadcrumb":{"@id":"https:\/\/www.lovely-vip.com\/product\/cream-remover-lashy-lollipop-candy-10-g\/#breadcrumb"},"inLanguage":"uk","potentialAction":[{"@type":"ReadAction","target":["https:\/\/www.lovely-vip.com\/product\/cream-remover-lashy-lollipop-candy-10-g\/"]}]},{"@type":"ImageObject","inLanguage":"uk","@id":"https:\/\/www.lovely-vip.com\/product\/cream-remover-lashy-lollipop-candy-10-g\/#primaryimage","url":"https:\/\/www.lovely-vip.com\/wp-content\/uploads\/2025\/06\/3.jpg","contentUrl":"https:\/\/www.lovely-vip.com\/wp-content\/uploads\/2025\/06\/3.jpg","width":2100,"height":2100},{"@type":"BreadcrumbList","@id":"https:\/\/www.lovely-vip.com\/product\/cream-remover-lashy-lollipop-candy-10-g\/#breadcrumb","itemListElement":[{"@type":"ListItem","position":1,"name":"Strona g\u0142\u00f3wna","item":"https:\/\/www.lovely-vip.com\/"},{"@type":"ListItem","position":2,"name":"Sklep dla stylistek rz\u0119s i brwi","item":"https:\/\/www.lovely-vip.com\/shop\/"},{"@type":"ListItem","position":3,"name":"Cream-remover LASHY &#8222;Lollipop candy&#8221;, 10 g"}]},{"@type":"WebSite","@id":"https:\/\/www.lovely-vip.com\/#website","url":"https:\/\/www.lovely-vip.com\/","name":"Lovely Vip","description":"\u041f\u0440\u043e\u0444\u0435\u0441\u0456\u0439\u043d\u0456 \u0437\u0430\u0441\u043e\u0431\u0438 \u043f\u043e \u0434\u043e\u0433\u043b\u044f\u0434\u0443 \u0437\u0430 \u0432\u0456\u044f\u043c\u0438 \u0442\u0430 \u0431\u0440\u043e\u0432\u0430\u043c\u0438","potentialAction":[{"@type":"SearchAction","target":{"@type":"EntryPoint","urlTemplate":"https:\/\/www.lovely-vip.com\/?s={search_term_string}"},"query-input":{"@type":"PropertyValueSpecification","valueRequired":true,"valueName":"search_term_string"}}],"inLanguage":"uk"}]}},"_links":{"self":[{"href":"https:\/\/www.lovely-vip.com\/ua\/wp-json\/wp\/v2\/product\/26333","targetHints":{"allow":["GET"]}}],"collection":[{"href":"https:\/\/www.lovely-vip.com\/ua\/wp-json\/wp\/v2\/product"}],"about":[{"href":"https:\/\/www.lovely-vip.com\/ua\/wp-json\/wp\/v2\/types\/product"}],"replies":[{"embeddable":true,"href":"https:\/\/www.lovely-vip.com\/ua\/wp-json\/wp\/v2\/comments?post=26333"}],"wp:featuredmedia":[{"embeddable":true,"href":"https:\/\/www.lovely-vip.com\/ua\/wp-json\/wp\/v2\/media\/26335"}],"wp:attachment":[{"href":"https:\/\/www.lovely-vip.com\/ua\/wp-json\/wp\/v2\/media?parent=26333"}],"wp:term":[{"taxonomy":"product_brand","embeddable":true,"href":"https:\/\/www.lovely-vip.com\/ua\/wp-json\/wp\/v2\/product_brand?post=26333"},{"taxonomy":"product_cat","embeddable":true,"href":"https:\/\/www.lovely-vip.com\/ua\/wp-json\/wp\/v2\/product_cat?post=26333"},{"taxonomy":"product_tag","embeddable":true,"href":"https:\/\/www.lovely-vip.com\/ua\/wp-json\/wp\/v2\/product_tag?post=26333"}],"curies":[{"name":"wp","href":"https:\/\/api.w.org\/{rel}","templated":true}]}}