{"id":26835,"date":"2025-09-23T12:10:46","date_gmt":"2025-09-23T10:10:46","guid":{"rendered":"https:\/\/www.lovely-vip.com\/?post_type=product&#038;p=26835"},"modified":"2026-04-13T12:23:03","modified_gmt":"2026-04-13T10:23:03","slug":"serum-regenerujace-after-wax-elan-x-belik","status":"publish","type":"product","link":"https:\/\/www.lovely-vip.com\/ua\/product\/serum-regenerujace-after-wax-elan-x-belik\/","title":{"rendered":"\u0420\u0435\u0433\u0435\u043d\u0435\u0440\u0443\u044e\u0447\u0430 \u0441\u0438\u0440\u043e\u0432\u0430\u0442\u043a\u0430 \u041f\u0406\u0421\u041b\u042f \u0412\u041e\u0421\u041a\u0423 ELAN X BELIK"},"content":{"rendered":"<p>\u0412\u0456\u0434\u043d\u043e\u0432\u043b\u044e\u0432\u0430\u043b\u044c\u043d\u0430 \u0441\u0438\u0440\u043e\u0432\u0430\u0442\u043a\u0430 \u0434\u043b\u044f \u0434\u043e\u0433\u043b\u044f\u0434\u0443 \u0437\u0430 \u0448\u043a\u0456\u0440\u043e\u044e \u043e\u0431\u043b\u0438\u0447\u0447\u044f \u043f\u0456\u0441\u043b\u044f \u0434\u0435\u043f\u0456\u043b\u044f\u0446\u0456\u0457. \u0417\u0430\u0441\u0456\u0431 \u0437\u0430\u043f\u043e\u0431\u0456\u0433\u0430\u0454 \u043f\u043e\u0447\u0435\u0440\u0432\u043e\u043d\u0456\u043d\u043d\u044e, \u0435\u0444\u0435\u043a\u0442\u0438\u0432\u043d\u043e \u0437\u0430\u0441\u043f\u043e\u043a\u043e\u044e\u0454 \u0442\u0430 \u0437\u0432\u043e\u043b\u043e\u0436\u0443\u0454 \u0448\u043a\u0456\u0440\u0443. \u0421\u0438\u0440\u043e\u0432\u0430\u0442\u043a\u0443 \u043d\u0435 \u043f\u043e\u0442\u0440\u0456\u0431\u043d\u043e \u0437\u043c\u0438\u0432\u0430\u0442\u0438 \u0432\u043e\u0434\u043e\u044e.<br \/>\n\u041f\u043e\u0441\u0442-\u0435\u043f\u0456\u043b\u044f\u0446\u0456\u0439\u043d\u0430 \u0432\u0456\u0434\u043d\u043e\u0432\u043b\u044e\u0432\u0430\u043b\u044c\u043d\u0430 \u0441\u0438\u0440\u043e\u0432\u0430\u0442\u043a\u0430 \u043c\u0456\u0441\u0442\u0438\u0442\u044c \u0456\u043d\u043d\u043e\u0432\u0430\u0446\u0456\u0439\u043d\u0438\u0439 \u043a\u043e\u043c\u043f\u043e\u043d\u0435\u043d\u0442 DRAGON'S BLOOD, \u044f\u043a\u0438\u0439 \u0441\u043f\u0440\u0438\u044f\u0454 \u0440\u0435\u0433\u0435\u043d\u0435\u0440\u0430\u0446\u0456\u0457 \u0448\u043a\u0456\u0440\u0438. \u041a\u043e\u043c\u043f\u043b\u0435\u043a\u0441 \u0430\u043c\u0456\u043d\u043e\u043a\u0438\u0441\u043b\u043e\u0442 PRODEW\u00ae 500 \u0443 \u043f\u043e\u0454\u0434\u043d\u0430\u043d\u043d\u0456 \u0437 \u0435\u043a\u0441\u0442\u0440\u0430\u043a\u0442\u043e\u043c \u0430\u043b\u043e\u0435 \u0432\u0435\u0440\u0430 \u0442\u0430 \u043f\u0430\u043d\u0442\u0435\u043d\u043e\u043b\u043e\u043c \u0433\u043b\u0438\u0431\u043e\u043a\u043e \u0437\u0432\u043e\u043b\u043e\u0436\u0443\u0454 \u0442\u0430 \u0437\u0430\u043f\u043e\u0431\u0456\u0433\u0430\u0454 \u0441\u0443\u0445\u043e\u0441\u0442\u0456 \u0448\u043a\u0456\u0440\u0438.<\/p>\n<p><strong>\u041f\u043e\u0442\u0435\u043d\u0446\u0456\u0430\u043b:\u00a0<\/strong>50 \u043c\u043b<\/p>\n<p><strong>\u041f\u0435\u0440\u0456\u043e\u0434 \u043f\u0456\u0441\u043b\u044f \u0432\u0456\u0434\u043a\u0440\u0438\u0442\u0442\u044f (PAO):\u00a0<\/strong>6 \u043c\u0456\u0441\u044f\u0446\u0456\u0432<\/p>\n<p><strong>\u0421\u043f\u043e\u0441\u0456\u0431 \u0437\u0430\u0441\u0442\u043e\u0441\u0443\u0432\u0430\u043d\u043d\u044f<\/strong><\/p>\n<p>\u041d\u0430\u043d\u0435\u0441\u0456\u0442\u044c \u043d\u0435\u043e\u0431\u0445\u0456\u0434\u043d\u0443 \u043a\u0456\u043b\u044c\u043a\u0456\u0441\u0442\u044c \u0441\u0438\u0440\u043e\u0432\u0430\u0442\u043a\u0438 \u043d\u0430 \u0448\u043a\u0456\u0440\u0443 \u043f\u0456\u0441\u043b\u044f \u0435\u043f\u0456\u043b\u044f\u0446\u0456\u0457 \u0456 \u0434\u0430\u0439\u0442\u0435 \u0457\u0439 \u043f\u043e\u0432\u043d\u0456\u0441\u0442\u044e \u0432\u0431\u0440\u0430\u0442\u0438\u0441\u044f.<\/p>\n<p><strong>\u0425\u0456\u043c\u0456\u0447\u043d\u0438\u0439 \u0441\u043a\u043b\u0430\u0434<\/strong><\/p>\n<p>\u0412\u041e\u0414\u0410, \u0413\u041b\u0406\u0426\u0415\u0420\u0418\u041d, \u0413\u0406\u0414\u0420\u041e\u0413\u0415\u041d\u0406\u0417\u041e\u0412\u0410\u041d\u0410 \u0420\u0418\u0426\u0418\u041d\u041e\u0412\u0410 \u041e\u041b\u0406\u042f \u041f\u0415\u0413-40, \u0422\u0420\u0415\u0413\u0410\u041b\u041e\u0417\u0410, \u0421\u0415\u0427\u041e\u0412\u0418\u041d\u0410, \u041d\u0410\u0422\u0420\u0406\u042e \u041a\u0410\u0420\u0411\u041e\u041d\u0410\u0422, \u041d\u0410\u0422\u0420\u0406\u042e \u041b\u0410\u041a\u0422\u0410\u0422, \u0410\u0420\u0413\u0406\u041d\u0406\u041d, \u0410\u0421\u041f\u0410\u0420\u0410\u0413\u0406\u041d\u041e\u0412\u0410 \u041a\u0418\u0421\u041b\u041e\u0422\u0410, \u041a\u0410\u0420\u0411\u041e\u041d, \u0413\u041b\u0406\u0426\u0418\u041d, \u0410\u041b\u0410\u041d\u0406\u041d, \u0421\u0415\u0420\u0418\u041d, \u0412\u0410\u041b\u0406\u041d, \u041f\u0420\u041e\u041b\u0406\u041d, \u0422\u0420\u0415\u041e\u041d\u0406\u041d, \u0406\u0417\u041e\u041b\u0415\u0419\u0426\u0418\u041d, \u0413\u0406\u0421\u0422\u0418\u0414\u0418\u041d, \u0424\u0415\u041d\u0406\u041b\u0410\u041b\u0410\u041d\u0406\u041d, \u0415\u041a\u0421\u0422\u0420\u0410\u041a\u0422 \u0421\u041c\u041e\u041b\u0418 \u041a\u0420\u041e\u0422\u041e\u041d\u0410 \u041b\u0415\u0427\u041b\u0415\u0420\u0406, \u0413\u0406\u0414\u0420\u041e\u041b\u0406\u0417\u041e\u0412\u0410\u041d\u0418\u0419 \u0421\u041e\u0404\u0412\u0418\u0419 \u0411\u0406\u041b\u041e\u041a, \u041f\u0410\u041d\u0422\u0415\u041d\u041e\u041b, \u0415\u041a\u0421\u0422\u0420\u0410\u041a\u0422 \u041b\u0418\u0421\u0422\u042f \u0410\u041b\u041e\u0415 \u0411\u0410\u0420\u0411\u0410\u0414\u0415\u041d\u0421\u0418\u0421, \u041a\u0421\u0410\u041d\u0422\u0410\u041d\u041e\u0412\u0410 \u041a\u0410\u041c\u0415\u0414\u042c, \u0415\u0422\u0418\u041b\u0413\u0415\u041a\u0421\u0418\u041b\u0413\u041b\u0406\u0426\u0415\u0420\u0418\u041d, \u0424\u0415\u041d\u041e\u041a\u0421\u0406\u0415\u0422\u0410\u041d\u041e\u041b, \u0421\u041e\u0420\u0411\u0410\u0422 \u041a\u0410\u041b\u0406\u042e, \u0421\u041e\u0420\u0411\u0406\u041d\u041e\u0412\u0410 \u041a\u0418\u0421\u041b\u041e\u0422\u0410, \u041f\u0410\u0420\u0424\u0423\u041c, \u0411\u0415\u041d\u0417\u0418\u041b\u0421\u0410\u041b\u0406\u0426\u0418\u041b\u0410\u0422, \u0413\u0406\u0414\u0420\u041e\u041a\u0421\u0418\u0426\u0418\u0422\u0420\u041e\u041d\u0415\u041b\u0410\u041b<\/p>\n<p><em>\u0417\u0420\u041e\u0411\u041b\u0415\u041d\u041e \u0412 \u0422\u0423\u0420\u0415\u0427\u0427\u0418\u041d\u0406<\/em><\/p>","protected":false},"excerpt":{"rendered":"<p>Serum regeneruj\u0105ce do piel\u0119gnacji sk\u00f3ry twarzy po depilacji. Produkt zapobiega zaczerwienieniom, skutecznie koi i nawil\u017ca sk\u00f3r\u0119. Nie ma potrzeby sp\u0142ukiwania serum wod\u0105. Serum naprawcze po depilacji zawiera innowacyjny sk\u0142adnik DRAGON&#8217;S BLOOD, kt\u00f3ry wspomaga regeneracj\u0119 sk\u00f3ry. Kompleks aminokwas\u00f3w PRODEW\u00ae 500 w po\u0142\u0105czeniu z ekstraktem z aloesu i pantenolem g\u0142\u0119boko nawil\u017ca i zapobiega wysuszeniu sk\u00f3ry. Pojemno\u015b\u0107:\u00a050 ml [&#8230;]\n","protected":false},"featured_media":26836,"comment_status":"open","ping_status":"closed","template":"","meta":[],"product_brand":[],"product_cat":[85,235,238,236],"product_tag":[],"class_list":{"0":"post-26835","1":"product","2":"type-product","3":"status-publish","4":"has-post-thumbnail","6":"product_cat-brwi","7":"product_cat-elan","8":"product_cat-farbka-do-brwi","9":"product_cat-pielegnacja-brw","11":"first","12":"outofstock","13":"sale","14":"shipping-taxable","15":"purchasable","16":"product-type-simple"},"yoast_head":"<!-- This site is optimized with the Yoast SEO plugin v25.4 - https:\/\/yoast.com\/wordpress\/plugins\/seo\/ -->\n<title>Serum regeneruj\u0105ce AFTER WAX ELAN X BELIK - Lovely Vip<\/title>\n<meta name=\"robots\" content=\"index, follow, max-snippet:-1, max-image-preview:large, max-video-preview:-1\" \/>\n<link rel=\"canonical\" href=\"https:\/\/www.lovely-vip.com\/ua\/product\/serum-regenerujace-after-wax-elan-x-belik\/\" \/>\n<meta property=\"og:locale\" content=\"uk_UA\" \/>\n<meta property=\"og:type\" content=\"article\" \/>\n<meta property=\"og:title\" content=\"Serum regeneruj\u0105ce AFTER WAX ELAN X BELIK - Lovely Vip\" \/>\n<meta property=\"og:description\" content=\"Serum regeneruj\u0105ce do piel\u0119gnacji sk\u00f3ry twarzy po depilacji. Produkt zapobiega zaczerwienieniom, skutecznie koi i nawil\u017ca sk\u00f3r\u0119. Nie ma potrzeby sp\u0142ukiwania serum wod\u0105. Serum naprawcze po depilacji zawiera innowacyjny sk\u0142adnik DRAGON&#8217;S BLOOD, kt\u00f3ry wspomaga regeneracj\u0119 sk\u00f3ry. Kompleks aminokwas\u00f3w PRODEW\u00ae 500 w po\u0142\u0105czeniu z ekstraktem z aloesu i pantenolem g\u0142\u0119boko nawil\u017ca i zapobiega wysuszeniu sk\u00f3ry. Pojemno\u015b\u0107:\u00a050 ml [...]\" \/>\n<meta property=\"og:url\" content=\"https:\/\/www.lovely-vip.com\/ua\/product\/serum-regenerujace-after-wax-elan-x-belik\/\" \/>\n<meta property=\"og:site_name\" content=\"Lovely Vip\" \/>\n<meta property=\"article:modified_time\" content=\"2026-04-13T10:23:03+00:00\" \/>\n<meta property=\"og:image\" content=\"https:\/\/www.lovely-vip.com\/wp-content\/uploads\/2025\/09\/after-wax-repair-serum-900x900-1.png\" \/>\n\t<meta property=\"og:image:width\" content=\"900\" \/>\n\t<meta property=\"og:image:height\" content=\"900\" \/>\n\t<meta property=\"og:image:type\" content=\"image\/png\" \/>\n<meta name=\"twitter:card\" content=\"summary_large_image\" \/>\n<meta name=\"twitter:label1\" content=\"\u041f\u0440\u0438\u0431\u043b. \u0447\u0430\u0441 \u0447\u0438\u0442\u0430\u043d\u043d\u044f\" \/>\n\t<meta name=\"twitter:data1\" content=\"2 \u0445\u0432\u0438\u043b\u0438\u043d\u0438\" \/>\n<script type=\"application\/ld+json\" class=\"yoast-schema-graph\">{\"@context\":\"https:\/\/schema.org\",\"@graph\":[{\"@type\":\"WebPage\",\"@id\":\"https:\/\/www.lovely-vip.com\/product\/serum-regenerujace-after-wax-elan-x-belik\/\",\"url\":\"https:\/\/www.lovely-vip.com\/product\/serum-regenerujace-after-wax-elan-x-belik\/\",\"name\":\"Serum regeneruj\u0105ce AFTER WAX ELAN X BELIK - Lovely Vip\",\"isPartOf\":{\"@id\":\"https:\/\/www.lovely-vip.com\/#website\"},\"primaryImageOfPage\":{\"@id\":\"https:\/\/www.lovely-vip.com\/product\/serum-regenerujace-after-wax-elan-x-belik\/#primaryimage\"},\"image\":{\"@id\":\"https:\/\/www.lovely-vip.com\/product\/serum-regenerujace-after-wax-elan-x-belik\/#primaryimage\"},\"thumbnailUrl\":\"https:\/\/www.lovely-vip.com\/wp-content\/uploads\/2025\/09\/after-wax-repair-serum-900x900-1.png\",\"datePublished\":\"2025-09-23T10:10:46+00:00\",\"dateModified\":\"2026-04-13T10:23:03+00:00\",\"breadcrumb\":{\"@id\":\"https:\/\/www.lovely-vip.com\/product\/serum-regenerujace-after-wax-elan-x-belik\/#breadcrumb\"},\"inLanguage\":\"uk\",\"potentialAction\":[{\"@type\":\"ReadAction\",\"target\":[\"https:\/\/www.lovely-vip.com\/product\/serum-regenerujace-after-wax-elan-x-belik\/\"]}]},{\"@type\":\"ImageObject\",\"inLanguage\":\"uk\",\"@id\":\"https:\/\/www.lovely-vip.com\/product\/serum-regenerujace-after-wax-elan-x-belik\/#primaryimage\",\"url\":\"https:\/\/www.lovely-vip.com\/wp-content\/uploads\/2025\/09\/after-wax-repair-serum-900x900-1.png\",\"contentUrl\":\"https:\/\/www.lovely-vip.com\/wp-content\/uploads\/2025\/09\/after-wax-repair-serum-900x900-1.png\",\"width\":900,\"height\":900},{\"@type\":\"BreadcrumbList\",\"@id\":\"https:\/\/www.lovely-vip.com\/product\/serum-regenerujace-after-wax-elan-x-belik\/#breadcrumb\",\"itemListElement\":[{\"@type\":\"ListItem\",\"position\":1,\"name\":\"Strona g\u0142\u00f3wna\",\"item\":\"https:\/\/www.lovely-vip.com\/\"},{\"@type\":\"ListItem\",\"position\":2,\"name\":\"Sklep dla stylistek rz\u0119s i brwi\",\"item\":\"https:\/\/www.lovely-vip.com\/shop\/\"},{\"@type\":\"ListItem\",\"position\":3,\"name\":\"Serum regeneruj\u0105ce AFTER WAX ELAN X BELIK\"}]},{\"@type\":\"WebSite\",\"@id\":\"https:\/\/www.lovely-vip.com\/#website\",\"url\":\"https:\/\/www.lovely-vip.com\/\",\"name\":\"Lovely Vip\",\"description\":\"Profesjonalne produkty do piel\u0119gnacji rz\u0119s i brwi\",\"potentialAction\":[{\"@type\":\"SearchAction\",\"target\":{\"@type\":\"EntryPoint\",\"urlTemplate\":\"https:\/\/www.lovely-vip.com\/?s={search_term_string}\"},\"query-input\":{\"@type\":\"PropertyValueSpecification\",\"valueRequired\":true,\"valueName\":\"search_term_string\"}}],\"inLanguage\":\"uk\"}]}<\/script>\n<!-- \/ Yoast SEO plugin. -->","yoast_head_json":{"title":"Serum regeneruj\u0105ce AFTER WAX ELAN X BELIK - Lovely Vip","robots":{"index":"index","follow":"follow","max-snippet":"max-snippet:-1","max-image-preview":"max-image-preview:large","max-video-preview":"max-video-preview:-1"},"canonical":"https:\/\/www.lovely-vip.com\/ua\/product\/serum-regenerujace-after-wax-elan-x-belik\/","og_locale":"uk_UA","og_type":"article","og_title":"Serum regeneruj\u0105ce AFTER WAX ELAN X BELIK - Lovely Vip","og_description":"Serum regeneruj\u0105ce do piel\u0119gnacji sk\u00f3ry twarzy po depilacji. Produkt zapobiega zaczerwienieniom, skutecznie koi i nawil\u017ca sk\u00f3r\u0119. Nie ma potrzeby sp\u0142ukiwania serum wod\u0105. Serum naprawcze po depilacji zawiera innowacyjny sk\u0142adnik DRAGON&#8217;S BLOOD, kt\u00f3ry wspomaga regeneracj\u0119 sk\u00f3ry. Kompleks aminokwas\u00f3w PRODEW\u00ae 500 w po\u0142\u0105czeniu z ekstraktem z aloesu i pantenolem g\u0142\u0119boko nawil\u017ca i zapobiega wysuszeniu sk\u00f3ry. Pojemno\u015b\u0107:\u00a050 ml [...]","og_url":"https:\/\/www.lovely-vip.com\/ua\/product\/serum-regenerujace-after-wax-elan-x-belik\/","og_site_name":"Lovely Vip","article_modified_time":"2026-04-13T10:23:03+00:00","og_image":[{"width":900,"height":900,"url":"https:\/\/www.lovely-vip.com\/wp-content\/uploads\/2025\/09\/after-wax-repair-serum-900x900-1.png","type":"image\/png"}],"twitter_card":"summary_large_image","twitter_misc":{"\u041f\u0440\u0438\u0431\u043b. \u0447\u0430\u0441 \u0447\u0438\u0442\u0430\u043d\u043d\u044f":"2 \u0445\u0432\u0438\u043b\u0438\u043d\u0438"},"schema":{"@context":"https:\/\/schema.org","@graph":[{"@type":"WebPage","@id":"https:\/\/www.lovely-vip.com\/product\/serum-regenerujace-after-wax-elan-x-belik\/","url":"https:\/\/www.lovely-vip.com\/product\/serum-regenerujace-after-wax-elan-x-belik\/","name":"Serum regeneruj\u0105ce AFTER WAX ELAN X BELIK - Lovely Vip","isPartOf":{"@id":"https:\/\/www.lovely-vip.com\/#website"},"primaryImageOfPage":{"@id":"https:\/\/www.lovely-vip.com\/product\/serum-regenerujace-after-wax-elan-x-belik\/#primaryimage"},"image":{"@id":"https:\/\/www.lovely-vip.com\/product\/serum-regenerujace-after-wax-elan-x-belik\/#primaryimage"},"thumbnailUrl":"https:\/\/www.lovely-vip.com\/wp-content\/uploads\/2025\/09\/after-wax-repair-serum-900x900-1.png","datePublished":"2025-09-23T10:10:46+00:00","dateModified":"2026-04-13T10:23:03+00:00","breadcrumb":{"@id":"https:\/\/www.lovely-vip.com\/product\/serum-regenerujace-after-wax-elan-x-belik\/#breadcrumb"},"inLanguage":"uk","potentialAction":[{"@type":"ReadAction","target":["https:\/\/www.lovely-vip.com\/product\/serum-regenerujace-after-wax-elan-x-belik\/"]}]},{"@type":"ImageObject","inLanguage":"uk","@id":"https:\/\/www.lovely-vip.com\/product\/serum-regenerujace-after-wax-elan-x-belik\/#primaryimage","url":"https:\/\/www.lovely-vip.com\/wp-content\/uploads\/2025\/09\/after-wax-repair-serum-900x900-1.png","contentUrl":"https:\/\/www.lovely-vip.com\/wp-content\/uploads\/2025\/09\/after-wax-repair-serum-900x900-1.png","width":900,"height":900},{"@type":"BreadcrumbList","@id":"https:\/\/www.lovely-vip.com\/product\/serum-regenerujace-after-wax-elan-x-belik\/#breadcrumb","itemListElement":[{"@type":"ListItem","position":1,"name":"Strona g\u0142\u00f3wna","item":"https:\/\/www.lovely-vip.com\/"},{"@type":"ListItem","position":2,"name":"Sklep dla stylistek rz\u0119s i brwi","item":"https:\/\/www.lovely-vip.com\/shop\/"},{"@type":"ListItem","position":3,"name":"Serum regeneruj\u0105ce AFTER WAX ELAN X BELIK"}]},{"@type":"WebSite","@id":"https:\/\/www.lovely-vip.com\/#website","url":"https:\/\/www.lovely-vip.com\/","name":"Lovely Vip","description":"\u041f\u0440\u043e\u0444\u0435\u0441\u0456\u0439\u043d\u0456 \u0437\u0430\u0441\u043e\u0431\u0438 \u043f\u043e \u0434\u043e\u0433\u043b\u044f\u0434\u0443 \u0437\u0430 \u0432\u0456\u044f\u043c\u0438 \u0442\u0430 \u0431\u0440\u043e\u0432\u0430\u043c\u0438","potentialAction":[{"@type":"SearchAction","target":{"@type":"EntryPoint","urlTemplate":"https:\/\/www.lovely-vip.com\/?s={search_term_string}"},"query-input":{"@type":"PropertyValueSpecification","valueRequired":true,"valueName":"search_term_string"}}],"inLanguage":"uk"}]}},"_links":{"self":[{"href":"https:\/\/www.lovely-vip.com\/ua\/wp-json\/wp\/v2\/product\/26835","targetHints":{"allow":["GET"]}}],"collection":[{"href":"https:\/\/www.lovely-vip.com\/ua\/wp-json\/wp\/v2\/product"}],"about":[{"href":"https:\/\/www.lovely-vip.com\/ua\/wp-json\/wp\/v2\/types\/product"}],"replies":[{"embeddable":true,"href":"https:\/\/www.lovely-vip.com\/ua\/wp-json\/wp\/v2\/comments?post=26835"}],"wp:featuredmedia":[{"embeddable":true,"href":"https:\/\/www.lovely-vip.com\/ua\/wp-json\/wp\/v2\/media\/26836"}],"wp:attachment":[{"href":"https:\/\/www.lovely-vip.com\/ua\/wp-json\/wp\/v2\/media?parent=26835"}],"wp:term":[{"taxonomy":"product_brand","embeddable":true,"href":"https:\/\/www.lovely-vip.com\/ua\/wp-json\/wp\/v2\/product_brand?post=26835"},{"taxonomy":"product_cat","embeddable":true,"href":"https:\/\/www.lovely-vip.com\/ua\/wp-json\/wp\/v2\/product_cat?post=26835"},{"taxonomy":"product_tag","embeddable":true,"href":"https:\/\/www.lovely-vip.com\/ua\/wp-json\/wp\/v2\/product_tag?post=26835"}],"curies":[{"name":"wp","href":"https:\/\/api.w.org\/{rel}","templated":true}]}}