{"id":27033,"date":"2025-11-03T14:31:54","date_gmt":"2025-11-03T13:31:54","guid":{"rendered":"https:\/\/www.lovely-vip.com\/?post_type=product&#038;p=27033"},"modified":"2026-04-14T00:31:54","modified_gmt":"2026-04-13T22:31:54","slug":"rzesy-brazowe-rilli-mix","status":"publish","type":"product","link":"https:\/\/www.lovely-vip.com\/ua\/product\/rzesy-brazowe-rilli-mix\/","title":{"rendered":"\u0420\u0456\u043b\u0456 \u043a\u043e\u0440\u0438\u0447\u043d\u0435\u0432\u0456 \u0432\u0456\u0457 MIX"},"content":{"rendered":"","protected":false},"excerpt":{"rendered":"<div>RILI CHOCO - \u0431\u043b\u0430\u0433\u043e\u0440\u043e\u0434\u043d\u0438\u0439 \u0430\u043a\u0446\u0435\u043d\u0442 \u0434\u043b\u044f \u0435\u043b\u0435\u0433\u0430\u043d\u0442\u043d\u043e\u0457 \u0443\u043a\u043b\u0430\u0434\u043a\u0438.<\/div>\n<div><\/div>\n<div>Rili Choco - \u0433\u043b\u0438\u0431\u043e\u043a\u0438\u0439, \u0432\u0438\u0448\u0443\u043a\u0430\u043d\u0438\u0439 \u0432\u0456\u0434\u0442\u0456\u043d\u043e\u043a \u0442\u0435\u043c\u043d\u043e\u0433\u043e \u0448\u043e\u043a\u043e\u043b\u0430\u0434\u0443, \u0441\u0442\u0432\u043e\u0440\u0435\u043d\u0438\u0439 \u0434\u043b\u044f \u0442\u0438\u0445, \u0445\u0442\u043e \u0446\u0456\u043d\u0443\u0454 \u0432\u0438\u0440\u0430\u0437\u043d\u0438\u0439 \u043e\u0431\u0440\u0430\u0437. \u0419\u043e\u0433\u043e \u043d\u0430\u0441\u0438\u0447\u0435\u043d\u0438\u0439, \u0445\u043e\u043b\u043e\u0434\u043d\u0438\u0439 \u043a\u043e\u0440\u0438\u0447\u043d\u0435\u0432\u0438\u0439 \u0432\u0456\u0434\u0442\u0456\u043d\u043e\u043a \u0437\u0430\u043b\u0438\u0448\u0430\u0454\u0442\u044c\u0441\u044f \u043e\u0434\u043d\u043e\u0440\u0456\u0434\u043d\u0438\u043c \u0432\u0456\u0434 \u043a\u043e\u0440\u0435\u043d\u0456\u0432 \u0434\u043e \u043a\u0456\u043d\u0447\u0438\u043a\u0456\u0432 \u0456 \u043d\u0435 \u043c\u0430\u0454 \u043d\u0435\u0431\u0430\u0436\u0430\u043d\u0438\u0445 \u0432\u0456\u0434\u0431\u043b\u0438\u0441\u043a\u0456\u0432 \u0430\u0431\u043e \u043f\u043e\u0447\u0435\u0440\u0432\u043e\u043d\u0456\u043d\u043d\u044f.<\/div>\n<div><\/div>\n<div>\u0426\u0435\u0439 \u0431\u043b\u0430\u0433\u043e\u0440\u043e\u0434\u043d\u0438\u0439 \u043a\u043e\u043b\u0456\u0440 \u043f\u0456\u0434\u043a\u0440\u0435\u0441\u043b\u044e\u0454 \u043f\u0440\u0438\u0440\u043e\u0434\u043d\u0443 \u043a\u0440\u0430\u0441\u0443, \u0434\u043e\u0434\u0430\u044e\u0447\u0438 \u0432\u0456\u044f\u043c \u043c'\u044f\u043a\u043e\u0441\u0442\u0456 \u0442\u0430 \u0433\u043b\u0438\u0431\u0438\u043d\u0438, \u0430 \u0435\u0444\u0435\u043a\u0442 \u0433\u0430\u0440\u043c\u043e\u043d\u0456\u0439\u043d\u043e \u0456 \u0441\u0442\u0438\u043b\u044c\u043d\u043e \u0432\u0438\u0433\u043b\u044f\u0434\u0430\u0454 \u0432 \u0431\u0443\u0434\u044c-\u044f\u043a\u0456\u0439 \u0442\u0435\u0445\u043d\u0456\u0446\u0456 \u043d\u0430\u0440\u043e\u0449\u0443\u0432\u0430\u043d\u043d\u044f.<\/div>\n<div><\/div>\n<div>\u041e\u0441\u043d\u043e\u0432\u043d\u0456 \u043f\u0435\u0440\u0435\u0432\u0430\u0433\u0438:<\/div>\n<div><\/div>\n<div>1. \u0432\u0438\u0441\u043e\u043a\u043e\u044f\u043a\u0456\u0441\u043d\u0435 \u0433\u0456\u043f\u043e\u0430\u043b\u0435\u0440\u0433\u0435\u043d\u043d\u0435 \u043a\u043e\u0440\u0435\u0439\u0441\u044c\u043a\u0435 \u0432\u043e\u043b\u043e\u043a\u043d\u043e.<\/div>\n<div><\/div>\n<div>2. 95% - \u0441\u0442\u0430\u0431\u0456\u043b\u044c\u043d\u0456\u0441\u0442\u044c \u044f\u043a\u043e\u0441\u0442\u0456: \u0432\u0456\u0434\u0441\u0443\u0442\u043d\u0456\u0441\u0442\u044c \u043f\u043e\u0433\u043d\u0443\u0442\u0438\u0445 \u043a\u0456\u043d\u0446\u0456\u0432, \u043f\u0440\u0430\u0432\u0438\u043b\u044c\u043d\u0430 \u0434\u043e\u0432\u0436\u0438\u043d\u0430, \u0441\u043a\u0440\u0443\u0447\u0443\u0432\u0430\u043d\u043d\u044f \u0456 \u0442\u043e\u0432\u0449\u0438\u043d\u0430.<\/div>\n<div><\/div>\n<div>3. \u0432\u0456\u0434\u043c\u0456\u043d\u043d\u0430 \u0449\u0456\u043b\u044c\u043d\u0456\u0441\u0442\u044c \u0441\u0442\u0440\u0456\u0447\u043a\u0438: \u043e\u0446\u0456\u043d\u0435\u043d\u0430 \u0435\u043a\u0441\u043f\u0435\u0440\u0442\u0430\u043c\u0438 \u043d\u0430 4\/5 - \u0437\u043d\u0430\u0447\u043d\u043e \u0432\u0438\u0449\u0435, \u043d\u0456\u0436 \u0443 \u043a\u0438\u0442\u0430\u0439\u0441\u044c\u043a\u0438\u0445 \u0430\u043d\u0430\u043b\u043e\u0433\u0456\u0432.<\/div>\n<div><\/div>\n<div>4. \u0444\u043e\u043b\u044c\u0433\u043e\u0432\u0430\u043d\u0430 \u043e\u0441\u043d\u043e\u0432\u0430 \u0434\u043e\u0437\u0432\u043e\u043b\u044f\u0454 \u0431\u0430\u0433\u0430\u0442\u043e\u0440\u0430\u0437\u043e\u0432\u0435 \u043d\u0430\u043d\u0435\u0441\u0435\u043d\u043d\u044f \u0441\u0442\u0440\u0456\u0447\u043a\u0438<\/div>\n<div>\n<pre id=\"tw-target-text\" class=\"tw-data-text tw-text-large tw-ta\" dir=\"ltr\" tabindex=\"-1\" role=\"text\" data-placeholder=\"\u041f\u0435\u0440\u0435\u0432\u043e\u0434\" data-ved=\"2ahUKEwix-oP5i9aQAxWiSfEDHevAGa0Q3ewLegQICxAV\" aria-label=\"\u041f\u0435\u0440\u0435\u043a\u043b\u0430\u0434\u0435\u043d\u0438\u0439 \u0442\u0435\u043a\u0441\u0442: 5. \u0434\u043e\u0441\u0442\u0443\u043f\u043d\u0438\u0439 \u0443 \u0442\u0440\u044c\u043e\u0445 \u0441\u0442\u0438\u043b\u044c\u043d\u0438\u0445 \u0432\u0456\u0434\u0442\u0456\u043d\u043a\u0430\u0445: Black, Choco \u0442\u0430 Toffee. \u041a\u0456\u043b\u044c\u043a\u0456\u0441\u0442\u044c \u043b\u0456\u043d\u0456\u0439: 16 \u043b\u0456\u043d\u0456\u0439. \u0421\u043a\u043b\u0430\u0434: \u0421\u0438\u043d\u0442\u0435\u0442\u0438\u0447\u043d\u0430 \u043f\u043e\u043b\u0456\u0431\u0443\u0442\u0438\u043b\u0435\u043d\u043e\u0432\u0430 \u043c\u043e\u043d\u043e\u043d\u0438\u0442\u043a\u0430. \u0421\u043f\u043e\u0441\u0456\u0431 \u0437\u0430\u0441\u0442\u043e\u0441\u0443\u0432\u0430\u043d\u043d\u044f: \u0417\u043d\u0456\u043c\u0456\u0442\u044c \u043f\u0456\u043d\u0446\u0435\u0442\u043e\u043c \u043d\u0435\u043e\u0431\u0445\u0456\u0434\u043d\u0443 \u043a\u0456\u043b\u044c\u043a\u0456\u0441\u0442\u044c \u0432\u0456\u0439 \u0437 \u043e\u043a\u0440\u0435\u043c\u043e\u0457 \u0441\u0442\u0440\u0456\u0447\u043a\u0438. \u0412\u0438\u043a\u043e\u0440\u0438\u0441\u0442\u043e\u0432\u0443\u0439\u0442\u0435 \u043e\u0434\u043d\u0443 \u0432\u0456\u044e \u0430\u0431\u043e \u0441\u0444\u043e\u0440\u043c\u0443\u0439\u0442\u0435 \u0432\u0456\u044f\u043b\u043e \u0432\u0456\u0439 \u0432\u0456\u0434\u043f\u043e\u0432\u0456\u0434\u043d\u043e \u0434\u043e \u0431\u0430\u0436\u0430\u043d\u043e\u0433\u043e \u0441\u0442\u0438\u043b\u044e. \u041f\u0440\u0438\u0437\u043d\u0430\u0447\u0435\u043d\u0456 \u0434\u043b\u044f \u0432\u0438\u043a\u043e\u0440\u0438\u0441\u0442\u0430\u043d\u043d\u044f \u0437 \u043f\u0440\u043e\u0444\u0435\u0441\u0456\u0439\u043d\u0438\u043c \u043a\u043b\u0435\u0454\u043c \u0434\u043b\u044f \u043d\u0430\u0440\u043e\u0449\u0443\u0432\u0430\u043d\u043d\u044f \u0432\u0456\u0439. \u0417\u0430\u0441\u0442\u043e\u0441\u043e\u0432\u0443\u0432\u0430\u0442\u0438 \u0437\u0433\u0456\u0434\u043d\u043e \u0437 \u0456\u043d\u0441\u0442\u0440\u0443\u043a\u0446\u0456\u0454\u044e \u0432\u0438\u0440\u043e\u0431\u043d\u0438\u043a\u0430. \u0423\u043c\u043e\u0432\u0438 \u0437\u0431\u0435\u0440\u0456\u0433\u0430\u043d\u043d\u044f: \u0442\u0456\u043b\u044c\u043a\u0438 \u0434\u043b\u044f \u0435\u043a\u0441\u0442\u0440\u0435\u043c\u0430\u043b\u044c\u043d\u043e\u0433\u043e \u0432\u0438\u043a\u043e\u0440\u0438\u0441\u0442\u0430\u043d\u043d\u044f. \u0417\u0430\u043f\u043e\u0431\u0456\u0436\u043d\u0456 \u0437\u0430\u0445\u043e\u0434\u0438: \u0417\u0431\u0435\u0440\u0456\u0433\u0430\u0442\u0438 \u043f\u0440\u0438 \u043a\u0456\u043c\u043d\u0430\u0442\u043d\u0456\u0439 \u0442\u0435\u043c\u043f\u0435\u0440\u0430\u0442\u0443\u0440\u0456, \u043f\u043e\u0434\u0430\u043b\u0456 \u0432\u0456\u0434 \u043f\u0440\u044f\u043c\u0438\u0445 \u0441\u043e\u043d\u044f\u0447\u043d\u0438\u0445 \u043f\u0440\u043e\u043c\u0435\u043d\u0456\u0432 \u0456 \u0434\u0436\u0435\u0440\u0435\u043b \u0442\u0435\u043f\u043b\u0430. \u0417\u0431\u0435\u0440\u0456\u0433\u0430\u0442\u0438 \u0432 \u043d\u0435\u0434\u043e\u0441\u0442\u0443\u043f\u043d\u043e\u043c\u0443 \u0434\u043b\u044f \u0434\u0456\u0442\u0435\u0439 \u043c\u0456\u0441\u0446\u0456. \u0412\u0438\u0440\u043e\u0431\u043b\u0435\u043d\u043e \u0443 \u0412&#039;\u0454\u0442\u043d\u0430\u043c\u0456\"><span class=\"Y2IQFc\" lang=\"pl\">\u0414\u043e\u0441\u0442\u0443\u043f\u043d\u0438\u0439 \u0443 \u0434\u0432\u043e\u0445 \u0441\u0442\u0438\u043b\u044c\u043d\u0438\u0445 \u0432\u0456\u0434\u0442\u0456\u043d\u043a\u0430\u0445: Black \u0442\u0430 Choco.\r\n<\/span><\/pre>\n<\/div>\n<div>\n<div><\/div>\n<div>\u041a\u0456\u043b\u044c\u043a\u0456\u0441\u0442\u044c \u0440\u044f\u0434\u043a\u0456\u0432: 16 \u0440\u044f\u0434\u043a\u0456\u0432.<\/div>\n<div><\/div>\n<div>\u0421\u043a\u043b\u0430\u0434: \u0421\u0438\u043d\u0442\u0435\u0442\u0438\u0447\u043d\u0430 \u043c\u043e\u043d\u043e\u043d\u0438\u0442\u043a\u0430 \u0437 \u043f\u043e\u043b\u0456\u0431\u0443\u0442\u0438\u043b\u0435\u043d\u0442\u0435\u0440\u0435\u0444\u0442\u0430\u043b\u0430\u0442\u0443.<\/div>\n<div><\/div>\n<div>\u0421\u043f\u043e\u0441\u0456\u0431 \u0437\u0430\u0441\u0442\u043e\u0441\u0443\u0432\u0430\u043d\u043d\u044f: \u0417\u043d\u0456\u043c\u0456\u0442\u044c \u043f\u0456\u043d\u0446\u0435\u0442\u043e\u043c \u043d\u0435\u043e\u0431\u0445\u0456\u0434\u043d\u0443 \u043a\u0456\u043b\u044c\u043a\u0456\u0441\u0442\u044c \u0432\u0456\u0439 \u0437 \u043e\u043a\u0440\u0435\u043c\u043e\u0457 \u0441\u0442\u0440\u0456\u0447\u043a\u0438 \u0434\u043b\u044f \u0432\u0456\u0439. \u0412\u0438\u043a\u043e\u0440\u0438\u0441\u0442\u043e\u0432\u0443\u0439\u0442\u0435 \u043e\u0434\u043d\u0443 \u0432\u0456\u044e \u0430\u0431\u043e \u0441\u0444\u043e\u0440\u043c\u0443\u0439\u0442\u0435 \u0432\u0456\u044f\u043b\u043e \u0432\u0456\u0439 \u0432\u0456\u0434\u043f\u043e\u0432\u0456\u0434\u043d\u043e \u0434\u043e \u0431\u0430\u0436\u0430\u043d\u043e\u0433\u043e \u0441\u0442\u0438\u043b\u044e. \u041f\u0440\u0438\u0437\u043d\u0430\u0447\u0435\u043d\u0456 \u0434\u043b\u044f \u0432\u0438\u043a\u043e\u0440\u0438\u0441\u0442\u0430\u043d\u043d\u044f \u0437 \u043f\u0440\u043e\u0444\u0435\u0441\u0456\u0439\u043d\u0438\u043c \u043a\u043b\u0435\u0454\u043c \u0434\u043b\u044f \u043d\u0430\u0440\u043e\u0449\u0443\u0432\u0430\u043d\u043d\u044f \u0432\u0456\u0439. \u041d\u0430\u043d\u043e\u0441\u0438\u0442\u0438 \u0437\u0433\u0456\u0434\u043d\u043e \u0437 \u0456\u043d\u0441\u0442\u0440\u0443\u043a\u0446\u0456\u0454\u044e \u0432\u0438\u0440\u043e\u0431\u043d\u0438\u043a\u0430.<\/div>\n<div><\/div>\n<div><\/div>\n<div>\u0417\u0430\u043f\u043e\u0431\u0456\u0436\u043d\u0456 \u0437\u0430\u0445\u043e\u0434\u0438: \u0417\u0431\u0435\u0440\u0456\u0433\u0430\u0442\u0438 \u043f\u0440\u0438 \u043a\u0456\u043c\u043d\u0430\u0442\u043d\u0456\u0439 \u0442\u0435\u043c\u043f\u0435\u0440\u0430\u0442\u0443\u0440\u0456, \u043f\u043e\u0434\u0430\u043b\u0456 \u0432\u0456\u0434 \u043f\u0440\u044f\u043c\u0438\u0445 \u0441\u043e\u043d\u044f\u0447\u043d\u0438\u0445 \u043f\u0440\u043e\u043c\u0435\u043d\u0456\u0432 \u0442\u0430 \u0434\u0436\u0435\u0440\u0435\u043b \u0442\u0435\u043f\u043b\u0430. \u0417\u0431\u0435\u0440\u0456\u0433\u0430\u0442\u0438 \u0432 \u043d\u0435\u0434\u043e\u0441\u0442\u0443\u043f\u043d\u043e\u043c\u0443 \u0434\u043b\u044f \u0434\u0456\u0442\u0435\u0439 \u043c\u0456\u0441\u0446\u0456.<\/div>\n<div><\/div>\n<div>\u0412\u0438\u0440\u043e\u0431\u043b\u0435\u043d\u043e \u0443 \u0412'\u0454\u0442\u043d\u0430\u043c\u0456<\/div>\n<\/div>","protected":false},"featured_media":27036,"comment_status":"open","ping_status":"closed","template":"","meta":[],"product_brand":[],"product_cat":[80,293,78],"product_tag":[],"class_list":{"0":"post-27033","1":"product","2":"type-product","3":"status-publish","4":"has-post-thumbnail","6":"product_cat-brazowe-rzesy","7":"product_cat-lovely","8":"product_cat-rzesy","10":"first","11":"instock","12":"shipping-taxable","13":"purchasable","14":"product-type-variable"},"yoast_head":"<!-- This site is optimized with the Yoast SEO plugin v25.4 - https:\/\/yoast.com\/wordpress\/plugins\/seo\/ -->\n<title>Rz\u0119sy br\u0105zowe Rili MIX - Lovely Vip<\/title>\n<meta name=\"robots\" content=\"index, follow, max-snippet:-1, max-image-preview:large, max-video-preview:-1\" \/>\n<link rel=\"canonical\" href=\"https:\/\/www.lovely-vip.com\/ua\/product\/rzesy-brazowe-rilli-mix\/\" \/>\n<meta property=\"og:locale\" content=\"uk_UA\" \/>\n<meta property=\"og:type\" content=\"article\" \/>\n<meta property=\"og:title\" content=\"Rz\u0119sy br\u0105zowe Rili MIX - Lovely Vip\" \/>\n<meta property=\"og:description\" content=\"RILI CHOCO \u2014 szlachetny akcent dla eleganckich stylizacji.  Rili Choco to g\u0142\u0119boki, wyrafinowany odcie\u0144 gorzkiej czekolady, stworzony dla os\u00f3b ceni\u0105cych wyrazisty look. Jego bogaty, ch\u0142odny, br\u0105zowy odcie\u0144 pozostaje jednolity od nasady a\u017c po same ko\u0144ce i jest pozbawiony niepo\u017c\u0105danych refleks\u00f3w czy zaczerwienie\u0144.  Ten szlachetny kolor podkre\u015bla naturalne pi\u0119kno, dodaj\u0105c rz\u0119som mi\u0119kko\u015bci i g\u0142\u0119bi, a efekt jest harmonijny i stylowy w ka\u017cdej technice przed\u0142u\u017cania.  G\u0142\u00f3wne zalety:  1. Wysokiej jako\u015bci hipoalergiczne korea\u0144skie w\u0142\u00f3kno.  2. 95% sp\u00f3jno\u015bci jako\u015bci: brak zagi\u0119tych ko\u0144c\u00f3wek, prawid\u0142owa d\u0142ugo\u015b\u0107, skr\u0119t i grubo\u015b\u0107.  3. Doskona\u0142a g\u0119sto\u015b\u0107 ta\u015bmy: oceniona przez ekspert\u00f3w na 4\/5 \u2014 znacznie wy\u017csza ni\u017c w przypadku chi\u0144skich odpowiednik\u00f3w.  4. Foliowy podk\u0142ad pozwala na wielokrotne nak\u0142adanie ta\u015bmy  5. Dost\u0119pne w dwoch stylowych odcieniach: Black i Choco.     Liczba linii: 16 linii.  Sk\u0142ad: Syntetyczny monofilament politereftapanu butylenu.  Spos\u00f3b u\u017cycia: Z oddzielnego paska rz\u0119s wyjmij p\u0119set\u0105 potrzebn\u0105 liczb\u0119 rz\u0119s. U\u017cyj pojedynczej rz\u0119sy lub uformuj wachlarz rz\u0119s zgodnie z po\u017c\u0105danym stylem. Przeznaczone do stosowania z profesjonalnym klejem do przed\u0142u\u017cania rz\u0119s. Stosuj zgodnie z instrukcj\u0105 producenta.   \u015arodki ostro\u017cno\u015bci: Przechowywa\u0107 w temperaturze pokojowej, z dala od bezpo\u015bredniego \u015bwiat\u0142a s\u0142onecznego i \u017ar\u00f3de\u0142 ciep\u0142a. Przechowywa\u0107 poza zasi\u0119giem dzieci.  Wyprodukowano w Wietnamie\" \/>\n<meta property=\"og:url\" content=\"https:\/\/www.lovely-vip.com\/ua\/product\/rzesy-brazowe-rilli-mix\/\" \/>\n<meta property=\"og:site_name\" content=\"Lovely Vip\" \/>\n<meta property=\"article:modified_time\" content=\"2026-04-13T22:31:54+00:00\" \/>\n<meta property=\"og:image\" content=\"https:\/\/www.lovely-vip.com\/wp-content\/uploads\/2025\/11\/al41u68bspmcvfcfbsvplf6dizt1ot91-scaled.jpg\" \/>\n\t<meta property=\"og:image:width\" content=\"2560\" \/>\n\t<meta property=\"og:image:height\" content=\"2560\" \/>\n\t<meta property=\"og:image:type\" content=\"image\/jpeg\" \/>\n<meta name=\"twitter:card\" content=\"summary_large_image\" \/>\n<meta name=\"twitter:label1\" content=\"\u041f\u0440\u0438\u0431\u043b. \u0447\u0430\u0441 \u0447\u0438\u0442\u0430\u043d\u043d\u044f\" \/>\n\t<meta name=\"twitter:data1\" content=\"1 \u0445\u0432\u0438\u043b\u0438\u043d\u0430\" \/>\n<script type=\"application\/ld+json\" class=\"yoast-schema-graph\">{\"@context\":\"https:\/\/schema.org\",\"@graph\":[{\"@type\":\"WebPage\",\"@id\":\"https:\/\/www.lovely-vip.com\/product\/rzesy-brazowe-rilli-mix\/\",\"url\":\"https:\/\/www.lovely-vip.com\/product\/rzesy-brazowe-rilli-mix\/\",\"name\":\"Rz\u0119sy br\u0105zowe Rili MIX - Lovely Vip\",\"isPartOf\":{\"@id\":\"https:\/\/www.lovely-vip.com\/#website\"},\"primaryImageOfPage\":{\"@id\":\"https:\/\/www.lovely-vip.com\/product\/rzesy-brazowe-rilli-mix\/#primaryimage\"},\"image\":{\"@id\":\"https:\/\/www.lovely-vip.com\/product\/rzesy-brazowe-rilli-mix\/#primaryimage\"},\"thumbnailUrl\":\"https:\/\/www.lovely-vip.com\/wp-content\/uploads\/2025\/11\/al41u68bspmcvfcfbsvplf6dizt1ot91-scaled.jpg\",\"datePublished\":\"2025-11-03T13:31:54+00:00\",\"dateModified\":\"2026-04-13T22:31:54+00:00\",\"breadcrumb\":{\"@id\":\"https:\/\/www.lovely-vip.com\/product\/rzesy-brazowe-rilli-mix\/#breadcrumb\"},\"inLanguage\":\"uk\",\"potentialAction\":[{\"@type\":\"ReadAction\",\"target\":[\"https:\/\/www.lovely-vip.com\/product\/rzesy-brazowe-rilli-mix\/\"]}]},{\"@type\":\"ImageObject\",\"inLanguage\":\"uk\",\"@id\":\"https:\/\/www.lovely-vip.com\/product\/rzesy-brazowe-rilli-mix\/#primaryimage\",\"url\":\"https:\/\/www.lovely-vip.com\/wp-content\/uploads\/2025\/11\/al41u68bspmcvfcfbsvplf6dizt1ot91-scaled.jpg\",\"contentUrl\":\"https:\/\/www.lovely-vip.com\/wp-content\/uploads\/2025\/11\/al41u68bspmcvfcfbsvplf6dizt1ot91-scaled.jpg\",\"width\":2560,\"height\":2560},{\"@type\":\"BreadcrumbList\",\"@id\":\"https:\/\/www.lovely-vip.com\/product\/rzesy-brazowe-rilli-mix\/#breadcrumb\",\"itemListElement\":[{\"@type\":\"ListItem\",\"position\":1,\"name\":\"Strona g\u0142\u00f3wna\",\"item\":\"https:\/\/www.lovely-vip.com\/\"},{\"@type\":\"ListItem\",\"position\":2,\"name\":\"Sklep dla stylistek rz\u0119s i brwi\",\"item\":\"https:\/\/www.lovely-vip.com\/shop\/\"},{\"@type\":\"ListItem\",\"position\":3,\"name\":\"Rz\u0119sy br\u0105zowe Rili MIX\"}]},{\"@type\":\"WebSite\",\"@id\":\"https:\/\/www.lovely-vip.com\/#website\",\"url\":\"https:\/\/www.lovely-vip.com\/\",\"name\":\"Lovely Vip\",\"description\":\"Profesjonalne produkty do piel\u0119gnacji rz\u0119s i brwi\",\"potentialAction\":[{\"@type\":\"SearchAction\",\"target\":{\"@type\":\"EntryPoint\",\"urlTemplate\":\"https:\/\/www.lovely-vip.com\/?s={search_term_string}\"},\"query-input\":{\"@type\":\"PropertyValueSpecification\",\"valueRequired\":true,\"valueName\":\"search_term_string\"}}],\"inLanguage\":\"uk\"}]}<\/script>\n<!-- \/ Yoast SEO plugin. -->","yoast_head_json":{"title":"Rz\u0119sy br\u0105zowe Rili MIX - Lovely Vip","robots":{"index":"index","follow":"follow","max-snippet":"max-snippet:-1","max-image-preview":"max-image-preview:large","max-video-preview":"max-video-preview:-1"},"canonical":"https:\/\/www.lovely-vip.com\/ua\/product\/rzesy-brazowe-rilli-mix\/","og_locale":"uk_UA","og_type":"article","og_title":"Rz\u0119sy br\u0105zowe Rili MIX - Lovely Vip","og_description":"RILI CHOCO \u2014 szlachetny akcent dla eleganckich stylizacji.  Rili Choco to g\u0142\u0119boki, wyrafinowany odcie\u0144 gorzkiej czekolady, stworzony dla os\u00f3b ceni\u0105cych wyrazisty look. Jego bogaty, ch\u0142odny, br\u0105zowy odcie\u0144 pozostaje jednolity od nasady a\u017c po same ko\u0144ce i jest pozbawiony niepo\u017c\u0105danych refleks\u00f3w czy zaczerwienie\u0144.  Ten szlachetny kolor podkre\u015bla naturalne pi\u0119kno, dodaj\u0105c rz\u0119som mi\u0119kko\u015bci i g\u0142\u0119bi, a efekt jest harmonijny i stylowy w ka\u017cdej technice przed\u0142u\u017cania.  G\u0142\u00f3wne zalety:  1. Wysokiej jako\u015bci hipoalergiczne korea\u0144skie w\u0142\u00f3kno.  2. 95% sp\u00f3jno\u015bci jako\u015bci: brak zagi\u0119tych ko\u0144c\u00f3wek, prawid\u0142owa d\u0142ugo\u015b\u0107, skr\u0119t i grubo\u015b\u0107.  3. Doskona\u0142a g\u0119sto\u015b\u0107 ta\u015bmy: oceniona przez ekspert\u00f3w na 4\/5 \u2014 znacznie wy\u017csza ni\u017c w przypadku chi\u0144skich odpowiednik\u00f3w.  4. Foliowy podk\u0142ad pozwala na wielokrotne nak\u0142adanie ta\u015bmy  5. Dost\u0119pne w dwoch stylowych odcieniach: Black i Choco.     Liczba linii: 16 linii.  Sk\u0142ad: Syntetyczny monofilament politereftapanu butylenu.  Spos\u00f3b u\u017cycia: Z oddzielnego paska rz\u0119s wyjmij p\u0119set\u0105 potrzebn\u0105 liczb\u0119 rz\u0119s. U\u017cyj pojedynczej rz\u0119sy lub uformuj wachlarz rz\u0119s zgodnie z po\u017c\u0105danym stylem. Przeznaczone do stosowania z profesjonalnym klejem do przed\u0142u\u017cania rz\u0119s. Stosuj zgodnie z instrukcj\u0105 producenta.   \u015arodki ostro\u017cno\u015bci: Przechowywa\u0107 w temperaturze pokojowej, z dala od bezpo\u015bredniego \u015bwiat\u0142a s\u0142onecznego i \u017ar\u00f3de\u0142 ciep\u0142a. Przechowywa\u0107 poza zasi\u0119giem dzieci.  Wyprodukowano w Wietnamie","og_url":"https:\/\/www.lovely-vip.com\/ua\/product\/rzesy-brazowe-rilli-mix\/","og_site_name":"Lovely Vip","article_modified_time":"2026-04-13T22:31:54+00:00","og_image":[{"width":2560,"height":2560,"url":"https:\/\/www.lovely-vip.com\/wp-content\/uploads\/2025\/11\/al41u68bspmcvfcfbsvplf6dizt1ot91-scaled.jpg","type":"image\/jpeg"}],"twitter_card":"summary_large_image","twitter_misc":{"\u041f\u0440\u0438\u0431\u043b. \u0447\u0430\u0441 \u0447\u0438\u0442\u0430\u043d\u043d\u044f":"1 \u0445\u0432\u0438\u043b\u0438\u043d\u0430"},"schema":{"@context":"https:\/\/schema.org","@graph":[{"@type":"WebPage","@id":"https:\/\/www.lovely-vip.com\/product\/rzesy-brazowe-rilli-mix\/","url":"https:\/\/www.lovely-vip.com\/product\/rzesy-brazowe-rilli-mix\/","name":"Rz\u0119sy br\u0105zowe Rili MIX - Lovely Vip","isPartOf":{"@id":"https:\/\/www.lovely-vip.com\/#website"},"primaryImageOfPage":{"@id":"https:\/\/www.lovely-vip.com\/product\/rzesy-brazowe-rilli-mix\/#primaryimage"},"image":{"@id":"https:\/\/www.lovely-vip.com\/product\/rzesy-brazowe-rilli-mix\/#primaryimage"},"thumbnailUrl":"https:\/\/www.lovely-vip.com\/wp-content\/uploads\/2025\/11\/al41u68bspmcvfcfbsvplf6dizt1ot91-scaled.jpg","datePublished":"2025-11-03T13:31:54+00:00","dateModified":"2026-04-13T22:31:54+00:00","breadcrumb":{"@id":"https:\/\/www.lovely-vip.com\/product\/rzesy-brazowe-rilli-mix\/#breadcrumb"},"inLanguage":"uk","potentialAction":[{"@type":"ReadAction","target":["https:\/\/www.lovely-vip.com\/product\/rzesy-brazowe-rilli-mix\/"]}]},{"@type":"ImageObject","inLanguage":"uk","@id":"https:\/\/www.lovely-vip.com\/product\/rzesy-brazowe-rilli-mix\/#primaryimage","url":"https:\/\/www.lovely-vip.com\/wp-content\/uploads\/2025\/11\/al41u68bspmcvfcfbsvplf6dizt1ot91-scaled.jpg","contentUrl":"https:\/\/www.lovely-vip.com\/wp-content\/uploads\/2025\/11\/al41u68bspmcvfcfbsvplf6dizt1ot91-scaled.jpg","width":2560,"height":2560},{"@type":"BreadcrumbList","@id":"https:\/\/www.lovely-vip.com\/product\/rzesy-brazowe-rilli-mix\/#breadcrumb","itemListElement":[{"@type":"ListItem","position":1,"name":"Strona g\u0142\u00f3wna","item":"https:\/\/www.lovely-vip.com\/"},{"@type":"ListItem","position":2,"name":"Sklep dla stylistek rz\u0119s i brwi","item":"https:\/\/www.lovely-vip.com\/shop\/"},{"@type":"ListItem","position":3,"name":"Rz\u0119sy br\u0105zowe Rili MIX"}]},{"@type":"WebSite","@id":"https:\/\/www.lovely-vip.com\/#website","url":"https:\/\/www.lovely-vip.com\/","name":"Lovely Vip","description":"\u041f\u0440\u043e\u0444\u0435\u0441\u0456\u0439\u043d\u0456 \u0437\u0430\u0441\u043e\u0431\u0438 \u043f\u043e \u0434\u043e\u0433\u043b\u044f\u0434\u0443 \u0437\u0430 \u0432\u0456\u044f\u043c\u0438 \u0442\u0430 \u0431\u0440\u043e\u0432\u0430\u043c\u0438","potentialAction":[{"@type":"SearchAction","target":{"@type":"EntryPoint","urlTemplate":"https:\/\/www.lovely-vip.com\/?s={search_term_string}"},"query-input":{"@type":"PropertyValueSpecification","valueRequired":true,"valueName":"search_term_string"}}],"inLanguage":"uk"}]}},"_links":{"self":[{"href":"https:\/\/www.lovely-vip.com\/ua\/wp-json\/wp\/v2\/product\/27033","targetHints":{"allow":["GET"]}}],"collection":[{"href":"https:\/\/www.lovely-vip.com\/ua\/wp-json\/wp\/v2\/product"}],"about":[{"href":"https:\/\/www.lovely-vip.com\/ua\/wp-json\/wp\/v2\/types\/product"}],"replies":[{"embeddable":true,"href":"https:\/\/www.lovely-vip.com\/ua\/wp-json\/wp\/v2\/comments?post=27033"}],"wp:featuredmedia":[{"embeddable":true,"href":"https:\/\/www.lovely-vip.com\/ua\/wp-json\/wp\/v2\/media\/27036"}],"wp:attachment":[{"href":"https:\/\/www.lovely-vip.com\/ua\/wp-json\/wp\/v2\/media?parent=27033"}],"wp:term":[{"taxonomy":"product_brand","embeddable":true,"href":"https:\/\/www.lovely-vip.com\/ua\/wp-json\/wp\/v2\/product_brand?post=27033"},{"taxonomy":"product_cat","embeddable":true,"href":"https:\/\/www.lovely-vip.com\/ua\/wp-json\/wp\/v2\/product_cat?post=27033"},{"taxonomy":"product_tag","embeddable":true,"href":"https:\/\/www.lovely-vip.com\/ua\/wp-json\/wp\/v2\/product_tag?post=27033"}],"curies":[{"name":"wp","href":"https:\/\/api.w.org\/{rel}","templated":true}]}}