{"id":27204,"date":"2025-11-30T16:41:40","date_gmt":"2025-11-30T15:41:40","guid":{"rendered":"https:\/\/www.lovely-vip.com\/?post_type=product&#038;p=27204"},"modified":"2026-04-14T08:07:29","modified_gmt":"2026-04-14T06:07:29","slug":"wyprzedaz-rzesy-czarne","status":"publish","type":"product","link":"https:\/\/www.lovely-vip.com\/ua\/product\/wyprzedaz-rzesy-czarne\/","title":{"rendered":"WYPRZEDA\u017b Rz\u0119sy czarne 20 pask\u00f3w"},"content":{"rendered":"","protected":false},"excerpt":{"rendered":"","protected":false},"featured_media":597,"comment_status":"open","ping_status":"closed","template":"","meta":[],"product_brand":[],"product_cat":[79,71,293,69,70,78],"product_tag":[],"class_list":{"0":"post-27204","1":"product","2":"type-product","3":"status-publish","4":"has-post-thumbnail","6":"product_cat-czarne-rzesy","7":"product_cat-kleje","8":"product_cat-lovely","9":"product_cat-nowosci","10":"product_cat-promocja","11":"product_cat-rzesy","13":"first","14":"instock","15":"sale","16":"shipping-taxable","17":"purchasable","18":"product-type-variable"},"yoast_head":"<!-- This site is optimized with the Yoast SEO plugin v25.4 - https:\/\/yoast.com\/wordpress\/plugins\/seo\/ -->\n<title>WYPRZEDA\u017b Rz\u0119sy czarne 20 pask\u00f3w - Lovely Vip<\/title>\n<meta name=\"robots\" content=\"index, follow, max-snippet:-1, max-image-preview:large, max-video-preview:-1\" \/>\n<link rel=\"canonical\" href=\"https:\/\/www.lovely-vip.com\/ua\/product\/wyprzedaz-rzesy-czarne\/\" \/>\n<meta property=\"og:locale\" content=\"uk_UA\" \/>\n<meta property=\"og:type\" content=\"article\" \/>\n<meta property=\"og:title\" content=\"WYPRZEDA\u017b Rz\u0119sy czarne 20 pask\u00f3w - Lovely Vip\" \/>\n<meta property=\"og:url\" content=\"https:\/\/www.lovely-vip.com\/ua\/product\/wyprzedaz-rzesy-czarne\/\" \/>\n<meta property=\"og:site_name\" content=\"Lovely Vip\" \/>\n<meta property=\"article:modified_time\" content=\"2026-04-14T06:07:29+00:00\" \/>\n<meta property=\"og:image\" content=\"https:\/\/www.lovely-vip.com\/wp-content\/uploads\/2020\/08\/64507840_327235641517733_3878894847460900864_n.jpg\" \/>\n\t<meta property=\"og:image:width\" content=\"1080\" \/>\n\t<meta property=\"og:image:height\" content=\"1080\" \/>\n\t<meta property=\"og:image:type\" content=\"image\/jpeg\" \/>\n<meta name=\"twitter:card\" content=\"summary_large_image\" \/>\n<meta name=\"twitter:label1\" content=\"\u041f\u0440\u0438\u0431\u043b. \u0447\u0430\u0441 \u0447\u0438\u0442\u0430\u043d\u043d\u044f\" \/>\n\t<meta name=\"twitter:data1\" content=\"1 \u0445\u0432\u0438\u043b\u0438\u043d\u0430\" \/>\n<script type=\"application\/ld+json\" class=\"yoast-schema-graph\">{\"@context\":\"https:\/\/schema.org\",\"@graph\":[{\"@type\":\"WebPage\",\"@id\":\"https:\/\/www.lovely-vip.com\/product\/wyprzedaz-rzesy-czarne\/\",\"url\":\"https:\/\/www.lovely-vip.com\/product\/wyprzedaz-rzesy-czarne\/\",\"name\":\"WYPRZEDA\u017b Rz\u0119sy czarne 20 pask\u00f3w - Lovely Vip\",\"isPartOf\":{\"@id\":\"https:\/\/www.lovely-vip.com\/#website\"},\"primaryImageOfPage\":{\"@id\":\"https:\/\/www.lovely-vip.com\/product\/wyprzedaz-rzesy-czarne\/#primaryimage\"},\"image\":{\"@id\":\"https:\/\/www.lovely-vip.com\/product\/wyprzedaz-rzesy-czarne\/#primaryimage\"},\"thumbnailUrl\":\"https:\/\/www.lovely-vip.com\/wp-content\/uploads\/2020\/08\/64507840_327235641517733_3878894847460900864_n.jpg\",\"datePublished\":\"2025-11-30T15:41:40+00:00\",\"dateModified\":\"2026-04-14T06:07:29+00:00\",\"breadcrumb\":{\"@id\":\"https:\/\/www.lovely-vip.com\/product\/wyprzedaz-rzesy-czarne\/#breadcrumb\"},\"inLanguage\":\"uk\",\"potentialAction\":[{\"@type\":\"ReadAction\",\"target\":[\"https:\/\/www.lovely-vip.com\/product\/wyprzedaz-rzesy-czarne\/\"]}]},{\"@type\":\"ImageObject\",\"inLanguage\":\"uk\",\"@id\":\"https:\/\/www.lovely-vip.com\/product\/wyprzedaz-rzesy-czarne\/#primaryimage\",\"url\":\"https:\/\/www.lovely-vip.com\/wp-content\/uploads\/2020\/08\/64507840_327235641517733_3878894847460900864_n.jpg\",\"contentUrl\":\"https:\/\/www.lovely-vip.com\/wp-content\/uploads\/2020\/08\/64507840_327235641517733_3878894847460900864_n.jpg\",\"width\":1080,\"height\":1080},{\"@type\":\"BreadcrumbList\",\"@id\":\"https:\/\/www.lovely-vip.com\/product\/wyprzedaz-rzesy-czarne\/#breadcrumb\",\"itemListElement\":[{\"@type\":\"ListItem\",\"position\":1,\"name\":\"Strona g\u0142\u00f3wna\",\"item\":\"https:\/\/www.lovely-vip.com\/\"},{\"@type\":\"ListItem\",\"position\":2,\"name\":\"Sklep dla stylistek rz\u0119s i brwi\",\"item\":\"https:\/\/www.lovely-vip.com\/shop\/\"},{\"@type\":\"ListItem\",\"position\":3,\"name\":\"WYPRZEDA\u017b Rz\u0119sy czarne 20 pask\u00f3w\"}]},{\"@type\":\"WebSite\",\"@id\":\"https:\/\/www.lovely-vip.com\/#website\",\"url\":\"https:\/\/www.lovely-vip.com\/\",\"name\":\"Lovely Vip\",\"description\":\"Profesjonalne produkty do piel\u0119gnacji rz\u0119s i brwi\",\"potentialAction\":[{\"@type\":\"SearchAction\",\"target\":{\"@type\":\"EntryPoint\",\"urlTemplate\":\"https:\/\/www.lovely-vip.com\/?s={search_term_string}\"},\"query-input\":{\"@type\":\"PropertyValueSpecification\",\"valueRequired\":true,\"valueName\":\"search_term_string\"}}],\"inLanguage\":\"uk\"}]}<\/script>\n<!-- \/ Yoast SEO plugin. -->","yoast_head_json":{"title":"WYPRZEDA\u017b Rz\u0119sy czarne 20 pask\u00f3w - Lovely Vip","robots":{"index":"index","follow":"follow","max-snippet":"max-snippet:-1","max-image-preview":"max-image-preview:large","max-video-preview":"max-video-preview:-1"},"canonical":"https:\/\/www.lovely-vip.com\/ua\/product\/wyprzedaz-rzesy-czarne\/","og_locale":"uk_UA","og_type":"article","og_title":"WYPRZEDA\u017b Rz\u0119sy czarne 20 pask\u00f3w - Lovely Vip","og_url":"https:\/\/www.lovely-vip.com\/ua\/product\/wyprzedaz-rzesy-czarne\/","og_site_name":"Lovely Vip","article_modified_time":"2026-04-14T06:07:29+00:00","og_image":[{"width":1080,"height":1080,"url":"https:\/\/www.lovely-vip.com\/wp-content\/uploads\/2020\/08\/64507840_327235641517733_3878894847460900864_n.jpg","type":"image\/jpeg"}],"twitter_card":"summary_large_image","twitter_misc":{"\u041f\u0440\u0438\u0431\u043b. \u0447\u0430\u0441 \u0447\u0438\u0442\u0430\u043d\u043d\u044f":"1 \u0445\u0432\u0438\u043b\u0438\u043d\u0430"},"schema":{"@context":"https:\/\/schema.org","@graph":[{"@type":"WebPage","@id":"https:\/\/www.lovely-vip.com\/product\/wyprzedaz-rzesy-czarne\/","url":"https:\/\/www.lovely-vip.com\/product\/wyprzedaz-rzesy-czarne\/","name":"WYPRZEDA\u017b Rz\u0119sy czarne 20 pask\u00f3w - Lovely Vip","isPartOf":{"@id":"https:\/\/www.lovely-vip.com\/#website"},"primaryImageOfPage":{"@id":"https:\/\/www.lovely-vip.com\/product\/wyprzedaz-rzesy-czarne\/#primaryimage"},"image":{"@id":"https:\/\/www.lovely-vip.com\/product\/wyprzedaz-rzesy-czarne\/#primaryimage"},"thumbnailUrl":"https:\/\/www.lovely-vip.com\/wp-content\/uploads\/2020\/08\/64507840_327235641517733_3878894847460900864_n.jpg","datePublished":"2025-11-30T15:41:40+00:00","dateModified":"2026-04-14T06:07:29+00:00","breadcrumb":{"@id":"https:\/\/www.lovely-vip.com\/product\/wyprzedaz-rzesy-czarne\/#breadcrumb"},"inLanguage":"uk","potentialAction":[{"@type":"ReadAction","target":["https:\/\/www.lovely-vip.com\/product\/wyprzedaz-rzesy-czarne\/"]}]},{"@type":"ImageObject","inLanguage":"uk","@id":"https:\/\/www.lovely-vip.com\/product\/wyprzedaz-rzesy-czarne\/#primaryimage","url":"https:\/\/www.lovely-vip.com\/wp-content\/uploads\/2020\/08\/64507840_327235641517733_3878894847460900864_n.jpg","contentUrl":"https:\/\/www.lovely-vip.com\/wp-content\/uploads\/2020\/08\/64507840_327235641517733_3878894847460900864_n.jpg","width":1080,"height":1080},{"@type":"BreadcrumbList","@id":"https:\/\/www.lovely-vip.com\/product\/wyprzedaz-rzesy-czarne\/#breadcrumb","itemListElement":[{"@type":"ListItem","position":1,"name":"Strona g\u0142\u00f3wna","item":"https:\/\/www.lovely-vip.com\/"},{"@type":"ListItem","position":2,"name":"Sklep dla stylistek rz\u0119s i brwi","item":"https:\/\/www.lovely-vip.com\/shop\/"},{"@type":"ListItem","position":3,"name":"WYPRZEDA\u017b Rz\u0119sy czarne 20 pask\u00f3w"}]},{"@type":"WebSite","@id":"https:\/\/www.lovely-vip.com\/#website","url":"https:\/\/www.lovely-vip.com\/","name":"Lovely Vip","description":"\u041f\u0440\u043e\u0444\u0435\u0441\u0456\u0439\u043d\u0456 \u0437\u0430\u0441\u043e\u0431\u0438 \u043f\u043e \u0434\u043e\u0433\u043b\u044f\u0434\u0443 \u0437\u0430 \u0432\u0456\u044f\u043c\u0438 \u0442\u0430 \u0431\u0440\u043e\u0432\u0430\u043c\u0438","potentialAction":[{"@type":"SearchAction","target":{"@type":"EntryPoint","urlTemplate":"https:\/\/www.lovely-vip.com\/?s={search_term_string}"},"query-input":{"@type":"PropertyValueSpecification","valueRequired":true,"valueName":"search_term_string"}}],"inLanguage":"uk"}]}},"_links":{"self":[{"href":"https:\/\/www.lovely-vip.com\/ua\/wp-json\/wp\/v2\/product\/27204","targetHints":{"allow":["GET"]}}],"collection":[{"href":"https:\/\/www.lovely-vip.com\/ua\/wp-json\/wp\/v2\/product"}],"about":[{"href":"https:\/\/www.lovely-vip.com\/ua\/wp-json\/wp\/v2\/types\/product"}],"replies":[{"embeddable":true,"href":"https:\/\/www.lovely-vip.com\/ua\/wp-json\/wp\/v2\/comments?post=27204"}],"wp:featuredmedia":[{"embeddable":true,"href":"https:\/\/www.lovely-vip.com\/ua\/wp-json\/wp\/v2\/media\/597"}],"wp:attachment":[{"href":"https:\/\/www.lovely-vip.com\/ua\/wp-json\/wp\/v2\/media?parent=27204"}],"wp:term":[{"taxonomy":"product_brand","embeddable":true,"href":"https:\/\/www.lovely-vip.com\/ua\/wp-json\/wp\/v2\/product_brand?post=27204"},{"taxonomy":"product_cat","embeddable":true,"href":"https:\/\/www.lovely-vip.com\/ua\/wp-json\/wp\/v2\/product_cat?post=27204"},{"taxonomy":"product_tag","embeddable":true,"href":"https:\/\/www.lovely-vip.com\/ua\/wp-json\/wp\/v2\/product_tag?post=27204"}],"curies":[{"name":"wp","href":"https:\/\/api.w.org\/{rel}","templated":true}]}}